{"id":11989,"date":"2022-11-11T19:58:58","date_gmt":"2022-11-11T18:58:58","guid":{"rendered":"https:\/\/skalisty.pl\/erbjudande\/for-investeraren\/"},"modified":"2022-12-14T16:09:43","modified_gmt":"2022-12-14T15:09:43","slug":"for-investeraren","status":"publish","type":"page","link":"https:\/\/skalisty.pl\/sv\/erbjudande\/for-investeraren\/","title":{"rendered":"F\u00f6r investeraren"},"content":{"rendered":"<p>[vc_row rt_row_background_width=&#8221;fullwidth&#8221; rt_row_content_width=&#8221;default&#8221; rt_row_style=&#8221;default-style&#8221; rt_row_borders=&#8221;&#8221; rt_row_paddings=&#8221;true&#8221; rt_bg_image=&#8221;4765&#8243; rt_bg_effect=&#8221;classic&#8221; rt_bg_image_repeat=&#8221;no-repeat&#8221; rt_bg_size=&#8221;100% auto&#8221; rt_bg_position=&#8221;center center&#8221; rt_bg_attachment=&#8221;scroll&#8221; rt_bg_video_format=&#8221;self-hosted&#8221; rt_padding_left=&#8221;0&#8243; rt_padding_right=&#8221;0&#8243; rt_padding_bottom=&#8221;0&#8243;][vc_column rt_wrp_col_paddings=&#8221;false&#8221; rt_border_top=&#8221;&#8221; rt_border_bottom=&#8221;&#8221; rt_border_left=&#8221;&#8221; rt_border_right=&#8221;&#8221; rt_border_top_mobile=&#8221;&#8221; rt_border_bottom_mobile=&#8221;&#8221; rt_border_left_mobile=&#8221;&#8221; rt_border_right_mobile=&#8221;&#8221; rt_bg_image_repeat=&#8221;repeat&#8221; rt_bg_size=&#8221;auto auto&#8221; rt_bg_position=&#8221;right top&#8221; rt_bg_attachment=&#8221;scroll&#8221;][vc_row_inner rt_row_style=&#8221;global-style&#8221; rt_column_placement=&#8221;middle&#8221; rt_row_borders=&#8221;&#8221; rt_row_paddings=&#8221;true&#8221; rt_bg_effect=&#8221;parallax&#8221; rt_bg_parallax_effect=&#8221;3&#8243; rt_pspeed=&#8221;2&#8243; rt_bg_image_repeat=&#8221;repeat&#8221; rt_bg_size=&#8221;cover&#8221; rt_bg_position=&#8221;right top&#8221; rt_bg_video_format=&#8221;self-hosted&#8221;][vc_column_inner width=&#8221;2\/3&#8243; rt_wrp_col_paddings=&#8221;false&#8221; rt_border_top=&#8221;&#8221; rt_border_bottom=&#8221;&#8221; rt_border_left=&#8221;&#8221; rt_border_right=&#8221;&#8221; rt_border_top_mobile=&#8221;&#8221; rt_border_bottom_mobile=&#8221;&#8221; rt_border_left_mobile=&#8221;&#8221; rt_border_right_mobile=&#8221;&#8221; rt_bg_image_repeat=&#8221;no-repeat&#8221; rt_bg_size=&#8221;100% auto&#8221; rt_bg_position=&#8221;center center&#8221; rt_bg_attachment=&#8221;scroll&#8221;]<div class=\"rt_heading_wrapper style-5\">\n\t\t\t\t\t\t<h2 class=\"rt_heading  style-5\" >\u00d6VERVAKNING AV PROJEKTETS GENOMF\u00d6RANDE.<\/h2>\n\t\t\t\t\t<\/div>[vc_column_text]<\/p>\n<span class=\"highlight style-1\">\u00c4ven det b\u00e4st f\u00f6rberedda projektet \u00e4r bara en skiss av den planerade investeringen.<\/span> Genomf\u00f6randemetoden \u00e4r den viktigaste processen, och det \u00e4r den som i stort sett kommer att avg\u00f6ra om den slutliga visuella integriteten \u00e4r framg\u00e5ngsrik eller inte. Under byggnadsfasen \u00e4r det viktigt att inte bara fokusera p\u00e5 helheten, utan ocks\u00e5 att \u00e4gna s\u00e4rskild uppm\u00e4rksamhet \u00e5t de otaliga sm\u00e5 detaljerna som ger sj\u00e4l och karakt\u00e4r \u00e5t den f\u00e4rdiga byggnaden. Det \u00e4r bara med detta tillv\u00e4gag\u00e5ngss\u00e4tt som vi kan garantera att resultatet blir en trogen \u00e5tergivning av en milj\u00f6 som \u00f6vertygar och lockar in dig med sina detaljer.<\/p>\n<p>[\/vc_column_text][vc_empty_space]<article  class=\"icon-content-box content-box icon-left icon-style-2\"><div class=\"icon-holder\"><span class=\"icon-right-open\"><\/span><\/div><div class=\"text-holder\"><h5 class=\"heading\">\u00d6vervakning av projektets genomf\u00f6rande.<\/h5> <p>Oavsett om det handlar om konstgjord sten, repliker av tr\u00e4d och andra v\u00e4xter, djurmodeller, arkitektoniska rekonstruktioner som visar olika epoker eller kulturer, handlar det alltid om noggrannhet och uppm\u00e4rksamhet p\u00e5 minsta detalj och att s\u00e4kerst\u00e4lla ett s\u00e5 naturligt utseende som m\u00f6jligt. Vi tillhandah\u00e5ller projekt\u00f6vervakning f\u00f6r att s\u00e4kerst\u00e4lla att den \u00f6nskade effekten, integriteten och kvaliteten p\u00e5 utf\u00f6randet uppn\u00e5s.<\/p>\n<\/div><\/article><article  class=\"icon-content-box content-box icon-left icon-style-2\"><div class=\"icon-holder\"><span class=\"icon-right-open\"><\/span><\/div><div class=\"text-holder\"><h5 class=\"heading\">\u00d6vervakning av utf\u00f6rande, material och personal i alla skeden av byggandet.<\/h5> <p>Vi ser till att byggfasen genomf\u00f6rs inom ramen f\u00f6r design- och materialspecifikationerna. V\u00e5r \u00f6vervakning omfattar \u00e4ven urvalet av konstn\u00e4rer, scenografer och underleverant\u00f6rer som deltar i byggandet av dekorationerna.<\/p>\n<\/div><\/article><article  class=\"icon-content-box content-box icon-left icon-style-2\"><div class=\"icon-holder\"><span class=\"icon-right-open\"><\/span><\/div><div class=\"text-holder\"><h5 class=\"heading\">Branschr\u00e5dgivning och projektst\u00f6d.<\/h5> <p>Vi ger r\u00e5d om material och teknik, tillhandah\u00e5ller fotodokumentation och referensmaterial, bygger 3D-modeller, skapar design och mock-ups. Viktigast av allt \u00e4r att vi erbjuder \u00f6vervakning p\u00e5 plats och konstn\u00e4rlig projektledning.<\/p>\n<\/div><\/article>[vc_empty_space][\/vc_column_inner][vc_column_inner width=&#8221;1\/3&#8243; rt_wrp_col_paddings=&#8221;false&#8221; rt_border_top=&#8221;&#8221; rt_border_bottom=&#8221;&#8221; rt_border_left=&#8221;&#8221; rt_border_right=&#8221;&#8221; rt_border_top_mobile=&#8221;&#8221; rt_border_bottom_mobile=&#8221;&#8221; rt_border_left_mobile=&#8221;&#8221; rt_border_right_mobile=&#8221;&#8221; rt_bg_image_repeat=&#8221;repeat&#8221; rt_bg_size=&#8221;auto auto&#8221; rt_bg_position=&#8221;right top&#8221; rt_bg_attachment=&#8221;scroll&#8221;][vc_single_image image=&#8221;11276&#8243; img_size=&#8221;full&#8221; alignment=&#8221;center&#8221; style=&#8221;vc_box_shadow_3d&#8221;][vc_single_image image=&#8221;11277&#8243; img_size=&#8221;full&#8221; alignment=&#8221;center&#8221; style=&#8221;vc_box_shadow_3d&#8221;][\/vc_column_inner][\/vc_row_inner][vc_row_inner rt_row_style=&#8221;global-style&#8221; rt_row_borders=&#8221;&#8221; rt_row_paddings=&#8221;true&#8221; rt_bg_effect=&#8221;classic&#8221; rt_bg_image_repeat=&#8221;repeat&#8221; rt_bg_size=&#8221;cover&#8221; rt_bg_position=&#8221;right top&#8221; rt_bg_attachment=&#8221;scroll&#8221; rt_bg_video_format=&#8221;self-hosted&#8221; rt_padding_top=&#8221;18&#8243;][vc_column_inner width=&#8221;1\/3&#8243; rt_wrp_col_paddings=&#8221;false&#8221; rt_border_top=&#8221;&#8221; rt_border_bottom=&#8221;&#8221; rt_border_left=&#8221;&#8221; rt_border_right=&#8221;&#8221; rt_border_top_mobile=&#8221;&#8221; rt_border_bottom_mobile=&#8221;&#8221; rt_border_left_mobile=&#8221;&#8221; rt_border_right_mobile=&#8221;&#8221; rt_bg_image_repeat=&#8221;repeat&#8221; rt_bg_size=&#8221;auto auto&#8221; rt_bg_position=&#8221;right top&#8221; rt_bg_attachment=&#8221;scroll&#8221;][vc_single_image image=&#8221;11278&#8243; img_size=&#8221;full&#8221; alignment=&#8221;center&#8221; style=&#8221;vc_box_shadow_3d&#8221;][\/vc_column_inner][vc_column_inner width=&#8221;1\/3&#8243; rt_wrp_col_paddings=&#8221;false&#8221; rt_border_top=&#8221;&#8221; rt_border_bottom=&#8221;&#8221; rt_border_left=&#8221;&#8221; rt_border_right=&#8221;&#8221; rt_border_top_mobile=&#8221;&#8221; rt_border_bottom_mobile=&#8221;&#8221; rt_border_left_mobile=&#8221;&#8221; rt_border_right_mobile=&#8221;&#8221; rt_bg_image_repeat=&#8221;repeat&#8221; rt_bg_size=&#8221;auto auto&#8221; rt_bg_position=&#8221;right top&#8221; rt_bg_attachment=&#8221;scroll&#8221;][vc_single_image image=&#8221;11279&#8243; img_size=&#8221;full&#8221; alignment=&#8221;center&#8221; style=&#8221;vc_box_shadow_3d&#8221;][\/vc_column_inner][vc_column_inner width=&#8221;1\/3&#8243; rt_wrp_col_paddings=&#8221;false&#8221; rt_border_top=&#8221;&#8221; rt_border_bottom=&#8221;&#8221; rt_border_left=&#8221;&#8221; rt_border_right=&#8221;&#8221; rt_border_top_mobile=&#8221;&#8221; rt_border_bottom_mobile=&#8221;&#8221; rt_border_left_mobile=&#8221;&#8221; rt_border_right_mobile=&#8221;&#8221; rt_bg_image_repeat=&#8221;repeat&#8221; rt_bg_size=&#8221;auto auto&#8221; rt_bg_position=&#8221;right top&#8221; rt_bg_attachment=&#8221;scroll&#8221;][vc_single_image image=&#8221;11280&#8243; img_size=&#8221;full&#8221; alignment=&#8221;center&#8221; style=&#8221;vc_box_shadow_3d&#8221;][\/vc_column_inner][\/vc_row_inner][vc_empty_space height=&#8221;50px&#8221;][\/vc_column][\/vc_row]<\/p>\n","protected":false},"excerpt":{"rendered":"<p>[vc_row rt_row_background_width=&#8221;fullwidth&#8221; rt_row_content_width=&#8221;default&#8221; rt_row_style=&#8221;default-style&#8221; rt_row_borders=&#8221;&#8221; rt_row_paddings=&#8221;true&#8221; rt_bg_image=&#8221;4765&#8243; rt_bg_effect=&#8221;classic&#8221; rt_bg_image_repeat=&#8221;no-repeat&#8221; rt_bg_size=&#8221;100% auto&#8221; rt_bg_position=&#8221;center center&#8221; rt_bg_attachment=&#8221;scroll&#8221; rt_bg_video_format=&#8221;self-hosted&#8221; rt_padding_left=&#8221;0&#8243; rt_padding_right=&#8221;0&#8243; rt_padding_bottom=&#8221;0&#8243;][vc_column rt_wrp_col_paddings=&#8221;false&#8221; rt_border_top=&#8221;&#8221; rt_border_bottom=&#8221;&#8221; rt_border_left=&#8221;&#8221; rt_border_right=&#8221;&#8221; rt_border_top_mobile=&#8221;&#8221; rt_border_bottom_mobile=&#8221;&#8221; rt_border_left_mobile=&#8221;&#8221; rt_border_right_mobile=&#8221;&#8221; rt_bg_image_repeat=&#8221;repeat&#8221; rt_bg_size=&#8221;auto auto&#8221; rt_bg_position=&#8221;right top&#8221; rt_bg_attachment=&#8221;scroll&#8221;][vc_row_inner rt_row_style=&#8221;global-style&#8221; rt_column_placement=&#8221;middle&#8221; rt_row_borders=&#8221;&#8221; rt_row_paddings=&#8221;true&#8221; rt_bg_effect=&#8221;parallax&#8221; rt_bg_parallax_effect=&#8221;3&#8243; rt_pspeed=&#8221;2&#8243; rt_bg_image_repeat=&#8221;repeat&#8221; rt_bg_size=&#8221;cover&#8221; rt_bg_position=&#8221;right top&#8221; rt_bg_video_format=&#8221;self-hosted&#8221;][vc_column_inner width=&#8221;2\/3&#8243; rt_wrp_col_paddings=&#8221;false&#8221; rt_border_top=&#8221;&#8221; rt_border_bottom=&#8221;&#8221; rt_border_left=&#8221;&#8221; rt_border_right=&#8221;&#8221; rt_border_top_mobile=&#8221;&#8221; rt_border_bottom_mobile=&#8221;&#8221; rt_border_left_mobile=&#8221;&#8221; rt_border_right_mobile=&#8221;&#8221; [&hellip;]<\/p>\n","protected":false},"author":1,"featured_media":19593,"parent":11818,"menu_order":0,"comment_status":"closed","ping_status":"closed","template":"","meta":{"_exactmetrics_skip_tracking":false,"_exactmetrics_sitenote_active":false,"_exactmetrics_sitenote_note":"","_exactmetrics_sitenote_category":0,"footnotes":""},"class_list":["post-11989","page","type-page","status-publish","has-post-thumbnail","hentry"],"yoast_head":"<!-- This site is optimized with the Yoast SEO plugin v27.1.1 - https:\/\/yoast.com\/product\/yoast-seo-wordpress\/ -->\n<title>Projektledning och konceptuell \u00f6vervakning | sKalisty<\/title>\n<meta name=\"description\" content=\"Vi \u00f6vervakar projektet f\u00f6r att se till att den avsedda effekten, integriteten och kvaliteten p\u00e5 utf\u00f6randet uppn\u00e5s ur ett konstn\u00e4rligt perspektiv.\" \/>\n<meta name=\"robots\" content=\"index, follow, max-snippet:-1, max-image-preview:large, max-video-preview:-1\" \/>\n<link rel=\"canonical\" href=\"https:\/\/skalisty.pl\/sv\/erbjudande\/for-investeraren\/\" \/>\n<meta property=\"og:locale\" content=\"sv_SE\" \/>\n<meta property=\"og:type\" content=\"article\" \/>\n<meta property=\"og:title\" content=\"Projektledning och konceptuell \u00f6vervakning | sKalisty\" \/>\n<meta property=\"og:description\" content=\"Vi \u00f6vervakar projektet f\u00f6r att se till att den avsedda effekten, integriteten och kvaliteten p\u00e5 utf\u00f6randet uppn\u00e5s ur ett konstn\u00e4rligt perspektiv.\" \/>\n<meta property=\"og:url\" content=\"https:\/\/skalisty.pl\/sv\/erbjudande\/for-investeraren\/\" \/>\n<meta property=\"og:site_name\" content=\"sKalisty - Konstgjorda Stenar\" \/>\n<meta property=\"article:publisher\" content=\"https:\/\/www.facebook.com\/skalistyPL\/\" \/>\n<meta property=\"article:modified_time\" content=\"2022-12-14T15:09:43+00:00\" \/>\n<meta property=\"og:image\" content=\"https:\/\/static.skalisty.pl\/uploads\/2022\/12\/dla-inwestorow-oferta.jpg\" \/>\n\t<meta property=\"og:image:width\" content=\"400\" \/>\n\t<meta property=\"og:image:height\" content=\"800\" \/>\n\t<meta property=\"og:image:type\" content=\"image\/jpeg\" \/>\n<meta name=\"twitter:card\" content=\"summary_large_image\" \/>\n<meta name=\"twitter:site\" content=\"@sztuczne_skaly\" \/>\n<meta name=\"twitter:label1\" content=\"Ber\u00e4knad l\u00e4stid\" \/>\n\t<meta name=\"twitter:data1\" content=\"3 minuter\" \/>\n<script type=\"application\/ld+json\" class=\"yoast-schema-graph\">{\"@context\":\"https:\/\/schema.org\",\"@graph\":[{\"@type\":\"WebPage\",\"@id\":\"https:\/\/skalisty.pl\/sv\/erbjudande\/for-investeraren\/\",\"url\":\"https:\/\/skalisty.pl\/sv\/erbjudande\/for-investeraren\/\",\"name\":\"Projektledning och konceptuell \u00f6vervakning | sKalisty\",\"isPartOf\":{\"@id\":\"https:\/\/skalisty.pl\/sv\/#website\"},\"primaryImageOfPage\":{\"@id\":\"https:\/\/skalisty.pl\/sv\/erbjudande\/for-investeraren\/#primaryimage\"},\"image\":{\"@id\":\"https:\/\/skalisty.pl\/sv\/erbjudande\/for-investeraren\/#primaryimage\"},\"thumbnailUrl\":\"https:\/\/static.skalisty.pl\/uploads\/2022\/12\/dla-inwestorow-oferta.jpg\",\"datePublished\":\"2022-11-11T18:58:58+00:00\",\"dateModified\":\"2022-12-14T15:09:43+00:00\",\"description\":\"Vi \u00f6vervakar projektet f\u00f6r att se till att den avsedda effekten, integriteten och kvaliteten p\u00e5 utf\u00f6randet uppn\u00e5s ur ett konstn\u00e4rligt perspektiv.\",\"breadcrumb\":{\"@id\":\"https:\/\/skalisty.pl\/sv\/erbjudande\/for-investeraren\/#breadcrumb\"},\"inLanguage\":\"sv-SE\",\"potentialAction\":[{\"@type\":\"ReadAction\",\"target\":[\"https:\/\/skalisty.pl\/sv\/erbjudande\/for-investeraren\/\"]}]},{\"@type\":\"ImageObject\",\"inLanguage\":\"sv-SE\",\"@id\":\"https:\/\/skalisty.pl\/sv\/erbjudande\/for-investeraren\/#primaryimage\",\"url\":\"https:\/\/static.skalisty.pl\/uploads\/2022\/12\/dla-inwestorow-oferta.jpg\",\"contentUrl\":\"https:\/\/static.skalisty.pl\/uploads\/2022\/12\/dla-inwestorow-oferta.jpg\",\"width\":400,\"height\":800},{\"@type\":\"BreadcrumbList\",\"@id\":\"https:\/\/skalisty.pl\/sv\/erbjudande\/for-investeraren\/#breadcrumb\",\"itemListElement\":[{\"@type\":\"ListItem\",\"position\":1,\"name\":\"Startsida\",\"item\":\"https:\/\/skalisty.pl\/sv\/\"},{\"@type\":\"ListItem\",\"position\":2,\"name\":\"Erbjudande\",\"item\":\"https:\/\/skalisty.pl\/sv\/erbjudande\/\"},{\"@type\":\"ListItem\",\"position\":3,\"name\":\"F\u00f6r investeraren\"}]},{\"@type\":\"WebSite\",\"@id\":\"https:\/\/skalisty.pl\/sv\/#website\",\"url\":\"https:\/\/skalisty.pl\/sv\/\",\"name\":\"sKalisty - Konstgjorda Stenar\",\"description\":\"\",\"publisher\":{\"@id\":\"https:\/\/skalisty.pl\/sv\/#organization\"},\"potentialAction\":[{\"@type\":\"SearchAction\",\"target\":{\"@type\":\"EntryPoint\",\"urlTemplate\":\"https:\/\/skalisty.pl\/sv\/?s={search_term_string}\"},\"query-input\":{\"@type\":\"PropertyValueSpecification\",\"valueRequired\":true,\"valueName\":\"search_term_string\"}}],\"inLanguage\":\"sv-SE\"},{\"@type\":\"Organization\",\"@id\":\"https:\/\/skalisty.pl\/sv\/#organization\",\"name\":\"sKalisty - Konstgjorda Stenar\",\"url\":\"https:\/\/skalisty.pl\/sv\/\",\"logo\":{\"@type\":\"ImageObject\",\"inLanguage\":\"sv-SE\",\"@id\":\"https:\/\/skalisty.pl\/sv\/#\/schema\/logo\/image\/\",\"url\":\"https:\/\/static.skalisty.pl\/uploads\/2020\/01\/skalisty-schema-logo-2020.png\",\"contentUrl\":\"https:\/\/static.skalisty.pl\/uploads\/2020\/01\/skalisty-schema-logo-2020.png\",\"width\":1090,\"height\":238,\"caption\":\"sKalisty - Konstgjorda Stenar\"},\"image\":{\"@id\":\"https:\/\/skalisty.pl\/sv\/#\/schema\/logo\/image\/\"},\"sameAs\":[\"https:\/\/www.facebook.com\/skalistyPL\/\",\"https:\/\/x.com\/sztuczne_skaly\",\"https:\/\/www.youtube.com\/channel\/UCkvotuS2nyEefXsMM5zd3Mw\"]}]}<\/script>\n<!-- \/ Yoast SEO plugin. -->","yoast_head_json":{"title":"Projektledning och konceptuell \u00f6vervakning | sKalisty","description":"Vi \u00f6vervakar projektet f\u00f6r att se till att den avsedda effekten, integriteten och kvaliteten p\u00e5 utf\u00f6randet uppn\u00e5s ur ett konstn\u00e4rligt perspektiv.","robots":{"index":"index","follow":"follow","max-snippet":"max-snippet:-1","max-image-preview":"max-image-preview:large","max-video-preview":"max-video-preview:-1"},"canonical":"https:\/\/skalisty.pl\/sv\/erbjudande\/for-investeraren\/","og_locale":"sv_SE","og_type":"article","og_title":"Projektledning och konceptuell \u00f6vervakning | sKalisty","og_description":"Vi \u00f6vervakar projektet f\u00f6r att se till att den avsedda effekten, integriteten och kvaliteten p\u00e5 utf\u00f6randet uppn\u00e5s ur ett konstn\u00e4rligt perspektiv.","og_url":"https:\/\/skalisty.pl\/sv\/erbjudande\/for-investeraren\/","og_site_name":"sKalisty - Konstgjorda Stenar","article_publisher":"https:\/\/www.facebook.com\/skalistyPL\/","article_modified_time":"2022-12-14T15:09:43+00:00","og_image":[{"width":400,"height":800,"url":"https:\/\/static.skalisty.pl\/uploads\/2022\/12\/dla-inwestorow-oferta.jpg","type":"image\/jpeg"}],"twitter_card":"summary_large_image","twitter_site":"@sztuczne_skaly","twitter_misc":{"Ber\u00e4knad l\u00e4stid":"3 minuter"},"schema":{"@context":"https:\/\/schema.org","@graph":[{"@type":"WebPage","@id":"https:\/\/skalisty.pl\/sv\/erbjudande\/for-investeraren\/","url":"https:\/\/skalisty.pl\/sv\/erbjudande\/for-investeraren\/","name":"Projektledning och konceptuell \u00f6vervakning | sKalisty","isPartOf":{"@id":"https:\/\/skalisty.pl\/sv\/#website"},"primaryImageOfPage":{"@id":"https:\/\/skalisty.pl\/sv\/erbjudande\/for-investeraren\/#primaryimage"},"image":{"@id":"https:\/\/skalisty.pl\/sv\/erbjudande\/for-investeraren\/#primaryimage"},"thumbnailUrl":"https:\/\/static.skalisty.pl\/uploads\/2022\/12\/dla-inwestorow-oferta.jpg","datePublished":"2022-11-11T18:58:58+00:00","dateModified":"2022-12-14T15:09:43+00:00","description":"Vi \u00f6vervakar projektet f\u00f6r att se till att den avsedda effekten, integriteten och kvaliteten p\u00e5 utf\u00f6randet uppn\u00e5s ur ett konstn\u00e4rligt perspektiv.","breadcrumb":{"@id":"https:\/\/skalisty.pl\/sv\/erbjudande\/for-investeraren\/#breadcrumb"},"inLanguage":"sv-SE","potentialAction":[{"@type":"ReadAction","target":["https:\/\/skalisty.pl\/sv\/erbjudande\/for-investeraren\/"]}]},{"@type":"ImageObject","inLanguage":"sv-SE","@id":"https:\/\/skalisty.pl\/sv\/erbjudande\/for-investeraren\/#primaryimage","url":"https:\/\/static.skalisty.pl\/uploads\/2022\/12\/dla-inwestorow-oferta.jpg","contentUrl":"https:\/\/static.skalisty.pl\/uploads\/2022\/12\/dla-inwestorow-oferta.jpg","width":400,"height":800},{"@type":"BreadcrumbList","@id":"https:\/\/skalisty.pl\/sv\/erbjudande\/for-investeraren\/#breadcrumb","itemListElement":[{"@type":"ListItem","position":1,"name":"Startsida","item":"https:\/\/skalisty.pl\/sv\/"},{"@type":"ListItem","position":2,"name":"Erbjudande","item":"https:\/\/skalisty.pl\/sv\/erbjudande\/"},{"@type":"ListItem","position":3,"name":"F\u00f6r investeraren"}]},{"@type":"WebSite","@id":"https:\/\/skalisty.pl\/sv\/#website","url":"https:\/\/skalisty.pl\/sv\/","name":"sKalisty - Konstgjorda Stenar","description":"","publisher":{"@id":"https:\/\/skalisty.pl\/sv\/#organization"},"potentialAction":[{"@type":"SearchAction","target":{"@type":"EntryPoint","urlTemplate":"https:\/\/skalisty.pl\/sv\/?s={search_term_string}"},"query-input":{"@type":"PropertyValueSpecification","valueRequired":true,"valueName":"search_term_string"}}],"inLanguage":"sv-SE"},{"@type":"Organization","@id":"https:\/\/skalisty.pl\/sv\/#organization","name":"sKalisty - Konstgjorda Stenar","url":"https:\/\/skalisty.pl\/sv\/","logo":{"@type":"ImageObject","inLanguage":"sv-SE","@id":"https:\/\/skalisty.pl\/sv\/#\/schema\/logo\/image\/","url":"https:\/\/static.skalisty.pl\/uploads\/2020\/01\/skalisty-schema-logo-2020.png","contentUrl":"https:\/\/static.skalisty.pl\/uploads\/2020\/01\/skalisty-schema-logo-2020.png","width":1090,"height":238,"caption":"sKalisty - Konstgjorda Stenar"},"image":{"@id":"https:\/\/skalisty.pl\/sv\/#\/schema\/logo\/image\/"},"sameAs":["https:\/\/www.facebook.com\/skalistyPL\/","https:\/\/x.com\/sztuczne_skaly","https:\/\/www.youtube.com\/channel\/UCkvotuS2nyEefXsMM5zd3Mw"]}]}},"_links":{"self":[{"href":"https:\/\/skalisty.pl\/sv\/wp-json\/wp\/v2\/pages\/11989","targetHints":{"allow":["GET"]}}],"collection":[{"href":"https:\/\/skalisty.pl\/sv\/wp-json\/wp\/v2\/pages"}],"about":[{"href":"https:\/\/skalisty.pl\/sv\/wp-json\/wp\/v2\/types\/page"}],"author":[{"embeddable":true,"href":"https:\/\/skalisty.pl\/sv\/wp-json\/wp\/v2\/users\/1"}],"replies":[{"embeddable":true,"href":"https:\/\/skalisty.pl\/sv\/wp-json\/wp\/v2\/comments?post=11989"}],"version-history":[{"count":5,"href":"https:\/\/skalisty.pl\/sv\/wp-json\/wp\/v2\/pages\/11989\/revisions"}],"predecessor-version":[{"id":11994,"href":"https:\/\/skalisty.pl\/sv\/wp-json\/wp\/v2\/pages\/11989\/revisions\/11994"}],"up":[{"embeddable":true,"href":"https:\/\/skalisty.pl\/sv\/wp-json\/wp\/v2\/pages\/11818"}],"wp:featuredmedia":[{"embeddable":true,"href":"https:\/\/skalisty.pl\/sv\/wp-json\/wp\/v2\/media\/19593"}],"wp:attachment":[{"href":"https:\/\/skalisty.pl\/sv\/wp-json\/wp\/v2\/media?parent=11989"}],"curies":[{"name":"wp","href":"https:\/\/api.w.org\/{rel}","templated":true}]}}