{"id":11970,"date":"2022-11-11T18:35:28","date_gmt":"2022-11-11T17:35:28","guid":{"rendered":"https:\/\/skalisty.pl\/vad-ar-det-som-avgor-att-det-ar-det-basta-valet-att-arbeta-med-oss\/"},"modified":"2022-11-11T18:41:14","modified_gmt":"2022-11-11T17:41:14","slug":"det-ar-vart-att-valja-oss","status":"publish","type":"page","link":"https:\/\/skalisty.pl\/sv\/det-ar-vart-att-valja-oss\/","title":{"rendered":"Vad \u00e4r det som avg\u00f6r att det \u00e4r det b\u00e4sta valet att arbeta med oss?"},"content":{"rendered":"<p>[vc_row rt_row_background_width=&#8221;fullwidth&#8221; rt_row_content_width=&#8221;default&#8221; rt_row_style=&#8221;default-style&#8221; rt_row_borders=&#8221;&#8221; rt_row_paddings=&#8221;true&#8221; rt_bg_image=&#8221;4765&#8243; rt_bg_effect=&#8221;classic&#8221; rt_bg_image_repeat=&#8221;no-repeat&#8221; rt_bg_size=&#8221;100% auto&#8221; rt_bg_position=&#8221;right center&#8221; rt_bg_attachment=&#8221;scroll&#8221; rt_bg_video_format=&#8221;self-hosted&#8221;][vc_column width=&#8221;3\/5&#8243; rt_wrp_col_paddings=&#8221;false&#8221; rt_border_top=&#8221;&#8221; rt_border_bottom=&#8221;&#8221; rt_border_left=&#8221;&#8221; rt_border_right=&#8221;&#8221; rt_border_top_mobile=&#8221;&#8221; rt_border_bottom_mobile=&#8221;&#8221; rt_border_left_mobile=&#8221;&#8221; rt_border_right_mobile=&#8221;&#8221; rt_bg_image_repeat=&#8221;repeat&#8221; rt_bg_size=&#8221;auto auto&#8221; rt_bg_position=&#8221;right top&#8221; rt_bg_attachment=&#8221;scroll&#8221;]<div class=\"rt_heading_wrapper style-5\">\n\t\t\t\t\t\t<h2 class=\"rt_heading  style-5\" >Varf\u00f6r v\u00e4lja oss?<\/h2>\n\t\t\t\t\t<\/div>[vc_column_text]<\/p>\n<span class=\"highlight style-1\">Vi har arbetat i branschen i m\u00e5nga \u00e5r. Under denna tid har vi samlat p\u00e5 oss ett brett spektrum av erfarenhet fr\u00e5n m\u00e5nga olika byggnadsomr\u00e5den.<\/span> Vi har kvalificerade team med olika specialiseringar, t.ex. skulpt\u00f6rer och m\u00e5lare, specialister p\u00e5 st\u00e5lkonstruktion eller erfarna team f\u00f6r betongsprutning. Alla medarbetare \u00e4r utbildade och h\u00f6gkvalificerade f\u00f6r att s\u00e4kerst\u00e4lla h\u00f6gsta m\u00f6jliga kvalitet och b\u00e4sta m\u00f6jliga standard.<\/p>\n<p>Vi \u00e4r stolta \u00f6ver att vara ett av de mest erfarna f\u00f6retagen inom konstruktion och design av dekorationer i stora format. Vi erbjuder den b\u00e4sta serviceniv\u00e5n och garanterar ett unikt resultat och n\u00f6jda investerare. Och h\u00e4r \u00e4r argumenten f\u00f6r att v\u00e4lja v\u00e5rt f\u00f6retag:<\/p>\n<p>[\/vc_column_text]<article  class=\"icon-content-box content-box icon-left icon-style-2\"><div class=\"icon-holder\"><span class=\"icon-right-open\"><\/span><\/div><div class=\"text-holder\"><h5 class=\"heading\">Vi \u00e4r specialiserade p\u00e5 skr\u00e4ddarsydda produktioner och produktioner i stort format.<\/h5> <p>Vi \u00e4r inte bara ett annat f\u00f6retag som bygger konstgjorda stenar som du kan hitta p\u00e5 marknaden. Vi \u00e4r stolta \u00f6ver att ta oss an de st\u00f6rsta och mest komplexa projekten. V\u00e5rt fokus ligger p\u00e5 att leverera en raffinerad produkt in i minsta detalj. Med detta tillv\u00e4gag\u00e5ngss\u00e4tt kan vi erbjuda exceptionella realiseringar. V\u00e5ra konstgjorda stenar, konstgjorda tr\u00e4d eller arkitektoniska reproduktioner av byggnader fr\u00e5n alla tider ger intryck av att du interagerar med riktiga f\u00f6rem\u00e5l. Vi erbjuder unika upplevelser och \u00e5terskapar milj\u00f6er med museografisk noggrannhet.<\/p>\n<\/div><\/article><article  class=\"icon-content-box content-box icon-left icon-style-2\"><div class=\"icon-holder\"><span class=\"icon-right-open\"><\/span><\/div><div class=\"text-holder\"><h5 class=\"heading\">Vi arbetar med specialiserad utrustning som har valts ut p\u00e5 grundval av m\u00e5ng\u00e5rig erfarenhet.<\/h5> <p>F\u00f6r att kunna arbeta med de st\u00f6rsta projekten m\u00e5ste du kunna bearbeta stora m\u00e4ngder betong och st\u00e5l p\u00e5 rimlig tid. Vi inser att om man utf\u00f6r grundl\u00e4ggande arbete manuellt, utan tung utrustning, kan man inte f\u00e5 tilltr\u00e4de till de st\u00f6rsta projekten. N\u00e4r vi utf\u00f6r v\u00e5rt arbete kan vi pumpa stora m\u00e4ngder murbruk och betong direkt fr\u00e5n en p\u00e4ron- eller betongblandare. Tack vare anv\u00e4ndningen av sprutbetongteknik &#8211; eller betongsprutning &#8211; slutf\u00f6r vi v\u00e5ra projekt i en aldrig tidigare sk\u00e5dad takt. Det \u00e4r viktigt att vi har v\u00e5r egen utrustning som st\u00e5r till v\u00e5rt f\u00f6rfogande under hela byggprocessen.<\/p>\n<\/div><\/article><article  class=\"icon-content-box content-box icon-left icon-style-2\"><div class=\"icon-holder\"><span class=\"icon-right-open\"><\/span><\/div><div class=\"text-holder\"><h5 class=\"heading\">Vi anv\u00e4nder endast de b\u00e4sta materialen.<\/h5> <p>Vi har stor erfarenhet fr\u00e5n byggbranschen inom ett antal till synes orelaterade omr\u00e5den, t.ex. vattent\u00e4tning, kunskap om betong och betongsprutning, svetsning av st\u00e5lkonstruktioner i olika st\u00e5llegeringar beroende p\u00e5 vilken funktion dekorationen ska fylla: vattenfall, konstgjorda grottor och grottor, konstgjorda undervattensstenar och korallrev, konstgjorda tr\u00e4d, skulpturer eller arkitektoniska rekonstruktioner. Detta garanterar att vi inte f\u00e5r n\u00e5gra of\u00f6rutsedda \u00f6verraskningar under byggandet och anv\u00e4ndningen av inredningen. Vi \u00e4r \u00f6vertygade om att vi kan erbjuda material som uppfyller de h\u00f6gsta kraven.<\/p>\n<\/div><\/article><article  class=\"icon-content-box content-box icon-left icon-style-2\"><div class=\"icon-holder\"><span class=\"icon-right-open\"><\/span><\/div><div class=\"text-holder\"><h5 class=\"heading\">Vi \u00e4r det enda f\u00f6retaget i Polen som erbjuder projekt\u00f6vervakningstj\u00e4nster.<\/h5> <p>Vi s\u00e4kerst\u00e4ller den fullst\u00e4ndiga integriteten i utf\u00f6randet av dekorationen. Och med den kunskap vi har samlat p\u00e5 oss under \u00e5ren kan vi se till att den detaljerade konstruktionen byggs p\u00e5 ett s\u00e4tt som b\u00e4st \u00e5terspeglar designens syfte. Vi har exceptionell erfarenhet av val av teknik och material, val av personal och underleverant\u00f6rer, tillhandah\u00e5ller referensmaterial som fotodokumentation och materialprover samt utf\u00f6r 3D-modellering, CAD-konstruktioner och visualiseringar.<\/p>\n<\/div><\/article>[\/vc_column][vc_column width=&#8221;2\/5&#8243; rt_wrp_col_paddings=&#8221;false&#8221; rt_border_top=&#8221;&#8221; rt_border_bottom=&#8221;&#8221; rt_border_left=&#8221;&#8221; rt_border_right=&#8221;&#8221; rt_border_top_mobile=&#8221;&#8221; rt_border_bottom_mobile=&#8221;&#8221; rt_border_left_mobile=&#8221;&#8221; rt_border_right_mobile=&#8221;&#8221; rt_bg_image_repeat=&#8221;repeat&#8221; rt_bg_size=&#8221;auto auto&#8221; rt_bg_position=&#8221;right top&#8221; rt_bg_attachment=&#8221;scroll&#8221;][vc_single_image image=&#8221;11288&#8243; img_size=&#8221;full&#8221; style=&#8221;vc_box_shadow_3d&#8221; css_animation=&#8221;none&#8221;][\/vc_column][\/vc_row][vc_row rt_row_background_width=&#8221;fullwidth&#8221; rt_row_content_width=&#8221;fullwidth&#8221; rt_row_style=&#8221;alt-style-2&#8243; rt_row_borders=&#8221;&#8221; rt_row_paddings=&#8221;true&#8221; rt_bg_effect=&#8221;classic&#8221; rt_bg_image_repeat=&#8221;repeat&#8221; rt_bg_size=&#8221;cover&#8221; rt_bg_position=&#8221;right top&#8221; rt_bg_attachment=&#8221;scroll&#8221; rt_bg_video_format=&#8221;self-hosted&#8221;][vc_column rt_wrp_col_paddings=&#8221;false&#8221; rt_border_top=&#8221;&#8221; rt_border_bottom=&#8221;&#8221; rt_border_left=&#8221;&#8221; rt_border_right=&#8221;&#8221; rt_border_top_mobile=&#8221;&#8221; rt_border_bottom_mobile=&#8221;&#8221; rt_border_left_mobile=&#8221;&#8221; rt_border_right_mobile=&#8221;&#8221; rt_bg_image_repeat=&#8221;repeat&#8221; rt_bg_size=&#8221;auto auto&#8221; rt_bg_position=&#8221;right top&#8221; rt_bg_attachment=&#8221;scroll&#8221;][vc_separator css_animation=&#8221;fadeInLeft&#8221; style=&#8221;style-1&#8243;][\/vc_column][\/vc_row][vc_row rt_row_background_width=&#8221;fullwidth&#8221; rt_row_content_width=&#8221;default&#8221; rt_row_style=&#8221;default-style&#8221; rt_row_borders=&#8221;&#8221; rt_row_paddings=&#8221;true&#8221; rt_bg_image=&#8221;4856&#8243; rt_bg_effect=&#8221;classic&#8221; rt_bg_image_repeat=&#8221;no-repeat&#8221; rt_bg_size=&#8221;100% auto&#8221; rt_bg_position=&#8221;left center&#8221; rt_bg_attachment=&#8221;scroll&#8221; rt_bg_video_format=&#8221;self-hosted&#8221;][vc_column width=&#8221;2\/5&#8243; rt_wrp_col_paddings=&#8221;false&#8221; rt_border_top=&#8221;&#8221; rt_border_bottom=&#8221;&#8221; rt_border_left=&#8221;&#8221; rt_border_right=&#8221;&#8221; rt_border_top_mobile=&#8221;&#8221; rt_border_bottom_mobile=&#8221;&#8221; rt_border_left_mobile=&#8221;&#8221; rt_border_right_mobile=&#8221;&#8221; rt_bg_image_repeat=&#8221;repeat&#8221; rt_bg_size=&#8221;auto auto&#8221; rt_bg_position=&#8221;right top&#8221; rt_bg_attachment=&#8221;scroll&#8221;][vc_single_image image=&#8221;11285&#8243; img_size=&#8221;full&#8221; style=&#8221;vc_box_shadow_3d&#8221; css_animation=&#8221;none&#8221;][\/vc_column][vc_column width=&#8221;3\/5&#8243; rt_wrp_col_paddings=&#8221;false&#8221; rt_border_top=&#8221;&#8221; rt_border_bottom=&#8221;&#8221; rt_border_left=&#8221;&#8221; rt_border_right=&#8221;&#8221; rt_border_top_mobile=&#8221;&#8221; rt_border_bottom_mobile=&#8221;&#8221; rt_border_left_mobile=&#8221;&#8221; rt_border_right_mobile=&#8221;&#8221; rt_bg_image_repeat=&#8221;repeat&#8221; rt_bg_size=&#8221;auto auto&#8221; rt_bg_position=&#8221;right top&#8221; rt_bg_attachment=&#8221;scroll&#8221;]<div class=\"rt_heading_wrapper style-5\">\n\t\t\t\t\t\t<h2 class=\"rt_heading  style-5\" >Vi tar hand om ditt projekt fr\u00e5n b\u00f6rjan till slut.<\/h2>\n\t\t\t\t\t<\/div>[vc_column_text]<\/p>\n<span class=\"highlight style-1\">F\u00f6r att ett projekt ska kunna slutf\u00f6ras framg\u00e5ngsrikt m\u00e5ste allt vara v\u00e4lorganiserat med \u00f6ppna kommunikationskanaler mellan investeraren, v\u00e5rt f\u00f6retag, personalen och artisterna.<\/span> M\u00e5nga entrepren\u00f6rer l\u00e4mnar sina team f\u00f6r att sj\u00e4lva genomf\u00f6ra projektet. Detta inneb\u00e4r att investeraren endast tr\u00e4ffar entrepren\u00f6rens representant under avtalsf\u00f6rhandlingarna och i slutet av avtalet. Varje genomf\u00f6rande som utf\u00f6rs av v\u00e5rt f\u00f6retag sker p\u00e5 exklusiv basis och vi utf\u00f6r inga andra projekt parallellt under genomf\u00f6randet. Detta g\u00f6r att vi kan fokusera 100 % p\u00e5 uppgiften, st\u00e4ndigt \u00f6vervaka arbetets framskridande och vara i st\u00e4ndig kontakt med investeraren eller generalentrepren\u00f6ren. Detta tillv\u00e4gag\u00e5ngss\u00e4tt m\u00f6jligg\u00f6r l\u00f6pande samr\u00e5d med investeraren innan viktiga beslut fattas och garanterar h\u00f6gsta m\u00f6jliga serviceniv\u00e5.<\/p>\n<p>[\/vc_column_text]<article  class=\"icon-content-box content-box icon-left icon-style-2\"><div class=\"icon-holder\"><span class=\"icon-right-open\"><\/span><\/div><div class=\"text-holder\"><h5 class=\"heading\">Vi arbetar endast med erfarna konstn\u00e4rer med en omfattande portf\u00f6lj.<\/h5> <p>Vi garanterar den b\u00e4sta detaljutformningen, oavsett om det handlar om en detaljerad utsk\u00e4rning av konstgjorda stenar, en relief eller ett arkitektoniskt element. Vi f\u00f6rs\u00e4krar att vi inte utf\u00f6r arbetet med okvalificerade arbetare.<\/p>\n<\/div><\/article><article  class=\"icon-content-box content-box icon-left icon-style-2\"><div class=\"icon-holder\"><span class=\"icon-right-open\"><\/span><\/div><div class=\"text-holder\"><h5 class=\"heading\">Vi s\u00e4kerst\u00e4ller den vetenskapliga och museografiska kvaliteten p\u00e5 arbetet.<\/h5> <p>Det finns projekt som kr\u00e4ver att specialister inom sina omr\u00e5den deltar. Vi har erfarenhet av att etablera samarbete med vetenskapliga enheter, t.ex. institutet f\u00f6r geografiska vetenskaper vid universitetet i Wroc\u0142aw, f\u00f6r att r\u00e5dg\u00f6ra om de geologiska detaljerna i v\u00e5ra projekt. Projekt som kr\u00e4ver detta tillv\u00e4gag\u00e5ngss\u00e4tt \u00e4r extremt komplexa och kan inte utf\u00f6ras av okvalificerad personal, vilket andra f\u00f6retag som bygger konstgjorda stenar inte tillhandah\u00e5ller.<\/p>\n<\/div><\/article><article  class=\"icon-content-box content-box icon-left icon-style-2\"><div class=\"icon-holder\"><span class=\"icon-right-open\"><\/span><\/div><div class=\"text-holder\"><h5 class=\"heading\">Vi tillhandah\u00e5ller v\u00e5r egen logistik f\u00f6r leverans av material till byggarbetsplatsen.<\/h5> <p>Vi ordnar tillf\u00e4lliga f\u00f6rvaringsutrymmen p\u00e5 plats och bygger v\u00e5ra egna studior f\u00f6r prefabricering p\u00e5 plats om det beh\u00f6vs, oavsett s\u00e4song.<\/p>\n<\/div><\/article><article  class=\"icon-content-box content-box icon-left icon-style-2\"><div class=\"icon-holder\"><span class=\"icon-right-open\"><\/span><\/div><div class=\"text-holder\"><h5 class=\"heading\">Vi erbjuder v\u00e5ra kunder skr\u00e4ddarsydda l\u00f6sningar.<\/h5> <p>Varje projekt \u00e4r annorlunda, vilket inneb\u00e4r att vi inte talar om f\u00f6r investeraren vad de beh\u00f6ver &#8211; vi lyssnar p\u00e5 vad de vill ha. Vi \u00e4r medvetna om att vi levererar icke-standardiserade projekt. D\u00e4rf\u00f6r bygger v\u00e5rt arbete p\u00e5 att vi samarbetar med kunden f\u00f6r att leverera exakt vad de vill ha. Oavsett hur komplicerad uppgiften \u00e4r, \u00e4r vi fast beslutna att slutf\u00f6ra projektet till 100 %.<\/p>\n<\/div><\/article>[\/vc_column][\/vc_row]<\/p>\n","protected":false},"excerpt":{"rendered":"<p>[vc_row rt_row_background_width=&#8221;fullwidth&#8221; rt_row_content_width=&#8221;default&#8221; rt_row_style=&#8221;default-style&#8221; rt_row_borders=&#8221;&#8221; rt_row_paddings=&#8221;true&#8221; rt_bg_image=&#8221;4765&#8243; rt_bg_effect=&#8221;classic&#8221; rt_bg_image_repeat=&#8221;no-repeat&#8221; rt_bg_size=&#8221;100% auto&#8221; rt_bg_position=&#8221;right center&#8221; rt_bg_attachment=&#8221;scroll&#8221; rt_bg_video_format=&#8221;self-hosted&#8221;][vc_column width=&#8221;3\/5&#8243; rt_wrp_col_paddings=&#8221;false&#8221; rt_border_top=&#8221;&#8221; rt_border_bottom=&#8221;&#8221; rt_border_left=&#8221;&#8221; rt_border_right=&#8221;&#8221; rt_border_top_mobile=&#8221;&#8221; rt_border_bottom_mobile=&#8221;&#8221; rt_border_left_mobile=&#8221;&#8221; rt_border_right_mobile=&#8221;&#8221; rt_bg_image_repeat=&#8221;repeat&#8221; rt_bg_size=&#8221;auto auto&#8221; rt_bg_position=&#8221;right top&#8221; rt_bg_attachment=&#8221;scroll&#8221;][vc_column_text] Vi har kvalificerade team med olika specialiseringar, t.ex. skulpt\u00f6rer och m\u00e5lare, specialister p\u00e5 st\u00e5lkonstruktion eller erfarna team f\u00f6r betongsprutning. Alla medarbetare \u00e4r utbildade och [&hellip;]<\/p>\n","protected":false},"author":1,"featured_media":0,"parent":0,"menu_order":0,"comment_status":"closed","ping_status":"closed","template":"","meta":{"_exactmetrics_skip_tracking":false,"_exactmetrics_sitenote_active":false,"_exactmetrics_sitenote_note":"","_exactmetrics_sitenote_category":0,"footnotes":""},"class_list":["post-11970","page","type-page","status-publish","hentry"],"yoast_head":"<!-- This site is optimized with the Yoast SEO plugin v27.1.1 - https:\/\/yoast.com\/product\/yoast-seo-wordpress\/ -->\n<title>V\u00e5r erfarenhet av dekorationsindustrin f\u00f6r stora format | sKalisty<\/title>\n<meta name=\"description\" content=\"Vad \u00e4r det som avg\u00f6r att det \u00e4r det b\u00e4sta valet att arbeta med oss? Hur vi samarbetar med kunden f\u00f6r att bygga konstgjorda stenar och storskaliga dekorationer.\" \/>\n<meta name=\"robots\" content=\"index, follow, max-snippet:-1, max-image-preview:large, max-video-preview:-1\" \/>\n<link rel=\"canonical\" href=\"https:\/\/skalisty.pl\/sv\/det-ar-vart-att-valja-oss\/\" \/>\n<meta property=\"og:locale\" content=\"sv_SE\" \/>\n<meta property=\"og:type\" content=\"article\" \/>\n<meta property=\"og:title\" content=\"V\u00e5r erfarenhet av dekorationsindustrin f\u00f6r stora format | sKalisty\" \/>\n<meta property=\"og:description\" content=\"Vad \u00e4r det som avg\u00f6r att det \u00e4r det b\u00e4sta valet att arbeta med oss? Hur vi samarbetar med kunden f\u00f6r att bygga konstgjorda stenar och storskaliga dekorationer.\" \/>\n<meta property=\"og:url\" content=\"https:\/\/skalisty.pl\/sv\/det-ar-vart-att-valja-oss\/\" \/>\n<meta property=\"og:site_name\" content=\"sKalisty - Konstgjorda Stenar\" \/>\n<meta property=\"article:publisher\" content=\"https:\/\/www.facebook.com\/skalistyPL\/\" \/>\n<meta property=\"article:modified_time\" content=\"2022-11-11T17:41:14+00:00\" \/>\n<meta name=\"twitter:card\" content=\"summary_large_image\" \/>\n<meta name=\"twitter:site\" content=\"@sztuczne_skaly\" \/>\n<meta name=\"twitter:label1\" content=\"Ber\u00e4knad l\u00e4stid\" \/>\n\t<meta name=\"twitter:data1\" content=\"6 minuter\" \/>\n<script type=\"application\/ld+json\" class=\"yoast-schema-graph\">{\"@context\":\"https:\/\/schema.org\",\"@graph\":[{\"@type\":\"WebPage\",\"@id\":\"https:\/\/skalisty.pl\/sv\/det-ar-vart-att-valja-oss\/\",\"url\":\"https:\/\/skalisty.pl\/sv\/det-ar-vart-att-valja-oss\/\",\"name\":\"V\u00e5r erfarenhet av dekorationsindustrin f\u00f6r stora format | sKalisty\",\"isPartOf\":{\"@id\":\"https:\/\/skalisty.pl\/sv\/#website\"},\"datePublished\":\"2022-11-11T17:35:28+00:00\",\"dateModified\":\"2022-11-11T17:41:14+00:00\",\"description\":\"Vad \u00e4r det som avg\u00f6r att det \u00e4r det b\u00e4sta valet att arbeta med oss? Hur vi samarbetar med kunden f\u00f6r att bygga konstgjorda stenar och storskaliga dekorationer.\",\"breadcrumb\":{\"@id\":\"https:\/\/skalisty.pl\/sv\/det-ar-vart-att-valja-oss\/#breadcrumb\"},\"inLanguage\":\"sv-SE\",\"potentialAction\":[{\"@type\":\"ReadAction\",\"target\":[\"https:\/\/skalisty.pl\/sv\/det-ar-vart-att-valja-oss\/\"]}]},{\"@type\":\"BreadcrumbList\",\"@id\":\"https:\/\/skalisty.pl\/sv\/det-ar-vart-att-valja-oss\/#breadcrumb\",\"itemListElement\":[{\"@type\":\"ListItem\",\"position\":1,\"name\":\"Startsida\",\"item\":\"https:\/\/skalisty.pl\/sv\/\"},{\"@type\":\"ListItem\",\"position\":2,\"name\":\"Vad \u00e4r det som avg\u00f6r att det \u00e4r det b\u00e4sta valet att arbeta med oss?\"}]},{\"@type\":\"WebSite\",\"@id\":\"https:\/\/skalisty.pl\/sv\/#website\",\"url\":\"https:\/\/skalisty.pl\/sv\/\",\"name\":\"sKalisty - Konstgjorda Stenar\",\"description\":\"\",\"publisher\":{\"@id\":\"https:\/\/skalisty.pl\/sv\/#organization\"},\"potentialAction\":[{\"@type\":\"SearchAction\",\"target\":{\"@type\":\"EntryPoint\",\"urlTemplate\":\"https:\/\/skalisty.pl\/sv\/?s={search_term_string}\"},\"query-input\":{\"@type\":\"PropertyValueSpecification\",\"valueRequired\":true,\"valueName\":\"search_term_string\"}}],\"inLanguage\":\"sv-SE\"},{\"@type\":\"Organization\",\"@id\":\"https:\/\/skalisty.pl\/sv\/#organization\",\"name\":\"sKalisty - Konstgjorda Stenar\",\"url\":\"https:\/\/skalisty.pl\/sv\/\",\"logo\":{\"@type\":\"ImageObject\",\"inLanguage\":\"sv-SE\",\"@id\":\"https:\/\/skalisty.pl\/sv\/#\/schema\/logo\/image\/\",\"url\":\"https:\/\/static.skalisty.pl\/uploads\/2020\/01\/skalisty-schema-logo-2020.png\",\"contentUrl\":\"https:\/\/static.skalisty.pl\/uploads\/2020\/01\/skalisty-schema-logo-2020.png\",\"width\":1090,\"height\":238,\"caption\":\"sKalisty - Konstgjorda Stenar\"},\"image\":{\"@id\":\"https:\/\/skalisty.pl\/sv\/#\/schema\/logo\/image\/\"},\"sameAs\":[\"https:\/\/www.facebook.com\/skalistyPL\/\",\"https:\/\/x.com\/sztuczne_skaly\",\"https:\/\/www.youtube.com\/channel\/UCkvotuS2nyEefXsMM5zd3Mw\"]}]}<\/script>\n<!-- \/ Yoast SEO plugin. -->","yoast_head_json":{"title":"V\u00e5r erfarenhet av dekorationsindustrin f\u00f6r stora format | sKalisty","description":"Vad \u00e4r det som avg\u00f6r att det \u00e4r det b\u00e4sta valet att arbeta med oss? Hur vi samarbetar med kunden f\u00f6r att bygga konstgjorda stenar och storskaliga dekorationer.","robots":{"index":"index","follow":"follow","max-snippet":"max-snippet:-1","max-image-preview":"max-image-preview:large","max-video-preview":"max-video-preview:-1"},"canonical":"https:\/\/skalisty.pl\/sv\/det-ar-vart-att-valja-oss\/","og_locale":"sv_SE","og_type":"article","og_title":"V\u00e5r erfarenhet av dekorationsindustrin f\u00f6r stora format | sKalisty","og_description":"Vad \u00e4r det som avg\u00f6r att det \u00e4r det b\u00e4sta valet att arbeta med oss? Hur vi samarbetar med kunden f\u00f6r att bygga konstgjorda stenar och storskaliga dekorationer.","og_url":"https:\/\/skalisty.pl\/sv\/det-ar-vart-att-valja-oss\/","og_site_name":"sKalisty - Konstgjorda Stenar","article_publisher":"https:\/\/www.facebook.com\/skalistyPL\/","article_modified_time":"2022-11-11T17:41:14+00:00","twitter_card":"summary_large_image","twitter_site":"@sztuczne_skaly","twitter_misc":{"Ber\u00e4knad l\u00e4stid":"6 minuter"},"schema":{"@context":"https:\/\/schema.org","@graph":[{"@type":"WebPage","@id":"https:\/\/skalisty.pl\/sv\/det-ar-vart-att-valja-oss\/","url":"https:\/\/skalisty.pl\/sv\/det-ar-vart-att-valja-oss\/","name":"V\u00e5r erfarenhet av dekorationsindustrin f\u00f6r stora format | sKalisty","isPartOf":{"@id":"https:\/\/skalisty.pl\/sv\/#website"},"datePublished":"2022-11-11T17:35:28+00:00","dateModified":"2022-11-11T17:41:14+00:00","description":"Vad \u00e4r det som avg\u00f6r att det \u00e4r det b\u00e4sta valet att arbeta med oss? Hur vi samarbetar med kunden f\u00f6r att bygga konstgjorda stenar och storskaliga dekorationer.","breadcrumb":{"@id":"https:\/\/skalisty.pl\/sv\/det-ar-vart-att-valja-oss\/#breadcrumb"},"inLanguage":"sv-SE","potentialAction":[{"@type":"ReadAction","target":["https:\/\/skalisty.pl\/sv\/det-ar-vart-att-valja-oss\/"]}]},{"@type":"BreadcrumbList","@id":"https:\/\/skalisty.pl\/sv\/det-ar-vart-att-valja-oss\/#breadcrumb","itemListElement":[{"@type":"ListItem","position":1,"name":"Startsida","item":"https:\/\/skalisty.pl\/sv\/"},{"@type":"ListItem","position":2,"name":"Vad \u00e4r det som avg\u00f6r att det \u00e4r det b\u00e4sta valet att arbeta med oss?"}]},{"@type":"WebSite","@id":"https:\/\/skalisty.pl\/sv\/#website","url":"https:\/\/skalisty.pl\/sv\/","name":"sKalisty - Konstgjorda Stenar","description":"","publisher":{"@id":"https:\/\/skalisty.pl\/sv\/#organization"},"potentialAction":[{"@type":"SearchAction","target":{"@type":"EntryPoint","urlTemplate":"https:\/\/skalisty.pl\/sv\/?s={search_term_string}"},"query-input":{"@type":"PropertyValueSpecification","valueRequired":true,"valueName":"search_term_string"}}],"inLanguage":"sv-SE"},{"@type":"Organization","@id":"https:\/\/skalisty.pl\/sv\/#organization","name":"sKalisty - Konstgjorda Stenar","url":"https:\/\/skalisty.pl\/sv\/","logo":{"@type":"ImageObject","inLanguage":"sv-SE","@id":"https:\/\/skalisty.pl\/sv\/#\/schema\/logo\/image\/","url":"https:\/\/static.skalisty.pl\/uploads\/2020\/01\/skalisty-schema-logo-2020.png","contentUrl":"https:\/\/static.skalisty.pl\/uploads\/2020\/01\/skalisty-schema-logo-2020.png","width":1090,"height":238,"caption":"sKalisty - Konstgjorda Stenar"},"image":{"@id":"https:\/\/skalisty.pl\/sv\/#\/schema\/logo\/image\/"},"sameAs":["https:\/\/www.facebook.com\/skalistyPL\/","https:\/\/x.com\/sztuczne_skaly","https:\/\/www.youtube.com\/channel\/UCkvotuS2nyEefXsMM5zd3Mw"]}]}},"_links":{"self":[{"href":"https:\/\/skalisty.pl\/sv\/wp-json\/wp\/v2\/pages\/11970","targetHints":{"allow":["GET"]}}],"collection":[{"href":"https:\/\/skalisty.pl\/sv\/wp-json\/wp\/v2\/pages"}],"about":[{"href":"https:\/\/skalisty.pl\/sv\/wp-json\/wp\/v2\/types\/page"}],"author":[{"embeddable":true,"href":"https:\/\/skalisty.pl\/sv\/wp-json\/wp\/v2\/users\/1"}],"replies":[{"embeddable":true,"href":"https:\/\/skalisty.pl\/sv\/wp-json\/wp\/v2\/comments?post=11970"}],"version-history":[{"count":5,"href":"https:\/\/skalisty.pl\/sv\/wp-json\/wp\/v2\/pages\/11970\/revisions"}],"predecessor-version":[{"id":11974,"href":"https:\/\/skalisty.pl\/sv\/wp-json\/wp\/v2\/pages\/11970\/revisions\/11974"}],"wp:attachment":[{"href":"https:\/\/skalisty.pl\/sv\/wp-json\/wp\/v2\/media?parent=11970"}],"curies":[{"name":"wp","href":"https:\/\/api.w.org\/{rel}","templated":true}]}}