{"id":11877,"date":"2022-11-10T10:19:18","date_gmt":"2022-11-10T09:19:18","guid":{"rendered":"https:\/\/skalisty.pl\/om-oss\/"},"modified":"2022-11-12T11:41:53","modified_gmt":"2022-11-12T10:41:53","slug":"om-oss","status":"publish","type":"page","link":"https:\/\/skalisty.pl\/sv\/om-oss\/","title":{"rendered":"Om Oss"},"content":{"rendered":"<p>[vc_row rt_row_background_width=&#8221;fullwidth&#8221; rt_row_content_width=&#8221;fullwidth&#8221; rt_row_style=&#8221;default-style&#8221; rt_column_placement=&#8221;middle&#8221; rt_row_borders=&#8221;&#8221; rt_row_paddings=&#8221;false&#8221; rt_bg_effect=&#8221;classic&#8221; rt_bg_image_repeat=&#8221;repeat&#8221; rt_bg_size=&#8221;cover&#8221; rt_bg_position=&#8221;right top&#8221; rt_bg_attachment=&#8221;scroll&#8221; rt_bg_video_format=&#8221;self-hosted&#8221;][vc_column width=&#8221;1\/2&#8243; rt_wrp_col_paddings=&#8221;false&#8221; rt_border_top=&#8221;&#8221; rt_border_bottom=&#8221;&#8221; rt_border_left=&#8221;&#8221; rt_border_right=&#8221;&#8221; rt_border_top_mobile=&#8221;&#8221; rt_border_bottom_mobile=&#8221;&#8221; rt_border_left_mobile=&#8221;&#8221; rt_border_right_mobile=&#8221;&#8221; rt_bg_image_repeat=&#8221;repeat&#8221; rt_bg_size=&#8221;auto auto&#8221; rt_bg_position=&#8221;right top&#8221; rt_bg_attachment=&#8221;scroll&#8221; rt_padding_top=&#8221;0&#8243; rt_padding_bottom=&#8221;0&#8243; rt_padding_left=&#8221;0&#8243; rt_padding_right=&#8221;0&#8243;][vc_single_image image=&#8221;10821&#8243; img_size=&#8221;full&#8221; alignment=&#8221;center&#8221;][\/vc_column][vc_column width=&#8221;1\/2&#8243; rt_wrp_col_paddings=&#8221;false&#8221; rt_border_top=&#8221;&#8221; rt_border_bottom=&#8221;&#8221; rt_border_left=&#8221;&#8221; rt_border_right=&#8221;&#8221; rt_border_top_mobile=&#8221;&#8221; rt_border_bottom_mobile=&#8221;&#8221; rt_border_left_mobile=&#8221;&#8221; rt_border_right_mobile=&#8221;&#8221; rt_bg_image_repeat=&#8221;repeat&#8221; rt_bg_size=&#8221;auto auto&#8221; rt_bg_position=&#8221;right top&#8221; rt_bg_attachment=&#8221;scroll&#8221; rt_padding_top=&#8221;0&#8243; rt_padding_bottom=&#8221;0&#8243; rt_padding_left=&#8221;0&#8243; rt_padding_right=&#8221;0&#8243;]<div class=\"rt_heading_wrapper style-4\">\n\t\t\t\t\t\t<h1 class=\"rt_heading  style-4\" >VILKA VI \u00c4R<\/h1>\n\t\t\t\t\t<\/div>[vc_column_text css=&#8221;.vc_custom_1668072024412{padding-right: 30px !important;padding-left: 30px !important;}&#8221;]Vi \u00e4r <span class=\"highlight style-1\"><strong>ett Wroc\u0142aw-baserat f\u00f6retag<\/strong><\/span>, med en etablerad st\u00e4llning p\u00e5 marknaden f\u00f6r dekoration av cementbruk. Vi erbjuder service p\u00e5 h\u00f6gsta niv\u00e5. Vi genomf\u00f6r projekt i hela Europa, men v\u00e5rt huvudsakliga verksamhetsomr\u00e5de \u00e4r Polen, d\u00e4r vi genomf\u00f6r f\u00f6ljande <span class=\"highlight style-1\"><strong>Arbete f\u00f6r offentliga inr\u00e4ttningar som djurparker, vattenparker och oceanarier.<\/strong><\/span>. Vi utf\u00f6r \u00e4ven uppdrag f\u00f6r byggande av konstgjorda klippor, vattenkaskader och konstgjorda tr\u00e4d f\u00f6r privata kunder och hotell. Varje implementering utf\u00f6rs med omsorg om detaljer och med <span class=\"highlight style-1\"><strong>ta h\u00e4nsyn till v\u00e5ra kunders individuella behov<\/strong><br \/>\n<\/span>.[\/vc_column_text][\/vc_column][\/vc_row][vc_row rt_row_background_width=&#8221;fullwidth&#8221; rt_row_content_width=&#8221;fullwidth&#8221; rt_row_style=&#8221;default-style&#8221; rt_column_placement=&#8221;middle&#8221; rt_row_borders=&#8221;&#8221; rt_row_paddings=&#8221;false&#8221; rt_bg_effect=&#8221;classic&#8221; rt_bg_image_repeat=&#8221;repeat&#8221; rt_bg_size=&#8221;cover&#8221; rt_bg_position=&#8221;right top&#8221; rt_bg_attachment=&#8221;scroll&#8221; rt_bg_video_format=&#8221;self-hosted&#8221;][vc_column width=&#8221;1\/2&#8243; rt_wrp_col_paddings=&#8221;false&#8221; rt_border_top=&#8221;&#8221; rt_border_bottom=&#8221;&#8221; rt_border_left=&#8221;&#8221; rt_border_right=&#8221;&#8221; rt_border_top_mobile=&#8221;&#8221; rt_border_bottom_mobile=&#8221;&#8221; rt_border_left_mobile=&#8221;&#8221; rt_border_right_mobile=&#8221;&#8221; rt_bg_image_repeat=&#8221;repeat&#8221; rt_bg_size=&#8221;auto auto&#8221; rt_bg_position=&#8221;right top&#8221; rt_bg_attachment=&#8221;scroll&#8221; rt_padding_top=&#8221;0&#8243; rt_padding_bottom=&#8221;0&#8243; rt_padding_left=&#8221;0&#8243; rt_padding_right=&#8221;0&#8243;]<div class=\"rt_heading_wrapper style-4\">\n\t\t\t\t\t\t<h2 class=\"rt_heading  style-4\"  style=\"font-size:42px;\">\u00d6VERL\u00c4GSET HANTVERK<\/h2>\n\t\t\t\t\t<\/div>[vc_column_text css=&#8221;.vc_custom_1549397811939{padding-right: 30px !important;padding-left: 30px !important;}&#8221;]<span class=\"highlight style-1\">Vi garanterar<\/span> v\u00e5ra kunder <span class=\"highlight style-1\">l\u00f6sningar av h\u00f6gsta kvalitet<\/span> som \u00e4r s\u00e4kra och h\u00e5llbara. Vi har stor <span class=\"highlight style-1\">erfarenhet av konstruktion, installation och design av<\/span> dekorationer f\u00f6r storskaliga akvarier, djurparker, n\u00f6jesparker, spa och vetenskapliga reproduktioner f\u00f6r museografi. Varje projekt som vi genomf\u00f6r genomf\u00f6rs p\u00e5 ett professionellt och effektivt s\u00e4tt.[\/vc_column_text][\/vc_column][vc_column width=&#8221;1\/2&#8243; rt_wrp_col_paddings=&#8221;false&#8221; rt_border_top=&#8221;&#8221; rt_border_bottom=&#8221;&#8221; rt_border_left=&#8221;&#8221; rt_border_right=&#8221;&#8221; rt_border_top_mobile=&#8221;&#8221; rt_border_bottom_mobile=&#8221;&#8221; rt_border_left_mobile=&#8221;&#8221; rt_border_right_mobile=&#8221;&#8221; rt_bg_image_repeat=&#8221;repeat&#8221; rt_bg_size=&#8221;auto auto&#8221; rt_bg_position=&#8221;right top&#8221; rt_bg_attachment=&#8221;scroll&#8221; rt_padding_top=&#8221;0&#8243; rt_padding_bottom=&#8221;0&#8243; rt_padding_left=&#8221;0&#8243; rt_padding_right=&#8221;0&#8243;][vc_single_image image=&#8221;10805&#8243; img_size=&#8221;full&#8221; alignment=&#8221;center&#8221;][\/vc_column][\/vc_row][vc_row rt_row_background_width=&#8221;fullwidth&#8221; rt_row_content_width=&#8221;default&#8221; rt_row_style=&#8221;alt-style-2&#8243; rt_row_borders=&#8221;top,bottom&#8221; rt_grid=&#8221;true&#8221; rt_row_paddings=&#8221;true&#8221; rt_bg_effect=&#8221;classic&#8221; rt_bg_image_repeat=&#8221;repeat&#8221; rt_bg_size=&#8221;cover&#8221; rt_bg_position=&#8221;right top&#8221; rt_bg_attachment=&#8221;scroll&#8221; rt_bg_video_format=&#8221;self-hosted&#8221; rt_padding_top=&#8221;20&#8243; rt_padding_bottom=&#8221;20&#8243;][vc_column width=&#8221;1\/3&#8243; rt_wrp_col_paddings=&#8221;false&#8221; rt_border_top=&#8221;&#8221; rt_border_bottom=&#8221;&#8221; rt_border_left=&#8221;&#8221; rt_border_right=&#8221;&#8221; rt_border_top_mobile=&#8221;&#8221; rt_border_bottom_mobile=&#8221;&#8221; rt_border_left_mobile=&#8221;&#8221; rt_border_right_mobile=&#8221;&#8221; rt_bg_image_repeat=&#8221;repeat&#8221; rt_bg_size=&#8221;auto auto&#8221; rt_bg_position=&#8221;right top&#8221; rt_bg_attachment=&#8221;scroll&#8221;]<article  class=\"icon-content-box content-box icon-left icon-style-1\"><div class=\"icon-holder\"><span class=\"icon-thumbs-up\"><\/span><\/div><div class=\"text-holder\"><h3 class=\"heading\">V\u00c5R PASSION<\/h3> <p><span class=\"icon-box__subtitle\">Konstgjorda stenar \u00e4r v\u00e5r passion och vi utf\u00f6r v\u00e5rt arbete med samma passion. Vi utf\u00f6r alla ovanliga och om\u00f6jliga projekt.<\/span><\/p>\n<\/div><\/article>[\/vc_column][vc_column width=&#8221;1\/3&#8243; rt_wrp_col_paddings=&#8221;false&#8221; rt_border_top=&#8221;&#8221; rt_border_bottom=&#8221;&#8221; rt_border_left=&#8221;&#8221; rt_border_right=&#8221;&#8221; rt_border_top_mobile=&#8221;&#8221; rt_border_bottom_mobile=&#8221;&#8221; rt_border_left_mobile=&#8221;&#8221; rt_border_right_mobile=&#8221;&#8221; rt_bg_image_repeat=&#8221;repeat&#8221; rt_bg_size=&#8221;auto auto&#8221; rt_bg_position=&#8221;right top&#8221; rt_bg_attachment=&#8221;scroll&#8221;]<article  class=\"icon-content-box content-box icon-left icon-style-1\"><div class=\"icon-holder\"><span class=\"icon-globe\"><\/span><\/div><div class=\"text-holder\"><h3 class=\"heading\">H\u00d6G KVALITET<\/h3> <p><span class=\"icon-box__subtitle\">N\u00e4r du genomf\u00f6r dina projekt med oss erbjuder vi ett hantverk i v\u00e4rldsklass.<\/span><\/p>\n<\/div><\/article>[\/vc_column][vc_column width=&#8221;1\/3&#8243; rt_wrp_col_paddings=&#8221;false&#8221; rt_border_top=&#8221;&#8221; rt_border_bottom=&#8221;&#8221; rt_border_left=&#8221;&#8221; rt_border_right=&#8221;&#8221; rt_border_top_mobile=&#8221;&#8221; rt_border_bottom_mobile=&#8221;&#8221; rt_border_left_mobile=&#8221;&#8221; rt_border_right_mobile=&#8221;&#8221; rt_bg_image_repeat=&#8221;repeat&#8221; rt_bg_size=&#8221;auto auto&#8221; rt_bg_position=&#8221;right top&#8221; rt_bg_attachment=&#8221;scroll&#8221;]<article  class=\"icon-content-box content-box icon-left icon-style-1\"><div class=\"icon-holder\"><span class=\"icon-users\"><\/span><\/div><div class=\"text-holder\"><h3 class=\"heading\">ETT TEAM AV YRKESVERKSAMMA<\/h3> <p><span class=\"icon-box__subtitle\">F\u00f6r stora och komplexa projekt arbetar vi med ett internationellt projektteam.<\/span><\/p>\n<\/div><\/article>[\/vc_column][\/vc_row][vc_row rt_row_background_width=&#8221;fullwidth&#8221; rt_row_content_width=&#8221;fullwidth&#8221; rt_row_style=&#8221;default-style&#8221; rt_column_placement=&#8221;middle&#8221; rt_row_borders=&#8221;&#8221; rt_row_paddings=&#8221;false&#8221; rt_bg_effect=&#8221;classic&#8221; rt_bg_image_repeat=&#8221;repeat&#8221; rt_bg_size=&#8221;cover&#8221; rt_bg_position=&#8221;right top&#8221; rt_bg_attachment=&#8221;scroll&#8221; rt_bg_video_format=&#8221;self-hosted&#8221;][vc_column width=&#8221;1\/2&#8243; rt_wrp_col_paddings=&#8221;false&#8221; rt_border_top=&#8221;&#8221; rt_border_bottom=&#8221;&#8221; rt_border_left=&#8221;&#8221; rt_border_right=&#8221;&#8221; rt_border_top_mobile=&#8221;&#8221; rt_border_bottom_mobile=&#8221;&#8221; rt_border_left_mobile=&#8221;&#8221; rt_border_right_mobile=&#8221;&#8221; rt_bg_image_repeat=&#8221;repeat&#8221; rt_bg_size=&#8221;auto auto&#8221; rt_bg_position=&#8221;right top&#8221; rt_bg_attachment=&#8221;scroll&#8221; rt_padding_top=&#8221;0&#8243; rt_padding_bottom=&#8221;0&#8243; rt_padding_left=&#8221;0&#8243; rt_padding_right=&#8221;0&#8243;][vc_single_image image=&#8221;10823&#8243; img_size=&#8221;full&#8221; alignment=&#8221;center&#8221;][\/vc_column][vc_column width=&#8221;1\/2&#8243; rt_wrp_col_paddings=&#8221;false&#8221; rt_border_top=&#8221;&#8221; rt_border_bottom=&#8221;&#8221; rt_border_left=&#8221;&#8221; rt_border_right=&#8221;&#8221; rt_border_top_mobile=&#8221;&#8221; rt_border_bottom_mobile=&#8221;&#8221; rt_border_left_mobile=&#8221;&#8221; rt_border_right_mobile=&#8221;&#8221; rt_bg_image_repeat=&#8221;repeat&#8221; rt_bg_size=&#8221;auto auto&#8221; rt_bg_position=&#8221;right top&#8221; rt_bg_attachment=&#8221;scroll&#8221; rt_padding_top=&#8221;0&#8243; rt_padding_bottom=&#8221;0&#8243; rt_padding_left=&#8221;0&#8243; rt_padding_right=&#8221;0&#8243;]<div class=\"rt_heading_wrapper style-4\">\n\t\t\t\t\t\t<h3 class=\"rt_heading  style-4\"  style=\"font-size:42px;\">MODIFIERADE BETONGDEKORATIONER.<\/h3>\n\t\t\t\t\t<\/div>[vc_column_text css=&#8221;.vc_custom_1549398005037{padding-right: 30px !important;padding-left: 30px !important;}&#8221;]sKalisty \u00e4r ett f\u00f6retag som specialiserat sig p\u00e5 tillverkning av <span class=\"highlight style-1\">konstgjorda stenar<\/span> av cementbruk och hartser. Resultatet av v\u00e5rt arbete \u00e4r en trogen reproduktion av naturliga klippformationer, korallrev och tr\u00e4d. Vi insisterar p\u00e5 att alla realiseringar vi g\u00f6r \u00e4r pedagogiska och <span class=\"highlight style-1\">\u00e5terspeglar de bergsstrukturer som finns i naturen<\/span>. Vi har erfarenhet av tusentals kvadratmeter konstgjord sten som vi har arbetat med. N\u00e5gra av v\u00e5ra st\u00f6rsta projekt \u00e4r <span class=\"highlight style-1\">byggandet av klippdekorationer<\/span> f\u00f6r rekreationsomr\u00e5det i Tarn\u00f3w Thermal Baths och Polens st\u00f6rsta arrangemang av konstgjorda stenar i Afrykarium i Wroc\u0142aw Zoo.[\/vc_column_text][\/vc_column][\/vc_row][vc_row rt_row_background_width=&#8221;fullwidth&#8221; rt_row_content_width=&#8221;fullwidth&#8221; rt_row_style=&#8221;default-style&#8221; rt_column_placement=&#8221;middle&#8221; rt_row_borders=&#8221;&#8221; rt_row_paddings=&#8221;false&#8221; rt_bg_effect=&#8221;classic&#8221; rt_bg_image_repeat=&#8221;repeat&#8221; rt_bg_size=&#8221;cover&#8221; rt_bg_position=&#8221;right top&#8221; rt_bg_attachment=&#8221;scroll&#8221; rt_bg_video_format=&#8221;self-hosted&#8221;][vc_column width=&#8221;1\/2&#8243; rt_wrp_col_paddings=&#8221;false&#8221; rt_border_top=&#8221;&#8221; rt_border_bottom=&#8221;&#8221; rt_border_left=&#8221;&#8221; rt_border_right=&#8221;&#8221; rt_border_top_mobile=&#8221;&#8221; rt_border_bottom_mobile=&#8221;&#8221; rt_border_left_mobile=&#8221;&#8221; rt_border_right_mobile=&#8221;&#8221; rt_bg_image_repeat=&#8221;repeat&#8221; rt_bg_size=&#8221;auto auto&#8221; rt_bg_position=&#8221;right top&#8221; rt_bg_attachment=&#8221;scroll&#8221; rt_padding_top=&#8221;0&#8243; rt_padding_bottom=&#8221;0&#8243; rt_padding_left=&#8221;0&#8243; rt_padding_right=&#8221;0&#8243;]<div class=\"rt_heading_wrapper style-4\">\n\t\t\t\t\t\t<h4 class=\"rt_heading  style-4\"  style=\"font-size:42px;\">V\u00c5R ERFARENHET<\/h4>\n\t\t\t\t\t<\/div>[vc_column_text css=&#8221;.vc_custom_1668072204198{padding-right: 30px !important;padding-left: 30px !important;}&#8221;]<strong><br \/>\n<span class=\"highlight style-2\">sKalisty<\/span>\n<\/strong> \u00e4r inte bara f\u00f6rm\u00e5gan att tillverka och installera klippdekorationer, utan ocks\u00e5 den <span class=\"highlight style-1\">n\u00f6dv\u00e4ndiga kunskapen om<\/span> hur man v\u00e4ljer r\u00e4tt material f\u00f6r den milj\u00f6 d\u00e4r klippdekorationerna ska placeras. <span class=\"highlight style-1\">Vi l\u00e4gger s\u00e4rskild vikt vid att se till att resultatet av v\u00e5rt arbete \u00e4r s\u00e4kert f\u00f6r m\u00e4nniskor och djur<\/span>.[\/vc_column_text][\/vc_column][vc_column width=&#8221;1\/2&#8243; rt_wrp_col_paddings=&#8221;false&#8221; rt_border_top=&#8221;&#8221; rt_border_bottom=&#8221;&#8221; rt_border_left=&#8221;&#8221; rt_border_right=&#8221;&#8221; rt_border_top_mobile=&#8221;&#8221; rt_border_bottom_mobile=&#8221;&#8221; rt_border_left_mobile=&#8221;&#8221; rt_border_right_mobile=&#8221;&#8221; rt_bg_image_repeat=&#8221;repeat&#8221; rt_bg_size=&#8221;auto auto&#8221; rt_bg_position=&#8221;right top&#8221; rt_bg_attachment=&#8221;scroll&#8221; rt_padding_top=&#8221;0&#8243; rt_padding_bottom=&#8221;0&#8243; rt_padding_left=&#8221;0&#8243; rt_padding_right=&#8221;0&#8243;][vc_single_image image=&#8221;10806&#8243; img_size=&#8221;full&#8221; alignment=&#8221;center&#8221;][\/vc_column][\/vc_row]<\/p>\n","protected":false},"excerpt":{"rendered":"<p>[vc_row rt_row_background_width=&#8221;fullwidth&#8221; rt_row_content_width=&#8221;fullwidth&#8221; rt_row_style=&#8221;default-style&#8221; rt_column_placement=&#8221;middle&#8221; rt_row_borders=&#8221;&#8221; rt_row_paddings=&#8221;false&#8221; rt_bg_effect=&#8221;classic&#8221; rt_bg_image_repeat=&#8221;repeat&#8221; rt_bg_size=&#8221;cover&#8221; rt_bg_position=&#8221;right top&#8221; rt_bg_attachment=&#8221;scroll&#8221; rt_bg_video_format=&#8221;self-hosted&#8221;][vc_column width=&#8221;1\/2&#8243; rt_wrp_col_paddings=&#8221;false&#8221; rt_border_top=&#8221;&#8221; rt_border_bottom=&#8221;&#8221; rt_border_left=&#8221;&#8221; rt_border_right=&#8221;&#8221; rt_border_top_mobile=&#8221;&#8221; rt_border_bottom_mobile=&#8221;&#8221; rt_border_left_mobile=&#8221;&#8221; rt_border_right_mobile=&#8221;&#8221; rt_bg_image_repeat=&#8221;repeat&#8221; rt_bg_size=&#8221;auto auto&#8221; rt_bg_position=&#8221;right top&#8221; rt_bg_attachment=&#8221;scroll&#8221; rt_padding_top=&#8221;0&#8243; rt_padding_bottom=&#8221;0&#8243; rt_padding_left=&#8221;0&#8243; rt_padding_right=&#8221;0&#8243;][vc_single_image image=&#8221;10821&#8243; img_size=&#8221;full&#8221; alignment=&#8221;center&#8221;][\/vc_column][vc_column width=&#8221;1\/2&#8243; rt_wrp_col_paddings=&#8221;false&#8221; rt_border_top=&#8221;&#8221; rt_border_bottom=&#8221;&#8221; rt_border_left=&#8221;&#8221; rt_border_right=&#8221;&#8221; rt_border_top_mobile=&#8221;&#8221; rt_border_bottom_mobile=&#8221;&#8221; rt_border_left_mobile=&#8221;&#8221; rt_border_right_mobile=&#8221;&#8221; rt_bg_image_repeat=&#8221;repeat&#8221; rt_bg_size=&#8221;auto auto&#8221; rt_bg_position=&#8221;right top&#8221; rt_bg_attachment=&#8221;scroll&#8221; rt_padding_top=&#8221;0&#8243; rt_padding_bottom=&#8221;0&#8243; [&hellip;]<\/p>\n","protected":false},"author":1,"featured_media":0,"parent":0,"menu_order":0,"comment_status":"closed","ping_status":"closed","template":"","meta":{"_exactmetrics_skip_tracking":false,"_exactmetrics_sitenote_active":false,"_exactmetrics_sitenote_note":"","_exactmetrics_sitenote_category":0,"footnotes":""},"class_list":["post-11877","page","type-page","status-publish","hentry"],"yoast_head":"<!-- This site is optimized with the Yoast SEO plugin v27.1.1 - https:\/\/yoast.com\/product\/yoast-seo-wordpress\/ -->\n<title>Om Oss | sKalisty<\/title>\n<meta name=\"description\" content=\"Vi \u00e4r en etablerad och erfaren tillverkare av betongdekorationer. Vi \u00e5tar oss komplexa och ovanliga tematiseringsprojekt.\" \/>\n<meta name=\"robots\" content=\"index, follow, max-snippet:-1, max-image-preview:large, max-video-preview:-1\" \/>\n<link rel=\"canonical\" href=\"https:\/\/skalisty.pl\/sv\/om-oss\/\" \/>\n<meta property=\"og:locale\" content=\"sv_SE\" \/>\n<meta property=\"og:type\" content=\"article\" \/>\n<meta property=\"og:title\" content=\"Om Oss | sKalisty\" \/>\n<meta property=\"og:description\" content=\"Vi \u00e4r en etablerad och erfaren tillverkare av betongdekorationer. Vi \u00e5tar oss komplexa och ovanliga tematiseringsprojekt.\" \/>\n<meta property=\"og:url\" content=\"https:\/\/skalisty.pl\/sv\/om-oss\/\" \/>\n<meta property=\"og:site_name\" content=\"sKalisty - Konstgjorda Stenar\" \/>\n<meta property=\"article:publisher\" content=\"https:\/\/www.facebook.com\/skalistyPL\/\" \/>\n<meta property=\"article:modified_time\" content=\"2022-11-12T10:41:53+00:00\" \/>\n<meta name=\"twitter:card\" content=\"summary_large_image\" \/>\n<meta name=\"twitter:site\" content=\"@sztuczne_skaly\" \/>\n<meta name=\"twitter:label1\" content=\"Ber\u00e4knad l\u00e4stid\" \/>\n\t<meta name=\"twitter:data1\" content=\"5 minuter\" \/>\n<script type=\"application\/ld+json\" class=\"yoast-schema-graph\">{\"@context\":\"https:\/\/schema.org\",\"@graph\":[{\"@type\":\"WebPage\",\"@id\":\"https:\/\/skalisty.pl\/sv\/om-oss\/\",\"url\":\"https:\/\/skalisty.pl\/sv\/om-oss\/\",\"name\":\"Om Oss | sKalisty\",\"isPartOf\":{\"@id\":\"https:\/\/skalisty.pl\/sv\/#website\"},\"datePublished\":\"2022-11-10T09:19:18+00:00\",\"dateModified\":\"2022-11-12T10:41:53+00:00\",\"description\":\"Vi \u00e4r en etablerad och erfaren tillverkare av betongdekorationer. Vi \u00e5tar oss komplexa och ovanliga tematiseringsprojekt.\",\"breadcrumb\":{\"@id\":\"https:\/\/skalisty.pl\/sv\/om-oss\/#breadcrumb\"},\"inLanguage\":\"sv-SE\",\"potentialAction\":[{\"@type\":\"ReadAction\",\"target\":[\"https:\/\/skalisty.pl\/sv\/om-oss\/\"]}]},{\"@type\":\"BreadcrumbList\",\"@id\":\"https:\/\/skalisty.pl\/sv\/om-oss\/#breadcrumb\",\"itemListElement\":[{\"@type\":\"ListItem\",\"position\":1,\"name\":\"Startsida\",\"item\":\"https:\/\/skalisty.pl\/sv\/\"},{\"@type\":\"ListItem\",\"position\":2,\"name\":\"Om Oss\"}]},{\"@type\":\"WebSite\",\"@id\":\"https:\/\/skalisty.pl\/sv\/#website\",\"url\":\"https:\/\/skalisty.pl\/sv\/\",\"name\":\"sKalisty - Konstgjorda Stenar\",\"description\":\"\",\"publisher\":{\"@id\":\"https:\/\/skalisty.pl\/sv\/#organization\"},\"potentialAction\":[{\"@type\":\"SearchAction\",\"target\":{\"@type\":\"EntryPoint\",\"urlTemplate\":\"https:\/\/skalisty.pl\/sv\/?s={search_term_string}\"},\"query-input\":{\"@type\":\"PropertyValueSpecification\",\"valueRequired\":true,\"valueName\":\"search_term_string\"}}],\"inLanguage\":\"sv-SE\"},{\"@type\":\"Organization\",\"@id\":\"https:\/\/skalisty.pl\/sv\/#organization\",\"name\":\"sKalisty - Konstgjorda Stenar\",\"url\":\"https:\/\/skalisty.pl\/sv\/\",\"logo\":{\"@type\":\"ImageObject\",\"inLanguage\":\"sv-SE\",\"@id\":\"https:\/\/skalisty.pl\/sv\/#\/schema\/logo\/image\/\",\"url\":\"https:\/\/static.skalisty.pl\/uploads\/2020\/01\/skalisty-schema-logo-2020.png\",\"contentUrl\":\"https:\/\/static.skalisty.pl\/uploads\/2020\/01\/skalisty-schema-logo-2020.png\",\"width\":1090,\"height\":238,\"caption\":\"sKalisty - Konstgjorda Stenar\"},\"image\":{\"@id\":\"https:\/\/skalisty.pl\/sv\/#\/schema\/logo\/image\/\"},\"sameAs\":[\"https:\/\/www.facebook.com\/skalistyPL\/\",\"https:\/\/x.com\/sztuczne_skaly\",\"https:\/\/www.youtube.com\/channel\/UCkvotuS2nyEefXsMM5zd3Mw\"]}]}<\/script>\n<!-- \/ Yoast SEO plugin. -->","yoast_head_json":{"title":"Om Oss | sKalisty","description":"Vi \u00e4r en etablerad och erfaren tillverkare av betongdekorationer. Vi \u00e5tar oss komplexa och ovanliga tematiseringsprojekt.","robots":{"index":"index","follow":"follow","max-snippet":"max-snippet:-1","max-image-preview":"max-image-preview:large","max-video-preview":"max-video-preview:-1"},"canonical":"https:\/\/skalisty.pl\/sv\/om-oss\/","og_locale":"sv_SE","og_type":"article","og_title":"Om Oss | sKalisty","og_description":"Vi \u00e4r en etablerad och erfaren tillverkare av betongdekorationer. Vi \u00e5tar oss komplexa och ovanliga tematiseringsprojekt.","og_url":"https:\/\/skalisty.pl\/sv\/om-oss\/","og_site_name":"sKalisty - Konstgjorda Stenar","article_publisher":"https:\/\/www.facebook.com\/skalistyPL\/","article_modified_time":"2022-11-12T10:41:53+00:00","twitter_card":"summary_large_image","twitter_site":"@sztuczne_skaly","twitter_misc":{"Ber\u00e4knad l\u00e4stid":"5 minuter"},"schema":{"@context":"https:\/\/schema.org","@graph":[{"@type":"WebPage","@id":"https:\/\/skalisty.pl\/sv\/om-oss\/","url":"https:\/\/skalisty.pl\/sv\/om-oss\/","name":"Om Oss | sKalisty","isPartOf":{"@id":"https:\/\/skalisty.pl\/sv\/#website"},"datePublished":"2022-11-10T09:19:18+00:00","dateModified":"2022-11-12T10:41:53+00:00","description":"Vi \u00e4r en etablerad och erfaren tillverkare av betongdekorationer. Vi \u00e5tar oss komplexa och ovanliga tematiseringsprojekt.","breadcrumb":{"@id":"https:\/\/skalisty.pl\/sv\/om-oss\/#breadcrumb"},"inLanguage":"sv-SE","potentialAction":[{"@type":"ReadAction","target":["https:\/\/skalisty.pl\/sv\/om-oss\/"]}]},{"@type":"BreadcrumbList","@id":"https:\/\/skalisty.pl\/sv\/om-oss\/#breadcrumb","itemListElement":[{"@type":"ListItem","position":1,"name":"Startsida","item":"https:\/\/skalisty.pl\/sv\/"},{"@type":"ListItem","position":2,"name":"Om Oss"}]},{"@type":"WebSite","@id":"https:\/\/skalisty.pl\/sv\/#website","url":"https:\/\/skalisty.pl\/sv\/","name":"sKalisty - Konstgjorda Stenar","description":"","publisher":{"@id":"https:\/\/skalisty.pl\/sv\/#organization"},"potentialAction":[{"@type":"SearchAction","target":{"@type":"EntryPoint","urlTemplate":"https:\/\/skalisty.pl\/sv\/?s={search_term_string}"},"query-input":{"@type":"PropertyValueSpecification","valueRequired":true,"valueName":"search_term_string"}}],"inLanguage":"sv-SE"},{"@type":"Organization","@id":"https:\/\/skalisty.pl\/sv\/#organization","name":"sKalisty - Konstgjorda Stenar","url":"https:\/\/skalisty.pl\/sv\/","logo":{"@type":"ImageObject","inLanguage":"sv-SE","@id":"https:\/\/skalisty.pl\/sv\/#\/schema\/logo\/image\/","url":"https:\/\/static.skalisty.pl\/uploads\/2020\/01\/skalisty-schema-logo-2020.png","contentUrl":"https:\/\/static.skalisty.pl\/uploads\/2020\/01\/skalisty-schema-logo-2020.png","width":1090,"height":238,"caption":"sKalisty - Konstgjorda Stenar"},"image":{"@id":"https:\/\/skalisty.pl\/sv\/#\/schema\/logo\/image\/"},"sameAs":["https:\/\/www.facebook.com\/skalistyPL\/","https:\/\/x.com\/sztuczne_skaly","https:\/\/www.youtube.com\/channel\/UCkvotuS2nyEefXsMM5zd3Mw"]}]}},"_links":{"self":[{"href":"https:\/\/skalisty.pl\/sv\/wp-json\/wp\/v2\/pages\/11877","targetHints":{"allow":["GET"]}}],"collection":[{"href":"https:\/\/skalisty.pl\/sv\/wp-json\/wp\/v2\/pages"}],"about":[{"href":"https:\/\/skalisty.pl\/sv\/wp-json\/wp\/v2\/types\/page"}],"author":[{"embeddable":true,"href":"https:\/\/skalisty.pl\/sv\/wp-json\/wp\/v2\/users\/1"}],"replies":[{"embeddable":true,"href":"https:\/\/skalisty.pl\/sv\/wp-json\/wp\/v2\/comments?post=11877"}],"version-history":[{"count":6,"href":"https:\/\/skalisty.pl\/sv\/wp-json\/wp\/v2\/pages\/11877\/revisions"}],"predecessor-version":[{"id":11884,"href":"https:\/\/skalisty.pl\/sv\/wp-json\/wp\/v2\/pages\/11877\/revisions\/11884"}],"wp:attachment":[{"href":"https:\/\/skalisty.pl\/sv\/wp-json\/wp\/v2\/media?parent=11877"}],"curies":[{"name":"wp","href":"https:\/\/api.w.org\/{rel}","templated":true}]}}