{"id":13238,"date":"2022-11-14T19:59:07","date_gmt":"2022-11-14T18:59:07","guid":{"rendered":"https:\/\/skalisty.pl\/hva-gjor-samarbeid-med-oss-til-det-beste-valget\/"},"modified":"2022-11-14T20:04:07","modified_gmt":"2022-11-14T19:04:07","slug":"hva-gjor-samarbeid-med-oss-til-det-beste-valget","status":"publish","type":"page","link":"https:\/\/skalisty.pl\/no\/det-er-verdt-a-velge-oss\/","title":{"rendered":"Hva gj\u00f8r samarbeid med oss til det beste valget?"},"content":{"rendered":"<p>[vc_row rt_row_background_width=&raquo;fullwidth&raquo; rt_row_content_width=&raquo;default&raquo; rt_row_style=&raquo;default-style&raquo; rt_row_borders=&raquo;&raquo; rt_row_paddings=&raquo;true&raquo; rt_bg_image=&raquo;4765&#8243; rt_bg_effect=&raquo;classic&raquo; rt_bg_image_repeat=&raquo;no-repeat&raquo; rt_bg_size=&raquo;100% auto&raquo; rt_bg_position=&raquo;right center&raquo; rt_bg_attachment=&raquo;scroll&raquo; rt_bg_video_format=&raquo;self-hosted&raquo;][vc_column width=&raquo;3\/5&#8243; rt_wrp_col_paddings=&raquo;false&raquo; rt_border_top=&raquo;&raquo; rt_border_bottom=&raquo;&raquo; rt_border_left=&raquo;&raquo; rt_border_right=&raquo;&raquo; rt_border_top_mobile=&raquo;&raquo; rt_border_bottom_mobile=&raquo;&raquo; rt_border_left_mobile=&raquo;&raquo; rt_border_right_mobile=&raquo;&raquo; rt_bg_image_repeat=&raquo;repeat&raquo; rt_bg_size=&raquo;auto auto&raquo; rt_bg_position=&raquo;right top&raquo; rt_bg_attachment=&raquo;scroll&raquo;]<div class=\"rt_heading_wrapper style-5\">\n\t\t\t\t\t\t<h2 class=\"rt_heading  style-5\" >Hvorfor velge oss?<\/h2>\n\t\t\t\t\t<\/div>[vc_column_text]<\/p>\n<span class=\"highlight style-1\">Vi har jobbet i bransjen i mange \u00e5r. I l\u00f8pet av denne tiden har vi samlet et bredt spekter av erfaring fra mange ulike designomr\u00e5der.<\/span> Vi har kvalifiserte team med en mangfoldig spesialiseringsprofil, som skulpt\u00f8rer og malere, spesialister innen st\u00e5lkonstruksjoner eller erfarne betongspr\u00f8yteteam. Hvert team av ansatte er oppl\u00e6rt og h\u00f8yt kvalifisert for \u00e5 sikre det h\u00f8yeste ytelsesniv\u00e5et og sikre de beste standardene.<\/p>\n<p>Vi er stolte av \u00e5 v\u00e6re et av de mest erfarne selskapene som er involvert i konstruksjon og design av storformatdekorasjoner. Vi tilbyr det beste serviceniv\u00e5et, og garanterer en unik effekt og investortilfredshet. Her er argumentene for \u00e5 velge v\u00e5rt selskap:<\/p>\n<p>[\/vc_column_text]<article  class=\"icon-content-box content-box icon-left icon-style-2\"><div class=\"icon-holder\"><span class=\"icon-right-open\"><\/span><\/div><div class=\"text-holder\"><h5 class=\"heading\">Vi spesialiserer oss p\u00e5 ikke-standard og storformatprosjekter.<\/h5> <p>Vi er ikke et annet selskap som bygger kunstige bergarter som finnes p\u00e5 markedet. Vi er stolte av \u00e5 ta p\u00e5 oss de st\u00f8rste prosjektene og de mest komplekse. Vi fokuserer p\u00e5 \u00e5 levere et raffinert produkt i de minste detaljene. Takket v\u00e6re denne tiln\u00e6rmingen tilbyr vi unike prosjekter. V\u00e5re kunstige bergarter, kunstige tr\u00e6r eller arkitektoniske reproduksjoner av bygninger fra en hvilken som helst tidsalder gir inntrykk av at du har \u00e5 gj\u00f8re med ekte gjenstander. Vi gir unike opplevelser og gjenskaper milj\u00f8er med museografisk n\u00f8yaktighet.<\/p>\n<\/div><\/article><article  class=\"icon-content-box content-box icon-left icon-style-2\"><div class=\"icon-holder\"><span class=\"icon-right-open\"><\/span><\/div><div class=\"text-holder\"><h5 class=\"heading\">Vi jobber med spesialisert utstyr, som ble valgt p\u00e5 grunnlag av mange \u00e5rs erfaring.<\/h5> <p>For \u00e5 kunne jobbe med de st\u00f8rste prosjektene m\u00e5 du kunne bearbeide store mengder betong og st\u00e5l p\u00e5 rimelig tid. Vi er klar over at \u00e5 utf\u00f8re grunnleggende arbeid manuelt, uten bruk av tungt utstyr, eliminerer entrepren\u00f8ren fra de st\u00f8rste prosjektene. N\u00e5r vi utf\u00f8rer v\u00e5re arbeider, er vi i stand til \u00e5 pumpe store mengder m\u00f8rtel og betong direkte fra p\u00e6re- eller betongblanderne. Takket v\u00e6re spr\u00f8ytebetongteknikken &#8211; dvs. betongspr\u00f8yting, gjennomf\u00f8rer vi v\u00e5re prosjekter i et enest\u00e5ende tempo. Viktigere er at vi har eget utstyr, som st\u00e5r til v\u00e5r disposisjon gjennom hele konstruksjonen.<\/p>\n<\/div><\/article><article  class=\"icon-content-box content-box icon-left icon-style-2\"><div class=\"icon-holder\"><span class=\"icon-right-open\"><\/span><\/div><div class=\"text-holder\"><h5 class=\"heading\">Vi bruker kun de beste materialene.<\/h5> <p>Vi har lang erfaring i byggebransjen innen mange tilsynelatende ikke-relaterte omr\u00e5der, som vanntetting, kunnskap om betong- og betongspr\u00f8yting, sveising av st\u00e5lkonstruksjoner laget av ulike st\u00e5llegeringer avhengig av funksjonene som skal utf\u00f8res av dekorasjoner: fossefall, kunstige grotter og huler , kunstige bergarter under vann og korallrev, kunstige tr\u00e6r, skulpturer og arkitektoniske rekonstruksjoner. Takket v\u00e6re dette kan vi v\u00e6re sikre p\u00e5 at vi ikke f\u00e5r uforutsette overraskelser under bygging og bruk av dekorasjonen. Vi er sikre p\u00e5 at vi kan tilby materialer som oppfyller de h\u00f8yeste standarder.<\/p>\n<\/div><\/article><article  class=\"icon-content-box content-box icon-left icon-style-2\"><div class=\"icon-holder\"><span class=\"icon-right-open\"><\/span><\/div><div class=\"text-holder\"><h5 class=\"heading\">Vi er det eneste selskapet i Polen som tilbyr prosjektveiledningstjenester.<\/h5> <p>Vi sikrer full integritet av dekorasjonen. Og takket v\u00e6re kunnskapen samlet gjennom \u00e5rene, er vi i stand til \u00e5 sikre at det ut\u00f8vende designet bygges p\u00e5 en m\u00e5te som trofast reflekterer designforutsetningene. Vi har unik erfaring med valg av teknologier, materialer, valg av ansatte og underleverand\u00f8rer, vi leverer referansemateriale som fotografisk dokumentasjon, materialpr\u00f8ver og vi utf\u00f8rer 3D-modellering, CAD-design og visualiseringer.<\/p>\n<\/div><\/article>[\/vc_column][vc_column width=&raquo;2\/5&#8243; rt_wrp_col_paddings=&raquo;false&raquo; rt_border_top=&raquo;&raquo; rt_border_bottom=&raquo;&raquo; rt_border_left=&raquo;&raquo; rt_border_right=&raquo;&raquo; rt_border_top_mobile=&raquo;&raquo; rt_border_bottom_mobile=&raquo;&raquo; rt_border_left_mobile=&raquo;&raquo; rt_border_right_mobile=&raquo;&raquo; rt_bg_image_repeat=&raquo;repeat&raquo; rt_bg_size=&raquo;auto auto&raquo; rt_bg_position=&raquo;right top&raquo; rt_bg_attachment=&raquo;scroll&raquo;][vc_single_image image=&raquo;12607&#8243; img_size=&raquo;full&raquo; style=&raquo;vc_box_shadow_3d&raquo; css_animation=&raquo;none&raquo;][\/vc_column][\/vc_row][vc_row rt_row_background_width=&raquo;fullwidth&raquo; rt_row_content_width=&raquo;fullwidth&raquo; rt_row_style=&raquo;alt-style-2&#8243; rt_row_borders=&raquo;&raquo; rt_row_paddings=&raquo;true&raquo; rt_bg_effect=&raquo;classic&raquo; rt_bg_image_repeat=&raquo;repeat&raquo; rt_bg_size=&raquo;cover&raquo; rt_bg_position=&raquo;right top&raquo; rt_bg_attachment=&raquo;scroll&raquo; rt_bg_video_format=&raquo;self-hosted&raquo;][vc_column rt_wrp_col_paddings=&raquo;false&raquo; rt_border_top=&raquo;&raquo; rt_border_bottom=&raquo;&raquo; rt_border_left=&raquo;&raquo; rt_border_right=&raquo;&raquo; rt_border_top_mobile=&raquo;&raquo; rt_border_bottom_mobile=&raquo;&raquo; rt_border_left_mobile=&raquo;&raquo; rt_border_right_mobile=&raquo;&raquo; rt_bg_image_repeat=&raquo;repeat&raquo; rt_bg_size=&raquo;auto auto&raquo; rt_bg_position=&raquo;right top&raquo; rt_bg_attachment=&raquo;scroll&raquo;][vc_separator css_animation=&raquo;fadeInLeft&raquo; style=&raquo;style-1&#8243;][\/vc_column][\/vc_row][vc_row rt_row_background_width=&raquo;fullwidth&raquo; rt_row_content_width=&raquo;default&raquo; rt_row_style=&raquo;default-style&raquo; rt_row_borders=&raquo;&raquo; rt_row_paddings=&raquo;true&raquo; rt_bg_image=&raquo;4856&#8243; rt_bg_effect=&raquo;classic&raquo; rt_bg_image_repeat=&raquo;no-repeat&raquo; rt_bg_size=&raquo;100% auto&raquo; rt_bg_position=&raquo;left center&raquo; rt_bg_attachment=&raquo;scroll&raquo; rt_bg_video_format=&raquo;self-hosted&raquo;][vc_column width=&raquo;2\/5&#8243; rt_wrp_col_paddings=&raquo;false&raquo; rt_border_top=&raquo;&raquo; rt_border_bottom=&raquo;&raquo; rt_border_left=&raquo;&raquo; rt_border_right=&raquo;&raquo; rt_border_top_mobile=&raquo;&raquo; rt_border_bottom_mobile=&raquo;&raquo; rt_border_left_mobile=&raquo;&raquo; rt_border_right_mobile=&raquo;&raquo; rt_bg_image_repeat=&raquo;repeat&raquo; rt_bg_size=&raquo;auto auto&raquo; rt_bg_position=&raquo;right top&raquo; rt_bg_attachment=&raquo;scroll&raquo;][vc_single_image image=&raquo;12604&#8243; img_size=&raquo;full&raquo; style=&raquo;vc_box_shadow_3d&raquo; css_animation=&raquo;none&raquo;][\/vc_column][vc_column width=&raquo;3\/5&#8243; rt_wrp_col_paddings=&raquo;false&raquo; rt_border_top=&raquo;&raquo; rt_border_bottom=&raquo;&raquo; rt_border_left=&raquo;&raquo; rt_border_right=&raquo;&raquo; rt_border_top_mobile=&raquo;&raquo; rt_border_bottom_mobile=&raquo;&raquo; rt_border_left_mobile=&raquo;&raquo; rt_border_right_mobile=&raquo;&raquo; rt_bg_image_repeat=&raquo;repeat&raquo; rt_bg_size=&raquo;auto auto&raquo; rt_bg_position=&raquo;right top&raquo; rt_bg_attachment=&raquo;scroll&raquo;]<div class=\"rt_heading_wrapper style-5\">\n\t\t\t\t\t\t<h2 class=\"rt_heading  style-5\" >Vi h\u00e5ndterer ditt prosjekt fra start til slutt.<\/h2>\n\t\t\t\t\t<\/div>[vc_column_text]<\/p>\n<span class=\"highlight style-1\">For \u00e5 fullf\u00f8re ethvert prosjekt m\u00e5 alt v\u00e6re godt organisert med \u00e5pne kommunikasjonskanaler mellom investor, v\u00e5rt selskap, ansatte og kunstnere.<\/span> Mange entrepren\u00f8rer forlater teamene sine for \u00e5 gjennomf\u00f8re prosjektet p\u00e5 egenh\u00e5nd. Noe som betyr at investor ser entrepren\u00f8rens representant kun under kontraktsforhandlingen og ved avslutningen. Hvert prosjekt utf\u00f8rt av v\u00e5rt selskap utf\u00f8res eksklusivt, og i l\u00f8pet av det kj\u00f8rer vi ikke andre prosjekter parallelt. Takket v\u00e6re dette kan vi fokusere 100 % p\u00e5 oppgaven, kontinuerlig overv\u00e5ke fremdriften i arbeidet, v\u00e6re i konstant kontakt med investoren eller totalentrepren\u00f8ren. Denne tiln\u00e6rmingen gir mulighet for konstant konsultasjon med investoren f\u00f8r du tar viktige beslutninger og sikrer det h\u00f8yeste niv\u00e5et av tjenester.<\/p>\n<p>[\/vc_column_text]<article  class=\"icon-content-box content-box icon-left icon-style-2\"><div class=\"icon-holder\"><span class=\"icon-right-open\"><\/span><\/div><div class=\"text-holder\"><h5 class=\"heading\">Vi sikrer vitenskapelig og museografisk kvalitet p\u00e5 utf\u00f8relse.<\/h5> <p>Det er prosjekter som krever involvering av spesialister p\u00e5 sine felt. Vi har erfaring med \u00e5 etablere samarbeid med vitenskapelige enheter, som Institute of Geographical Sciences ved University of Wroc\u0142aw, for \u00e5 konsultere de geologiske detaljene i prosjektene v\u00e5re. Prosjekter som krever denne tiln\u00e6rmingen er ekstremt komplekse og kan ikke utf\u00f8res av ufagl\u00e6rt personell, noe andre kunstig steinbedrifter ikke vil tilby.<\/p>\n<\/div><\/article><article  class=\"icon-content-box content-box icon-left icon-style-2\"><div class=\"icon-holder\"><span class=\"icon-right-open\"><\/span><\/div><div class=\"text-holder\"><h5 class=\"heading\">Vi jobber kun med erfarne artister med en rik portef\u00f8lje.<\/h5> <p>Vi garanterer den beste foredlingen av detaljen, enten det er en detaljert skulptur av kunstige bergarter, et relieff eller et arkitektonisk element. Vi passer p\u00e5 at vi ikke utf\u00f8rer arbeid ved hjelp av ukvalifiserte medarbeidere.<\/p>\n<\/div><\/article><article  class=\"icon-content-box content-box icon-left icon-style-2\"><div class=\"icon-holder\"><span class=\"icon-right-open\"><\/span><\/div><div class=\"text-holder\"><h5 class=\"heading\">Vi s\u00f8rger for egen logistikk for levering av byggematerialer.<\/h5> <p>Vi organiserer midlertidige lager p\u00e5 byggeplassen og ved behov bygger vi egne verksteder for \u00e5 lage prefabrikkerte elementer p\u00e5 stedet, uavhengig av \u00e5rstid.<\/p>\n<\/div><\/article><article  class=\"icon-content-box content-box icon-left icon-style-2\"><div class=\"icon-holder\"><span class=\"icon-right-open\"><\/span><\/div><div class=\"text-holder\"><h5 class=\"heading\">Vi gir v\u00e5re kunder individuelle l\u00f8sninger.<\/h5> <p>Hvert prosjekt er forskjellig, noe som betyr at vi ikke forteller investoren hva han trenger \u2013 vi lytter til hva han vil. Vi er klar over at vi gjennomf\u00f8rer ikke-standardiserte prosjekter. Derfor er v\u00e5rt arbeid basert p\u00e5 samarbeid med investoren for \u00e5 gi akkurat det han \u00f8nsker. Uavhengig av oppgavens kompleksitet, er vi fast bestemt p\u00e5 \u00e5 fullf\u00f8re prosjektet p\u00e5 100 %.<\/p>\n<\/div><\/article>[\/vc_column][\/vc_row]<\/p>\n","protected":false},"excerpt":{"rendered":"<p>[vc_row rt_row_background_width=&raquo;fullwidth&raquo; rt_row_content_width=&raquo;default&raquo; rt_row_style=&raquo;default-style&raquo; rt_row_borders=&raquo;&raquo; rt_row_paddings=&raquo;true&raquo; rt_bg_image=&raquo;4765&#8243; rt_bg_effect=&raquo;classic&raquo; rt_bg_image_repeat=&raquo;no-repeat&raquo; rt_bg_size=&raquo;100% auto&raquo; rt_bg_position=&raquo;right center&raquo; rt_bg_attachment=&raquo;scroll&raquo; rt_bg_video_format=&raquo;self-hosted&raquo;][vc_column width=&raquo;3\/5&#8243; rt_wrp_col_paddings=&raquo;false&raquo; rt_border_top=&raquo;&raquo; rt_border_bottom=&raquo;&raquo; rt_border_left=&raquo;&raquo; rt_border_right=&raquo;&raquo; rt_border_top_mobile=&raquo;&raquo; rt_border_bottom_mobile=&raquo;&raquo; rt_border_left_mobile=&raquo;&raquo; rt_border_right_mobile=&raquo;&raquo; rt_bg_image_repeat=&raquo;repeat&raquo; rt_bg_size=&raquo;auto auto&raquo; rt_bg_position=&raquo;right top&raquo; rt_bg_attachment=&raquo;scroll&raquo;][vc_column_text] Vi har kvalifiserte team med en mangfoldig spesialiseringsprofil, som skulpt\u00f8rer og malere, spesialister innen st\u00e5lkonstruksjoner eller erfarne betongspr\u00f8yteteam. Hvert team av ansatte er oppl\u00e6rt [&hellip;]<\/p>\n","protected":false},"author":1,"featured_media":0,"parent":0,"menu_order":0,"comment_status":"closed","ping_status":"closed","template":"","meta":{"_exactmetrics_skip_tracking":false,"_exactmetrics_sitenote_active":false,"_exactmetrics_sitenote_note":"","_exactmetrics_sitenote_category":0,"footnotes":""},"class_list":["post-13238","page","type-page","status-publish","hentry"],"yoast_head":"<!-- This site is optimized with the Yoast SEO plugin v27.1.1 - https:\/\/yoast.com\/product\/yoast-seo-wordpress\/ -->\n<title>V\u00e5r erfaring i storformatdekorasjonsbransjen | sKalisty<\/title>\n<meta name=\"description\" content=\"Hva gj\u00f8r samarbeid med oss til det beste valget? Hvordan vi samarbeider med bestiller ved bygging av kunstige bergarter og storformatdekorasjoner.\" \/>\n<meta name=\"robots\" content=\"index, follow, max-snippet:-1, max-image-preview:large, max-video-preview:-1\" \/>\n<link rel=\"canonical\" href=\"https:\/\/skalisty.pl\/no\/det-er-verdt-a-velge-oss\/\" \/>\n<meta property=\"og:locale\" content=\"nb_NO\" \/>\n<meta property=\"og:type\" content=\"article\" \/>\n<meta property=\"og:title\" content=\"V\u00e5r erfaring i storformatdekorasjonsbransjen | sKalisty\" \/>\n<meta property=\"og:description\" content=\"Hva gj\u00f8r samarbeid med oss til det beste valget? Hvordan vi samarbeider med bestiller ved bygging av kunstige bergarter og storformatdekorasjoner.\" \/>\n<meta property=\"og:url\" content=\"https:\/\/skalisty.pl\/no\/det-er-verdt-a-velge-oss\/\" \/>\n<meta property=\"og:site_name\" content=\"sKalisty - kunstige bergarter\" \/>\n<meta property=\"article:publisher\" content=\"https:\/\/www.facebook.com\/skalistyPL\/\" \/>\n<meta property=\"article:modified_time\" content=\"2022-11-14T19:04:07+00:00\" \/>\n<meta name=\"twitter:card\" content=\"summary_large_image\" \/>\n<meta name=\"twitter:site\" content=\"@sztuczne_skaly\" \/>\n<meta name=\"twitter:label1\" content=\"Ansl. lesetid\" \/>\n\t<meta name=\"twitter:data1\" content=\"6 minutter\" \/>\n<script type=\"application\/ld+json\" class=\"yoast-schema-graph\">{\"@context\":\"https:\/\/schema.org\",\"@graph\":[{\"@type\":\"WebPage\",\"@id\":\"https:\/\/skalisty.pl\/no\/det-er-verdt-a-velge-oss\/\",\"url\":\"https:\/\/skalisty.pl\/no\/det-er-verdt-a-velge-oss\/\",\"name\":\"V\u00e5r erfaring i storformatdekorasjonsbransjen | sKalisty\",\"isPartOf\":{\"@id\":\"https:\/\/skalisty.pl\/no\/#website\"},\"datePublished\":\"2022-11-14T18:59:07+00:00\",\"dateModified\":\"2022-11-14T19:04:07+00:00\",\"description\":\"Hva gj\u00f8r samarbeid med oss til det beste valget? Hvordan vi samarbeider med bestiller ved bygging av kunstige bergarter og storformatdekorasjoner.\",\"breadcrumb\":{\"@id\":\"https:\/\/skalisty.pl\/no\/det-er-verdt-a-velge-oss\/#breadcrumb\"},\"inLanguage\":\"nb-NO\",\"potentialAction\":[{\"@type\":\"ReadAction\",\"target\":[\"https:\/\/skalisty.pl\/no\/det-er-verdt-a-velge-oss\/\"]}]},{\"@type\":\"BreadcrumbList\",\"@id\":\"https:\/\/skalisty.pl\/no\/det-er-verdt-a-velge-oss\/#breadcrumb\",\"itemListElement\":[{\"@type\":\"ListItem\",\"position\":1,\"name\":\"Startsiden\",\"item\":\"https:\/\/skalisty.pl\/no\/\"},{\"@type\":\"ListItem\",\"position\":2,\"name\":\"Hva gj\u00f8r samarbeid med oss til det beste valget?\"}]},{\"@type\":\"WebSite\",\"@id\":\"https:\/\/skalisty.pl\/no\/#website\",\"url\":\"https:\/\/skalisty.pl\/no\/\",\"name\":\"sKalisty - kunstige bergarter\",\"description\":\"\",\"publisher\":{\"@id\":\"https:\/\/skalisty.pl\/no\/#organization\"},\"potentialAction\":[{\"@type\":\"SearchAction\",\"target\":{\"@type\":\"EntryPoint\",\"urlTemplate\":\"https:\/\/skalisty.pl\/no\/?s={search_term_string}\"},\"query-input\":{\"@type\":\"PropertyValueSpecification\",\"valueRequired\":true,\"valueName\":\"search_term_string\"}}],\"inLanguage\":\"nb-NO\"},{\"@type\":\"Organization\",\"@id\":\"https:\/\/skalisty.pl\/no\/#organization\",\"name\":\"sKalisty - Kunstige Bergarter\",\"url\":\"https:\/\/skalisty.pl\/no\/\",\"logo\":{\"@type\":\"ImageObject\",\"inLanguage\":\"nb-NO\",\"@id\":\"https:\/\/skalisty.pl\/no\/#\/schema\/logo\/image\/\",\"url\":\"https:\/\/static.skalisty.pl\/uploads\/2020\/01\/skalisty-schema-logo-2020.png\",\"contentUrl\":\"https:\/\/static.skalisty.pl\/uploads\/2020\/01\/skalisty-schema-logo-2020.png\",\"width\":1090,\"height\":238,\"caption\":\"sKalisty - Kunstige Bergarter\"},\"image\":{\"@id\":\"https:\/\/skalisty.pl\/no\/#\/schema\/logo\/image\/\"},\"sameAs\":[\"https:\/\/www.facebook.com\/skalistyPL\/\",\"https:\/\/x.com\/sztuczne_skaly\",\"https:\/\/www.youtube.com\/channel\/UCkvotuS2nyEefXsMM5zd3Mw\"]}]}<\/script>\n<!-- \/ Yoast SEO plugin. -->","yoast_head_json":{"title":"V\u00e5r erfaring i storformatdekorasjonsbransjen | sKalisty","description":"Hva gj\u00f8r samarbeid med oss til det beste valget? Hvordan vi samarbeider med bestiller ved bygging av kunstige bergarter og storformatdekorasjoner.","robots":{"index":"index","follow":"follow","max-snippet":"max-snippet:-1","max-image-preview":"max-image-preview:large","max-video-preview":"max-video-preview:-1"},"canonical":"https:\/\/skalisty.pl\/no\/det-er-verdt-a-velge-oss\/","og_locale":"nb_NO","og_type":"article","og_title":"V\u00e5r erfaring i storformatdekorasjonsbransjen | sKalisty","og_description":"Hva gj\u00f8r samarbeid med oss til det beste valget? Hvordan vi samarbeider med bestiller ved bygging av kunstige bergarter og storformatdekorasjoner.","og_url":"https:\/\/skalisty.pl\/no\/det-er-verdt-a-velge-oss\/","og_site_name":"sKalisty - kunstige bergarter","article_publisher":"https:\/\/www.facebook.com\/skalistyPL\/","article_modified_time":"2022-11-14T19:04:07+00:00","twitter_card":"summary_large_image","twitter_site":"@sztuczne_skaly","twitter_misc":{"Ansl. lesetid":"6 minutter"},"schema":{"@context":"https:\/\/schema.org","@graph":[{"@type":"WebPage","@id":"https:\/\/skalisty.pl\/no\/det-er-verdt-a-velge-oss\/","url":"https:\/\/skalisty.pl\/no\/det-er-verdt-a-velge-oss\/","name":"V\u00e5r erfaring i storformatdekorasjonsbransjen | sKalisty","isPartOf":{"@id":"https:\/\/skalisty.pl\/no\/#website"},"datePublished":"2022-11-14T18:59:07+00:00","dateModified":"2022-11-14T19:04:07+00:00","description":"Hva gj\u00f8r samarbeid med oss til det beste valget? Hvordan vi samarbeider med bestiller ved bygging av kunstige bergarter og storformatdekorasjoner.","breadcrumb":{"@id":"https:\/\/skalisty.pl\/no\/det-er-verdt-a-velge-oss\/#breadcrumb"},"inLanguage":"nb-NO","potentialAction":[{"@type":"ReadAction","target":["https:\/\/skalisty.pl\/no\/det-er-verdt-a-velge-oss\/"]}]},{"@type":"BreadcrumbList","@id":"https:\/\/skalisty.pl\/no\/det-er-verdt-a-velge-oss\/#breadcrumb","itemListElement":[{"@type":"ListItem","position":1,"name":"Startsiden","item":"https:\/\/skalisty.pl\/no\/"},{"@type":"ListItem","position":2,"name":"Hva gj\u00f8r samarbeid med oss til det beste valget?"}]},{"@type":"WebSite","@id":"https:\/\/skalisty.pl\/no\/#website","url":"https:\/\/skalisty.pl\/no\/","name":"sKalisty - kunstige bergarter","description":"","publisher":{"@id":"https:\/\/skalisty.pl\/no\/#organization"},"potentialAction":[{"@type":"SearchAction","target":{"@type":"EntryPoint","urlTemplate":"https:\/\/skalisty.pl\/no\/?s={search_term_string}"},"query-input":{"@type":"PropertyValueSpecification","valueRequired":true,"valueName":"search_term_string"}}],"inLanguage":"nb-NO"},{"@type":"Organization","@id":"https:\/\/skalisty.pl\/no\/#organization","name":"sKalisty - Kunstige Bergarter","url":"https:\/\/skalisty.pl\/no\/","logo":{"@type":"ImageObject","inLanguage":"nb-NO","@id":"https:\/\/skalisty.pl\/no\/#\/schema\/logo\/image\/","url":"https:\/\/static.skalisty.pl\/uploads\/2020\/01\/skalisty-schema-logo-2020.png","contentUrl":"https:\/\/static.skalisty.pl\/uploads\/2020\/01\/skalisty-schema-logo-2020.png","width":1090,"height":238,"caption":"sKalisty - Kunstige Bergarter"},"image":{"@id":"https:\/\/skalisty.pl\/no\/#\/schema\/logo\/image\/"},"sameAs":["https:\/\/www.facebook.com\/skalistyPL\/","https:\/\/x.com\/sztuczne_skaly","https:\/\/www.youtube.com\/channel\/UCkvotuS2nyEefXsMM5zd3Mw"]}]}},"_links":{"self":[{"href":"https:\/\/skalisty.pl\/no\/wp-json\/wp\/v2\/pages\/13238","targetHints":{"allow":["GET"]}}],"collection":[{"href":"https:\/\/skalisty.pl\/no\/wp-json\/wp\/v2\/pages"}],"about":[{"href":"https:\/\/skalisty.pl\/no\/wp-json\/wp\/v2\/types\/page"}],"author":[{"embeddable":true,"href":"https:\/\/skalisty.pl\/no\/wp-json\/wp\/v2\/users\/1"}],"replies":[{"embeddable":true,"href":"https:\/\/skalisty.pl\/no\/wp-json\/wp\/v2\/comments?post=13238"}],"version-history":[{"count":5,"href":"https:\/\/skalisty.pl\/no\/wp-json\/wp\/v2\/pages\/13238\/revisions"}],"predecessor-version":[{"id":13243,"href":"https:\/\/skalisty.pl\/no\/wp-json\/wp\/v2\/pages\/13238\/revisions\/13243"}],"wp:attachment":[{"href":"https:\/\/skalisty.pl\/no\/wp-json\/wp\/v2\/media?parent=13238"}],"curies":[{"name":"wp","href":"https:\/\/api.w.org\/{rel}","templated":true}]}}