{"id":13230,"date":"2022-11-14T19:50:33","date_gmt":"2022-11-14T18:50:33","guid":{"rendered":"https:\/\/skalisty.pl\/om-oss\/"},"modified":"2022-11-14T19:56:35","modified_gmt":"2022-11-14T18:56:35","slug":"om-oss","status":"publish","type":"page","link":"https:\/\/skalisty.pl\/no\/om-oss\/","title":{"rendered":"Om Oss"},"content":{"rendered":"<p>[vc_row rt_row_background_width=&raquo;fullwidth&raquo; rt_row_content_width=&raquo;fullwidth&raquo; rt_row_style=&raquo;default-style&raquo; rt_column_placement=&raquo;middle&raquo; rt_row_borders=&raquo;&raquo; rt_row_paddings=&raquo;false&raquo; rt_bg_effect=&raquo;classic&raquo; rt_bg_image_repeat=&raquo;repeat&raquo; rt_bg_size=&raquo;cover&raquo; rt_bg_position=&raquo;right top&raquo; rt_bg_attachment=&raquo;scroll&raquo; rt_bg_video_format=&raquo;self-hosted&raquo;][vc_column width=&raquo;1\/2&#8243; rt_wrp_col_paddings=&raquo;false&raquo; rt_border_top=&raquo;&raquo; rt_border_bottom=&raquo;&raquo; rt_border_left=&raquo;&raquo; rt_border_right=&raquo;&raquo; rt_border_top_mobile=&raquo;&raquo; rt_border_bottom_mobile=&raquo;&raquo; rt_border_left_mobile=&raquo;&raquo; rt_border_right_mobile=&raquo;&raquo; rt_bg_image_repeat=&raquo;repeat&raquo; rt_bg_size=&raquo;auto auto&raquo; rt_bg_position=&raquo;right top&raquo; rt_bg_attachment=&raquo;scroll&raquo; rt_padding_top=&raquo;0&#8243; rt_padding_bottom=&raquo;0&#8243; rt_padding_left=&raquo;0&#8243; rt_padding_right=&raquo;0&#8243;][vc_single_image image=&raquo;12131&#8243; img_size=&raquo;full&raquo; alignment=&raquo;center&raquo;][\/vc_column][vc_column width=&raquo;1\/2&#8243; rt_wrp_col_paddings=&raquo;false&raquo; rt_border_top=&raquo;&raquo; rt_border_bottom=&raquo;&raquo; rt_border_left=&raquo;&raquo; rt_border_right=&raquo;&raquo; rt_border_top_mobile=&raquo;&raquo; rt_border_bottom_mobile=&raquo;&raquo; rt_border_left_mobile=&raquo;&raquo; rt_border_right_mobile=&raquo;&raquo; rt_bg_image_repeat=&raquo;repeat&raquo; rt_bg_size=&raquo;auto auto&raquo; rt_bg_position=&raquo;right top&raquo; rt_bg_attachment=&raquo;scroll&raquo; rt_padding_top=&raquo;0&#8243; rt_padding_bottom=&raquo;0&#8243; rt_padding_left=&raquo;0&#8243; rt_padding_right=&raquo;0&#8243;]<div class=\"rt_heading_wrapper style-4\">\n\t\t\t\t\t\t<h1 class=\"rt_heading  style-4\" >HVEM VI ER<\/h1>\n\t\t\t\t\t<\/div>[vc_column_text css=&raquo;.vc_custom_1549397411517{padding-right: 30px !important;padding-left: 30px !important;}&raquo;]Vi er <span class=\"highlight style-1\"><strong>et Wroc\u0142aw-basert selskap<\/strong><\/span> med en etablert posisjon p\u00e5 markedet for dekorasjoner laget av sementm\u00f8rtel. Vi leverer tjenester p\u00e5 h\u00f8yeste niv\u00e5. Vi gjennomf\u00f8rer prosjekter lokalisert over hele Europa, men hovedomr\u00e5det for v\u00e5r aktivitet er Polen, hvor vi utf\u00f8rer <span class=\"highlight style-1\"><strong>arbeider for offentlige anlegg som dyreparker, vannparker og oseanarier<\/strong><\/span> . Vi tar ogs\u00e5 p\u00e5 oss bestillinger innen bygging av kunstige bergarter, vannkaskader og kunstige tr\u00e6r for individuelle kunder og hoteller. Hvert prosjekt utf\u00f8res med fokus p\u00e5 detaljer og <span class=\"highlight style-1\"><strong>tar hensyn til kundenes individuelle behov<\/strong><\/span> .[\/vc_column_text][\/vc_column][\/vc_row][vc_row rt_row_background_width=&raquo;fullwidth&raquo; rt_row_content_width=&raquo;fullwidth&raquo; rt_row_style=&raquo;default-style&raquo; rt_column_placement=&raquo;middle&raquo; rt_row_borders=&raquo;&raquo; rt_row_paddings=&raquo;false&raquo; rt_bg_effect=&raquo;classic&raquo; rt_bg_image_repeat=&raquo;repeat&raquo; rt_bg_size=&raquo;cover&raquo; rt_bg_position=&raquo;right top&raquo; rt_bg_attachment=&raquo;scroll&raquo; rt_bg_video_format=&raquo;self-hosted&raquo;][vc_column width=&raquo;1\/2&#8243; rt_wrp_col_paddings=&raquo;false&raquo; rt_border_top=&raquo;&raquo; rt_border_bottom=&raquo;&raquo; rt_border_left=&raquo;&raquo; rt_border_right=&raquo;&raquo; rt_border_top_mobile=&raquo;&raquo; rt_border_bottom_mobile=&raquo;&raquo; rt_border_left_mobile=&raquo;&raquo; rt_border_right_mobile=&raquo;&raquo; rt_bg_image_repeat=&raquo;repeat&raquo; rt_bg_size=&raquo;auto auto&raquo; rt_bg_position=&raquo;right top&raquo; rt_bg_attachment=&raquo;scroll&raquo; rt_padding_top=&raquo;0&#8243; rt_padding_bottom=&raquo;0&#8243; rt_padding_left=&raquo;0&#8243; rt_padding_right=&raquo;0&#8243;]<div class=\"rt_heading_wrapper style-4\">\n\t\t\t\t\t\t<h2 class=\"rt_heading  style-4\"  style=\"font-size:42px;\">H\u00d8YEST KVALITET<\/h2>\n\t\t\t\t\t<\/div>[vc_column_text css=&raquo;.vc_custom_1549397811939{padding-right: 30px !important;padding-left: 30px !important;}&raquo;]Vi <span class=\"highlight style-1\">garanterer v\u00e5re kunder l\u00f8sninger av h\u00f8yeste kvalitet<\/span> som er trygge og holdbare. Vi har lang <span class=\"highlight style-1\">erfaring innen konstruksjon, montering og design<\/span> av dekorasjoner til storformatsakvarier, dyrel\u00f8p i dyrehagen, forn\u00f8yelsesparker, SPA og vitenskapelige reproduksjoner for behov innen museografi. Hvert prosjekt vi gjennomf\u00f8rer utf\u00f8res p\u00e5 en profesjonell og effektiv m\u00e5te.[\/vc_column_text][\/vc_column][vc_column width=&raquo;1\/2&#8243; rt_wrp_col_paddings=&raquo;false&raquo; rt_border_top=&raquo;&raquo; rt_border_bottom=&raquo;&raquo; rt_border_left=&raquo;&raquo; rt_border_right=&raquo;&raquo; rt_border_top_mobile=&raquo;&raquo; rt_border_bottom_mobile=&raquo;&raquo; rt_border_left_mobile=&raquo;&raquo; rt_border_right_mobile=&raquo;&raquo; rt_bg_image_repeat=&raquo;repeat&raquo; rt_bg_size=&raquo;auto auto&raquo; rt_bg_position=&raquo;right top&raquo; rt_bg_attachment=&raquo;scroll&raquo; rt_padding_top=&raquo;0&#8243; rt_padding_bottom=&raquo;0&#8243; rt_padding_left=&raquo;0&#8243; rt_padding_right=&raquo;0&#8243;][vc_single_image image=&raquo;12115&#8243; img_size=&raquo;full&raquo; alignment=&raquo;center&raquo;][\/vc_column][\/vc_row][vc_row rt_row_background_width=&raquo;fullwidth&raquo; rt_row_content_width=&raquo;default&raquo; rt_row_style=&raquo;alt-style-2&#8243; rt_row_borders=&raquo;top,bottom&raquo; rt_grid=&raquo;true&raquo; rt_row_paddings=&raquo;true&raquo; rt_bg_effect=&raquo;classic&raquo; rt_bg_image_repeat=&raquo;repeat&raquo; rt_bg_size=&raquo;cover&raquo; rt_bg_position=&raquo;right top&raquo; rt_bg_attachment=&raquo;scroll&raquo; rt_bg_video_format=&raquo;self-hosted&raquo; rt_padding_top=&raquo;20&#8243; rt_padding_bottom=&raquo;20&#8243;][vc_column width=&raquo;1\/3&#8243; rt_wrp_col_paddings=&raquo;false&raquo; rt_border_top=&raquo;&raquo; rt_border_bottom=&raquo;&raquo; rt_border_left=&raquo;&raquo; rt_border_right=&raquo;&raquo; rt_border_top_mobile=&raquo;&raquo; rt_border_bottom_mobile=&raquo;&raquo; rt_border_left_mobile=&raquo;&raquo; rt_border_right_mobile=&raquo;&raquo; rt_bg_image_repeat=&raquo;repeat&raquo; rt_bg_size=&raquo;auto auto&raquo; rt_bg_position=&raquo;right top&raquo; rt_bg_attachment=&raquo;scroll&raquo;]<article  class=\"icon-content-box content-box icon-left icon-style-1\"><div class=\"icon-holder\"><span class=\"icon-thumbs-up\"><\/span><\/div><div class=\"text-holder\"><h3 class=\"heading\">V\u00c5R PASSION<\/h3> <p><span class=\"icon-box__subtitle\">Kunstige bergarter er v\u00e5r lidenskap, og vi gj\u00f8r arbeidet v\u00e5rt med en slik lidenskap. Vi gjennomf\u00f8rer alle uvanlige og \u00abumulige\u00bb prosjekter.<\/span><\/p>\n<\/div><\/article>[\/vc_column][vc_column width=&raquo;1\/3&#8243; rt_wrp_col_paddings=&raquo;false&raquo; rt_border_top=&raquo;&raquo; rt_border_bottom=&raquo;&raquo; rt_border_left=&raquo;&raquo; rt_border_right=&raquo;&raquo; rt_border_top_mobile=&raquo;&raquo; rt_border_bottom_mobile=&raquo;&raquo; rt_border_left_mobile=&raquo;&raquo; rt_border_right_mobile=&raquo;&raquo; rt_bg_image_repeat=&raquo;repeat&raquo; rt_bg_size=&raquo;auto auto&raquo; rt_bg_position=&raquo;right top&raquo; rt_bg_attachment=&raquo;scroll&raquo;]<article  class=\"icon-content-box content-box icon-left icon-style-1\"><div class=\"icon-holder\"><span class=\"icon-globe\"><\/span><\/div><div class=\"text-holder\"><h3 class=\"heading\">H\u00d8Y KVALITET<\/h3> <p><span class=\"icon-box__subtitle\">Ved \u00e5 implementere v\u00e5re prosjekter med oss tilbyr vi ytelse i verdensklasse.<\/span><\/p>\n<\/div><\/article>[\/vc_column][vc_column width=&raquo;1\/3&#8243; rt_wrp_col_paddings=&raquo;false&raquo; rt_border_top=&raquo;&raquo; rt_border_bottom=&raquo;&raquo; rt_border_left=&raquo;&raquo; rt_border_right=&raquo;&raquo; rt_border_top_mobile=&raquo;&raquo; rt_border_bottom_mobile=&raquo;&raquo; rt_border_left_mobile=&raquo;&raquo; rt_border_right_mobile=&raquo;&raquo; rt_bg_image_repeat=&raquo;repeat&raquo; rt_bg_size=&raquo;auto auto&raquo; rt_bg_position=&raquo;right top&raquo; rt_bg_attachment=&raquo;scroll&raquo;]<article  class=\"icon-content-box content-box icon-left icon-style-1\"><div class=\"icon-holder\"><span class=\"icon-users\"><\/span><\/div><div class=\"text-holder\"><h3 class=\"heading\">ET TEAM AV PROFESJONELLER<\/h3> <p><span class=\"icon-box__subtitle\">Ved gjennomf\u00f8ring av store og komplekse prosjekter samarbeider vi med et internasjonalt prosjektteam.<\/span><\/p>\n<\/div><\/article>[\/vc_column][\/vc_row][vc_row rt_row_background_width=&raquo;fullwidth&raquo; rt_row_content_width=&raquo;fullwidth&raquo; rt_row_style=&raquo;default-style&raquo; rt_column_placement=&raquo;middle&raquo; rt_row_borders=&raquo;&raquo; rt_row_paddings=&raquo;false&raquo; rt_bg_effect=&raquo;classic&raquo; rt_bg_image_repeat=&raquo;repeat&raquo; rt_bg_size=&raquo;cover&raquo; rt_bg_position=&raquo;right top&raquo; rt_bg_attachment=&raquo;scroll&raquo; rt_bg_video_format=&raquo;self-hosted&raquo;][vc_column width=&raquo;1\/2&#8243; rt_wrp_col_paddings=&raquo;false&raquo; rt_border_top=&raquo;&raquo; rt_border_bottom=&raquo;&raquo; rt_border_left=&raquo;&raquo; rt_border_right=&raquo;&raquo; rt_border_top_mobile=&raquo;&raquo; rt_border_bottom_mobile=&raquo;&raquo; rt_border_left_mobile=&raquo;&raquo; rt_border_right_mobile=&raquo;&raquo; rt_bg_image_repeat=&raquo;repeat&raquo; rt_bg_size=&raquo;auto auto&raquo; rt_bg_position=&raquo;right top&raquo; rt_bg_attachment=&raquo;scroll&raquo; rt_padding_top=&raquo;0&#8243; rt_padding_bottom=&raquo;0&#8243; rt_padding_left=&raquo;0&#8243; rt_padding_right=&raquo;0&#8243;][vc_single_image image=&raquo;12133&#8243; img_size=&raquo;full&raquo; alignment=&raquo;center&raquo;][\/vc_column][vc_column width=&raquo;1\/2&#8243; rt_wrp_col_paddings=&raquo;false&raquo; rt_border_top=&raquo;&raquo; rt_border_bottom=&raquo;&raquo; rt_border_left=&raquo;&raquo; rt_border_right=&raquo;&raquo; rt_border_top_mobile=&raquo;&raquo; rt_border_bottom_mobile=&raquo;&raquo; rt_border_left_mobile=&raquo;&raquo; rt_border_right_mobile=&raquo;&raquo; rt_bg_image_repeat=&raquo;repeat&raquo; rt_bg_size=&raquo;auto auto&raquo; rt_bg_position=&raquo;right top&raquo; rt_bg_attachment=&raquo;scroll&raquo; rt_padding_top=&raquo;0&#8243; rt_padding_bottom=&raquo;0&#8243; rt_padding_left=&raquo;0&#8243; rt_padding_right=&raquo;0&#8243;]<div class=\"rt_heading_wrapper style-4\">\n\t\t\t\t\t\t<h3 class=\"rt_heading  style-4\"  style=\"font-size:42px;\">MODIFISERT BETONGDEKORASJONER<\/h3>\n\t\t\t\t\t<\/div>[vc_column_text css=&raquo;.vc_custom_1549398005037{padding-right: 30px !important;padding-left: 30px !important;}&raquo;]sKalisty er et selskap som spesialiserer seg p\u00e5 produksjon <span class=\"highlight style-1\">av kunstige bergarter<\/span> fra sementm\u00f8rtel og harpiks. Resultatet av v\u00e5rt arbeid er en trofast gjengivelse av naturlige fjellformasjoner, korallrev og tr\u00e6r. Vi legger vekt p\u00e5 \u00e5 sikre at alle v\u00e5re prosjekter har pedagogisk verdi og <span class=\"highlight style-1\">reflekterer naturlige bergstrukturer<\/span> . Vi har erfaring st\u00f8ttet av arbeid p\u00e5 tusenvis av kvadratmeter med bygninger laget av kunstige bergarter. <span class=\"highlight style-1\">Byggingen av<\/span> steindekorasjoner for rekreasjonsomr\u00e5det til Tarnowskie termiske bad og det st\u00f8rste arrangementet av kunstige bergarter i Polen i Africarium i dyrehagen i Wroc\u0142aw er et av v\u00e5re st\u00f8rste prosjekter.[\/vc_column_text][\/vc_column][\/vc_row][vc_row rt_row_background_width=&raquo;fullwidth&raquo; rt_row_content_width=&raquo;fullwidth&raquo; rt_row_style=&raquo;default-style&raquo; rt_column_placement=&raquo;middle&raquo; rt_row_borders=&raquo;&raquo; rt_row_paddings=&raquo;false&raquo; rt_bg_effect=&raquo;classic&raquo; rt_bg_image_repeat=&raquo;repeat&raquo; rt_bg_size=&raquo;cover&raquo; rt_bg_position=&raquo;right top&raquo; rt_bg_attachment=&raquo;scroll&raquo; rt_bg_video_format=&raquo;self-hosted&raquo;][vc_column width=&raquo;1\/2&#8243; rt_wrp_col_paddings=&raquo;false&raquo; rt_border_top=&raquo;&raquo; rt_border_bottom=&raquo;&raquo; rt_border_left=&raquo;&raquo; rt_border_right=&raquo;&raquo; rt_border_top_mobile=&raquo;&raquo; rt_border_bottom_mobile=&raquo;&raquo; rt_border_left_mobile=&raquo;&raquo; rt_border_right_mobile=&raquo;&raquo; rt_bg_image_repeat=&raquo;repeat&raquo; rt_bg_size=&raquo;auto auto&raquo; rt_bg_position=&raquo;right top&raquo; rt_bg_attachment=&raquo;scroll&raquo; rt_padding_top=&raquo;0&#8243; rt_padding_bottom=&raquo;0&#8243; rt_padding_left=&raquo;0&#8243; rt_padding_right=&raquo;0&#8243;]<div class=\"rt_heading_wrapper style-4\">\n\t\t\t\t\t\t<h4 class=\"rt_heading  style-4\"  style=\"font-size:42px;\">V\u00c5R ERFARING<\/h4>\n\t\t\t\t\t<\/div>[vc_column_text css=&raquo;.vc_custom_1668452192045{padding-right: 30px !important;padding-left: 30px !important;}&raquo;]<strong><span class=\"highlight style-2\">sKalisty<\/span><\/strong> er ikke bare evnen til \u00e5 produsere og montere bergdekorasjoner, men ogs\u00e5 <span class=\"highlight style-1\">n\u00f8dvendig kunnskap<\/span> i valg av passende materialer tilpasset milj\u00f8et hvor bergdekorasjonen skal ligge. <span class=\"highlight style-1\">Vi legger s\u00e6rlig vekt p\u00e5 \u00e5 sikre at resultatet av v\u00e5rt arbeid er trygt for mennesker og dyr<\/span> .[\/vc_column_text][\/vc_column][vc_column width=&raquo;1\/2&#8243; rt_wrp_col_paddings=&raquo;false&raquo; rt_border_top=&raquo;&raquo; rt_border_bottom=&raquo;&raquo; rt_border_left=&raquo;&raquo; rt_border_right=&raquo;&raquo; rt_border_top_mobile=&raquo;&raquo; rt_border_bottom_mobile=&raquo;&raquo; rt_border_left_mobile=&raquo;&raquo; rt_border_right_mobile=&raquo;&raquo; rt_bg_image_repeat=&raquo;repeat&raquo; rt_bg_size=&raquo;auto auto&raquo; rt_bg_position=&raquo;right top&raquo; rt_bg_attachment=&raquo;scroll&raquo; rt_padding_top=&raquo;0&#8243; rt_padding_bottom=&raquo;0&#8243; rt_padding_left=&raquo;0&#8243; rt_padding_right=&raquo;0&#8243;][vc_single_image image=&raquo;12116&#8243; img_size=&raquo;full&raquo; alignment=&raquo;center&raquo;][\/vc_column][\/vc_row]<\/p>\n","protected":false},"excerpt":{"rendered":"<p>[vc_row rt_row_background_width=&raquo;fullwidth&raquo; rt_row_content_width=&raquo;fullwidth&raquo; rt_row_style=&raquo;default-style&raquo; rt_column_placement=&raquo;middle&raquo; rt_row_borders=&raquo;&raquo; rt_row_paddings=&raquo;false&raquo; rt_bg_effect=&raquo;classic&raquo; rt_bg_image_repeat=&raquo;repeat&raquo; rt_bg_size=&raquo;cover&raquo; rt_bg_position=&raquo;right top&raquo; rt_bg_attachment=&raquo;scroll&raquo; rt_bg_video_format=&raquo;self-hosted&raquo;][vc_column width=&raquo;1\/2&#8243; rt_wrp_col_paddings=&raquo;false&raquo; rt_border_top=&raquo;&raquo; rt_border_bottom=&raquo;&raquo; rt_border_left=&raquo;&raquo; rt_border_right=&raquo;&raquo; rt_border_top_mobile=&raquo;&raquo; rt_border_bottom_mobile=&raquo;&raquo; rt_border_left_mobile=&raquo;&raquo; rt_border_right_mobile=&raquo;&raquo; rt_bg_image_repeat=&raquo;repeat&raquo; rt_bg_size=&raquo;auto auto&raquo; rt_bg_position=&raquo;right top&raquo; rt_bg_attachment=&raquo;scroll&raquo; rt_padding_top=&raquo;0&#8243; rt_padding_bottom=&raquo;0&#8243; rt_padding_left=&raquo;0&#8243; rt_padding_right=&raquo;0&#8243;][vc_single_image image=&raquo;12131&#8243; img_size=&raquo;full&raquo; alignment=&raquo;center&raquo;][\/vc_column][vc_column width=&raquo;1\/2&#8243; rt_wrp_col_paddings=&raquo;false&raquo; rt_border_top=&raquo;&raquo; rt_border_bottom=&raquo;&raquo; rt_border_left=&raquo;&raquo; rt_border_right=&raquo;&raquo; rt_border_top_mobile=&raquo;&raquo; rt_border_bottom_mobile=&raquo;&raquo; rt_border_left_mobile=&raquo;&raquo; rt_border_right_mobile=&raquo;&raquo; rt_bg_image_repeat=&raquo;repeat&raquo; rt_bg_size=&raquo;auto auto&raquo; rt_bg_position=&raquo;right top&raquo; rt_bg_attachment=&raquo;scroll&raquo; rt_padding_top=&raquo;0&#8243; rt_padding_bottom=&raquo;0&#8243; [&hellip;]<\/p>\n","protected":false},"author":1,"featured_media":0,"parent":0,"menu_order":0,"comment_status":"closed","ping_status":"closed","template":"","meta":{"_exactmetrics_skip_tracking":false,"_exactmetrics_sitenote_active":false,"_exactmetrics_sitenote_note":"","_exactmetrics_sitenote_category":0,"footnotes":""},"class_list":["post-13230","page","type-page","status-publish","hentry"],"yoast_head":"<!-- This site is optimized with the Yoast SEO plugin v27.1.1 - https:\/\/yoast.com\/product\/yoast-seo-wordpress\/ -->\n<title>Om Oss | sKalisty<\/title>\n<meta name=\"description\" content=\"Vi er en anerkjent og erfaren produsent av betongdekorasjoner. Vi p\u00e5tar oss komplekse og uvanlige prosjekter innen bygningstematisering.\" \/>\n<meta name=\"robots\" content=\"index, follow, max-snippet:-1, max-image-preview:large, max-video-preview:-1\" \/>\n<link rel=\"canonical\" href=\"https:\/\/skalisty.pl\/no\/om-oss\/\" \/>\n<meta property=\"og:locale\" content=\"nb_NO\" \/>\n<meta property=\"og:type\" content=\"article\" \/>\n<meta property=\"og:title\" content=\"Om Oss | sKalisty\" \/>\n<meta property=\"og:description\" content=\"Vi er en anerkjent og erfaren produsent av betongdekorasjoner. Vi p\u00e5tar oss komplekse og uvanlige prosjekter innen bygningstematisering.\" \/>\n<meta property=\"og:url\" content=\"https:\/\/skalisty.pl\/no\/om-oss\/\" \/>\n<meta property=\"og:site_name\" content=\"sKalisty - kunstige bergarter\" \/>\n<meta property=\"article:publisher\" content=\"https:\/\/www.facebook.com\/skalistyPL\/\" \/>\n<meta property=\"article:modified_time\" content=\"2022-11-14T18:56:35+00:00\" \/>\n<meta name=\"twitter:card\" content=\"summary_large_image\" \/>\n<meta name=\"twitter:site\" content=\"@sztuczne_skaly\" \/>\n<meta name=\"twitter:label1\" content=\"Ansl. lesetid\" \/>\n\t<meta name=\"twitter:data1\" content=\"5 minutter\" \/>\n<script type=\"application\/ld+json\" class=\"yoast-schema-graph\">{\"@context\":\"https:\/\/schema.org\",\"@graph\":[{\"@type\":\"WebPage\",\"@id\":\"https:\/\/skalisty.pl\/no\/om-oss\/\",\"url\":\"https:\/\/skalisty.pl\/no\/om-oss\/\",\"name\":\"Om Oss | sKalisty\",\"isPartOf\":{\"@id\":\"https:\/\/skalisty.pl\/no\/#website\"},\"datePublished\":\"2022-11-14T18:50:33+00:00\",\"dateModified\":\"2022-11-14T18:56:35+00:00\",\"description\":\"Vi er en anerkjent og erfaren produsent av betongdekorasjoner. Vi p\u00e5tar oss komplekse og uvanlige prosjekter innen bygningstematisering.\",\"breadcrumb\":{\"@id\":\"https:\/\/skalisty.pl\/no\/om-oss\/#breadcrumb\"},\"inLanguage\":\"nb-NO\",\"potentialAction\":[{\"@type\":\"ReadAction\",\"target\":[\"https:\/\/skalisty.pl\/no\/om-oss\/\"]}]},{\"@type\":\"BreadcrumbList\",\"@id\":\"https:\/\/skalisty.pl\/no\/om-oss\/#breadcrumb\",\"itemListElement\":[{\"@type\":\"ListItem\",\"position\":1,\"name\":\"Startsiden\",\"item\":\"https:\/\/skalisty.pl\/no\/\"},{\"@type\":\"ListItem\",\"position\":2,\"name\":\"Om Oss\"}]},{\"@type\":\"WebSite\",\"@id\":\"https:\/\/skalisty.pl\/no\/#website\",\"url\":\"https:\/\/skalisty.pl\/no\/\",\"name\":\"sKalisty - kunstige bergarter\",\"description\":\"\",\"publisher\":{\"@id\":\"https:\/\/skalisty.pl\/no\/#organization\"},\"potentialAction\":[{\"@type\":\"SearchAction\",\"target\":{\"@type\":\"EntryPoint\",\"urlTemplate\":\"https:\/\/skalisty.pl\/no\/?s={search_term_string}\"},\"query-input\":{\"@type\":\"PropertyValueSpecification\",\"valueRequired\":true,\"valueName\":\"search_term_string\"}}],\"inLanguage\":\"nb-NO\"},{\"@type\":\"Organization\",\"@id\":\"https:\/\/skalisty.pl\/no\/#organization\",\"name\":\"sKalisty - Kunstige Bergarter\",\"url\":\"https:\/\/skalisty.pl\/no\/\",\"logo\":{\"@type\":\"ImageObject\",\"inLanguage\":\"nb-NO\",\"@id\":\"https:\/\/skalisty.pl\/no\/#\/schema\/logo\/image\/\",\"url\":\"https:\/\/static.skalisty.pl\/uploads\/2020\/01\/skalisty-schema-logo-2020.png\",\"contentUrl\":\"https:\/\/static.skalisty.pl\/uploads\/2020\/01\/skalisty-schema-logo-2020.png\",\"width\":1090,\"height\":238,\"caption\":\"sKalisty - Kunstige Bergarter\"},\"image\":{\"@id\":\"https:\/\/skalisty.pl\/no\/#\/schema\/logo\/image\/\"},\"sameAs\":[\"https:\/\/www.facebook.com\/skalistyPL\/\",\"https:\/\/x.com\/sztuczne_skaly\",\"https:\/\/www.youtube.com\/channel\/UCkvotuS2nyEefXsMM5zd3Mw\"]}]}<\/script>\n<!-- \/ Yoast SEO plugin. -->","yoast_head_json":{"title":"Om Oss | sKalisty","description":"Vi er en anerkjent og erfaren produsent av betongdekorasjoner. Vi p\u00e5tar oss komplekse og uvanlige prosjekter innen bygningstematisering.","robots":{"index":"index","follow":"follow","max-snippet":"max-snippet:-1","max-image-preview":"max-image-preview:large","max-video-preview":"max-video-preview:-1"},"canonical":"https:\/\/skalisty.pl\/no\/om-oss\/","og_locale":"nb_NO","og_type":"article","og_title":"Om Oss | sKalisty","og_description":"Vi er en anerkjent og erfaren produsent av betongdekorasjoner. Vi p\u00e5tar oss komplekse og uvanlige prosjekter innen bygningstematisering.","og_url":"https:\/\/skalisty.pl\/no\/om-oss\/","og_site_name":"sKalisty - kunstige bergarter","article_publisher":"https:\/\/www.facebook.com\/skalistyPL\/","article_modified_time":"2022-11-14T18:56:35+00:00","twitter_card":"summary_large_image","twitter_site":"@sztuczne_skaly","twitter_misc":{"Ansl. lesetid":"5 minutter"},"schema":{"@context":"https:\/\/schema.org","@graph":[{"@type":"WebPage","@id":"https:\/\/skalisty.pl\/no\/om-oss\/","url":"https:\/\/skalisty.pl\/no\/om-oss\/","name":"Om Oss | sKalisty","isPartOf":{"@id":"https:\/\/skalisty.pl\/no\/#website"},"datePublished":"2022-11-14T18:50:33+00:00","dateModified":"2022-11-14T18:56:35+00:00","description":"Vi er en anerkjent og erfaren produsent av betongdekorasjoner. Vi p\u00e5tar oss komplekse og uvanlige prosjekter innen bygningstematisering.","breadcrumb":{"@id":"https:\/\/skalisty.pl\/no\/om-oss\/#breadcrumb"},"inLanguage":"nb-NO","potentialAction":[{"@type":"ReadAction","target":["https:\/\/skalisty.pl\/no\/om-oss\/"]}]},{"@type":"BreadcrumbList","@id":"https:\/\/skalisty.pl\/no\/om-oss\/#breadcrumb","itemListElement":[{"@type":"ListItem","position":1,"name":"Startsiden","item":"https:\/\/skalisty.pl\/no\/"},{"@type":"ListItem","position":2,"name":"Om Oss"}]},{"@type":"WebSite","@id":"https:\/\/skalisty.pl\/no\/#website","url":"https:\/\/skalisty.pl\/no\/","name":"sKalisty - kunstige bergarter","description":"","publisher":{"@id":"https:\/\/skalisty.pl\/no\/#organization"},"potentialAction":[{"@type":"SearchAction","target":{"@type":"EntryPoint","urlTemplate":"https:\/\/skalisty.pl\/no\/?s={search_term_string}"},"query-input":{"@type":"PropertyValueSpecification","valueRequired":true,"valueName":"search_term_string"}}],"inLanguage":"nb-NO"},{"@type":"Organization","@id":"https:\/\/skalisty.pl\/no\/#organization","name":"sKalisty - Kunstige Bergarter","url":"https:\/\/skalisty.pl\/no\/","logo":{"@type":"ImageObject","inLanguage":"nb-NO","@id":"https:\/\/skalisty.pl\/no\/#\/schema\/logo\/image\/","url":"https:\/\/static.skalisty.pl\/uploads\/2020\/01\/skalisty-schema-logo-2020.png","contentUrl":"https:\/\/static.skalisty.pl\/uploads\/2020\/01\/skalisty-schema-logo-2020.png","width":1090,"height":238,"caption":"sKalisty - Kunstige Bergarter"},"image":{"@id":"https:\/\/skalisty.pl\/no\/#\/schema\/logo\/image\/"},"sameAs":["https:\/\/www.facebook.com\/skalistyPL\/","https:\/\/x.com\/sztuczne_skaly","https:\/\/www.youtube.com\/channel\/UCkvotuS2nyEefXsMM5zd3Mw"]}]}},"_links":{"self":[{"href":"https:\/\/skalisty.pl\/no\/wp-json\/wp\/v2\/pages\/13230","targetHints":{"allow":["GET"]}}],"collection":[{"href":"https:\/\/skalisty.pl\/no\/wp-json\/wp\/v2\/pages"}],"about":[{"href":"https:\/\/skalisty.pl\/no\/wp-json\/wp\/v2\/types\/page"}],"author":[{"embeddable":true,"href":"https:\/\/skalisty.pl\/no\/wp-json\/wp\/v2\/users\/1"}],"replies":[{"embeddable":true,"href":"https:\/\/skalisty.pl\/no\/wp-json\/wp\/v2\/comments?post=13230"}],"version-history":[{"count":6,"href":"https:\/\/skalisty.pl\/no\/wp-json\/wp\/v2\/pages\/13230\/revisions"}],"predecessor-version":[{"id":13237,"href":"https:\/\/skalisty.pl\/no\/wp-json\/wp\/v2\/pages\/13230\/revisions\/13237"}],"wp:attachment":[{"href":"https:\/\/skalisty.pl\/no\/wp-json\/wp\/v2\/media?parent=13230"}],"curies":[{"name":"wp","href":"https:\/\/api.w.org\/{rel}","templated":true}]}}