{"id":13134,"date":"2022-11-14T15:57:30","date_gmt":"2022-11-14T14:57:30","guid":{"rendered":"https:\/\/skalisty.pl\/tilbud\/for-investoren\/"},"modified":"2022-12-14T15:53:24","modified_gmt":"2022-12-14T14:53:24","slug":"for-investoren","status":"publish","type":"page","link":"https:\/\/skalisty.pl\/no\/tilbud\/for-investoren\/","title":{"rendered":"For Investoren"},"content":{"rendered":"<p>[vc_row rt_row_background_width=&raquo;fullwidth&raquo; rt_row_content_width=&raquo;default&raquo; rt_row_style=&raquo;default-style&raquo; rt_row_borders=&raquo;&raquo; rt_row_paddings=&raquo;true&raquo; rt_bg_image=&raquo;4765&#8243; rt_bg_effect=&raquo;classic&raquo; rt_bg_image_repeat=&raquo;no-repeat&raquo; rt_bg_size=&raquo;100% auto&raquo; rt_bg_position=&raquo;center center&raquo; rt_bg_attachment=&raquo;scroll&raquo; rt_bg_video_format=&raquo;self-hosted&raquo; rt_padding_left=&raquo;0&#8243; rt_padding_right=&raquo;0&#8243; rt_padding_bottom=&raquo;0&#8243;][vc_column rt_wrp_col_paddings=&raquo;false&raquo; rt_border_top=&raquo;&raquo; rt_border_bottom=&raquo;&raquo; rt_border_left=&raquo;&raquo; rt_border_right=&raquo;&raquo; rt_border_top_mobile=&raquo;&raquo; rt_border_bottom_mobile=&raquo;&raquo; rt_border_left_mobile=&raquo;&raquo; rt_border_right_mobile=&raquo;&raquo; rt_bg_image_repeat=&raquo;repeat&raquo; rt_bg_size=&raquo;auto auto&raquo; rt_bg_position=&raquo;right top&raquo; rt_bg_attachment=&raquo;scroll&raquo;][vc_row_inner rt_row_style=&raquo;global-style&raquo; rt_column_placement=&raquo;middle&raquo; rt_row_borders=&raquo;&raquo; rt_row_paddings=&raquo;true&raquo; rt_bg_effect=&raquo;parallax&raquo; rt_bg_parallax_effect=&raquo;3&#8243; rt_pspeed=&raquo;2&#8243; rt_bg_image_repeat=&raquo;repeat&raquo; rt_bg_size=&raquo;cover&raquo; rt_bg_position=&raquo;right top&raquo; rt_bg_video_format=&raquo;self-hosted&raquo;][vc_column_inner width=&raquo;2\/3&#8243; rt_wrp_col_paddings=&raquo;false&raquo; rt_border_top=&raquo;&raquo; rt_border_bottom=&raquo;&raquo; rt_border_left=&raquo;&raquo; rt_border_right=&raquo;&raquo; rt_border_top_mobile=&raquo;&raquo; rt_border_bottom_mobile=&raquo;&raquo; rt_border_left_mobile=&raquo;&raquo; rt_border_right_mobile=&raquo;&raquo; rt_bg_image_repeat=&raquo;no-repeat&raquo; rt_bg_size=&raquo;100% auto&raquo; rt_bg_position=&raquo;center center&raquo; rt_bg_attachment=&raquo;scroll&raquo;]<div class=\"rt_heading_wrapper style-5\">\n\t\t\t\t\t\t<h2 class=\"rt_heading  style-5\" >TILSYN MED GJENNOMF\u00d8RING AV PROSJEKTET<\/h2>\n\t\t\t\t\t<\/div>[vc_column_text]<\/p>\n<span class=\"highlight style-1\">Selv det best forberedte prosjektet er kun en oversikt over den planlagte investeringen.<\/span> Metoden for implementering er den viktigste prosessen, og hva som til slutt vil avgj\u00f8re suksessen eller mangelen p\u00e5 den i sammenheng med den endelige visuelle integriteten. P\u00e5 byggestadiet b\u00f8r du ikke bare fokusere p\u00e5 helhetsbildet, men ogs\u00e5 v\u00e6re spesielt oppmerksom p\u00e5 de utallige sm\u00e5 detaljene som gir sjelen og karakteren til den gjennomf\u00f8rte investeringen. Bare takket v\u00e6re denne tiln\u00e6rmingen vil vi garantere at vi vil oppn\u00e5 effekten av trofast reproduksjon av milj\u00f8et som overbeviser og tiltrekker med detaljene.<\/p>\n<p>[\/vc_column_text][vc_empty_space]<article  class=\"icon-content-box content-box icon-left icon-style-2\"><div class=\"icon-holder\"><span class=\"icon-right-open\"><\/span><\/div><div class=\"text-holder\"><h5 class=\"heading\">Tilsyn med prosjektgjennomf\u00f8ring.<\/h5> <p>Uansett om vi har \u00e5 gj\u00f8re med kunstig stein, kopier av tr\u00e6r og andre planter, dyremodeller, arkitektoniske rekonstruksjoner som skildrer ulike tidsepoker eller kulturer, er n\u00f8yaktighet og oppmerksomhet til minste detalj og \u00e5 sikre det mest naturlige utseendet alltid viktig. Vi gir tilsyn med gjennomf\u00f8ringen av prosjektet for \u00e5 garantere oppn\u00e5else av antatt effekt, integritet og kvalitet p\u00e5 utf\u00f8relse.<\/p>\n<\/div><\/article><article  class=\"icon-content-box content-box icon-left icon-style-2\"><div class=\"icon-holder\"><span class=\"icon-right-open\"><\/span><\/div><div class=\"text-holder\"><h5 class=\"heading\">Tilsyn over gjennomf\u00f8ringen, materialer og ansatte i alle byggetrinn.<\/h5> <p>Vi s\u00f8rger for at byggefasen gjennomf\u00f8res innenfor design og materialspesifikasjoner. Vi f\u00f8rer ogs\u00e5 tilsyn med utvalget av kunstnere, scenografer og underleverand\u00f8rer som er involvert i konstruksjonen av dekorasjoner.<\/p>\n<\/div><\/article><article  class=\"icon-content-box content-box icon-left icon-style-2\"><div class=\"icon-holder\"><span class=\"icon-right-open\"><\/span><\/div><div class=\"text-holder\"><h5 class=\"heading\">Bransjer\u00e5dgivning og prosjektst\u00f8tte.<\/h5> <p>Vi gir materiell og teknologisk r\u00e5dgivning, vi leverer fotografisk dokumentasjon s\u00e5 vel som referansemateriale, vi bygger 3D-modeller, vi lager prosjekter og mock-ups. Det viktigste er at vi f\u00f8rer tilsyn med byggeplassen og gir kunstnerisk prosjektledelse.<\/p>\n<\/div><\/article>[vc_empty_space][\/vc_column_inner][vc_column_inner width=&raquo;1\/3&#8243; rt_wrp_col_paddings=&raquo;false&raquo; rt_border_top=&raquo;&raquo; rt_border_bottom=&raquo;&raquo; rt_border_left=&raquo;&raquo; rt_border_right=&raquo;&raquo; rt_border_top_mobile=&raquo;&raquo; rt_border_bottom_mobile=&raquo;&raquo; rt_border_left_mobile=&raquo;&raquo; rt_border_right_mobile=&raquo;&raquo; rt_bg_image_repeat=&raquo;repeat&raquo; rt_bg_size=&raquo;auto auto&raquo; rt_bg_position=&raquo;right top&raquo; rt_bg_attachment=&raquo;scroll&raquo;][vc_single_image image=&raquo;12595&#8243; img_size=&raquo;full&raquo; alignment=&raquo;center&raquo; style=&raquo;vc_box_shadow_3d&raquo;][vc_single_image image=&raquo;12596&#8243; img_size=&raquo;full&raquo; alignment=&raquo;center&raquo; style=&raquo;vc_box_shadow_3d&raquo;][\/vc_column_inner][\/vc_row_inner][vc_row_inner rt_row_style=&raquo;global-style&raquo; rt_row_borders=&raquo;&raquo; rt_row_paddings=&raquo;true&raquo; rt_bg_effect=&raquo;classic&raquo; rt_bg_image_repeat=&raquo;repeat&raquo; rt_bg_size=&raquo;cover&raquo; rt_bg_position=&raquo;right top&raquo; rt_bg_attachment=&raquo;scroll&raquo; rt_bg_video_format=&raquo;self-hosted&raquo; rt_padding_top=&raquo;18&#8243;][vc_column_inner width=&raquo;1\/3&#8243; rt_wrp_col_paddings=&raquo;false&raquo; rt_border_top=&raquo;&raquo; rt_border_bottom=&raquo;&raquo; rt_border_left=&raquo;&raquo; rt_border_right=&raquo;&raquo; rt_border_top_mobile=&raquo;&raquo; rt_border_bottom_mobile=&raquo;&raquo; rt_border_left_mobile=&raquo;&raquo; rt_border_right_mobile=&raquo;&raquo; rt_bg_image_repeat=&raquo;repeat&raquo; rt_bg_size=&raquo;auto auto&raquo; rt_bg_position=&raquo;right top&raquo; rt_bg_attachment=&raquo;scroll&raquo;][vc_single_image image=&raquo;12597&#8243; img_size=&raquo;full&raquo; alignment=&raquo;center&raquo; style=&raquo;vc_box_shadow_3d&raquo;][\/vc_column_inner][vc_column_inner width=&raquo;1\/3&#8243; rt_wrp_col_paddings=&raquo;false&raquo; rt_border_top=&raquo;&raquo; rt_border_bottom=&raquo;&raquo; rt_border_left=&raquo;&raquo; rt_border_right=&raquo;&raquo; rt_border_top_mobile=&raquo;&raquo; rt_border_bottom_mobile=&raquo;&raquo; rt_border_left_mobile=&raquo;&raquo; rt_border_right_mobile=&raquo;&raquo; rt_bg_image_repeat=&raquo;repeat&raquo; rt_bg_size=&raquo;auto auto&raquo; rt_bg_position=&raquo;right top&raquo; rt_bg_attachment=&raquo;scroll&raquo;][vc_single_image image=&raquo;12598&#8243; img_size=&raquo;full&raquo; alignment=&raquo;center&raquo; style=&raquo;vc_box_shadow_3d&raquo;][\/vc_column_inner][vc_column_inner width=&raquo;1\/3&#8243; rt_wrp_col_paddings=&raquo;false&raquo; rt_border_top=&raquo;&raquo; rt_border_bottom=&raquo;&raquo; rt_border_left=&raquo;&raquo; rt_border_right=&raquo;&raquo; rt_border_top_mobile=&raquo;&raquo; rt_border_bottom_mobile=&raquo;&raquo; rt_border_left_mobile=&raquo;&raquo; rt_border_right_mobile=&raquo;&raquo; rt_bg_image_repeat=&raquo;repeat&raquo; rt_bg_size=&raquo;auto auto&raquo; rt_bg_position=&raquo;right top&raquo; rt_bg_attachment=&raquo;scroll&raquo;][vc_single_image image=&raquo;12599&#8243; img_size=&raquo;full&raquo; alignment=&raquo;center&raquo; style=&raquo;vc_box_shadow_3d&raquo;][\/vc_column_inner][\/vc_row_inner][vc_empty_space height=&raquo;50px&raquo;][\/vc_column][\/vc_row]<\/p>\n","protected":false},"excerpt":{"rendered":"<p>[vc_row rt_row_background_width=&raquo;fullwidth&raquo; rt_row_content_width=&raquo;default&raquo; rt_row_style=&raquo;default-style&raquo; rt_row_borders=&raquo;&raquo; rt_row_paddings=&raquo;true&raquo; rt_bg_image=&raquo;4765&#8243; rt_bg_effect=&raquo;classic&raquo; rt_bg_image_repeat=&raquo;no-repeat&raquo; rt_bg_size=&raquo;100% auto&raquo; rt_bg_position=&raquo;center center&raquo; rt_bg_attachment=&raquo;scroll&raquo; rt_bg_video_format=&raquo;self-hosted&raquo; rt_padding_left=&raquo;0&#8243; rt_padding_right=&raquo;0&#8243; rt_padding_bottom=&raquo;0&#8243;][vc_column rt_wrp_col_paddings=&raquo;false&raquo; rt_border_top=&raquo;&raquo; rt_border_bottom=&raquo;&raquo; rt_border_left=&raquo;&raquo; rt_border_right=&raquo;&raquo; rt_border_top_mobile=&raquo;&raquo; rt_border_bottom_mobile=&raquo;&raquo; rt_border_left_mobile=&raquo;&raquo; rt_border_right_mobile=&raquo;&raquo; rt_bg_image_repeat=&raquo;repeat&raquo; rt_bg_size=&raquo;auto auto&raquo; rt_bg_position=&raquo;right top&raquo; rt_bg_attachment=&raquo;scroll&raquo;][vc_row_inner rt_row_style=&raquo;global-style&raquo; rt_column_placement=&raquo;middle&raquo; rt_row_borders=&raquo;&raquo; rt_row_paddings=&raquo;true&raquo; rt_bg_effect=&raquo;parallax&raquo; rt_bg_parallax_effect=&raquo;3&#8243; rt_pspeed=&raquo;2&#8243; rt_bg_image_repeat=&raquo;repeat&raquo; rt_bg_size=&raquo;cover&raquo; rt_bg_position=&raquo;right top&raquo; rt_bg_video_format=&raquo;self-hosted&raquo;][vc_column_inner width=&raquo;2\/3&#8243; rt_wrp_col_paddings=&raquo;false&raquo; rt_border_top=&raquo;&raquo; rt_border_bottom=&raquo;&raquo; rt_border_left=&raquo;&raquo; rt_border_right=&raquo;&raquo; rt_border_top_mobile=&raquo;&raquo; rt_border_bottom_mobile=&raquo;&raquo; rt_border_left_mobile=&raquo;&raquo; rt_border_right_mobile=&raquo;&raquo; [&hellip;]<\/p>\n","protected":false},"author":1,"featured_media":19591,"parent":12958,"menu_order":0,"comment_status":"closed","ping_status":"closed","template":"","meta":{"_exactmetrics_skip_tracking":false,"_exactmetrics_sitenote_active":false,"_exactmetrics_sitenote_note":"","_exactmetrics_sitenote_category":0,"footnotes":""},"class_list":["post-13134","page","type-page","status-publish","has-post-thumbnail","hentry"],"yoast_head":"<!-- This site is optimized with the Yoast SEO plugin v27.1.1 - https:\/\/yoast.com\/product\/yoast-seo-wordpress\/ -->\n<title>Prosjektledelse og konsepttilsyn | For Investoren | sKalisty<\/title>\n<meta name=\"description\" content=\"Vi gir tilsyn med gjennomf\u00f8ringen av prosjektet for \u00e5 sikre oppn\u00e5else av antatt effekt, integritet og utf\u00f8relseskvalitet n\u00e5r det gjelder det kunstneriske aspektet.\" \/>\n<meta name=\"robots\" content=\"index, follow, max-snippet:-1, max-image-preview:large, max-video-preview:-1\" \/>\n<link rel=\"canonical\" href=\"https:\/\/skalisty.pl\/no\/tilbud\/for-investoren\/\" \/>\n<meta property=\"og:locale\" content=\"nb_NO\" \/>\n<meta property=\"og:type\" content=\"article\" \/>\n<meta property=\"og:title\" content=\"Prosjektledelse og konsepttilsyn | For Investoren | sKalisty\" \/>\n<meta property=\"og:description\" content=\"Vi gir tilsyn med gjennomf\u00f8ringen av prosjektet for \u00e5 sikre oppn\u00e5else av antatt effekt, integritet og utf\u00f8relseskvalitet n\u00e5r det gjelder det kunstneriske aspektet.\" \/>\n<meta property=\"og:url\" content=\"https:\/\/skalisty.pl\/no\/tilbud\/for-investoren\/\" \/>\n<meta property=\"og:site_name\" content=\"sKalisty - kunstige bergarter\" \/>\n<meta property=\"article:publisher\" content=\"https:\/\/www.facebook.com\/skalistyPL\/\" \/>\n<meta property=\"article:modified_time\" content=\"2022-12-14T14:53:24+00:00\" \/>\n<meta property=\"og:image\" content=\"https:\/\/static.skalisty.pl\/uploads\/2022\/12\/dla-inwestorow-oferta.jpg\" \/>\n\t<meta property=\"og:image:width\" content=\"400\" \/>\n\t<meta property=\"og:image:height\" content=\"800\" \/>\n\t<meta property=\"og:image:type\" content=\"image\/jpeg\" \/>\n<meta name=\"twitter:card\" content=\"summary_large_image\" \/>\n<meta name=\"twitter:site\" content=\"@sztuczne_skaly\" \/>\n<meta name=\"twitter:label1\" content=\"Ansl. lesetid\" \/>\n\t<meta name=\"twitter:data1\" content=\"3 minutter\" \/>\n<script type=\"application\/ld+json\" class=\"yoast-schema-graph\">{\"@context\":\"https:\/\/schema.org\",\"@graph\":[{\"@type\":\"WebPage\",\"@id\":\"https:\/\/skalisty.pl\/no\/tilbud\/for-investoren\/\",\"url\":\"https:\/\/skalisty.pl\/no\/tilbud\/for-investoren\/\",\"name\":\"Prosjektledelse og konsepttilsyn | For Investoren | sKalisty\",\"isPartOf\":{\"@id\":\"https:\/\/skalisty.pl\/no\/#website\"},\"primaryImageOfPage\":{\"@id\":\"https:\/\/skalisty.pl\/no\/tilbud\/for-investoren\/#primaryimage\"},\"image\":{\"@id\":\"https:\/\/skalisty.pl\/no\/tilbud\/for-investoren\/#primaryimage\"},\"thumbnailUrl\":\"https:\/\/static.skalisty.pl\/uploads\/2022\/12\/dla-inwestorow-oferta.jpg\",\"datePublished\":\"2022-11-14T14:57:30+00:00\",\"dateModified\":\"2022-12-14T14:53:24+00:00\",\"description\":\"Vi gir tilsyn med gjennomf\u00f8ringen av prosjektet for \u00e5 sikre oppn\u00e5else av antatt effekt, integritet og utf\u00f8relseskvalitet n\u00e5r det gjelder det kunstneriske aspektet.\",\"breadcrumb\":{\"@id\":\"https:\/\/skalisty.pl\/no\/tilbud\/for-investoren\/#breadcrumb\"},\"inLanguage\":\"nb-NO\",\"potentialAction\":[{\"@type\":\"ReadAction\",\"target\":[\"https:\/\/skalisty.pl\/no\/tilbud\/for-investoren\/\"]}]},{\"@type\":\"ImageObject\",\"inLanguage\":\"nb-NO\",\"@id\":\"https:\/\/skalisty.pl\/no\/tilbud\/for-investoren\/#primaryimage\",\"url\":\"https:\/\/static.skalisty.pl\/uploads\/2022\/12\/dla-inwestorow-oferta.jpg\",\"contentUrl\":\"https:\/\/static.skalisty.pl\/uploads\/2022\/12\/dla-inwestorow-oferta.jpg\",\"width\":400,\"height\":800},{\"@type\":\"BreadcrumbList\",\"@id\":\"https:\/\/skalisty.pl\/no\/tilbud\/for-investoren\/#breadcrumb\",\"itemListElement\":[{\"@type\":\"ListItem\",\"position\":1,\"name\":\"Startsiden\",\"item\":\"https:\/\/skalisty.pl\/no\/\"},{\"@type\":\"ListItem\",\"position\":2,\"name\":\"Tilbud\",\"item\":\"https:\/\/skalisty.pl\/no\/tilbud\/\"},{\"@type\":\"ListItem\",\"position\":3,\"name\":\"For Investoren\"}]},{\"@type\":\"WebSite\",\"@id\":\"https:\/\/skalisty.pl\/no\/#website\",\"url\":\"https:\/\/skalisty.pl\/no\/\",\"name\":\"sKalisty - kunstige bergarter\",\"description\":\"\",\"publisher\":{\"@id\":\"https:\/\/skalisty.pl\/no\/#organization\"},\"potentialAction\":[{\"@type\":\"SearchAction\",\"target\":{\"@type\":\"EntryPoint\",\"urlTemplate\":\"https:\/\/skalisty.pl\/no\/?s={search_term_string}\"},\"query-input\":{\"@type\":\"PropertyValueSpecification\",\"valueRequired\":true,\"valueName\":\"search_term_string\"}}],\"inLanguage\":\"nb-NO\"},{\"@type\":\"Organization\",\"@id\":\"https:\/\/skalisty.pl\/no\/#organization\",\"name\":\"sKalisty - Kunstige Bergarter\",\"url\":\"https:\/\/skalisty.pl\/no\/\",\"logo\":{\"@type\":\"ImageObject\",\"inLanguage\":\"nb-NO\",\"@id\":\"https:\/\/skalisty.pl\/no\/#\/schema\/logo\/image\/\",\"url\":\"https:\/\/static.skalisty.pl\/uploads\/2020\/01\/skalisty-schema-logo-2020.png\",\"contentUrl\":\"https:\/\/static.skalisty.pl\/uploads\/2020\/01\/skalisty-schema-logo-2020.png\",\"width\":1090,\"height\":238,\"caption\":\"sKalisty - Kunstige Bergarter\"},\"image\":{\"@id\":\"https:\/\/skalisty.pl\/no\/#\/schema\/logo\/image\/\"},\"sameAs\":[\"https:\/\/www.facebook.com\/skalistyPL\/\",\"https:\/\/x.com\/sztuczne_skaly\",\"https:\/\/www.youtube.com\/channel\/UCkvotuS2nyEefXsMM5zd3Mw\"]}]}<\/script>\n<!-- \/ Yoast SEO plugin. -->","yoast_head_json":{"title":"Prosjektledelse og konsepttilsyn | For Investoren | sKalisty","description":"Vi gir tilsyn med gjennomf\u00f8ringen av prosjektet for \u00e5 sikre oppn\u00e5else av antatt effekt, integritet og utf\u00f8relseskvalitet n\u00e5r det gjelder det kunstneriske aspektet.","robots":{"index":"index","follow":"follow","max-snippet":"max-snippet:-1","max-image-preview":"max-image-preview:large","max-video-preview":"max-video-preview:-1"},"canonical":"https:\/\/skalisty.pl\/no\/tilbud\/for-investoren\/","og_locale":"nb_NO","og_type":"article","og_title":"Prosjektledelse og konsepttilsyn | For Investoren | sKalisty","og_description":"Vi gir tilsyn med gjennomf\u00f8ringen av prosjektet for \u00e5 sikre oppn\u00e5else av antatt effekt, integritet og utf\u00f8relseskvalitet n\u00e5r det gjelder det kunstneriske aspektet.","og_url":"https:\/\/skalisty.pl\/no\/tilbud\/for-investoren\/","og_site_name":"sKalisty - kunstige bergarter","article_publisher":"https:\/\/www.facebook.com\/skalistyPL\/","article_modified_time":"2022-12-14T14:53:24+00:00","og_image":[{"width":400,"height":800,"url":"https:\/\/static.skalisty.pl\/uploads\/2022\/12\/dla-inwestorow-oferta.jpg","type":"image\/jpeg"}],"twitter_card":"summary_large_image","twitter_site":"@sztuczne_skaly","twitter_misc":{"Ansl. lesetid":"3 minutter"},"schema":{"@context":"https:\/\/schema.org","@graph":[{"@type":"WebPage","@id":"https:\/\/skalisty.pl\/no\/tilbud\/for-investoren\/","url":"https:\/\/skalisty.pl\/no\/tilbud\/for-investoren\/","name":"Prosjektledelse og konsepttilsyn | For Investoren | sKalisty","isPartOf":{"@id":"https:\/\/skalisty.pl\/no\/#website"},"primaryImageOfPage":{"@id":"https:\/\/skalisty.pl\/no\/tilbud\/for-investoren\/#primaryimage"},"image":{"@id":"https:\/\/skalisty.pl\/no\/tilbud\/for-investoren\/#primaryimage"},"thumbnailUrl":"https:\/\/static.skalisty.pl\/uploads\/2022\/12\/dla-inwestorow-oferta.jpg","datePublished":"2022-11-14T14:57:30+00:00","dateModified":"2022-12-14T14:53:24+00:00","description":"Vi gir tilsyn med gjennomf\u00f8ringen av prosjektet for \u00e5 sikre oppn\u00e5else av antatt effekt, integritet og utf\u00f8relseskvalitet n\u00e5r det gjelder det kunstneriske aspektet.","breadcrumb":{"@id":"https:\/\/skalisty.pl\/no\/tilbud\/for-investoren\/#breadcrumb"},"inLanguage":"nb-NO","potentialAction":[{"@type":"ReadAction","target":["https:\/\/skalisty.pl\/no\/tilbud\/for-investoren\/"]}]},{"@type":"ImageObject","inLanguage":"nb-NO","@id":"https:\/\/skalisty.pl\/no\/tilbud\/for-investoren\/#primaryimage","url":"https:\/\/static.skalisty.pl\/uploads\/2022\/12\/dla-inwestorow-oferta.jpg","contentUrl":"https:\/\/static.skalisty.pl\/uploads\/2022\/12\/dla-inwestorow-oferta.jpg","width":400,"height":800},{"@type":"BreadcrumbList","@id":"https:\/\/skalisty.pl\/no\/tilbud\/for-investoren\/#breadcrumb","itemListElement":[{"@type":"ListItem","position":1,"name":"Startsiden","item":"https:\/\/skalisty.pl\/no\/"},{"@type":"ListItem","position":2,"name":"Tilbud","item":"https:\/\/skalisty.pl\/no\/tilbud\/"},{"@type":"ListItem","position":3,"name":"For Investoren"}]},{"@type":"WebSite","@id":"https:\/\/skalisty.pl\/no\/#website","url":"https:\/\/skalisty.pl\/no\/","name":"sKalisty - kunstige bergarter","description":"","publisher":{"@id":"https:\/\/skalisty.pl\/no\/#organization"},"potentialAction":[{"@type":"SearchAction","target":{"@type":"EntryPoint","urlTemplate":"https:\/\/skalisty.pl\/no\/?s={search_term_string}"},"query-input":{"@type":"PropertyValueSpecification","valueRequired":true,"valueName":"search_term_string"}}],"inLanguage":"nb-NO"},{"@type":"Organization","@id":"https:\/\/skalisty.pl\/no\/#organization","name":"sKalisty - Kunstige Bergarter","url":"https:\/\/skalisty.pl\/no\/","logo":{"@type":"ImageObject","inLanguage":"nb-NO","@id":"https:\/\/skalisty.pl\/no\/#\/schema\/logo\/image\/","url":"https:\/\/static.skalisty.pl\/uploads\/2020\/01\/skalisty-schema-logo-2020.png","contentUrl":"https:\/\/static.skalisty.pl\/uploads\/2020\/01\/skalisty-schema-logo-2020.png","width":1090,"height":238,"caption":"sKalisty - Kunstige Bergarter"},"image":{"@id":"https:\/\/skalisty.pl\/no\/#\/schema\/logo\/image\/"},"sameAs":["https:\/\/www.facebook.com\/skalistyPL\/","https:\/\/x.com\/sztuczne_skaly","https:\/\/www.youtube.com\/channel\/UCkvotuS2nyEefXsMM5zd3Mw"]}]}},"_links":{"self":[{"href":"https:\/\/skalisty.pl\/no\/wp-json\/wp\/v2\/pages\/13134","targetHints":{"allow":["GET"]}}],"collection":[{"href":"https:\/\/skalisty.pl\/no\/wp-json\/wp\/v2\/pages"}],"about":[{"href":"https:\/\/skalisty.pl\/no\/wp-json\/wp\/v2\/types\/page"}],"author":[{"embeddable":true,"href":"https:\/\/skalisty.pl\/no\/wp-json\/wp\/v2\/users\/1"}],"replies":[{"embeddable":true,"href":"https:\/\/skalisty.pl\/no\/wp-json\/wp\/v2\/comments?post=13134"}],"version-history":[{"count":5,"href":"https:\/\/skalisty.pl\/no\/wp-json\/wp\/v2\/pages\/13134\/revisions"}],"predecessor-version":[{"id":20028,"href":"https:\/\/skalisty.pl\/no\/wp-json\/wp\/v2\/pages\/13134\/revisions\/20028"}],"up":[{"embeddable":true,"href":"https:\/\/skalisty.pl\/no\/wp-json\/wp\/v2\/pages\/12958"}],"wp:featuredmedia":[{"embeddable":true,"href":"https:\/\/skalisty.pl\/no\/wp-json\/wp\/v2\/media\/19591"}],"wp:attachment":[{"href":"https:\/\/skalisty.pl\/no\/wp-json\/wp\/v2\/media?parent=13134"}],"curies":[{"name":"wp","href":"https:\/\/api.w.org\/{rel}","templated":true}]}}