{"id":13036,"date":"2022-11-13T09:41:08","date_gmt":"2022-11-13T08:41:08","guid":{"rendered":"https:\/\/skalisty.pl\/ta-kontakt-med\/"},"modified":"2022-12-09T09:05:27","modified_gmt":"2022-12-09T08:05:27","slug":"kontakt","status":"publish","type":"page","link":"https:\/\/skalisty.pl\/no\/kontakt\/","title":{"rendered":"Kontakt"},"content":{"rendered":"<p>[vc_row rt_row_background_width=&raquo;fullwidth&raquo; rt_row_content_width=&raquo;fullwidth&raquo; rt_row_style=&raquo;alt-style-1&#8243; rt_row_borders=&raquo;top&raquo; rt_overlap=&raquo;true&raquo; rt_row_paddings=&raquo;false&raquo; rt_bg_effect=&raquo;classic&raquo; rt_bg_image_repeat=&raquo;repeat&raquo; rt_bg_size=&raquo;cover&raquo; rt_bg_position=&raquo;right top&raquo; rt_bg_attachment=&raquo;scroll&raquo; rt_bg_video_format=&raquo;self-hosted&raquo;][vc_column rt_wrp_col_paddings=&raquo;false&raquo; rt_border_top=&raquo;&raquo; rt_border_bottom=&raquo;&raquo; rt_border_left=&raquo;true&raquo; rt_border_right=&raquo;true&raquo; rt_border_top_mobile=&raquo;&raquo; rt_border_bottom_mobile=&raquo;&raquo; rt_border_left_mobile=&raquo;&raquo; rt_border_right_mobile=&raquo;&raquo; rt_bg_image_repeat=&raquo;repeat&raquo; rt_bg_size=&raquo;auto auto&raquo; rt_bg_position=&raquo;right top&raquo; rt_bg_attachment=&raquo;scroll&raquo;]<div class=\"google_map_holder\" data-height=\"300\" data-scope=\"#map-588403\" data-bw=\"\"><div id=\"map-588403\" data-locations=\"WyJzS2FsaXN0eSAtIEt1bnN0aWdlIEJlcmdhcnRlciIsIDUxLjExNzc1MTI0LCAxNi45MTMzNTI5MSwgNCwiIl0=\" data-zoom=\"10\" class=\"rt-google-maps google_map\"><\/div><\/div>[\/vc_column][\/vc_row][vc_row rt_row_background_width=&raquo;default&raquo; rt_row_style=&raquo;default-style&raquo; rt_column_placement=&raquo;middle&raquo; rt_row_borders=&raquo;&raquo; rt_row_paddings=&raquo;true&raquo; rt_bg_effect=&raquo;classic&raquo; rt_bg_image_repeat=&raquo;repeat&raquo; rt_bg_size=&raquo;cover&raquo; rt_bg_position=&raquo;right top&raquo; rt_bg_attachment=&raquo;scroll&raquo; rt_bg_video_format=&raquo;self-hosted&raquo;][vc_column width=&raquo;1\/3&#8243; rt_wrp_col_paddings=&raquo;false&raquo; rt_border_top=&raquo;&raquo; rt_border_bottom=&raquo;&raquo; rt_border_left=&raquo;&raquo; rt_border_right=&raquo;&raquo; rt_border_top_mobile=&raquo;&raquo; rt_border_bottom_mobile=&raquo;&raquo; rt_border_left_mobile=&raquo;&raquo; rt_border_right_mobile=&raquo;&raquo; rt_bg_image_repeat=&raquo;repeat&raquo; rt_bg_size=&raquo;auto auto&raquo; rt_bg_position=&raquo;right top&raquo; rt_bg_attachment=&raquo;scroll&raquo;]<div class=\"rt_heading_wrapper style-2\">\n\t\t\t\t\t\t<a href=\"tel:+48504133554\" target=\"_self\" title=\"\"><h2 class=\"rt_heading  heading-font style-2\"  style=\"font-size:40px;\" data-maxfont-size=\"40\" data-minfont-size=\"9\"><span class=\"icon-phone heading_icon\"><\/span>(+48) 504-133-554<\/h2><\/a>\n\t\t\t\t\t<\/div><div class=\"rt_heading_wrapper style-1\">\n\t\t\t\t\t\t<h3 class=\"rt_heading  heading-font style-1\"  style=\"font-size:18px;\" data-maxfont-size=\"18\" data-minfont-size=\"9\"><span class=\"icon-chat-1 heading_icon\"><\/span>Vi snakker engelsk<\/h3>\n\t\t\t\t\t<\/div>[vc_empty_space height=&raquo;10px&raquo;]\t \n\t\t<div  class=\"with_icons style-1 \">\n\t\t\t \n\t\t<div  >\n\t\t<span class=\"icon-home-1 icon\"><\/span><div class=\"list-content\"><p><b>sKalisty &#8211; sztuczne ska\u0142y<\/b><br \/>\nStrachowicka 48a<br \/>\nWroc\u0142aw, 54-512<br \/>\nPolen<\/p>\n<\/div>\n\t\t<\/div>\n\t\n\t\t<\/div>\n\t\t \n\t\t<div  class=\"with_icons style-1 \">\n\t\t\n\t\t<\/div>\n\t\t \n\t\t<div  class=\"with_icons style-1 \">\n\t\t\n\t\t<\/div>\n\t\t \n\t\t<div  class=\"with_icons style-1 \">\n\t\t\n\t\t<\/div>\n\t\t \n\t\t<div  class=\"with_icons style-1 \">\n\t\t\t \n\t\t<div  >\n\t\t<span class=\"icon-mail icon\"><\/span><div class=\"list-content\"><p>biuro@skalisty.pl<\/p>\n<\/div>\n\t\t<\/div>\n\t\t \n\t\t<div  >\n\t\t<span class=\"icon-clock icon\"><\/span><div class=\"list-content\"><p><b>Man &#8211; Fre 9.00 &#8211; 16.00<\/b><\/p>\n<\/div>\n\t\t<\/div>\n\t\n\t\t<\/div>\n\t\t \n\t\t<div  class=\"with_icons style-1 \">\n\t\t\t \n\t\t<div  >\n\t\t<span class=\"icon-clock icon\"><\/span><div class=\"list-content\"><p>L\u00f8rdag &#8211; S\u00f8ndag STENGT<\/p>\n<\/div>\n\t\t<\/div>\n\t\n\t\t<\/div>\n\t[\/vc_column][vc_column width=&raquo;2\/3&#8243; rt_wrp_col_paddings=&raquo;false&raquo; rt_border_top=&raquo;&raquo; rt_border_bottom=&raquo;&raquo; rt_border_left=&raquo;&raquo; rt_border_right=&raquo;&raquo; rt_border_top_mobile=&raquo;&raquo; rt_border_bottom_mobile=&raquo;&raquo; rt_border_left_mobile=&raquo;&raquo; rt_border_right_mobile=&raquo;&raquo; rt_bg_image_repeat=&raquo;repeat&raquo; rt_bg_size=&raquo;auto auto&raquo; rt_bg_position=&raquo;right top&raquo; rt_bg_attachment=&raquo;scroll&raquo; rt_padding_left=&raquo;0&#8243; rt_padding_right=&raquo;0&#8243;]\n\t\t<!-- contact form -->\n\t\t<div  class=\"contact_form  dynamic-class-519010\">\n\t\t<div class=\"clear\"><\/div><div class=\"result\"><\/div>\n\t\t\t<form action=\"#\" name=\"contact_form\" class=\"validate_form rt_form\" method=\"post\">\n\t\t\t\t<ul>\n\t\t\t\t\t<li class=\"form-input\"><label for=\"name\">Navnet Ditt: (*)<\/label><input placeholder=\"Navnet Ditt: (*)\" id=\"name\" type=\"text\" name=\"name\" value=\"\" class=\"required\" \/> <\/li>\n\t\t\t\t\t<li class=\"form-input\"><label for=\"email\">Din Epost: (*)<\/label><input placeholder=\"Din Epost: (*)\" id=\"email\" type=\"email\" name=\"email\" value=\"\" class=\"required email\" \/> <\/li>\n\t\t\t\t\t<li class=\"form-input\"><label for=\"message\">Din Beskjed: (*)<\/label><textarea placeholder=\"Din Beskjed: (*)\" id=\"message\" name=\"message\" rows=\"8\" cols=\"40\" class=\"required\"><\/textarea><\/li>\n\t\t\t\t\t\n\t\t\t\t\t\n\t\t\t\t\t<li class=\"submit-button\">\n\t\t\t\t\t<input type=\"hidden\" name=\"your_email_sig\" value=\"adaeaacee75a9c780b84d46973c8d424\">\n\t\t\t\t\t<input type=\"hidden\" name=\"_wpnonce\" value=\"eccdc5ce2a\">\n\t\t\t\t\t<input type=\"hidden\" name=\"your_email\" value=\"Yml1cm9Ac2thbGlzdHkucGw=\"><input type=\"hidden\" name=\"dynamic_class\" value=\"dynamic-class-519010\"><input type=\"hidden\" name=\"rt_form_data\" value=\"bm9zZWN1cml0eQ==\"><input type=\"button\" class=\"button submit\" value=\"Sende\"  \/><span class=\"loading\"><\/span>\n\t\t\t\t\t<\/li>\n\t\t\t\t<\/ul>\n\t\t\t<\/form>\n\t\t<\/div><div class=\"clear\"><\/div>\n\t\t<!-- \/contact form -->[\/vc_column][\/vc_row]<\/p>\n","protected":false},"excerpt":{"rendered":"<p>[vc_row rt_row_background_width=&raquo;fullwidth&raquo; rt_row_content_width=&raquo;fullwidth&raquo; rt_row_style=&raquo;alt-style-1&#8243; rt_row_borders=&raquo;top&raquo; rt_overlap=&raquo;true&raquo; rt_row_paddings=&raquo;false&raquo; rt_bg_effect=&raquo;classic&raquo; rt_bg_image_repeat=&raquo;repeat&raquo; rt_bg_size=&raquo;cover&raquo; rt_bg_position=&raquo;right top&raquo; rt_bg_attachment=&raquo;scroll&raquo; rt_bg_video_format=&raquo;self-hosted&raquo;][vc_column rt_wrp_col_paddings=&raquo;false&raquo; rt_border_top=&raquo;&raquo; rt_border_bottom=&raquo;&raquo; rt_border_left=&raquo;true&raquo; rt_border_right=&raquo;true&raquo; rt_border_top_mobile=&raquo;&raquo; rt_border_bottom_mobile=&raquo;&raquo; rt_border_left_mobile=&raquo;&raquo; rt_border_right_mobile=&raquo;&raquo; rt_bg_image_repeat=&raquo;repeat&raquo; rt_bg_size=&raquo;auto auto&raquo; rt_bg_position=&raquo;right top&raquo; rt_bg_attachment=&raquo;scroll&raquo;][\/vc_column][\/vc_row][vc_row rt_row_background_width=&raquo;default&raquo; rt_row_style=&raquo;default-style&raquo; rt_column_placement=&raquo;middle&raquo; rt_row_borders=&raquo;&raquo; rt_row_paddings=&raquo;true&raquo; rt_bg_effect=&raquo;classic&raquo; rt_bg_image_repeat=&raquo;repeat&raquo; rt_bg_size=&raquo;cover&raquo; rt_bg_position=&raquo;right top&raquo; rt_bg_attachment=&raquo;scroll&raquo; rt_bg_video_format=&raquo;self-hosted&raquo;][vc_column width=&raquo;1\/3&#8243; rt_wrp_col_paddings=&raquo;false&raquo; rt_border_top=&raquo;&raquo; rt_border_bottom=&raquo;&raquo; rt_border_left=&raquo;&raquo; rt_border_right=&raquo;&raquo; rt_border_top_mobile=&raquo;&raquo; rt_border_bottom_mobile=&raquo;&raquo; rt_border_left_mobile=&raquo;&raquo; rt_border_right_mobile=&raquo;&raquo; rt_bg_image_repeat=&raquo;repeat&raquo; rt_bg_size=&raquo;auto auto&raquo; rt_bg_position=&raquo;right [&hellip;]<\/p>\n","protected":false},"author":1,"featured_media":0,"parent":0,"menu_order":0,"comment_status":"closed","ping_status":"closed","template":"","meta":{"_exactmetrics_skip_tracking":false,"_exactmetrics_sitenote_active":false,"_exactmetrics_sitenote_note":"","_exactmetrics_sitenote_category":0,"footnotes":""},"class_list":["post-13036","page","type-page","status-publish","hentry"],"yoast_head":"<!-- This site is optimized with the Yoast SEO plugin v27.1.1 - https:\/\/yoast.com\/product\/yoast-seo-wordpress\/ -->\n<title>Kontakt | Produsent av Kunstig Stein | sKalisty<\/title>\n<meta name=\"description\" content=\"Er du interessert i v\u00e5rt tilbud om konstruksjon av betongdekorasjoner? Kontakt oss via skjemaet eller send en foresp\u00f8rsel p\u00e5 e-post.\" \/>\n<meta name=\"robots\" content=\"index, follow, max-snippet:-1, max-image-preview:large, max-video-preview:-1\" \/>\n<link rel=\"canonical\" href=\"https:\/\/skalisty.pl\/no\/kontakt\/\" \/>\n<meta property=\"og:locale\" content=\"nb_NO\" \/>\n<meta property=\"og:type\" content=\"article\" \/>\n<meta property=\"og:title\" content=\"Kontakt | Produsent av Kunstig Stein | sKalisty\" \/>\n<meta property=\"og:description\" content=\"Er du interessert i v\u00e5rt tilbud om konstruksjon av betongdekorasjoner? Kontakt oss via skjemaet eller send en foresp\u00f8rsel p\u00e5 e-post.\" \/>\n<meta property=\"og:url\" content=\"https:\/\/skalisty.pl\/no\/kontakt\/\" \/>\n<meta property=\"og:site_name\" content=\"sKalisty - kunstige bergarter\" \/>\n<meta property=\"article:publisher\" content=\"https:\/\/www.facebook.com\/skalistyPL\/\" \/>\n<meta property=\"article:modified_time\" content=\"2022-12-09T08:05:27+00:00\" \/>\n<meta name=\"twitter:card\" content=\"summary_large_image\" \/>\n<meta name=\"twitter:site\" content=\"@sztuczne_skaly\" \/>\n<meta name=\"twitter:label1\" content=\"Ansl. lesetid\" \/>\n\t<meta name=\"twitter:data1\" content=\"1 minutt\" \/>\n<script type=\"application\/ld+json\" class=\"yoast-schema-graph\">{\"@context\":\"https:\/\/schema.org\",\"@graph\":[{\"@type\":\"WebPage\",\"@id\":\"https:\/\/skalisty.pl\/no\/kontakt\/\",\"url\":\"https:\/\/skalisty.pl\/no\/kontakt\/\",\"name\":\"Kontakt | Produsent av Kunstig Stein | sKalisty\",\"isPartOf\":{\"@id\":\"https:\/\/skalisty.pl\/no\/#website\"},\"datePublished\":\"2022-11-13T08:41:08+00:00\",\"dateModified\":\"2022-12-09T08:05:27+00:00\",\"description\":\"Er du interessert i v\u00e5rt tilbud om konstruksjon av betongdekorasjoner? Kontakt oss via skjemaet eller send en foresp\u00f8rsel p\u00e5 e-post.\",\"breadcrumb\":{\"@id\":\"https:\/\/skalisty.pl\/no\/kontakt\/#breadcrumb\"},\"inLanguage\":\"nb-NO\",\"potentialAction\":[{\"@type\":\"ReadAction\",\"target\":[\"https:\/\/skalisty.pl\/no\/kontakt\/\"]}]},{\"@type\":\"BreadcrumbList\",\"@id\":\"https:\/\/skalisty.pl\/no\/kontakt\/#breadcrumb\",\"itemListElement\":[{\"@type\":\"ListItem\",\"position\":1,\"name\":\"Startsiden\",\"item\":\"https:\/\/skalisty.pl\/no\/\"},{\"@type\":\"ListItem\",\"position\":2,\"name\":\"Kontakt\"}]},{\"@type\":\"WebSite\",\"@id\":\"https:\/\/skalisty.pl\/no\/#website\",\"url\":\"https:\/\/skalisty.pl\/no\/\",\"name\":\"sKalisty - kunstige bergarter\",\"description\":\"\",\"publisher\":{\"@id\":\"https:\/\/skalisty.pl\/no\/#organization\"},\"potentialAction\":[{\"@type\":\"SearchAction\",\"target\":{\"@type\":\"EntryPoint\",\"urlTemplate\":\"https:\/\/skalisty.pl\/no\/?s={search_term_string}\"},\"query-input\":{\"@type\":\"PropertyValueSpecification\",\"valueRequired\":true,\"valueName\":\"search_term_string\"}}],\"inLanguage\":\"nb-NO\"},{\"@type\":\"Organization\",\"@id\":\"https:\/\/skalisty.pl\/no\/#organization\",\"name\":\"sKalisty - Kunstige Bergarter\",\"url\":\"https:\/\/skalisty.pl\/no\/\",\"logo\":{\"@type\":\"ImageObject\",\"inLanguage\":\"nb-NO\",\"@id\":\"https:\/\/skalisty.pl\/no\/#\/schema\/logo\/image\/\",\"url\":\"https:\/\/static.skalisty.pl\/uploads\/2020\/01\/skalisty-schema-logo-2020.png\",\"contentUrl\":\"https:\/\/static.skalisty.pl\/uploads\/2020\/01\/skalisty-schema-logo-2020.png\",\"width\":1090,\"height\":238,\"caption\":\"sKalisty - Kunstige Bergarter\"},\"image\":{\"@id\":\"https:\/\/skalisty.pl\/no\/#\/schema\/logo\/image\/\"},\"sameAs\":[\"https:\/\/www.facebook.com\/skalistyPL\/\",\"https:\/\/x.com\/sztuczne_skaly\",\"https:\/\/www.youtube.com\/channel\/UCkvotuS2nyEefXsMM5zd3Mw\"]}]}<\/script>\n<!-- \/ Yoast SEO plugin. -->","yoast_head_json":{"title":"Kontakt | Produsent av Kunstig Stein | sKalisty","description":"Er du interessert i v\u00e5rt tilbud om konstruksjon av betongdekorasjoner? Kontakt oss via skjemaet eller send en foresp\u00f8rsel p\u00e5 e-post.","robots":{"index":"index","follow":"follow","max-snippet":"max-snippet:-1","max-image-preview":"max-image-preview:large","max-video-preview":"max-video-preview:-1"},"canonical":"https:\/\/skalisty.pl\/no\/kontakt\/","og_locale":"nb_NO","og_type":"article","og_title":"Kontakt | Produsent av Kunstig Stein | sKalisty","og_description":"Er du interessert i v\u00e5rt tilbud om konstruksjon av betongdekorasjoner? Kontakt oss via skjemaet eller send en foresp\u00f8rsel p\u00e5 e-post.","og_url":"https:\/\/skalisty.pl\/no\/kontakt\/","og_site_name":"sKalisty - kunstige bergarter","article_publisher":"https:\/\/www.facebook.com\/skalistyPL\/","article_modified_time":"2022-12-09T08:05:27+00:00","twitter_card":"summary_large_image","twitter_site":"@sztuczne_skaly","twitter_misc":{"Ansl. lesetid":"1 minutt"},"schema":{"@context":"https:\/\/schema.org","@graph":[{"@type":"WebPage","@id":"https:\/\/skalisty.pl\/no\/kontakt\/","url":"https:\/\/skalisty.pl\/no\/kontakt\/","name":"Kontakt | Produsent av Kunstig Stein | sKalisty","isPartOf":{"@id":"https:\/\/skalisty.pl\/no\/#website"},"datePublished":"2022-11-13T08:41:08+00:00","dateModified":"2022-12-09T08:05:27+00:00","description":"Er du interessert i v\u00e5rt tilbud om konstruksjon av betongdekorasjoner? Kontakt oss via skjemaet eller send en foresp\u00f8rsel p\u00e5 e-post.","breadcrumb":{"@id":"https:\/\/skalisty.pl\/no\/kontakt\/#breadcrumb"},"inLanguage":"nb-NO","potentialAction":[{"@type":"ReadAction","target":["https:\/\/skalisty.pl\/no\/kontakt\/"]}]},{"@type":"BreadcrumbList","@id":"https:\/\/skalisty.pl\/no\/kontakt\/#breadcrumb","itemListElement":[{"@type":"ListItem","position":1,"name":"Startsiden","item":"https:\/\/skalisty.pl\/no\/"},{"@type":"ListItem","position":2,"name":"Kontakt"}]},{"@type":"WebSite","@id":"https:\/\/skalisty.pl\/no\/#website","url":"https:\/\/skalisty.pl\/no\/","name":"sKalisty - kunstige bergarter","description":"","publisher":{"@id":"https:\/\/skalisty.pl\/no\/#organization"},"potentialAction":[{"@type":"SearchAction","target":{"@type":"EntryPoint","urlTemplate":"https:\/\/skalisty.pl\/no\/?s={search_term_string}"},"query-input":{"@type":"PropertyValueSpecification","valueRequired":true,"valueName":"search_term_string"}}],"inLanguage":"nb-NO"},{"@type":"Organization","@id":"https:\/\/skalisty.pl\/no\/#organization","name":"sKalisty - Kunstige Bergarter","url":"https:\/\/skalisty.pl\/no\/","logo":{"@type":"ImageObject","inLanguage":"nb-NO","@id":"https:\/\/skalisty.pl\/no\/#\/schema\/logo\/image\/","url":"https:\/\/static.skalisty.pl\/uploads\/2020\/01\/skalisty-schema-logo-2020.png","contentUrl":"https:\/\/static.skalisty.pl\/uploads\/2020\/01\/skalisty-schema-logo-2020.png","width":1090,"height":238,"caption":"sKalisty - Kunstige Bergarter"},"image":{"@id":"https:\/\/skalisty.pl\/no\/#\/schema\/logo\/image\/"},"sameAs":["https:\/\/www.facebook.com\/skalistyPL\/","https:\/\/x.com\/sztuczne_skaly","https:\/\/www.youtube.com\/channel\/UCkvotuS2nyEefXsMM5zd3Mw"]}]}},"_links":{"self":[{"href":"https:\/\/skalisty.pl\/no\/wp-json\/wp\/v2\/pages\/13036","targetHints":{"allow":["GET"]}}],"collection":[{"href":"https:\/\/skalisty.pl\/no\/wp-json\/wp\/v2\/pages"}],"about":[{"href":"https:\/\/skalisty.pl\/no\/wp-json\/wp\/v2\/types\/page"}],"author":[{"embeddable":true,"href":"https:\/\/skalisty.pl\/no\/wp-json\/wp\/v2\/users\/1"}],"replies":[{"embeddable":true,"href":"https:\/\/skalisty.pl\/no\/wp-json\/wp\/v2\/comments?post=13036"}],"version-history":[{"count":9,"href":"https:\/\/skalisty.pl\/no\/wp-json\/wp\/v2\/pages\/13036\/revisions"}],"predecessor-version":[{"id":19110,"href":"https:\/\/skalisty.pl\/no\/wp-json\/wp\/v2\/pages\/13036\/revisions\/19110"}],"wp:attachment":[{"href":"https:\/\/skalisty.pl\/no\/wp-json\/wp\/v2\/media?parent=13036"}],"curies":[{"name":"wp","href":"https:\/\/api.w.org\/{rel}","templated":true}]}}