{"id":19467,"date":"2022-12-12T09:16:27","date_gmt":"2022-12-12T08:16:27","guid":{"rendered":"https:\/\/skalisty.pl\/cosa-determina-che-lavorare-con-noi-e-la-scelta-migliore\/"},"modified":"2022-12-12T09:21:20","modified_gmt":"2022-12-12T08:21:20","slug":"vale-la-pena-di-scegliere-noi","status":"publish","type":"page","link":"https:\/\/skalisty.pl\/it\/vale-la-pena-di-scegliere-noi\/","title":{"rendered":"Cosa determina che lavorare con noi \u00e8 la scelta migliore?"},"content":{"rendered":"<p>[vc_row rt_row_background_width=&#8221;fullwidth&#8221; rt_row_content_width=&#8221;default&#8221; rt_row_style=&#8221;default-style&#8221; rt_row_borders=&#8221;&#8221; rt_row_paddings=&#8221;true&#8221; rt_bg_image=&#8221;4765&#8243; rt_bg_effect=&#8221;classic&#8221; rt_bg_image_repeat=&#8221;no-repeat&#8221; rt_bg_size=&#8221;100% auto&#8221; rt_bg_position=&#8221;right center&#8221; rt_bg_attachment=&#8221;scroll&#8221; rt_bg_video_format=&#8221;self-hosted&#8221;][vc_column width=&#8221;3\/5&#8243; rt_wrp_col_paddings=&#8221;false&#8221; rt_border_top=&#8221;&#8221; rt_border_bottom=&#8221;&#8221; rt_border_left=&#8221;&#8221; rt_border_right=&#8221;&#8221; rt_border_top_mobile=&#8221;&#8221; rt_border_bottom_mobile=&#8221;&#8221; rt_border_left_mobile=&#8221;&#8221; rt_border_right_mobile=&#8221;&#8221; rt_bg_image_repeat=&#8221;repeat&#8221; rt_bg_size=&#8221;auto auto&#8221; rt_bg_position=&#8221;right top&#8221; rt_bg_attachment=&#8221;scroll&#8221;]<div class=\"rt_heading_wrapper style-5\">\n\t\t\t\t\t\t<h2 class=\"rt_heading  style-5\" >Perch\u00e9 scegliere noi?<\/h2>\n\t\t\t\t\t<\/div>[vc_column_text]<\/p>\n<span class=\"highlight style-1\">Lavoriamo nel settore da molti anni. In questo periodo abbiamo raccolto un ampio spettro di esperienze in diversi settori dell&#8217;edilizia.<\/span> Disponiamo di team qualificati con una vasta gamma di specializzazioni, come scultori e pittori, specialisti in costruzioni in acciaio o squadre esperte di spruzzatura del calcestruzzo. Ogni squadra di dipendenti \u00e8 addestrata e altamente qualificata per garantire il massimo livello di lavorazione e fornire i migliori standard.<\/p>\n<p>Siamo orgogliosi di essere una delle aziende pi\u00f9 esperte nella costruzione e progettazione di decorazioni di grande formato. Forniamo il miglior livello di servizio, garantendo un risultato unico e la soddisfazione dell&#8217;investitore. Ed ecco gli argomenti per scegliere la nostra azienda:<\/p>\n<p>[\/vc_column_text]<article  class=\"icon-content-box content-box icon-left icon-style-2\"><div class=\"icon-holder\"><span class=\"icon-right-open\"><\/span><\/div><div class=\"text-holder\"><h5 class=\"heading\">Siamo specializzati in produzioni personalizzate e di grande formato.<\/h5> <p>Non siamo un&#8217;altra azienda di costruzione di rocce artificiali che potete trovare sul mercato. Siamo orgogliosi di accettare i progetti pi\u00f9 grandi e complessi. Il nostro obiettivo \u00e8 quello di fornire un prodotto raffinato fin nei minimi dettagli. Con questo approccio, offriamo realizzazioni eccezionali. Le nostre rocce artificiali, gli alberi artificiali o le riproduzioni architettoniche di edifici di qualsiasi epoca danno l&#8217;impressione di interagire con oggetti reali. Offriamo esperienze uniche e ricreiamo ambienti con precisione museografica.<\/p>\n<\/div><\/article><article  class=\"icon-content-box content-box icon-left icon-style-2\"><div class=\"icon-holder\"><span class=\"icon-right-open\"><\/span><\/div><div class=\"text-holder\"><h5 class=\"heading\">Lavoriamo con attrezzature specializzate, selezionate sulla base di anni di esperienza.<\/h5> <p>Per poter lavorare ai progetti pi\u00f9 grandi, \u00e8 necessario essere in grado di lavorare grandi quantit\u00e0 di calcestruzzo e acciaio in un tempo ragionevole. Ci rendiamo conto che eseguire i lavori di base manualmente, senza l&#8217;uso di attrezzature pesanti, esclude un appaltatore dai progetti pi\u00f9 grandi. Nell&#8217;esecuzione dei nostri lavori, siamo in grado di pompare grandi quantit\u00e0 di malta e calcestruzzo direttamente da una pera o da una betoniera. Grazie all&#8217;uso della tecnologia del calcestruzzo proiettato &#8211; o a spruzzo &#8211; completiamo i nostri progetti a una velocit\u00e0 senza precedenti. \u00c8 importante notare che disponiamo di attrezzature proprie, che sono a nostra disposizione durante l&#8217;intero processo di costruzione.<\/p>\n<\/div><\/article><article  class=\"icon-content-box content-box icon-left icon-style-2\"><div class=\"icon-holder\"><span class=\"icon-right-open\"><\/span><\/div><div class=\"text-holder\"><h5 class=\"heading\">Utilizziamo solo i migliori materiali.<\/h5> <p>Abbiamo una vasta esperienza nel settore delle costruzioni in diversi campi apparentemente non correlati, come l&#8217;impermeabilizzazione, la conoscenza del calcestruzzo e della spruzzatura del calcestruzzo, la saldatura di costruzioni in acciaio in varie leghe di acciaio a seconda della funzione che la decorazione deve svolgere: cascate, grotte e caverne artificiali, rocce sottomarine e barriere coralline artificiali, alberi artificiali, sculture o ricostruzioni architettoniche. Questo ci garantisce di non ricevere sorprese impreviste durante la costruzione e l&#8217;utilizzo della decorazione. Siamo certi di poter offrire materiali che soddisfano gli standard pi\u00f9 elevati.<\/p>\n<\/div><\/article><article  class=\"icon-content-box content-box icon-left icon-style-2\"><div class=\"icon-holder\"><span class=\"icon-right-open\"><\/span><\/div><div class=\"text-holder\"><h5 class=\"heading\">Siamo l'unica azienda in Polonia a offrire servizi di supervisione dei progetti.<\/h5> <p>Garantiamo la piena integrit\u00e0 dell&#8217;esecuzione della decorazione. Grazie alle conoscenze acquisite nel corso degli anni, siamo in grado di garantire che il progetto dettagliato venga realizzato in modo da rispecchiare il pi\u00f9 possibile l&#8217;intento progettuale. Abbiamo un&#8217;esperienza eccezionale nella scelta della tecnologia, dei materiali, della selezione del personale e dei subappaltatori, forniamo materiali di riferimento come documentazione fotografica, campioni di materiali e realizziamo modellazioni 3D, progetti CAD e visualizzazioni.<\/p>\n<\/div><\/article>[\/vc_column][vc_column width=&#8221;2\/5&#8243; rt_wrp_col_paddings=&#8221;false&#8221; rt_border_top=&#8221;&#8221; rt_border_bottom=&#8221;&#8221; rt_border_left=&#8221;&#8221; rt_border_right=&#8221;&#8221; rt_border_top_mobile=&#8221;&#8221; rt_border_bottom_mobile=&#8221;&#8221; rt_border_left_mobile=&#8221;&#8221; rt_border_right_mobile=&#8221;&#8221; rt_bg_image_repeat=&#8221;repeat&#8221; rt_bg_size=&#8221;auto auto&#8221; rt_bg_position=&#8221;right top&#8221; rt_bg_attachment=&#8221;scroll&#8221;][vc_single_image image=&#8221;19471&#8243; img_size=&#8221;full&#8221; style=&#8221;vc_box_shadow_3d&#8221; css_animation=&#8221;none&#8221;][\/vc_column][\/vc_row][vc_row rt_row_background_width=&#8221;fullwidth&#8221; rt_row_content_width=&#8221;fullwidth&#8221; rt_row_style=&#8221;alt-style-2&#8243; rt_row_borders=&#8221;&#8221; rt_row_paddings=&#8221;true&#8221; rt_bg_effect=&#8221;classic&#8221; rt_bg_image_repeat=&#8221;repeat&#8221; rt_bg_size=&#8221;cover&#8221; rt_bg_position=&#8221;right top&#8221; rt_bg_attachment=&#8221;scroll&#8221; rt_bg_video_format=&#8221;self-hosted&#8221;][vc_column rt_wrp_col_paddings=&#8221;false&#8221; rt_border_top=&#8221;&#8221; rt_border_bottom=&#8221;&#8221; rt_border_left=&#8221;&#8221; rt_border_right=&#8221;&#8221; rt_border_top_mobile=&#8221;&#8221; rt_border_bottom_mobile=&#8221;&#8221; rt_border_left_mobile=&#8221;&#8221; rt_border_right_mobile=&#8221;&#8221; rt_bg_image_repeat=&#8221;repeat&#8221; rt_bg_size=&#8221;auto auto&#8221; rt_bg_position=&#8221;right top&#8221; rt_bg_attachment=&#8221;scroll&#8221;][vc_separator css_animation=&#8221;fadeInLeft&#8221; style=&#8221;style-1&#8243;][\/vc_column][\/vc_row][vc_row rt_row_background_width=&#8221;fullwidth&#8221; rt_row_content_width=&#8221;default&#8221; rt_row_style=&#8221;default-style&#8221; rt_row_borders=&#8221;&#8221; rt_row_paddings=&#8221;true&#8221; rt_bg_image=&#8221;4856&#8243; rt_bg_effect=&#8221;classic&#8221; rt_bg_image_repeat=&#8221;no-repeat&#8221; rt_bg_size=&#8221;100% auto&#8221; rt_bg_position=&#8221;left center&#8221; rt_bg_attachment=&#8221;scroll&#8221; rt_bg_video_format=&#8221;self-hosted&#8221;][vc_column width=&#8221;2\/5&#8243; rt_wrp_col_paddings=&#8221;false&#8221; rt_border_top=&#8221;&#8221; rt_border_bottom=&#8221;&#8221; rt_border_left=&#8221;&#8221; rt_border_right=&#8221;&#8221; rt_border_top_mobile=&#8221;&#8221; rt_border_bottom_mobile=&#8221;&#8221; rt_border_left_mobile=&#8221;&#8221; rt_border_right_mobile=&#8221;&#8221; rt_bg_image_repeat=&#8221;repeat&#8221; rt_bg_size=&#8221;auto auto&#8221; rt_bg_position=&#8221;right top&#8221; rt_bg_attachment=&#8221;scroll&#8221;][vc_single_image image=&#8221;19470&#8243; img_size=&#8221;full&#8221; style=&#8221;vc_box_shadow_3d&#8221; css_animation=&#8221;none&#8221;][\/vc_column][vc_column width=&#8221;3\/5&#8243; rt_wrp_col_paddings=&#8221;false&#8221; rt_border_top=&#8221;&#8221; rt_border_bottom=&#8221;&#8221; rt_border_left=&#8221;&#8221; rt_border_right=&#8221;&#8221; rt_border_top_mobile=&#8221;&#8221; rt_border_bottom_mobile=&#8221;&#8221; rt_border_left_mobile=&#8221;&#8221; rt_border_right_mobile=&#8221;&#8221; rt_bg_image_repeat=&#8221;repeat&#8221; rt_bg_size=&#8221;auto auto&#8221; rt_bg_position=&#8221;right top&#8221; rt_bg_attachment=&#8221;scroll&#8221;]<div class=\"rt_heading_wrapper style-5\">\n\t\t\t\t\t\t<h2 class=\"rt_heading  style-5\" >Gestiamo il vostro progetto dall&#8217;inizio alla fine.<\/h2>\n\t\t\t\t\t<\/div>[vc_column_text]<\/p>\n<span class=\"highlight style-1\">Per portare a termine con successo qualsiasi progetto, tutto deve essere ben organizzato con canali di comunicazione aperti tra l&#8217;investitore, la nostra azienda, il nostro staff e gli artisti.<\/span> Molti appaltatori lasciano le loro squadre per portare avanti il progetto da soli. Ci\u00f2 significa che l&#8217;investitore vede il rappresentante del contraente solo durante le trattative contrattuali e alla fine del contratto. Ogni implementazione realizzata dalla nostra azienda viene eseguita su base esclusiva e non vengono portati avanti altri progetti in parallelo durante l&#8217;implementazione. Questo ci permette di concentrarci al 100% sul compito da svolgere, supervisionando costantemente l&#8217;avanzamento dei lavori e rimanendo in costante contatto con l&#8217;investitore o l&#8217;appaltatore generale. Questo approccio consente una consultazione costante con l&#8217;investitore prima che vengano prese decisioni importanti e garantisce il massimo livello di servizio.<\/p>\n<p>[\/vc_column_text]<article  class=\"icon-content-box content-box icon-left icon-style-2\"><div class=\"icon-holder\"><span class=\"icon-right-open\"><\/span><\/div><div class=\"text-holder\"><h5 class=\"heading\">Lavoriamo solo con artisti esperti con un ampio portfolio.<\/h5> <p>Diamo la garanzia dei migliori dettagli, sia che si tratti di un intaglio dettagliato di rocce artificiali, di un rilievo o di un elemento architettonico. Assicuriamo che non eseguiamo i lavori con personale non qualificato.<\/p>\n<\/div><\/article><article  class=\"icon-content-box content-box icon-left icon-style-2\"><div class=\"icon-holder\"><span class=\"icon-right-open\"><\/span><\/div><div class=\"text-holder\"><h5 class=\"heading\">Garantiamo la qualit\u00e0 scientifica e museografica della lavorazione.<\/h5> <p>Ci sono progetti che richiedono il coinvolgimento di specialisti nei loro settori. Abbiamo esperienza nell&#8217;instaurare collaborazioni con unit\u00e0 scientifiche, come l&#8217;Istituto di Scienze Geografiche dell&#8217;Universit\u00e0 di Breslavia, per consulenze sui dettagli geologici dei nostri progetti. I progetti che richiedono questo approccio sono estremamente complessi e non possono essere realizzati da personale non qualificato, che altre aziende di costruzione di rocce artificiali non forniscono.<\/p>\n<\/div><\/article><article  class=\"icon-content-box content-box icon-left icon-style-2\"><div class=\"icon-holder\"><span class=\"icon-right-open\"><\/span><\/div><div class=\"text-holder\"><h5 class=\"heading\">Forniamo la nostra logistica per la consegna dei materiali al cantiere.<\/h5> <p>Organizziamo strutture di stoccaggio temporaneo in loco e costruiamo i nostri studi per la prefabbricazione in loco, se necessario, in qualsiasi stagione.<\/p>\n<\/div><\/article><article  class=\"icon-content-box content-box icon-left icon-style-2\"><div class=\"icon-holder\"><span class=\"icon-right-open\"><\/span><\/div><div class=\"text-holder\"><h5 class=\"heading\">Forniamo ai nostri clienti soluzioni personalizzate.<\/h5> <p>Ogni progetto \u00e8 diverso, il che significa che non diciamo all&#8217;investitore ci\u00f2 di cui ha bisogno, ma ascoltiamo ci\u00f2 che vuole. Siamo consapevoli di realizzare progetti non standard. Di conseguenza, il nostro lavoro si basa sulla collaborazione con il cliente per ottenere esattamente ci\u00f2 che desidera. Indipendentemente dalla complessit\u00e0 del compito, siamo determinati a completare il progetto al 100%.<\/p>\n<\/div><\/article>[\/vc_column][\/vc_row]<\/p>\n","protected":false},"excerpt":{"rendered":"<p>[vc_row rt_row_background_width=&#8221;fullwidth&#8221; rt_row_content_width=&#8221;default&#8221; rt_row_style=&#8221;default-style&#8221; rt_row_borders=&#8221;&#8221; rt_row_paddings=&#8221;true&#8221; rt_bg_image=&#8221;4765&#8243; rt_bg_effect=&#8221;classic&#8221; rt_bg_image_repeat=&#8221;no-repeat&#8221; rt_bg_size=&#8221;100% auto&#8221; rt_bg_position=&#8221;right center&#8221; rt_bg_attachment=&#8221;scroll&#8221; rt_bg_video_format=&#8221;self-hosted&#8221;][vc_column width=&#8221;3\/5&#8243; rt_wrp_col_paddings=&#8221;false&#8221; rt_border_top=&#8221;&#8221; rt_border_bottom=&#8221;&#8221; rt_border_left=&#8221;&#8221; rt_border_right=&#8221;&#8221; rt_border_top_mobile=&#8221;&#8221; rt_border_bottom_mobile=&#8221;&#8221; rt_border_left_mobile=&#8221;&#8221; rt_border_right_mobile=&#8221;&#8221; rt_bg_image_repeat=&#8221;repeat&#8221; rt_bg_size=&#8221;auto auto&#8221; rt_bg_position=&#8221;right top&#8221; rt_bg_attachment=&#8221;scroll&#8221;][vc_column_text] Disponiamo di team qualificati con una vasta gamma di specializzazioni, come scultori e pittori, specialisti in costruzioni in acciaio o squadre esperte di spruzzatura [&hellip;]<\/p>\n","protected":false},"author":1,"featured_media":0,"parent":0,"menu_order":0,"comment_status":"closed","ping_status":"closed","template":"","meta":{"_exactmetrics_skip_tracking":false,"_exactmetrics_sitenote_active":false,"_exactmetrics_sitenote_note":"","_exactmetrics_sitenote_category":0,"footnotes":""},"class_list":["post-19467","page","type-page","status-publish","hentry"],"yoast_head":"<!-- This site is optimized with the Yoast SEO plugin v27.1.1 - https:\/\/yoast.com\/product\/yoast-seo-wordpress\/ -->\n<title>La nostra esperienza nel settore della decorazione di grande formato | sKalisty<\/title>\n<meta name=\"description\" content=\"Cosa determina che lavorare con noi \u00e8 la scelta migliore? Come lavoriamo con il cliente per costruire rocce artificiali e decorazioni su larga scala.\" \/>\n<meta name=\"robots\" content=\"index, follow, max-snippet:-1, max-image-preview:large, max-video-preview:-1\" \/>\n<link rel=\"canonical\" href=\"https:\/\/skalisty.pl\/it\/vale-la-pena-di-scegliere-noi\/\" \/>\n<meta property=\"og:locale\" content=\"it_IT\" \/>\n<meta property=\"og:type\" content=\"article\" \/>\n<meta property=\"og:title\" content=\"La nostra esperienza nel settore della decorazione di grande formato | sKalisty\" \/>\n<meta property=\"og:description\" content=\"Cosa determina che lavorare con noi \u00e8 la scelta migliore? Come lavoriamo con il cliente per costruire rocce artificiali e decorazioni su larga scala.\" \/>\n<meta property=\"og:url\" content=\"https:\/\/skalisty.pl\/it\/vale-la-pena-di-scegliere-noi\/\" \/>\n<meta property=\"og:site_name\" content=\"sKalisty - Rocce Artificiali\" \/>\n<meta property=\"article:publisher\" content=\"https:\/\/www.facebook.com\/skalistyPL\/\" \/>\n<meta property=\"article:modified_time\" content=\"2022-12-12T08:21:20+00:00\" \/>\n<meta name=\"twitter:card\" content=\"summary_large_image\" \/>\n<meta name=\"twitter:site\" content=\"@sztuczne_skaly\" \/>\n<meta name=\"twitter:label1\" content=\"Tempo di lettura stimato\" \/>\n\t<meta name=\"twitter:data1\" content=\"7 minuti\" \/>\n<script type=\"application\/ld+json\" class=\"yoast-schema-graph\">{\"@context\":\"https:\/\/schema.org\",\"@graph\":[{\"@type\":\"WebPage\",\"@id\":\"https:\/\/skalisty.pl\/it\/vale-la-pena-di-scegliere-noi\/\",\"url\":\"https:\/\/skalisty.pl\/it\/vale-la-pena-di-scegliere-noi\/\",\"name\":\"La nostra esperienza nel settore della decorazione di grande formato | sKalisty\",\"isPartOf\":{\"@id\":\"https:\/\/skalisty.pl\/it\/#website\"},\"datePublished\":\"2022-12-12T08:16:27+00:00\",\"dateModified\":\"2022-12-12T08:21:20+00:00\",\"description\":\"Cosa determina che lavorare con noi \u00e8 la scelta migliore? Come lavoriamo con il cliente per costruire rocce artificiali e decorazioni su larga scala.\",\"breadcrumb\":{\"@id\":\"https:\/\/skalisty.pl\/it\/vale-la-pena-di-scegliere-noi\/#breadcrumb\"},\"inLanguage\":\"it-IT\",\"potentialAction\":[{\"@type\":\"ReadAction\",\"target\":[\"https:\/\/skalisty.pl\/it\/vale-la-pena-di-scegliere-noi\/\"]}]},{\"@type\":\"BreadcrumbList\",\"@id\":\"https:\/\/skalisty.pl\/it\/vale-la-pena-di-scegliere-noi\/#breadcrumb\",\"itemListElement\":[{\"@type\":\"ListItem\",\"position\":1,\"name\":\"Home\",\"item\":\"https:\/\/skalisty.pl\/it\/\"},{\"@type\":\"ListItem\",\"position\":2,\"name\":\"Cosa determina che lavorare con noi \u00e8 la scelta migliore?\"}]},{\"@type\":\"WebSite\",\"@id\":\"https:\/\/skalisty.pl\/it\/#website\",\"url\":\"https:\/\/skalisty.pl\/it\/\",\"name\":\"sKalisty - Rocce Artificiali\",\"description\":\"\",\"publisher\":{\"@id\":\"https:\/\/skalisty.pl\/it\/#organization\"},\"potentialAction\":[{\"@type\":\"SearchAction\",\"target\":{\"@type\":\"EntryPoint\",\"urlTemplate\":\"https:\/\/skalisty.pl\/it\/?s={search_term_string}\"},\"query-input\":{\"@type\":\"PropertyValueSpecification\",\"valueRequired\":true,\"valueName\":\"search_term_string\"}}],\"inLanguage\":\"it-IT\"},{\"@type\":\"Organization\",\"@id\":\"https:\/\/skalisty.pl\/it\/#organization\",\"name\":\"sKalisty - Rocce Artificiali\",\"url\":\"https:\/\/skalisty.pl\/it\/\",\"logo\":{\"@type\":\"ImageObject\",\"inLanguage\":\"it-IT\",\"@id\":\"https:\/\/skalisty.pl\/it\/#\/schema\/logo\/image\/\",\"url\":\"https:\/\/static.skalisty.pl\/uploads\/2020\/01\/skalisty-schema-logo-2020.png\",\"contentUrl\":\"https:\/\/static.skalisty.pl\/uploads\/2020\/01\/skalisty-schema-logo-2020.png\",\"width\":1090,\"height\":238,\"caption\":\"sKalisty - Rocce Artificiali\"},\"image\":{\"@id\":\"https:\/\/skalisty.pl\/it\/#\/schema\/logo\/image\/\"},\"sameAs\":[\"https:\/\/www.facebook.com\/skalistyPL\/\",\"https:\/\/x.com\/sztuczne_skaly\",\"https:\/\/www.youtube.com\/channel\/UCkvotuS2nyEefXsMM5zd3Mw\"]}]}<\/script>\n<!-- \/ Yoast SEO plugin. -->","yoast_head_json":{"title":"La nostra esperienza nel settore della decorazione di grande formato | sKalisty","description":"Cosa determina che lavorare con noi \u00e8 la scelta migliore? Come lavoriamo con il cliente per costruire rocce artificiali e decorazioni su larga scala.","robots":{"index":"index","follow":"follow","max-snippet":"max-snippet:-1","max-image-preview":"max-image-preview:large","max-video-preview":"max-video-preview:-1"},"canonical":"https:\/\/skalisty.pl\/it\/vale-la-pena-di-scegliere-noi\/","og_locale":"it_IT","og_type":"article","og_title":"La nostra esperienza nel settore della decorazione di grande formato | sKalisty","og_description":"Cosa determina che lavorare con noi \u00e8 la scelta migliore? Come lavoriamo con il cliente per costruire rocce artificiali e decorazioni su larga scala.","og_url":"https:\/\/skalisty.pl\/it\/vale-la-pena-di-scegliere-noi\/","og_site_name":"sKalisty - Rocce Artificiali","article_publisher":"https:\/\/www.facebook.com\/skalistyPL\/","article_modified_time":"2022-12-12T08:21:20+00:00","twitter_card":"summary_large_image","twitter_site":"@sztuczne_skaly","twitter_misc":{"Tempo di lettura stimato":"7 minuti"},"schema":{"@context":"https:\/\/schema.org","@graph":[{"@type":"WebPage","@id":"https:\/\/skalisty.pl\/it\/vale-la-pena-di-scegliere-noi\/","url":"https:\/\/skalisty.pl\/it\/vale-la-pena-di-scegliere-noi\/","name":"La nostra esperienza nel settore della decorazione di grande formato | sKalisty","isPartOf":{"@id":"https:\/\/skalisty.pl\/it\/#website"},"datePublished":"2022-12-12T08:16:27+00:00","dateModified":"2022-12-12T08:21:20+00:00","description":"Cosa determina che lavorare con noi \u00e8 la scelta migliore? Come lavoriamo con il cliente per costruire rocce artificiali e decorazioni su larga scala.","breadcrumb":{"@id":"https:\/\/skalisty.pl\/it\/vale-la-pena-di-scegliere-noi\/#breadcrumb"},"inLanguage":"it-IT","potentialAction":[{"@type":"ReadAction","target":["https:\/\/skalisty.pl\/it\/vale-la-pena-di-scegliere-noi\/"]}]},{"@type":"BreadcrumbList","@id":"https:\/\/skalisty.pl\/it\/vale-la-pena-di-scegliere-noi\/#breadcrumb","itemListElement":[{"@type":"ListItem","position":1,"name":"Home","item":"https:\/\/skalisty.pl\/it\/"},{"@type":"ListItem","position":2,"name":"Cosa determina che lavorare con noi \u00e8 la scelta migliore?"}]},{"@type":"WebSite","@id":"https:\/\/skalisty.pl\/it\/#website","url":"https:\/\/skalisty.pl\/it\/","name":"sKalisty - Rocce Artificiali","description":"","publisher":{"@id":"https:\/\/skalisty.pl\/it\/#organization"},"potentialAction":[{"@type":"SearchAction","target":{"@type":"EntryPoint","urlTemplate":"https:\/\/skalisty.pl\/it\/?s={search_term_string}"},"query-input":{"@type":"PropertyValueSpecification","valueRequired":true,"valueName":"search_term_string"}}],"inLanguage":"it-IT"},{"@type":"Organization","@id":"https:\/\/skalisty.pl\/it\/#organization","name":"sKalisty - Rocce Artificiali","url":"https:\/\/skalisty.pl\/it\/","logo":{"@type":"ImageObject","inLanguage":"it-IT","@id":"https:\/\/skalisty.pl\/it\/#\/schema\/logo\/image\/","url":"https:\/\/static.skalisty.pl\/uploads\/2020\/01\/skalisty-schema-logo-2020.png","contentUrl":"https:\/\/static.skalisty.pl\/uploads\/2020\/01\/skalisty-schema-logo-2020.png","width":1090,"height":238,"caption":"sKalisty - Rocce Artificiali"},"image":{"@id":"https:\/\/skalisty.pl\/it\/#\/schema\/logo\/image\/"},"sameAs":["https:\/\/www.facebook.com\/skalistyPL\/","https:\/\/x.com\/sztuczne_skaly","https:\/\/www.youtube.com\/channel\/UCkvotuS2nyEefXsMM5zd3Mw"]}]}},"_links":{"self":[{"href":"https:\/\/skalisty.pl\/it\/wp-json\/wp\/v2\/pages\/19467","targetHints":{"allow":["GET"]}}],"collection":[{"href":"https:\/\/skalisty.pl\/it\/wp-json\/wp\/v2\/pages"}],"about":[{"href":"https:\/\/skalisty.pl\/it\/wp-json\/wp\/v2\/types\/page"}],"author":[{"embeddable":true,"href":"https:\/\/skalisty.pl\/it\/wp-json\/wp\/v2\/users\/1"}],"replies":[{"embeddable":true,"href":"https:\/\/skalisty.pl\/it\/wp-json\/wp\/v2\/comments?post=19467"}],"version-history":[{"count":5,"href":"https:\/\/skalisty.pl\/it\/wp-json\/wp\/v2\/pages\/19467\/revisions"}],"predecessor-version":[{"id":19476,"href":"https:\/\/skalisty.pl\/it\/wp-json\/wp\/v2\/pages\/19467\/revisions\/19476"}],"wp:attachment":[{"href":"https:\/\/skalisty.pl\/it\/wp-json\/wp\/v2\/media?parent=19467"}],"curies":[{"name":"wp","href":"https:\/\/api.w.org\/{rel}","templated":true}]}}