{"id":19426,"date":"2022-12-11T22:26:44","date_gmt":"2022-12-11T21:26:44","guid":{"rendered":"https:\/\/skalisty.pl\/offerta\/per-linvestitore\/"},"modified":"2022-12-14T14:13:35","modified_gmt":"2022-12-14T13:13:35","slug":"per-linvestitore","status":"publish","type":"page","link":"https:\/\/skalisty.pl\/it\/offerta\/per-linvestitore\/","title":{"rendered":"Per l&#8217;investitore"},"content":{"rendered":"<p>[vc_row rt_row_background_width=&#8221;fullwidth&#8221; rt_row_content_width=&#8221;default&#8221; rt_row_style=&#8221;default-style&#8221; rt_row_borders=&#8221;&#8221; rt_row_paddings=&#8221;true&#8221; rt_bg_image=&#8221;4765&#8243; rt_bg_effect=&#8221;classic&#8221; rt_bg_image_repeat=&#8221;no-repeat&#8221; rt_bg_size=&#8221;100% auto&#8221; rt_bg_position=&#8221;center center&#8221; rt_bg_attachment=&#8221;scroll&#8221; rt_bg_video_format=&#8221;self-hosted&#8221; rt_padding_left=&#8221;0&#8243; rt_padding_right=&#8221;0&#8243; rt_padding_bottom=&#8221;0&#8243;][vc_column rt_wrp_col_paddings=&#8221;false&#8221; rt_border_top=&#8221;&#8221; rt_border_bottom=&#8221;&#8221; rt_border_left=&#8221;&#8221; rt_border_right=&#8221;&#8221; rt_border_top_mobile=&#8221;&#8221; rt_border_bottom_mobile=&#8221;&#8221; rt_border_left_mobile=&#8221;&#8221; rt_border_right_mobile=&#8221;&#8221; rt_bg_image_repeat=&#8221;repeat&#8221; rt_bg_size=&#8221;auto auto&#8221; rt_bg_position=&#8221;right top&#8221; rt_bg_attachment=&#8221;scroll&#8221;][vc_row_inner rt_row_style=&#8221;global-style&#8221; rt_column_placement=&#8221;middle&#8221; rt_row_borders=&#8221;&#8221; rt_row_paddings=&#8221;true&#8221; rt_bg_effect=&#8221;parallax&#8221; rt_bg_parallax_effect=&#8221;3&#8243; rt_pspeed=&#8221;2&#8243; rt_bg_image_repeat=&#8221;repeat&#8221; rt_bg_size=&#8221;cover&#8221; rt_bg_position=&#8221;right top&#8221; rt_bg_video_format=&#8221;self-hosted&#8221;][vc_column_inner width=&#8221;2\/3&#8243; rt_wrp_col_paddings=&#8221;false&#8221; rt_border_top=&#8221;&#8221; rt_border_bottom=&#8221;&#8221; rt_border_left=&#8221;&#8221; rt_border_right=&#8221;&#8221; rt_border_top_mobile=&#8221;&#8221; rt_border_bottom_mobile=&#8221;&#8221; rt_border_left_mobile=&#8221;&#8221; rt_border_right_mobile=&#8221;&#8221; rt_bg_image_repeat=&#8221;no-repeat&#8221; rt_bg_size=&#8221;100% auto&#8221; rt_bg_position=&#8221;center center&#8221; rt_bg_attachment=&#8221;scroll&#8221;]<div class=\"rt_heading_wrapper style-5\">\n\t\t\t\t\t\t<h2 class=\"rt_heading  style-5\" >SUPERVISIONE DELL&#8217;ATTUAZIONE DEL PROGETTO<\/h2>\n\t\t\t\t\t<\/div>[vc_column_text]<\/p>\n<span class=\"highlight style-1\">Anche il progetto meglio preparato \u00e8 solo un abbozzo dell&#8217;investimento previsto.<\/span> Il metodo di implementazione \u00e8 il processo pi\u00f9 significativo e quello che determiner\u00e0 il successo o meno dell&#8217;integrit\u00e0 visiva finale. Durante la fase di costruzione, \u00e8 importante non concentrarsi solo sul quadro generale, ma anche prestare particolare attenzione alla miriade di piccoli dettagli che danno anima e carattere allo sviluppo completato. Solo con questo approccio possiamo garantire che il risultato sia una riproduzione fedele di un ambiente che convince e attira con i suoi dettagli.<\/p>\n<p>[\/vc_column_text][vc_empty_space]<article  class=\"icon-content-box content-box icon-left icon-style-2\"><div class=\"icon-holder\"><span class=\"icon-right-open\"><\/span><\/div><div class=\"text-holder\"><h5 class=\"heading\">Supervisione dell'attuazione del progetto.<\/h5> <p>Che si tratti di rocce artificiali, repliche di alberi e altre piante, modelli di animali, ricostruzioni architettoniche di epoche o culture diverse, si tratta sempre di accuratezza e attenzione ai minimi dettagli, per garantire un aspetto il pi\u00f9 naturale possibile. Forniamo una supervisione del progetto per garantire l&#8217;effetto desiderato, l&#8217;integrit\u00e0 e la qualit\u00e0 dell&#8217;esecuzione.<\/p>\n<\/div><\/article><article  class=\"icon-content-box content-box icon-left icon-style-2\"><div class=\"icon-holder\"><span class=\"icon-right-open\"><\/span><\/div><div class=\"text-holder\"><h5 class=\"heading\">Supervisione dell'esecuzione, dei materiali e del personale in ogni fase della costruzione.<\/h5> <p>Ci assicuriamo che la fase di costruzione sia eseguita nel rispetto delle specifiche di progetto e dei materiali. La nostra supervisione comprende anche la selezione di artisti, scenografi e subappaltatori coinvolti nella realizzazione delle decorazioni.<\/p>\n<\/div><\/article><article  class=\"icon-content-box content-box icon-left icon-style-2\"><div class=\"icon-holder\"><span class=\"icon-right-open\"><\/span><\/div><div class=\"text-holder\"><h5 class=\"heading\">Consulenza industriale e supporto ai progetti.<\/h5> <p>Forniamo consulenza sui materiali e sulle tecnologie, forniamo documentazione fotografica e materiale di riferimento, costruiamo modelli 3D, creiamo progetti e mock-up. Soprattutto, forniamo una supervisione in loco e una gestione artistica del progetto.<\/p>\n<\/div><\/article>[vc_empty_space][\/vc_column_inner][vc_column_inner width=&#8221;1\/3&#8243; rt_wrp_col_paddings=&#8221;false&#8221; rt_border_top=&#8221;&#8221; rt_border_bottom=&#8221;&#8221; rt_border_left=&#8221;&#8221; rt_border_right=&#8221;&#8221; rt_border_top_mobile=&#8221;&#8221; rt_border_bottom_mobile=&#8221;&#8221; rt_border_left_mobile=&#8221;&#8221; rt_border_right_mobile=&#8221;&#8221; rt_bg_image_repeat=&#8221;repeat&#8221; rt_bg_size=&#8221;auto auto&#8221; rt_bg_position=&#8221;right top&#8221; rt_bg_attachment=&#8221;scroll&#8221;][vc_single_image image=&#8221;19427&#8243; img_size=&#8221;full&#8221; alignment=&#8221;center&#8221; style=&#8221;vc_box_shadow_3d&#8221;][vc_single_image image=&#8221;19428&#8243; img_size=&#8221;full&#8221; alignment=&#8221;center&#8221; style=&#8221;vc_box_shadow_3d&#8221;][\/vc_column_inner][\/vc_row_inner][vc_row_inner rt_row_style=&#8221;global-style&#8221; rt_row_borders=&#8221;&#8221; rt_row_paddings=&#8221;true&#8221; rt_bg_effect=&#8221;classic&#8221; rt_bg_image_repeat=&#8221;repeat&#8221; rt_bg_size=&#8221;cover&#8221; rt_bg_position=&#8221;right top&#8221; rt_bg_attachment=&#8221;scroll&#8221; rt_bg_video_format=&#8221;self-hosted&#8221; rt_padding_top=&#8221;18&#8243;][vc_column_inner width=&#8221;1\/3&#8243; rt_wrp_col_paddings=&#8221;false&#8221; rt_border_top=&#8221;&#8221; rt_border_bottom=&#8221;&#8221; rt_border_left=&#8221;&#8221; rt_border_right=&#8221;&#8221; rt_border_top_mobile=&#8221;&#8221; rt_border_bottom_mobile=&#8221;&#8221; rt_border_left_mobile=&#8221;&#8221; rt_border_right_mobile=&#8221;&#8221; rt_bg_image_repeat=&#8221;repeat&#8221; rt_bg_size=&#8221;auto auto&#8221; rt_bg_position=&#8221;right top&#8221; rt_bg_attachment=&#8221;scroll&#8221;][vc_single_image image=&#8221;19429&#8243; img_size=&#8221;full&#8221; alignment=&#8221;center&#8221; style=&#8221;vc_box_shadow_3d&#8221;][\/vc_column_inner][vc_column_inner width=&#8221;1\/3&#8243; rt_wrp_col_paddings=&#8221;false&#8221; rt_border_top=&#8221;&#8221; rt_border_bottom=&#8221;&#8221; rt_border_left=&#8221;&#8221; rt_border_right=&#8221;&#8221; rt_border_top_mobile=&#8221;&#8221; rt_border_bottom_mobile=&#8221;&#8221; rt_border_left_mobile=&#8221;&#8221; rt_border_right_mobile=&#8221;&#8221; rt_bg_image_repeat=&#8221;repeat&#8221; rt_bg_size=&#8221;auto auto&#8221; rt_bg_position=&#8221;right top&#8221; rt_bg_attachment=&#8221;scroll&#8221;][vc_single_image image=&#8221;19430&#8243; img_size=&#8221;full&#8221; alignment=&#8221;center&#8221; style=&#8221;vc_box_shadow_3d&#8221;][\/vc_column_inner][vc_column_inner width=&#8221;1\/3&#8243; rt_wrp_col_paddings=&#8221;false&#8221; rt_border_top=&#8221;&#8221; rt_border_bottom=&#8221;&#8221; rt_border_left=&#8221;&#8221; rt_border_right=&#8221;&#8221; rt_border_top_mobile=&#8221;&#8221; rt_border_bottom_mobile=&#8221;&#8221; rt_border_left_mobile=&#8221;&#8221; rt_border_right_mobile=&#8221;&#8221; rt_bg_image_repeat=&#8221;repeat&#8221; rt_bg_size=&#8221;auto auto&#8221; rt_bg_position=&#8221;right top&#8221; rt_bg_attachment=&#8221;scroll&#8221;][vc_single_image image=&#8221;19431&#8243; img_size=&#8221;full&#8221; alignment=&#8221;center&#8221; style=&#8221;vc_box_shadow_3d&#8221;][\/vc_column_inner][\/vc_row_inner][vc_empty_space height=&#8221;50px&#8221;][\/vc_column][\/vc_row]<\/p>\n","protected":false},"excerpt":{"rendered":"<p>[vc_row rt_row_background_width=&#8221;fullwidth&#8221; rt_row_content_width=&#8221;default&#8221; rt_row_style=&#8221;default-style&#8221; rt_row_borders=&#8221;&#8221; rt_row_paddings=&#8221;true&#8221; rt_bg_image=&#8221;4765&#8243; rt_bg_effect=&#8221;classic&#8221; rt_bg_image_repeat=&#8221;no-repeat&#8221; rt_bg_size=&#8221;100% auto&#8221; rt_bg_position=&#8221;center center&#8221; rt_bg_attachment=&#8221;scroll&#8221; rt_bg_video_format=&#8221;self-hosted&#8221; rt_padding_left=&#8221;0&#8243; rt_padding_right=&#8221;0&#8243; rt_padding_bottom=&#8221;0&#8243;][vc_column rt_wrp_col_paddings=&#8221;false&#8221; rt_border_top=&#8221;&#8221; rt_border_bottom=&#8221;&#8221; rt_border_left=&#8221;&#8221; rt_border_right=&#8221;&#8221; rt_border_top_mobile=&#8221;&#8221; rt_border_bottom_mobile=&#8221;&#8221; rt_border_left_mobile=&#8221;&#8221; rt_border_right_mobile=&#8221;&#8221; rt_bg_image_repeat=&#8221;repeat&#8221; rt_bg_size=&#8221;auto auto&#8221; rt_bg_position=&#8221;right top&#8221; rt_bg_attachment=&#8221;scroll&#8221;][vc_row_inner rt_row_style=&#8221;global-style&#8221; rt_column_placement=&#8221;middle&#8221; rt_row_borders=&#8221;&#8221; rt_row_paddings=&#8221;true&#8221; rt_bg_effect=&#8221;parallax&#8221; rt_bg_parallax_effect=&#8221;3&#8243; rt_pspeed=&#8221;2&#8243; rt_bg_image_repeat=&#8221;repeat&#8221; rt_bg_size=&#8221;cover&#8221; rt_bg_position=&#8221;right top&#8221; rt_bg_video_format=&#8221;self-hosted&#8221;][vc_column_inner width=&#8221;2\/3&#8243; rt_wrp_col_paddings=&#8221;false&#8221; rt_border_top=&#8221;&#8221; rt_border_bottom=&#8221;&#8221; rt_border_left=&#8221;&#8221; rt_border_right=&#8221;&#8221; rt_border_top_mobile=&#8221;&#8221; rt_border_bottom_mobile=&#8221;&#8221; rt_border_left_mobile=&#8221;&#8221; rt_border_right_mobile=&#8221;&#8221; [&hellip;]<\/p>\n","protected":false},"author":1,"featured_media":19590,"parent":18844,"menu_order":0,"comment_status":"closed","ping_status":"closed","template":"","meta":{"_exactmetrics_skip_tracking":false,"_exactmetrics_sitenote_active":false,"_exactmetrics_sitenote_note":"","_exactmetrics_sitenote_category":0,"footnotes":""},"class_list":["post-19426","page","type-page","status-publish","has-post-thumbnail","hentry"],"yoast_head":"<!-- This site is optimized with the Yoast SEO plugin v27.1.1 - https:\/\/yoast.com\/product\/yoast-seo-wordpress\/ -->\n<title>Gestione del progetto e supervisione concettuale | Per l&#039;investitore | sKalisty<\/title>\n<meta name=\"description\" content=\"Forniamo una supervisione del progetto per garantire che l&#039;effetto desiderato, l&#039;integrit\u00e0 e la qualit\u00e0 dell&#039;esecuzione siano raggiunti dal punto di vista artistico.\" \/>\n<meta name=\"robots\" content=\"index, follow, max-snippet:-1, max-image-preview:large, max-video-preview:-1\" \/>\n<link rel=\"canonical\" href=\"https:\/\/skalisty.pl\/it\/offerta\/per-linvestitore\/\" \/>\n<meta property=\"og:locale\" content=\"it_IT\" \/>\n<meta property=\"og:type\" content=\"article\" \/>\n<meta property=\"og:title\" content=\"Gestione del progetto e supervisione concettuale | Per l&#039;investitore | sKalisty\" \/>\n<meta property=\"og:description\" content=\"Forniamo una supervisione del progetto per garantire che l&#039;effetto desiderato, l&#039;integrit\u00e0 e la qualit\u00e0 dell&#039;esecuzione siano raggiunti dal punto di vista artistico.\" \/>\n<meta property=\"og:url\" content=\"https:\/\/skalisty.pl\/it\/offerta\/per-linvestitore\/\" \/>\n<meta property=\"og:site_name\" content=\"sKalisty - Rocce Artificiali\" \/>\n<meta property=\"article:publisher\" content=\"https:\/\/www.facebook.com\/skalistyPL\/\" \/>\n<meta property=\"article:modified_time\" content=\"2022-12-14T13:13:35+00:00\" \/>\n<meta property=\"og:image\" content=\"https:\/\/static.skalisty.pl\/uploads\/2022\/12\/dla-inwestorow-oferta.jpg\" \/>\n\t<meta property=\"og:image:width\" content=\"400\" \/>\n\t<meta property=\"og:image:height\" content=\"800\" \/>\n\t<meta property=\"og:image:type\" content=\"image\/jpeg\" \/>\n<meta name=\"twitter:card\" content=\"summary_large_image\" \/>\n<meta name=\"twitter:site\" content=\"@sztuczne_skaly\" \/>\n<meta name=\"twitter:label1\" content=\"Tempo di lettura stimato\" \/>\n\t<meta name=\"twitter:data1\" content=\"3 minuti\" \/>\n<script type=\"application\/ld+json\" class=\"yoast-schema-graph\">{\"@context\":\"https:\/\/schema.org\",\"@graph\":[{\"@type\":\"WebPage\",\"@id\":\"https:\/\/skalisty.pl\/it\/offerta\/per-linvestitore\/\",\"url\":\"https:\/\/skalisty.pl\/it\/offerta\/per-linvestitore\/\",\"name\":\"Gestione del progetto e supervisione concettuale | Per l'investitore | sKalisty\",\"isPartOf\":{\"@id\":\"https:\/\/skalisty.pl\/it\/#website\"},\"primaryImageOfPage\":{\"@id\":\"https:\/\/skalisty.pl\/it\/offerta\/per-linvestitore\/#primaryimage\"},\"image\":{\"@id\":\"https:\/\/skalisty.pl\/it\/offerta\/per-linvestitore\/#primaryimage\"},\"thumbnailUrl\":\"https:\/\/static.skalisty.pl\/uploads\/2022\/12\/dla-inwestorow-oferta.jpg\",\"datePublished\":\"2022-12-11T21:26:44+00:00\",\"dateModified\":\"2022-12-14T13:13:35+00:00\",\"description\":\"Forniamo una supervisione del progetto per garantire che l'effetto desiderato, l'integrit\u00e0 e la qualit\u00e0 dell'esecuzione siano raggiunti dal punto di vista artistico.\",\"breadcrumb\":{\"@id\":\"https:\/\/skalisty.pl\/it\/offerta\/per-linvestitore\/#breadcrumb\"},\"inLanguage\":\"it-IT\",\"potentialAction\":[{\"@type\":\"ReadAction\",\"target\":[\"https:\/\/skalisty.pl\/it\/offerta\/per-linvestitore\/\"]}]},{\"@type\":\"ImageObject\",\"inLanguage\":\"it-IT\",\"@id\":\"https:\/\/skalisty.pl\/it\/offerta\/per-linvestitore\/#primaryimage\",\"url\":\"https:\/\/static.skalisty.pl\/uploads\/2022\/12\/dla-inwestorow-oferta.jpg\",\"contentUrl\":\"https:\/\/static.skalisty.pl\/uploads\/2022\/12\/dla-inwestorow-oferta.jpg\",\"width\":400,\"height\":800},{\"@type\":\"BreadcrumbList\",\"@id\":\"https:\/\/skalisty.pl\/it\/offerta\/per-linvestitore\/#breadcrumb\",\"itemListElement\":[{\"@type\":\"ListItem\",\"position\":1,\"name\":\"Home\",\"item\":\"https:\/\/skalisty.pl\/it\/\"},{\"@type\":\"ListItem\",\"position\":2,\"name\":\"Offerta\",\"item\":\"https:\/\/skalisty.pl\/it\/offerta\/\"},{\"@type\":\"ListItem\",\"position\":3,\"name\":\"Per l&#8217;investitore\"}]},{\"@type\":\"WebSite\",\"@id\":\"https:\/\/skalisty.pl\/it\/#website\",\"url\":\"https:\/\/skalisty.pl\/it\/\",\"name\":\"sKalisty - Rocce Artificiali\",\"description\":\"\",\"publisher\":{\"@id\":\"https:\/\/skalisty.pl\/it\/#organization\"},\"potentialAction\":[{\"@type\":\"SearchAction\",\"target\":{\"@type\":\"EntryPoint\",\"urlTemplate\":\"https:\/\/skalisty.pl\/it\/?s={search_term_string}\"},\"query-input\":{\"@type\":\"PropertyValueSpecification\",\"valueRequired\":true,\"valueName\":\"search_term_string\"}}],\"inLanguage\":\"it-IT\"},{\"@type\":\"Organization\",\"@id\":\"https:\/\/skalisty.pl\/it\/#organization\",\"name\":\"sKalisty - Rocce Artificiali\",\"url\":\"https:\/\/skalisty.pl\/it\/\",\"logo\":{\"@type\":\"ImageObject\",\"inLanguage\":\"it-IT\",\"@id\":\"https:\/\/skalisty.pl\/it\/#\/schema\/logo\/image\/\",\"url\":\"https:\/\/static.skalisty.pl\/uploads\/2020\/01\/skalisty-schema-logo-2020.png\",\"contentUrl\":\"https:\/\/static.skalisty.pl\/uploads\/2020\/01\/skalisty-schema-logo-2020.png\",\"width\":1090,\"height\":238,\"caption\":\"sKalisty - Rocce Artificiali\"},\"image\":{\"@id\":\"https:\/\/skalisty.pl\/it\/#\/schema\/logo\/image\/\"},\"sameAs\":[\"https:\/\/www.facebook.com\/skalistyPL\/\",\"https:\/\/x.com\/sztuczne_skaly\",\"https:\/\/www.youtube.com\/channel\/UCkvotuS2nyEefXsMM5zd3Mw\"]}]}<\/script>\n<!-- \/ Yoast SEO plugin. -->","yoast_head_json":{"title":"Gestione del progetto e supervisione concettuale | Per l'investitore | sKalisty","description":"Forniamo una supervisione del progetto per garantire che l'effetto desiderato, l'integrit\u00e0 e la qualit\u00e0 dell'esecuzione siano raggiunti dal punto di vista artistico.","robots":{"index":"index","follow":"follow","max-snippet":"max-snippet:-1","max-image-preview":"max-image-preview:large","max-video-preview":"max-video-preview:-1"},"canonical":"https:\/\/skalisty.pl\/it\/offerta\/per-linvestitore\/","og_locale":"it_IT","og_type":"article","og_title":"Gestione del progetto e supervisione concettuale | Per l'investitore | sKalisty","og_description":"Forniamo una supervisione del progetto per garantire che l'effetto desiderato, l'integrit\u00e0 e la qualit\u00e0 dell'esecuzione siano raggiunti dal punto di vista artistico.","og_url":"https:\/\/skalisty.pl\/it\/offerta\/per-linvestitore\/","og_site_name":"sKalisty - Rocce Artificiali","article_publisher":"https:\/\/www.facebook.com\/skalistyPL\/","article_modified_time":"2022-12-14T13:13:35+00:00","og_image":[{"width":400,"height":800,"url":"https:\/\/static.skalisty.pl\/uploads\/2022\/12\/dla-inwestorow-oferta.jpg","type":"image\/jpeg"}],"twitter_card":"summary_large_image","twitter_site":"@sztuczne_skaly","twitter_misc":{"Tempo di lettura stimato":"3 minuti"},"schema":{"@context":"https:\/\/schema.org","@graph":[{"@type":"WebPage","@id":"https:\/\/skalisty.pl\/it\/offerta\/per-linvestitore\/","url":"https:\/\/skalisty.pl\/it\/offerta\/per-linvestitore\/","name":"Gestione del progetto e supervisione concettuale | Per l'investitore | sKalisty","isPartOf":{"@id":"https:\/\/skalisty.pl\/it\/#website"},"primaryImageOfPage":{"@id":"https:\/\/skalisty.pl\/it\/offerta\/per-linvestitore\/#primaryimage"},"image":{"@id":"https:\/\/skalisty.pl\/it\/offerta\/per-linvestitore\/#primaryimage"},"thumbnailUrl":"https:\/\/static.skalisty.pl\/uploads\/2022\/12\/dla-inwestorow-oferta.jpg","datePublished":"2022-12-11T21:26:44+00:00","dateModified":"2022-12-14T13:13:35+00:00","description":"Forniamo una supervisione del progetto per garantire che l'effetto desiderato, l'integrit\u00e0 e la qualit\u00e0 dell'esecuzione siano raggiunti dal punto di vista artistico.","breadcrumb":{"@id":"https:\/\/skalisty.pl\/it\/offerta\/per-linvestitore\/#breadcrumb"},"inLanguage":"it-IT","potentialAction":[{"@type":"ReadAction","target":["https:\/\/skalisty.pl\/it\/offerta\/per-linvestitore\/"]}]},{"@type":"ImageObject","inLanguage":"it-IT","@id":"https:\/\/skalisty.pl\/it\/offerta\/per-linvestitore\/#primaryimage","url":"https:\/\/static.skalisty.pl\/uploads\/2022\/12\/dla-inwestorow-oferta.jpg","contentUrl":"https:\/\/static.skalisty.pl\/uploads\/2022\/12\/dla-inwestorow-oferta.jpg","width":400,"height":800},{"@type":"BreadcrumbList","@id":"https:\/\/skalisty.pl\/it\/offerta\/per-linvestitore\/#breadcrumb","itemListElement":[{"@type":"ListItem","position":1,"name":"Home","item":"https:\/\/skalisty.pl\/it\/"},{"@type":"ListItem","position":2,"name":"Offerta","item":"https:\/\/skalisty.pl\/it\/offerta\/"},{"@type":"ListItem","position":3,"name":"Per l&#8217;investitore"}]},{"@type":"WebSite","@id":"https:\/\/skalisty.pl\/it\/#website","url":"https:\/\/skalisty.pl\/it\/","name":"sKalisty - Rocce Artificiali","description":"","publisher":{"@id":"https:\/\/skalisty.pl\/it\/#organization"},"potentialAction":[{"@type":"SearchAction","target":{"@type":"EntryPoint","urlTemplate":"https:\/\/skalisty.pl\/it\/?s={search_term_string}"},"query-input":{"@type":"PropertyValueSpecification","valueRequired":true,"valueName":"search_term_string"}}],"inLanguage":"it-IT"},{"@type":"Organization","@id":"https:\/\/skalisty.pl\/it\/#organization","name":"sKalisty - Rocce Artificiali","url":"https:\/\/skalisty.pl\/it\/","logo":{"@type":"ImageObject","inLanguage":"it-IT","@id":"https:\/\/skalisty.pl\/it\/#\/schema\/logo\/image\/","url":"https:\/\/static.skalisty.pl\/uploads\/2020\/01\/skalisty-schema-logo-2020.png","contentUrl":"https:\/\/static.skalisty.pl\/uploads\/2020\/01\/skalisty-schema-logo-2020.png","width":1090,"height":238,"caption":"sKalisty - Rocce Artificiali"},"image":{"@id":"https:\/\/skalisty.pl\/it\/#\/schema\/logo\/image\/"},"sameAs":["https:\/\/www.facebook.com\/skalistyPL\/","https:\/\/x.com\/sztuczne_skaly","https:\/\/www.youtube.com\/channel\/UCkvotuS2nyEefXsMM5zd3Mw"]}]}},"_links":{"self":[{"href":"https:\/\/skalisty.pl\/it\/wp-json\/wp\/v2\/pages\/19426","targetHints":{"allow":["GET"]}}],"collection":[{"href":"https:\/\/skalisty.pl\/it\/wp-json\/wp\/v2\/pages"}],"about":[{"href":"https:\/\/skalisty.pl\/it\/wp-json\/wp\/v2\/types\/page"}],"author":[{"embeddable":true,"href":"https:\/\/skalisty.pl\/it\/wp-json\/wp\/v2\/users\/1"}],"replies":[{"embeddable":true,"href":"https:\/\/skalisty.pl\/it\/wp-json\/wp\/v2\/comments?post=19426"}],"version-history":[{"count":5,"href":"https:\/\/skalisty.pl\/it\/wp-json\/wp\/v2\/pages\/19426\/revisions"}],"predecessor-version":[{"id":19436,"href":"https:\/\/skalisty.pl\/it\/wp-json\/wp\/v2\/pages\/19426\/revisions\/19436"}],"up":[{"embeddable":true,"href":"https:\/\/skalisty.pl\/it\/wp-json\/wp\/v2\/pages\/18844"}],"wp:featuredmedia":[{"embeddable":true,"href":"https:\/\/skalisty.pl\/it\/wp-json\/wp\/v2\/media\/19590"}],"wp:attachment":[{"href":"https:\/\/skalisty.pl\/it\/wp-json\/wp\/v2\/media?parent=19426"}],"curies":[{"name":"wp","href":"https:\/\/api.w.org\/{rel}","templated":true}]}}