{"id":22926,"date":"2023-01-06T13:13:50","date_gmt":"2023-01-06T12:13:50","guid":{"rendered":"https:\/\/skalisty.pl\/quest-ce-qui-determine-que-travailler-avec-nous-est-le-meilleur-choix\/"},"modified":"2023-01-06T13:54:13","modified_gmt":"2023-01-06T12:54:13","slug":"cela-vaut-la-peine-de-nous-choisir","status":"publish","type":"page","link":"https:\/\/skalisty.pl\/fr\/cela-vaut-la-peine-de-nous-choisir\/","title":{"rendered":"Pourquoi travailler avec nous est-il le meilleur choix?"},"content":{"rendered":"<p>[vc_row rt_row_background_width=\u00a0\u00bbfullwidth\u00a0\u00bb rt_row_content_width=\u00a0\u00bbdefault\u00a0\u00bb rt_row_style=\u00a0\u00bbdefault-style\u00a0\u00bb rt_row_borders=\u00a0\u00bb\u00a0\u00bb rt_row_paddings=\u00a0\u00bbtrue\u00a0\u00bb rt_bg_image=\u00a0\u00bb4765&Prime; rt_bg_effect=\u00a0\u00bbclassic\u00a0\u00bb rt_bg_image_repeat=\u00a0\u00bbno-repeat\u00a0\u00bb rt_bg_size=\u00a0\u00bb100% auto\u00a0\u00bb rt_bg_position=\u00a0\u00bbright center\u00a0\u00bb rt_bg_attachment=\u00a0\u00bbscroll\u00a0\u00bb rt_bg_video_format=\u00a0\u00bbself-hosted\u00a0\u00bb][vc_column width=\u00a0\u00bb3\/5&Prime; rt_wrp_col_paddings=\u00a0\u00bbfalse\u00a0\u00bb rt_border_top=\u00a0\u00bb\u00a0\u00bb rt_border_bottom=\u00a0\u00bb\u00a0\u00bb rt_border_left=\u00a0\u00bb\u00a0\u00bb rt_border_right=\u00a0\u00bb\u00a0\u00bb rt_border_top_mobile=\u00a0\u00bb\u00a0\u00bb rt_border_bottom_mobile=\u00a0\u00bb\u00a0\u00bb rt_border_left_mobile=\u00a0\u00bb\u00a0\u00bb rt_border_right_mobile=\u00a0\u00bb\u00a0\u00bb rt_bg_image_repeat=\u00a0\u00bbrepeat\u00a0\u00bb rt_bg_size=\u00a0\u00bbauto auto\u00a0\u00bb rt_bg_position=\u00a0\u00bbright top\u00a0\u00bb rt_bg_attachment=\u00a0\u00bbscroll\u00a0\u00bb]<div class=\"rt_heading_wrapper style-5\">\n\t\t\t\t\t\t<h2 class=\"rt_heading  style-5\" >Pourquoi nous choisir?<\/h2>\n\t\t\t\t\t<\/div>[vc_column_text]<\/p>\n<span class=\"highlight style-1\">Nous travaillons dans ce secteur depuis de nombreuses ann\u00e9es. Au cours de cette p\u00e9riode, nous avons acquis un large \u00e9ventail d&rsquo;exp\u00e9riences dans de nombreux domaines de la construction.<\/span> Nous disposons d&rsquo;\u00e9quipes qualifi\u00e9es aux sp\u00e9cialisations diverses, telles que des sculpteurs et des peintres, des sp\u00e9cialistes de la construction m\u00e9tallique ou des \u00e9quipes exp\u00e9riment\u00e9es de projection de b\u00e9ton. Chaque \u00e9quipe d&#8217;employ\u00e9s est form\u00e9e et hautement qualifi\u00e9e pour garantir le plus haut niveau d&rsquo;ex\u00e9cution et fournir les meilleures normes.<\/p>\n<p>Nous sommes fiers d&rsquo;\u00eatre l&rsquo;une des entreprises les plus exp\u00e9riment\u00e9es en mati\u00e8re de construction et de conception de d\u00e9corations grand format. Nous offrons le meilleur niveau de service, garantissant un r\u00e9sultat unique et la satisfaction de l&rsquo;investisseur. Et voici les arguments pour choisir notre entreprise :<\/p>\n<p>[\/vc_column_text]<article  class=\"icon-content-box content-box icon-left icon-style-2\"><div class=\"icon-holder\"><span class=\"icon-right-open\"><\/span><\/div><div class=\"text-holder\"><h5 class=\"heading\">Nous sommes sp\u00e9cialis\u00e9s dans les projets hors normes et de grand format.<\/h5> <p>Nous ne sommes pas une autre entreprise qui construit des roches artificielles que l&rsquo;on trouve sur le march\u00e9. Nous sommes fiers d&rsquo;entreprendre les projets les plus importants et les plus complexes. Nous nous concentrons sur la livraison d&rsquo;un produit raffin\u00e9 dans les moindres d\u00e9tails. Gr\u00e2ce \u00e0 cette approche, nous proposons des projets uniques. Nos rochers artificiels, arbres artificiels ou reproductions architecturales de b\u00e2timents de toutes \u00e9poques donnent l&rsquo;impression d&rsquo;avoir affaire \u00e0 de vrais objets. Nous offrons des exp\u00e9riences uniques et recr\u00e9ons des environnements avec une pr\u00e9cision mus\u00e9ographique.<\/p>\n<\/div><\/article><article  class=\"icon-content-box content-box icon-left icon-style-2\"><div class=\"icon-holder\"><span class=\"icon-right-open\"><\/span><\/div><div class=\"text-holder\"><h5 class=\"heading\">Nous travaillons sur des \u00e9quipements sp\u00e9cialis\u00e9s, qui ont \u00e9t\u00e9 s\u00e9lectionn\u00e9s sur la base de nombreuses ann\u00e9es d'exp\u00e9rience.<\/h5> <p>Pour pouvoir travailler sur les plus gros projets, il faut pouvoir traiter une grande quantit\u00e9 de b\u00e9ton et d&rsquo;acier dans un d\u00e9lai raisonnable. Nous sommes conscients que l&rsquo;ex\u00e9cution manuelle des travaux de base, sans l&rsquo;utilisation d&rsquo;\u00e9quipements lourds, \u00e9limine l&rsquo;entrepreneur des plus gros projets. Lors de l&rsquo;ex\u00e9cution de nos travaux, nous sommes en mesure de pomper de grandes quantit\u00e9s de mortier et de b\u00e9ton directement \u00e0 partir des poires ou des b\u00e9tonni\u00e8res. Gr\u00e2ce \u00e0 la technique du b\u00e9ton projet\u00e9 &#8211; c&rsquo;est-\u00e0-dire la projection de b\u00e9ton, nous r\u00e9alisons nos projets \u00e0 un rythme sans pr\u00e9c\u00e9dent. Surtout, nous avons notre propre \u00e9quipement, qui est \u00e0 notre disposition tout au long de la construction.<\/p>\n<\/div><\/article><article  class=\"icon-content-box content-box icon-left icon-style-2\"><div class=\"icon-holder\"><span class=\"icon-right-open\"><\/span><\/div><div class=\"text-holder\"><h5 class=\"heading\">Nous n'utilisons que les meilleurs mat\u00e9riaux.<\/h5> <p>Nous avons une vaste exp\u00e9rience dans l&rsquo;industrie de la construction dans de nombreux domaines apparemment sans rapport, tels que l&rsquo;\u00e9tanch\u00e9it\u00e9, la connaissance du b\u00e9ton et de la projection de b\u00e9ton, le soudage de structures en acier constitu\u00e9es de divers alliages d&rsquo;acier en fonction des fonctions \u00e0 remplir par les d\u00e9corations : cascades, grottes artificielles et grottes. , roches artificielles sous-marines et r\u00e9cifs coralliens, arbres artificiels, sculptures et reconstitutions architecturales. Gr\u00e2ce \u00e0 cela, nous pouvons \u00eatre s\u00fbrs de ne pas recevoir de surprises impr\u00e9vues lors de la construction et de l&rsquo;utilisation de la d\u00e9coration. Nous sommes s\u00fbrs que nous pouvons offrir des mat\u00e9riaux qui r\u00e9pondent aux normes les plus \u00e9lev\u00e9es.<\/p>\n<\/div><\/article><article  class=\"icon-content-box content-box icon-left icon-style-2\"><div class=\"icon-holder\"><span class=\"icon-right-open\"><\/span><\/div><div class=\"text-holder\"><h5 class=\"heading\">Nous sommes la seule entreprise en Pologne qui offre des services de supervision de projet.<\/h5> <p>Nous assurons l&rsquo;int\u00e9grit\u00e9 totale de la d\u00e9coration. Et gr\u00e2ce aux connaissances accumul\u00e9es au fil des ans, nous sommes en mesure de garantir que la conception ex\u00e9cutive est construite d&rsquo;une mani\u00e8re qui refl\u00e8te fid\u00e8lement les hypoth\u00e8ses de conception. Nous avons une exp\u00e9rience unique dans la s\u00e9lection des technologies, des mat\u00e9riaux, la s\u00e9lection des employ\u00e9s et des sous-traitants, nous fournissons des mat\u00e9riaux de r\u00e9f\u00e9rence tels que la documentation photographique, les \u00e9chantillons de mat\u00e9riaux et nous effectuons des mod\u00e9lisations 3D, des conceptions CAO et des visualisations.<\/p>\n<\/div><\/article>[\/vc_column][vc_column width=\u00a0\u00bb2\/5&Prime; rt_wrp_col_paddings=\u00a0\u00bbfalse\u00a0\u00bb rt_border_top=\u00a0\u00bb\u00a0\u00bb rt_border_bottom=\u00a0\u00bb\u00a0\u00bb rt_border_left=\u00a0\u00bb\u00a0\u00bb rt_border_right=\u00a0\u00bb\u00a0\u00bb rt_border_top_mobile=\u00a0\u00bb\u00a0\u00bb rt_border_bottom_mobile=\u00a0\u00bb\u00a0\u00bb rt_border_left_mobile=\u00a0\u00bb\u00a0\u00bb rt_border_right_mobile=\u00a0\u00bb\u00a0\u00bb rt_bg_image_repeat=\u00a0\u00bbrepeat\u00a0\u00bb rt_bg_size=\u00a0\u00bbauto auto\u00a0\u00bb rt_bg_position=\u00a0\u00bbright top\u00a0\u00bb rt_bg_attachment=\u00a0\u00bbscroll\u00a0\u00bb][vc_single_image image=\u00a0\u00bb22930&Prime; img_size=\u00a0\u00bbfull\u00a0\u00bb style=\u00a0\u00bbvc_box_shadow_3d\u00a0\u00bb css_animation=\u00a0\u00bbnone\u00a0\u00bb][\/vc_column][\/vc_row][vc_row rt_row_background_width=\u00a0\u00bbfullwidth\u00a0\u00bb rt_row_content_width=\u00a0\u00bbfullwidth\u00a0\u00bb rt_row_style=\u00a0\u00bbalt-style-2&Prime; rt_row_borders=\u00a0\u00bb\u00a0\u00bb rt_row_paddings=\u00a0\u00bbtrue\u00a0\u00bb rt_bg_effect=\u00a0\u00bbclassic\u00a0\u00bb rt_bg_image_repeat=\u00a0\u00bbrepeat\u00a0\u00bb rt_bg_size=\u00a0\u00bbcover\u00a0\u00bb rt_bg_position=\u00a0\u00bbright top\u00a0\u00bb rt_bg_attachment=\u00a0\u00bbscroll\u00a0\u00bb rt_bg_video_format=\u00a0\u00bbself-hosted\u00a0\u00bb][vc_column rt_wrp_col_paddings=\u00a0\u00bbfalse\u00a0\u00bb rt_border_top=\u00a0\u00bb\u00a0\u00bb rt_border_bottom=\u00a0\u00bb\u00a0\u00bb rt_border_left=\u00a0\u00bb\u00a0\u00bb rt_border_right=\u00a0\u00bb\u00a0\u00bb rt_border_top_mobile=\u00a0\u00bb\u00a0\u00bb rt_border_bottom_mobile=\u00a0\u00bb\u00a0\u00bb rt_border_left_mobile=\u00a0\u00bb\u00a0\u00bb rt_border_right_mobile=\u00a0\u00bb\u00a0\u00bb rt_bg_image_repeat=\u00a0\u00bbrepeat\u00a0\u00bb rt_bg_size=\u00a0\u00bbauto auto\u00a0\u00bb rt_bg_position=\u00a0\u00bbright top\u00a0\u00bb rt_bg_attachment=\u00a0\u00bbscroll\u00a0\u00bb][vc_separator css_animation=\u00a0\u00bbfadeInLeft\u00a0\u00bb style=\u00a0\u00bbstyle-1&Prime;][\/vc_column][\/vc_row][vc_row rt_row_background_width=\u00a0\u00bbfullwidth\u00a0\u00bb rt_row_content_width=\u00a0\u00bbdefault\u00a0\u00bb rt_row_style=\u00a0\u00bbdefault-style\u00a0\u00bb rt_row_borders=\u00a0\u00bb\u00a0\u00bb rt_row_paddings=\u00a0\u00bbtrue\u00a0\u00bb rt_bg_image=\u00a0\u00bb4856&Prime; rt_bg_effect=\u00a0\u00bbclassic\u00a0\u00bb rt_bg_image_repeat=\u00a0\u00bbno-repeat\u00a0\u00bb rt_bg_size=\u00a0\u00bb100% auto\u00a0\u00bb rt_bg_position=\u00a0\u00bbleft center\u00a0\u00bb rt_bg_attachment=\u00a0\u00bbscroll\u00a0\u00bb rt_bg_video_format=\u00a0\u00bbself-hosted\u00a0\u00bb][vc_column width=\u00a0\u00bb2\/5&Prime; rt_wrp_col_paddings=\u00a0\u00bbfalse\u00a0\u00bb rt_border_top=\u00a0\u00bb\u00a0\u00bb rt_border_bottom=\u00a0\u00bb\u00a0\u00bb rt_border_left=\u00a0\u00bb\u00a0\u00bb rt_border_right=\u00a0\u00bb\u00a0\u00bb rt_border_top_mobile=\u00a0\u00bb\u00a0\u00bb rt_border_bottom_mobile=\u00a0\u00bb\u00a0\u00bb rt_border_left_mobile=\u00a0\u00bb\u00a0\u00bb rt_border_right_mobile=\u00a0\u00bb\u00a0\u00bb rt_bg_image_repeat=\u00a0\u00bbrepeat\u00a0\u00bb rt_bg_size=\u00a0\u00bbauto auto\u00a0\u00bb rt_bg_position=\u00a0\u00bbright top\u00a0\u00bb rt_bg_attachment=\u00a0\u00bbscroll\u00a0\u00bb][vc_single_image image=\u00a0\u00bb22929&Prime; img_size=\u00a0\u00bbfull\u00a0\u00bb style=\u00a0\u00bbvc_box_shadow_3d\u00a0\u00bb css_animation=\u00a0\u00bbnone\u00a0\u00bb][\/vc_column][vc_column width=\u00a0\u00bb3\/5&Prime; rt_wrp_col_paddings=\u00a0\u00bbfalse\u00a0\u00bb rt_border_top=\u00a0\u00bb\u00a0\u00bb rt_border_bottom=\u00a0\u00bb\u00a0\u00bb rt_border_left=\u00a0\u00bb\u00a0\u00bb rt_border_right=\u00a0\u00bb\u00a0\u00bb rt_border_top_mobile=\u00a0\u00bb\u00a0\u00bb rt_border_bottom_mobile=\u00a0\u00bb\u00a0\u00bb rt_border_left_mobile=\u00a0\u00bb\u00a0\u00bb rt_border_right_mobile=\u00a0\u00bb\u00a0\u00bb rt_bg_image_repeat=\u00a0\u00bbrepeat\u00a0\u00bb rt_bg_size=\u00a0\u00bbauto auto\u00a0\u00bb rt_bg_position=\u00a0\u00bbright top\u00a0\u00bb rt_bg_attachment=\u00a0\u00bbscroll\u00a0\u00bb]<div class=\"rt_heading_wrapper style-5\">\n\t\t\t\t\t\t<h2 class=\"rt_heading  style-5\" >Nous prenons en charge votre projet du d\u00e9but \u00e0 la fin.<\/h2>\n\t\t\t\t\t<\/div>[vc_column_text]<\/p>\n<span class=\"highlight style-1\">Pour mener \u00e0 bien un projet, il faut que tout soit bien organis\u00e9 et que les canaux de communication soient ouverts entre l&rsquo;investisseur, notre soci\u00e9t\u00e9, le personnel et les artistes.<\/span> De nombreux entrepreneurs quittent leurs \u00e9quipes pour r\u00e9aliser eux-m\u00eames le projet. Cela signifie que l&rsquo;investisseur ne voit le repr\u00e9sentant de l&rsquo;entrepreneur que pendant les n\u00e9gociations du contrat et \u00e0 la fin de celui-ci. Chaque mise en \u0153uvre effectu\u00e9e par notre soci\u00e9t\u00e9, est r\u00e9alis\u00e9e sur une base exclusive et nous ne r\u00e9alisons pas d&rsquo;autres projets en parall\u00e8le pendant la mise en \u0153uvre. Cela nous permet de nous concentrer \u00e0 100% sur la t\u00e2che \u00e0 accomplir, en supervisant constamment l&rsquo;avancement des travaux, en \u00e9tant en contact permanent avec l&rsquo;investisseur ou l&rsquo;entrepreneur g\u00e9n\u00e9ral. Cette approche permet une consultation permanente avec l&rsquo;investisseur avant la prise de d\u00e9cisions importantes et garantit le plus haut niveau de service.<\/p>\n<p>[\/vc_column_text]<article  class=\"icon-content-box content-box icon-left icon-style-2\"><div class=\"icon-holder\"><span class=\"icon-right-open\"><\/span><\/div><div class=\"text-holder\"><h5 class=\"heading\">Nous ne travaillons qu'avec des artistes exp\u00e9riment\u00e9s avec un portfolio riche.<\/h5> <p>Nous garantissons le meilleur raffinement du d\u00e9tail, qu&rsquo;il s&rsquo;agisse d&rsquo;une sculpture d\u00e9taill\u00e9e de roches artificielles, d&rsquo;un relief ou d&rsquo;un \u00e9l\u00e9ment architectural. Nous veillons \u00e0 ne pas effectuer de travaux avec l&rsquo;aide d&#8217;employ\u00e9s non qualifi\u00e9s.<\/p>\n<\/div><\/article><article  class=\"icon-content-box content-box icon-left icon-style-2\"><div class=\"icon-holder\"><span class=\"icon-right-open\"><\/span><\/div><div class=\"text-holder\"><h5 class=\"heading\">Nous assurons la qualit\u00e9 scientifique et mus\u00e9ographique des r\u00e9alisations.<\/h5> <p>Certains projets n\u00e9cessitent l&rsquo;intervention de sp\u00e9cialistes dans leur domaine. Nous avons de l&rsquo;exp\u00e9rience dans l&rsquo;\u00e9tablissement de coop\u00e9rations avec des unit\u00e9s scientifiques, telles que l&rsquo;Institut des sciences g\u00e9ographiques de l&rsquo;Universit\u00e9 de Wroc\u0142aw, pour consulter les d\u00e9tails g\u00e9ologiques de nos projets. Les projets qui n\u00e9cessitent cette approche sont extr\u00eamement complexes et ne peuvent \u00eatre r\u00e9alis\u00e9s par du personnel non qualifi\u00e9, ce que d&rsquo;autres entreprises de roches artificielles ne fourniront pas.<\/p>\n<\/div><\/article><article  class=\"icon-content-box content-box icon-left icon-style-2\"><div class=\"icon-holder\"><span class=\"icon-right-open\"><\/span><\/div><div class=\"text-holder\"><h5 class=\"heading\">Nous assurons notre propre logistique pour l'approvisionnement en mat\u00e9riaux de construction.<\/h5> <p>Nous organisons des entrep\u00f4ts temporaires sur le chantier et, si n\u00e9cessaire, nous construisons nos propres ateliers pour fabriquer des \u00e9l\u00e9ments pr\u00e9fabriqu\u00e9s sur place, quelle que soit la saison.<\/p>\n<\/div><\/article><article  class=\"icon-content-box content-box icon-left icon-style-2\"><div class=\"icon-holder\"><span class=\"icon-right-open\"><\/span><\/div><div class=\"text-holder\"><h5 class=\"heading\">Nous offrons \u00e0 nos clients des solutions individuelles.<\/h5> <p>Chaque projet est diff\u00e9rent, ce qui signifie que nous ne disons pas \u00e0 l&rsquo;investisseur ce dont il a besoin &#8211; nous \u00e9coutons ce qu&rsquo;il veut. Nous sommes conscients que nous r\u00e9alisons des projets non standards. Par cons\u00e9quent, notre travail est bas\u00e9 sur la coop\u00e9ration avec l&rsquo;investisseur pour fournir exactement ce qu&rsquo;il veut. Quelle que soit la complexit\u00e9 de la t\u00e2che, nous sommes d\u00e9termin\u00e9s \u00e0 mener \u00e0 bien le projet \u00e0 100 %.<\/p>\n<\/div><\/article>[\/vc_column][\/vc_row]<\/p>\n","protected":false},"excerpt":{"rendered":"<p>[vc_row rt_row_background_width=\u00a0\u00bbfullwidth\u00a0\u00bb rt_row_content_width=\u00a0\u00bbdefault\u00a0\u00bb rt_row_style=\u00a0\u00bbdefault-style\u00a0\u00bb rt_row_borders=\u00a0\u00bb\u00a0\u00bb rt_row_paddings=\u00a0\u00bbtrue\u00a0\u00bb rt_bg_image=\u00a0\u00bb4765&Prime; rt_bg_effect=\u00a0\u00bbclassic\u00a0\u00bb rt_bg_image_repeat=\u00a0\u00bbno-repeat\u00a0\u00bb rt_bg_size=\u00a0\u00bb100% auto\u00a0\u00bb rt_bg_position=\u00a0\u00bbright center\u00a0\u00bb rt_bg_attachment=\u00a0\u00bbscroll\u00a0\u00bb rt_bg_video_format=\u00a0\u00bbself-hosted\u00a0\u00bb][vc_column width=\u00a0\u00bb3\/5&Prime; rt_wrp_col_paddings=\u00a0\u00bbfalse\u00a0\u00bb rt_border_top=\u00a0\u00bb\u00a0\u00bb rt_border_bottom=\u00a0\u00bb\u00a0\u00bb rt_border_left=\u00a0\u00bb\u00a0\u00bb rt_border_right=\u00a0\u00bb\u00a0\u00bb rt_border_top_mobile=\u00a0\u00bb\u00a0\u00bb rt_border_bottom_mobile=\u00a0\u00bb\u00a0\u00bb rt_border_left_mobile=\u00a0\u00bb\u00a0\u00bb rt_border_right_mobile=\u00a0\u00bb\u00a0\u00bb rt_bg_image_repeat=\u00a0\u00bbrepeat\u00a0\u00bb rt_bg_size=\u00a0\u00bbauto auto\u00a0\u00bb rt_bg_position=\u00a0\u00bbright top\u00a0\u00bb rt_bg_attachment=\u00a0\u00bbscroll\u00a0\u00bb][vc_column_text] Nous disposons d&rsquo;\u00e9quipes qualifi\u00e9es aux sp\u00e9cialisations diverses, telles que des sculpteurs et des peintres, des sp\u00e9cialistes de la construction m\u00e9tallique ou des \u00e9quipes exp\u00e9riment\u00e9es [&hellip;]<\/p>\n","protected":false},"author":1,"featured_media":0,"parent":0,"menu_order":0,"comment_status":"closed","ping_status":"closed","template":"","meta":{"_exactmetrics_skip_tracking":false,"_exactmetrics_sitenote_active":false,"_exactmetrics_sitenote_note":"","_exactmetrics_sitenote_category":0,"footnotes":""},"class_list":["post-22926","page","type-page","status-publish","hentry"],"yoast_head":"<!-- This site is optimized with the Yoast SEO plugin v27.1.1 - https:\/\/yoast.com\/product\/yoast-seo-wordpress\/ -->\n<title>Notre exp\u00e9rience dans le secteur de la d\u00e9coration grand format | sKalisty<\/title>\n<meta name=\"description\" content=\"Qu&#039;est-ce qui d\u00e9termine que travailler avec nous est le meilleur choix? Comment nous travaillons avec le client pour construire des roches artificielles et des d\u00e9corations \u00e0 grande \u00e9chelle.\" \/>\n<meta name=\"robots\" content=\"index, follow, max-snippet:-1, max-image-preview:large, max-video-preview:-1\" \/>\n<link rel=\"canonical\" href=\"https:\/\/skalisty.pl\/fr\/cela-vaut-la-peine-de-nous-choisir\/\" \/>\n<meta property=\"og:locale\" content=\"fr_FR\" \/>\n<meta property=\"og:type\" content=\"article\" \/>\n<meta property=\"og:title\" content=\"Notre exp\u00e9rience dans le secteur de la d\u00e9coration grand format | sKalisty\" \/>\n<meta property=\"og:description\" content=\"Qu&#039;est-ce qui d\u00e9termine que travailler avec nous est le meilleur choix? Comment nous travaillons avec le client pour construire des roches artificielles et des d\u00e9corations \u00e0 grande \u00e9chelle.\" \/>\n<meta property=\"og:url\" content=\"https:\/\/skalisty.pl\/fr\/cela-vaut-la-peine-de-nous-choisir\/\" \/>\n<meta property=\"og:site_name\" content=\"sKalisty - Roches Artificielles\" \/>\n<meta property=\"article:publisher\" content=\"https:\/\/www.facebook.com\/skalistyPL\/\" \/>\n<meta property=\"article:modified_time\" content=\"2023-01-06T12:54:13+00:00\" \/>\n<meta name=\"twitter:card\" content=\"summary_large_image\" \/>\n<meta name=\"twitter:site\" content=\"@sztuczne_skaly\" \/>\n<meta name=\"twitter:label1\" content=\"Dur\u00e9e de lecture estim\u00e9e\" \/>\n\t<meta name=\"twitter:data1\" content=\"7 minutes\" \/>\n<script type=\"application\/ld+json\" class=\"yoast-schema-graph\">{\"@context\":\"https:\/\/schema.org\",\"@graph\":[{\"@type\":\"WebPage\",\"@id\":\"https:\/\/skalisty.pl\/fr\/cela-vaut-la-peine-de-nous-choisir\/\",\"url\":\"https:\/\/skalisty.pl\/fr\/cela-vaut-la-peine-de-nous-choisir\/\",\"name\":\"Notre exp\u00e9rience dans le secteur de la d\u00e9coration grand format | sKalisty\",\"isPartOf\":{\"@id\":\"https:\/\/skalisty.pl\/fr\/#website\"},\"datePublished\":\"2023-01-06T12:13:50+00:00\",\"dateModified\":\"2023-01-06T12:54:13+00:00\",\"description\":\"Qu'est-ce qui d\u00e9termine que travailler avec nous est le meilleur choix? Comment nous travaillons avec le client pour construire des roches artificielles et des d\u00e9corations \u00e0 grande \u00e9chelle.\",\"breadcrumb\":{\"@id\":\"https:\/\/skalisty.pl\/fr\/cela-vaut-la-peine-de-nous-choisir\/#breadcrumb\"},\"inLanguage\":\"fr-FR\",\"potentialAction\":[{\"@type\":\"ReadAction\",\"target\":[\"https:\/\/skalisty.pl\/fr\/cela-vaut-la-peine-de-nous-choisir\/\"]}]},{\"@type\":\"BreadcrumbList\",\"@id\":\"https:\/\/skalisty.pl\/fr\/cela-vaut-la-peine-de-nous-choisir\/#breadcrumb\",\"itemListElement\":[{\"@type\":\"ListItem\",\"position\":1,\"name\":\"Accueil\",\"item\":\"https:\/\/skalisty.pl\/fr\/\"},{\"@type\":\"ListItem\",\"position\":2,\"name\":\"Pourquoi travailler avec nous est-il le meilleur choix?\"}]},{\"@type\":\"WebSite\",\"@id\":\"https:\/\/skalisty.pl\/fr\/#website\",\"url\":\"https:\/\/skalisty.pl\/fr\/\",\"name\":\"sKalisty - Roches Artificielles\",\"description\":\"\",\"publisher\":{\"@id\":\"https:\/\/skalisty.pl\/fr\/#organization\"},\"potentialAction\":[{\"@type\":\"SearchAction\",\"target\":{\"@type\":\"EntryPoint\",\"urlTemplate\":\"https:\/\/skalisty.pl\/fr\/?s={search_term_string}\"},\"query-input\":{\"@type\":\"PropertyValueSpecification\",\"valueRequired\":true,\"valueName\":\"search_term_string\"}}],\"inLanguage\":\"fr-FR\"},{\"@type\":\"Organization\",\"@id\":\"https:\/\/skalisty.pl\/fr\/#organization\",\"name\":\"sKalisty - Sztuczne Ska\u0142y\",\"url\":\"https:\/\/skalisty.pl\/fr\/\",\"logo\":{\"@type\":\"ImageObject\",\"inLanguage\":\"fr-FR\",\"@id\":\"https:\/\/skalisty.pl\/fr\/#\/schema\/logo\/image\/\",\"url\":\"https:\/\/static.skalisty.pl\/uploads\/2020\/01\/skalisty-schema-logo-2020.png\",\"contentUrl\":\"https:\/\/static.skalisty.pl\/uploads\/2020\/01\/skalisty-schema-logo-2020.png\",\"width\":1090,\"height\":238,\"caption\":\"sKalisty - Sztuczne Ska\u0142y\"},\"image\":{\"@id\":\"https:\/\/skalisty.pl\/fr\/#\/schema\/logo\/image\/\"},\"sameAs\":[\"https:\/\/www.facebook.com\/skalistyPL\/\",\"https:\/\/x.com\/sztuczne_skaly\",\"https:\/\/www.youtube.com\/channel\/UCkvotuS2nyEefXsMM5zd3Mw\"]}]}<\/script>\n<!-- \/ Yoast SEO plugin. -->","yoast_head_json":{"title":"Notre exp\u00e9rience dans le secteur de la d\u00e9coration grand format | sKalisty","description":"Qu'est-ce qui d\u00e9termine que travailler avec nous est le meilleur choix? Comment nous travaillons avec le client pour construire des roches artificielles et des d\u00e9corations \u00e0 grande \u00e9chelle.","robots":{"index":"index","follow":"follow","max-snippet":"max-snippet:-1","max-image-preview":"max-image-preview:large","max-video-preview":"max-video-preview:-1"},"canonical":"https:\/\/skalisty.pl\/fr\/cela-vaut-la-peine-de-nous-choisir\/","og_locale":"fr_FR","og_type":"article","og_title":"Notre exp\u00e9rience dans le secteur de la d\u00e9coration grand format | sKalisty","og_description":"Qu'est-ce qui d\u00e9termine que travailler avec nous est le meilleur choix? Comment nous travaillons avec le client pour construire des roches artificielles et des d\u00e9corations \u00e0 grande \u00e9chelle.","og_url":"https:\/\/skalisty.pl\/fr\/cela-vaut-la-peine-de-nous-choisir\/","og_site_name":"sKalisty - Roches Artificielles","article_publisher":"https:\/\/www.facebook.com\/skalistyPL\/","article_modified_time":"2023-01-06T12:54:13+00:00","twitter_card":"summary_large_image","twitter_site":"@sztuczne_skaly","twitter_misc":{"Dur\u00e9e de lecture estim\u00e9e":"7 minutes"},"schema":{"@context":"https:\/\/schema.org","@graph":[{"@type":"WebPage","@id":"https:\/\/skalisty.pl\/fr\/cela-vaut-la-peine-de-nous-choisir\/","url":"https:\/\/skalisty.pl\/fr\/cela-vaut-la-peine-de-nous-choisir\/","name":"Notre exp\u00e9rience dans le secteur de la d\u00e9coration grand format | sKalisty","isPartOf":{"@id":"https:\/\/skalisty.pl\/fr\/#website"},"datePublished":"2023-01-06T12:13:50+00:00","dateModified":"2023-01-06T12:54:13+00:00","description":"Qu'est-ce qui d\u00e9termine que travailler avec nous est le meilleur choix? Comment nous travaillons avec le client pour construire des roches artificielles et des d\u00e9corations \u00e0 grande \u00e9chelle.","breadcrumb":{"@id":"https:\/\/skalisty.pl\/fr\/cela-vaut-la-peine-de-nous-choisir\/#breadcrumb"},"inLanguage":"fr-FR","potentialAction":[{"@type":"ReadAction","target":["https:\/\/skalisty.pl\/fr\/cela-vaut-la-peine-de-nous-choisir\/"]}]},{"@type":"BreadcrumbList","@id":"https:\/\/skalisty.pl\/fr\/cela-vaut-la-peine-de-nous-choisir\/#breadcrumb","itemListElement":[{"@type":"ListItem","position":1,"name":"Accueil","item":"https:\/\/skalisty.pl\/fr\/"},{"@type":"ListItem","position":2,"name":"Pourquoi travailler avec nous est-il le meilleur choix?"}]},{"@type":"WebSite","@id":"https:\/\/skalisty.pl\/fr\/#website","url":"https:\/\/skalisty.pl\/fr\/","name":"sKalisty - Roches Artificielles","description":"","publisher":{"@id":"https:\/\/skalisty.pl\/fr\/#organization"},"potentialAction":[{"@type":"SearchAction","target":{"@type":"EntryPoint","urlTemplate":"https:\/\/skalisty.pl\/fr\/?s={search_term_string}"},"query-input":{"@type":"PropertyValueSpecification","valueRequired":true,"valueName":"search_term_string"}}],"inLanguage":"fr-FR"},{"@type":"Organization","@id":"https:\/\/skalisty.pl\/fr\/#organization","name":"sKalisty - Sztuczne Ska\u0142y","url":"https:\/\/skalisty.pl\/fr\/","logo":{"@type":"ImageObject","inLanguage":"fr-FR","@id":"https:\/\/skalisty.pl\/fr\/#\/schema\/logo\/image\/","url":"https:\/\/static.skalisty.pl\/uploads\/2020\/01\/skalisty-schema-logo-2020.png","contentUrl":"https:\/\/static.skalisty.pl\/uploads\/2020\/01\/skalisty-schema-logo-2020.png","width":1090,"height":238,"caption":"sKalisty - Sztuczne Ska\u0142y"},"image":{"@id":"https:\/\/skalisty.pl\/fr\/#\/schema\/logo\/image\/"},"sameAs":["https:\/\/www.facebook.com\/skalistyPL\/","https:\/\/x.com\/sztuczne_skaly","https:\/\/www.youtube.com\/channel\/UCkvotuS2nyEefXsMM5zd3Mw"]}]}},"_links":{"self":[{"href":"https:\/\/skalisty.pl\/fr\/wp-json\/wp\/v2\/pages\/22926","targetHints":{"allow":["GET"]}}],"collection":[{"href":"https:\/\/skalisty.pl\/fr\/wp-json\/wp\/v2\/pages"}],"about":[{"href":"https:\/\/skalisty.pl\/fr\/wp-json\/wp\/v2\/types\/page"}],"author":[{"embeddable":true,"href":"https:\/\/skalisty.pl\/fr\/wp-json\/wp\/v2\/users\/1"}],"replies":[{"embeddable":true,"href":"https:\/\/skalisty.pl\/fr\/wp-json\/wp\/v2\/comments?post=22926"}],"version-history":[{"count":13,"href":"https:\/\/skalisty.pl\/fr\/wp-json\/wp\/v2\/pages\/22926\/revisions"}],"predecessor-version":[{"id":22947,"href":"https:\/\/skalisty.pl\/fr\/wp-json\/wp\/v2\/pages\/22926\/revisions\/22947"}],"wp:attachment":[{"href":"https:\/\/skalisty.pl\/fr\/wp-json\/wp\/v2\/media?parent=22926"}],"curies":[{"name":"wp","href":"https:\/\/api.w.org\/{rel}","templated":true}]}}