{"id":22644,"date":"2023-01-03T17:31:05","date_gmt":"2023-01-03T16:31:05","guid":{"rendered":"https:\/\/skalisty.pl\/contact\/"},"modified":"2023-01-03T17:36:06","modified_gmt":"2023-01-03T16:36:06","slug":"contact","status":"publish","type":"page","link":"https:\/\/skalisty.pl\/fr\/contact\/","title":{"rendered":"Contact"},"content":{"rendered":"<p>[vc_row rt_row_background_width=\u00a0\u00bbfullwidth\u00a0\u00bb rt_row_content_width=\u00a0\u00bbfullwidth\u00a0\u00bb rt_row_style=\u00a0\u00bbalt-style-1&Prime; rt_row_borders=\u00a0\u00bbtop\u00a0\u00bb rt_overlap=\u00a0\u00bbtrue\u00a0\u00bb rt_row_paddings=\u00a0\u00bbfalse\u00a0\u00bb rt_bg_effect=\u00a0\u00bbclassic\u00a0\u00bb rt_bg_image_repeat=\u00a0\u00bbrepeat\u00a0\u00bb rt_bg_size=\u00a0\u00bbcover\u00a0\u00bb rt_bg_position=\u00a0\u00bbright top\u00a0\u00bb rt_bg_attachment=\u00a0\u00bbscroll\u00a0\u00bb rt_bg_video_format=\u00a0\u00bbself-hosted\u00a0\u00bb][vc_column rt_wrp_col_paddings=\u00a0\u00bbfalse\u00a0\u00bb rt_border_top=\u00a0\u00bb\u00a0\u00bb rt_border_bottom=\u00a0\u00bb\u00a0\u00bb rt_border_left=\u00a0\u00bbtrue\u00a0\u00bb rt_border_right=\u00a0\u00bbtrue\u00a0\u00bb rt_border_top_mobile=\u00a0\u00bb\u00a0\u00bb rt_border_bottom_mobile=\u00a0\u00bb\u00a0\u00bb rt_border_left_mobile=\u00a0\u00bb\u00a0\u00bb rt_border_right_mobile=\u00a0\u00bb\u00a0\u00bb rt_bg_image_repeat=\u00a0\u00bbrepeat\u00a0\u00bb rt_bg_size=\u00a0\u00bbauto auto\u00a0\u00bb rt_bg_position=\u00a0\u00bbright top\u00a0\u00bb rt_bg_attachment=\u00a0\u00bbscroll\u00a0\u00bb]<div class=\"google_map_holder\" data-height=\"300\" data-scope=\"#map-261360\" data-bw=\"\"><div id=\"map-261360\" data-locations=\"WyJzS2FsaXN0eSAtIFJvY2hlcyBBcnRpZmljaWVsbGVzIiwgNTEuMTE3NzUxMjQsIDE2LjkxMzM1MjkxLCA0LCIiXQ==\" data-zoom=\"10\" class=\"rt-google-maps google_map\"><\/div><\/div>[\/vc_column][\/vc_row][vc_row rt_row_background_width=\u00a0\u00bbdefault\u00a0\u00bb rt_row_style=\u00a0\u00bbdefault-style\u00a0\u00bb rt_column_placement=\u00a0\u00bbmiddle\u00a0\u00bb rt_row_borders=\u00a0\u00bb\u00a0\u00bb rt_row_paddings=\u00a0\u00bbtrue\u00a0\u00bb rt_bg_effect=\u00a0\u00bbclassic\u00a0\u00bb rt_bg_image_repeat=\u00a0\u00bbrepeat\u00a0\u00bb rt_bg_size=\u00a0\u00bbcover\u00a0\u00bb rt_bg_position=\u00a0\u00bbright top\u00a0\u00bb rt_bg_attachment=\u00a0\u00bbscroll\u00a0\u00bb rt_bg_video_format=\u00a0\u00bbself-hosted\u00a0\u00bb][vc_column width=\u00a0\u00bb1\/3&Prime; rt_wrp_col_paddings=\u00a0\u00bbfalse\u00a0\u00bb rt_border_top=\u00a0\u00bb\u00a0\u00bb rt_border_bottom=\u00a0\u00bb\u00a0\u00bb rt_border_left=\u00a0\u00bb\u00a0\u00bb rt_border_right=\u00a0\u00bb\u00a0\u00bb rt_border_top_mobile=\u00a0\u00bb\u00a0\u00bb rt_border_bottom_mobile=\u00a0\u00bb\u00a0\u00bb rt_border_left_mobile=\u00a0\u00bb\u00a0\u00bb rt_border_right_mobile=\u00a0\u00bb\u00a0\u00bb rt_bg_image_repeat=\u00a0\u00bbrepeat\u00a0\u00bb rt_bg_size=\u00a0\u00bbauto auto\u00a0\u00bb rt_bg_position=\u00a0\u00bbright top\u00a0\u00bb rt_bg_attachment=\u00a0\u00bbscroll\u00a0\u00bb]<div class=\"rt_heading_wrapper style-2\">\n\t\t\t\t\t\t<a href=\"tel:+48504133554\" target=\"_self\" title=\"\"><h2 class=\"rt_heading  heading-font style-2\"  style=\"font-size:40px;\" data-maxfont-size=\"40\" data-minfont-size=\"9\"><span class=\"icon-phone heading_icon\"><\/span>(+48) 504-133-554<\/h2><\/a>\n\t\t\t\t\t<\/div><div class=\"rt_heading_wrapper style-1\">\n\t\t\t\t\t\t<h3 class=\"rt_heading  heading-font style-1\"  style=\"font-size:18px;\" data-maxfont-size=\"18\" data-minfont-size=\"9\"><span class=\"icon-chat-1 heading_icon\"><\/span>Nous Parlons Anglais<\/h3>\n\t\t\t\t\t<\/div>[vc_empty_space height=\u00a0\u00bb10px\u00a0\u00bb]\t \n\t\t<div  class=\"with_icons style-1 \">\n\t\t\t \n\t\t<div  >\n\t\t<span class=\"icon-home-1 icon\"><\/span><div class=\"list-content\"><p><b>sKalisty &#8211; sztuczne ska\u0142y<\/b><br \/>\nStrachowicka 48a<br \/>\nWroc\u0142aw, 54-512<br \/>\n<b>Pologne<\/b><\/p>\n<\/div>\n\t\t<\/div>\n\t\n\t\t<\/div>\n\t\t \n\t\t<div  class=\"with_icons style-1 \">\n\t\t\t \n\t\t<div  >\n\t\t<span class=\"icon-mail icon\"><\/span><div class=\"list-content\"><p>biuro@skalisty.pl<\/p>\n<\/div>\n\t\t<\/div>\n\t\t \n\t\t<div  >\n\t\t<span class=\"icon-clock icon\"><\/span><div class=\"list-content\"><p><b>lun &#8211; ven 9.00 &#8211; 16.00<\/b><br \/>\nsam &#8211; dim NON OUVERT<\/p>\n<\/div>\n\t\t<\/div>\n\t\n\t\t<\/div>\n\t[\/vc_column][vc_column width=\u00a0\u00bb2\/3&Prime; rt_wrp_col_paddings=\u00a0\u00bbfalse\u00a0\u00bb rt_border_top=\u00a0\u00bb\u00a0\u00bb rt_border_bottom=\u00a0\u00bb\u00a0\u00bb rt_border_left=\u00a0\u00bb\u00a0\u00bb rt_border_right=\u00a0\u00bb\u00a0\u00bb rt_border_top_mobile=\u00a0\u00bb\u00a0\u00bb rt_border_bottom_mobile=\u00a0\u00bb\u00a0\u00bb rt_border_left_mobile=\u00a0\u00bb\u00a0\u00bb rt_border_right_mobile=\u00a0\u00bb\u00a0\u00bb rt_bg_image_repeat=\u00a0\u00bbrepeat\u00a0\u00bb rt_bg_size=\u00a0\u00bbauto auto\u00a0\u00bb rt_bg_position=\u00a0\u00bbright top\u00a0\u00bb rt_bg_attachment=\u00a0\u00bbscroll\u00a0\u00bb rt_padding_left=\u00a0\u00bb0&Prime; rt_padding_right=\u00a0\u00bb0&Prime;]\n\t\t<!-- contact form -->\n\t\t<div  class=\"contact_form  dynamic-class-172048\">\n\t\t<div class=\"clear\"><\/div><div class=\"result\"><\/div>\n\t\t\t<form action=\"#\" name=\"contact_form\" class=\"validate_form rt_form\" method=\"post\">\n\t\t\t\t<ul>\n\t\t\t\t\t<li class=\"form-input\"><label for=\"name\">Votre Nom : (*)<\/label><input placeholder=\"Votre Nom : (*)\" id=\"name\" type=\"text\" name=\"name\" value=\"\" class=\"required\" \/> <\/li>\n\t\t\t\t\t<li class=\"form-input\"><label for=\"email\">Votre Courriel : (*)<\/label><input placeholder=\"Votre Courriel : (*)\" id=\"email\" type=\"email\" name=\"email\" value=\"\" class=\"required email\" \/> <\/li>\n\t\t\t\t\t<li class=\"form-input\"><label for=\"message\">Votre Message : (*)<\/label><textarea placeholder=\"Votre Message : (*)\" id=\"message\" name=\"message\" rows=\"8\" cols=\"40\" class=\"required\"><\/textarea><\/li>\n\t\t\t\t\t\n\t\t\t\t\t\n\t\t\t\t\t<li class=\"submit-button\">\n\t\t\t\t\t<input type=\"hidden\" name=\"your_email_sig\" value=\"adaeaacee75a9c780b84d46973c8d424\">\n\t\t\t\t\t<input type=\"hidden\" name=\"_wpnonce\" value=\"1bffdf6073\">\n\t\t\t\t\t<input type=\"hidden\" name=\"your_email\" value=\"Yml1cm9Ac2thbGlzdHkucGw=\"><input type=\"hidden\" name=\"dynamic_class\" value=\"dynamic-class-172048\"><input type=\"hidden\" name=\"rt_form_data\" value=\"bm9zZWN1cml0eQ==\"><input type=\"button\" class=\"button submit\" value=\"Envoyer\"  \/><span class=\"loading\"><\/span>\n\t\t\t\t\t<\/li>\n\t\t\t\t<\/ul>\n\t\t\t<\/form>\n\t\t<\/div><div class=\"clear\"><\/div>\n\t\t<!-- \/contact form -->[\/vc_column][\/vc_row]<\/p>\n","protected":false},"excerpt":{"rendered":"<p>[vc_row rt_row_background_width=\u00a0\u00bbfullwidth\u00a0\u00bb rt_row_content_width=\u00a0\u00bbfullwidth\u00a0\u00bb rt_row_style=\u00a0\u00bbalt-style-1&Prime; rt_row_borders=\u00a0\u00bbtop\u00a0\u00bb rt_overlap=\u00a0\u00bbtrue\u00a0\u00bb rt_row_paddings=\u00a0\u00bbfalse\u00a0\u00bb rt_bg_effect=\u00a0\u00bbclassic\u00a0\u00bb rt_bg_image_repeat=\u00a0\u00bbrepeat\u00a0\u00bb rt_bg_size=\u00a0\u00bbcover\u00a0\u00bb rt_bg_position=\u00a0\u00bbright top\u00a0\u00bb rt_bg_attachment=\u00a0\u00bbscroll\u00a0\u00bb rt_bg_video_format=\u00a0\u00bbself-hosted\u00a0\u00bb][vc_column rt_wrp_col_paddings=\u00a0\u00bbfalse\u00a0\u00bb rt_border_top=\u00a0\u00bb\u00a0\u00bb rt_border_bottom=\u00a0\u00bb\u00a0\u00bb rt_border_left=\u00a0\u00bbtrue\u00a0\u00bb rt_border_right=\u00a0\u00bbtrue\u00a0\u00bb rt_border_top_mobile=\u00a0\u00bb\u00a0\u00bb rt_border_bottom_mobile=\u00a0\u00bb\u00a0\u00bb rt_border_left_mobile=\u00a0\u00bb\u00a0\u00bb rt_border_right_mobile=\u00a0\u00bb\u00a0\u00bb rt_bg_image_repeat=\u00a0\u00bbrepeat\u00a0\u00bb rt_bg_size=\u00a0\u00bbauto auto\u00a0\u00bb rt_bg_position=\u00a0\u00bbright top\u00a0\u00bb rt_bg_attachment=\u00a0\u00bbscroll\u00a0\u00bb][\/vc_column][\/vc_row][vc_row rt_row_background_width=\u00a0\u00bbdefault\u00a0\u00bb rt_row_style=\u00a0\u00bbdefault-style\u00a0\u00bb rt_column_placement=\u00a0\u00bbmiddle\u00a0\u00bb rt_row_borders=\u00a0\u00bb\u00a0\u00bb rt_row_paddings=\u00a0\u00bbtrue\u00a0\u00bb rt_bg_effect=\u00a0\u00bbclassic\u00a0\u00bb rt_bg_image_repeat=\u00a0\u00bbrepeat\u00a0\u00bb rt_bg_size=\u00a0\u00bbcover\u00a0\u00bb rt_bg_position=\u00a0\u00bbright top\u00a0\u00bb rt_bg_attachment=\u00a0\u00bbscroll\u00a0\u00bb rt_bg_video_format=\u00a0\u00bbself-hosted\u00a0\u00bb][vc_column width=\u00a0\u00bb1\/3&Prime; rt_wrp_col_paddings=\u00a0\u00bbfalse\u00a0\u00bb rt_border_top=\u00a0\u00bb\u00a0\u00bb rt_border_bottom=\u00a0\u00bb\u00a0\u00bb rt_border_left=\u00a0\u00bb\u00a0\u00bb rt_border_right=\u00a0\u00bb\u00a0\u00bb rt_border_top_mobile=\u00a0\u00bb\u00a0\u00bb rt_border_bottom_mobile=\u00a0\u00bb\u00a0\u00bb rt_border_left_mobile=\u00a0\u00bb\u00a0\u00bb rt_border_right_mobile=\u00a0\u00bb\u00a0\u00bb rt_bg_image_repeat=\u00a0\u00bbrepeat\u00a0\u00bb rt_bg_size=\u00a0\u00bbauto auto\u00a0\u00bb rt_bg_position=\u00a0\u00bbright [&hellip;]<\/p>\n","protected":false},"author":1,"featured_media":0,"parent":0,"menu_order":0,"comment_status":"closed","ping_status":"closed","template":"","meta":{"_exactmetrics_skip_tracking":false,"_exactmetrics_sitenote_active":false,"_exactmetrics_sitenote_note":"","_exactmetrics_sitenote_category":0,"footnotes":""},"class_list":["post-22644","page","type-page","status-publish","hentry"],"yoast_head":"<!-- This site is optimized with the Yoast SEO plugin v27.1.1 - https:\/\/yoast.com\/product\/yoast-seo-wordpress\/ -->\n<title>Contact | Producteur de Roche Artificielle | sKalisty<\/title>\n<meta name=\"description\" content=\"Vous \u00eates int\u00e9ress\u00e9 par notre offre de construction de d\u00e9corations en b\u00e9ton ? Contactez-nous via le formulaire ou envoyez votre demande par e-mail.\" \/>\n<meta name=\"robots\" content=\"index, follow, max-snippet:-1, max-image-preview:large, max-video-preview:-1\" \/>\n<link rel=\"canonical\" href=\"https:\/\/skalisty.pl\/fr\/contact\/\" \/>\n<meta property=\"og:locale\" content=\"fr_FR\" \/>\n<meta property=\"og:type\" content=\"article\" \/>\n<meta property=\"og:title\" content=\"Contact | Producteur de Roche Artificielle | sKalisty\" \/>\n<meta property=\"og:description\" content=\"Vous \u00eates int\u00e9ress\u00e9 par notre offre de construction de d\u00e9corations en b\u00e9ton ? Contactez-nous via le formulaire ou envoyez votre demande par e-mail.\" \/>\n<meta property=\"og:url\" content=\"https:\/\/skalisty.pl\/fr\/contact\/\" \/>\n<meta property=\"og:site_name\" content=\"sKalisty - Roches Artificielles\" \/>\n<meta property=\"article:publisher\" content=\"https:\/\/www.facebook.com\/skalistyPL\/\" \/>\n<meta property=\"article:modified_time\" content=\"2023-01-03T16:36:06+00:00\" \/>\n<meta name=\"twitter:card\" content=\"summary_large_image\" \/>\n<meta name=\"twitter:site\" content=\"@sztuczne_skaly\" \/>\n<meta name=\"twitter:label1\" content=\"Dur\u00e9e de lecture estim\u00e9e\" \/>\n\t<meta name=\"twitter:data1\" content=\"1 minute\" \/>\n<script type=\"application\/ld+json\" class=\"yoast-schema-graph\">{\"@context\":\"https:\/\/schema.org\",\"@graph\":[{\"@type\":\"WebPage\",\"@id\":\"https:\/\/skalisty.pl\/fr\/contact\/\",\"url\":\"https:\/\/skalisty.pl\/fr\/contact\/\",\"name\":\"Contact | Producteur de Roche Artificielle | sKalisty\",\"isPartOf\":{\"@id\":\"https:\/\/skalisty.pl\/fr\/#website\"},\"datePublished\":\"2023-01-03T16:31:05+00:00\",\"dateModified\":\"2023-01-03T16:36:06+00:00\",\"description\":\"Vous \u00eates int\u00e9ress\u00e9 par notre offre de construction de d\u00e9corations en b\u00e9ton ? Contactez-nous via le formulaire ou envoyez votre demande par e-mail.\",\"breadcrumb\":{\"@id\":\"https:\/\/skalisty.pl\/fr\/contact\/#breadcrumb\"},\"inLanguage\":\"fr-FR\",\"potentialAction\":[{\"@type\":\"ReadAction\",\"target\":[\"https:\/\/skalisty.pl\/fr\/contact\/\"]}]},{\"@type\":\"BreadcrumbList\",\"@id\":\"https:\/\/skalisty.pl\/fr\/contact\/#breadcrumb\",\"itemListElement\":[{\"@type\":\"ListItem\",\"position\":1,\"name\":\"Accueil\",\"item\":\"https:\/\/skalisty.pl\/fr\/\"},{\"@type\":\"ListItem\",\"position\":2,\"name\":\"Contact\"}]},{\"@type\":\"WebSite\",\"@id\":\"https:\/\/skalisty.pl\/fr\/#website\",\"url\":\"https:\/\/skalisty.pl\/fr\/\",\"name\":\"sKalisty - Roches Artificielles\",\"description\":\"\",\"publisher\":{\"@id\":\"https:\/\/skalisty.pl\/fr\/#organization\"},\"potentialAction\":[{\"@type\":\"SearchAction\",\"target\":{\"@type\":\"EntryPoint\",\"urlTemplate\":\"https:\/\/skalisty.pl\/fr\/?s={search_term_string}\"},\"query-input\":{\"@type\":\"PropertyValueSpecification\",\"valueRequired\":true,\"valueName\":\"search_term_string\"}}],\"inLanguage\":\"fr-FR\"},{\"@type\":\"Organization\",\"@id\":\"https:\/\/skalisty.pl\/fr\/#organization\",\"name\":\"sKalisty - Sztuczne Ska\u0142y\",\"url\":\"https:\/\/skalisty.pl\/fr\/\",\"logo\":{\"@type\":\"ImageObject\",\"inLanguage\":\"fr-FR\",\"@id\":\"https:\/\/skalisty.pl\/fr\/#\/schema\/logo\/image\/\",\"url\":\"https:\/\/static.skalisty.pl\/uploads\/2020\/01\/skalisty-schema-logo-2020.png\",\"contentUrl\":\"https:\/\/static.skalisty.pl\/uploads\/2020\/01\/skalisty-schema-logo-2020.png\",\"width\":1090,\"height\":238,\"caption\":\"sKalisty - Sztuczne Ska\u0142y\"},\"image\":{\"@id\":\"https:\/\/skalisty.pl\/fr\/#\/schema\/logo\/image\/\"},\"sameAs\":[\"https:\/\/www.facebook.com\/skalistyPL\/\",\"https:\/\/x.com\/sztuczne_skaly\",\"https:\/\/www.youtube.com\/channel\/UCkvotuS2nyEefXsMM5zd3Mw\"]}]}<\/script>\n<!-- \/ Yoast SEO plugin. -->","yoast_head_json":{"title":"Contact | Producteur de Roche Artificielle | sKalisty","description":"Vous \u00eates int\u00e9ress\u00e9 par notre offre de construction de d\u00e9corations en b\u00e9ton ? Contactez-nous via le formulaire ou envoyez votre demande par e-mail.","robots":{"index":"index","follow":"follow","max-snippet":"max-snippet:-1","max-image-preview":"max-image-preview:large","max-video-preview":"max-video-preview:-1"},"canonical":"https:\/\/skalisty.pl\/fr\/contact\/","og_locale":"fr_FR","og_type":"article","og_title":"Contact | Producteur de Roche Artificielle | sKalisty","og_description":"Vous \u00eates int\u00e9ress\u00e9 par notre offre de construction de d\u00e9corations en b\u00e9ton ? Contactez-nous via le formulaire ou envoyez votre demande par e-mail.","og_url":"https:\/\/skalisty.pl\/fr\/contact\/","og_site_name":"sKalisty - Roches Artificielles","article_publisher":"https:\/\/www.facebook.com\/skalistyPL\/","article_modified_time":"2023-01-03T16:36:06+00:00","twitter_card":"summary_large_image","twitter_site":"@sztuczne_skaly","twitter_misc":{"Dur\u00e9e de lecture estim\u00e9e":"1 minute"},"schema":{"@context":"https:\/\/schema.org","@graph":[{"@type":"WebPage","@id":"https:\/\/skalisty.pl\/fr\/contact\/","url":"https:\/\/skalisty.pl\/fr\/contact\/","name":"Contact | Producteur de Roche Artificielle | sKalisty","isPartOf":{"@id":"https:\/\/skalisty.pl\/fr\/#website"},"datePublished":"2023-01-03T16:31:05+00:00","dateModified":"2023-01-03T16:36:06+00:00","description":"Vous \u00eates int\u00e9ress\u00e9 par notre offre de construction de d\u00e9corations en b\u00e9ton ? Contactez-nous via le formulaire ou envoyez votre demande par e-mail.","breadcrumb":{"@id":"https:\/\/skalisty.pl\/fr\/contact\/#breadcrumb"},"inLanguage":"fr-FR","potentialAction":[{"@type":"ReadAction","target":["https:\/\/skalisty.pl\/fr\/contact\/"]}]},{"@type":"BreadcrumbList","@id":"https:\/\/skalisty.pl\/fr\/contact\/#breadcrumb","itemListElement":[{"@type":"ListItem","position":1,"name":"Accueil","item":"https:\/\/skalisty.pl\/fr\/"},{"@type":"ListItem","position":2,"name":"Contact"}]},{"@type":"WebSite","@id":"https:\/\/skalisty.pl\/fr\/#website","url":"https:\/\/skalisty.pl\/fr\/","name":"sKalisty - Roches Artificielles","description":"","publisher":{"@id":"https:\/\/skalisty.pl\/fr\/#organization"},"potentialAction":[{"@type":"SearchAction","target":{"@type":"EntryPoint","urlTemplate":"https:\/\/skalisty.pl\/fr\/?s={search_term_string}"},"query-input":{"@type":"PropertyValueSpecification","valueRequired":true,"valueName":"search_term_string"}}],"inLanguage":"fr-FR"},{"@type":"Organization","@id":"https:\/\/skalisty.pl\/fr\/#organization","name":"sKalisty - Sztuczne Ska\u0142y","url":"https:\/\/skalisty.pl\/fr\/","logo":{"@type":"ImageObject","inLanguage":"fr-FR","@id":"https:\/\/skalisty.pl\/fr\/#\/schema\/logo\/image\/","url":"https:\/\/static.skalisty.pl\/uploads\/2020\/01\/skalisty-schema-logo-2020.png","contentUrl":"https:\/\/static.skalisty.pl\/uploads\/2020\/01\/skalisty-schema-logo-2020.png","width":1090,"height":238,"caption":"sKalisty - Sztuczne Ska\u0142y"},"image":{"@id":"https:\/\/skalisty.pl\/fr\/#\/schema\/logo\/image\/"},"sameAs":["https:\/\/www.facebook.com\/skalistyPL\/","https:\/\/x.com\/sztuczne_skaly","https:\/\/www.youtube.com\/channel\/UCkvotuS2nyEefXsMM5zd3Mw"]}]}},"_links":{"self":[{"href":"https:\/\/skalisty.pl\/fr\/wp-json\/wp\/v2\/pages\/22644","targetHints":{"allow":["GET"]}}],"collection":[{"href":"https:\/\/skalisty.pl\/fr\/wp-json\/wp\/v2\/pages"}],"about":[{"href":"https:\/\/skalisty.pl\/fr\/wp-json\/wp\/v2\/types\/page"}],"author":[{"embeddable":true,"href":"https:\/\/skalisty.pl\/fr\/wp-json\/wp\/v2\/users\/1"}],"replies":[{"embeddable":true,"href":"https:\/\/skalisty.pl\/fr\/wp-json\/wp\/v2\/comments?post=22644"}],"version-history":[{"count":4,"href":"https:\/\/skalisty.pl\/fr\/wp-json\/wp\/v2\/pages\/22644\/revisions"}],"predecessor-version":[{"id":22648,"href":"https:\/\/skalisty.pl\/fr\/wp-json\/wp\/v2\/pages\/22644\/revisions\/22648"}],"wp:attachment":[{"href":"https:\/\/skalisty.pl\/fr\/wp-json\/wp\/v2\/media?parent=22644"}],"curies":[{"name":"wp","href":"https:\/\/api.w.org\/{rel}","templated":true}]}}