{"id":22459,"date":"2023-01-02T21:24:15","date_gmt":"2023-01-02T20:24:15","guid":{"rendered":"https:\/\/skalisty.pl\/galerie\/comment-nous-avons-monte-les-coraux-artificiels-dans-laquarium\/"},"modified":"2023-01-02T21:26:06","modified_gmt":"2023-01-02T20:26:06","slug":"coraux-video","status":"publish","type":"page","link":"https:\/\/skalisty.pl\/fr\/galerie\/coraux-video\/","title":{"rendered":"Comment nous avons mont\u00e9 les coraux artificiels dans l&rsquo;aquarium"},"content":{"rendered":"<p>[vc_row rt_row_background_width=\u00a0\u00bbdefault\u00a0\u00bb rt_row_style=\u00a0\u00bbdefault-style\u00a0\u00bb rt_row_borders=\u00a0\u00bb\u00a0\u00bb rt_row_paddings=\u00a0\u00bbtrue\u00a0\u00bb rt_bg_effect=\u00a0\u00bbclassic\u00a0\u00bb rt_bg_image_repeat=\u00a0\u00bbrepeat\u00a0\u00bb rt_bg_size=\u00a0\u00bbcover\u00a0\u00bb rt_bg_position=\u00a0\u00bbright top\u00a0\u00bb rt_bg_attachment=\u00a0\u00bbscroll\u00a0\u00bb rt_bg_video_format=\u00a0\u00bbself-hosted\u00a0\u00bb][vc_column rt_wrp_col_paddings=\u00a0\u00bbfalse\u00a0\u00bb rt_border_top=\u00a0\u00bb\u00a0\u00bb rt_border_bottom=\u00a0\u00bb\u00a0\u00bb rt_border_left=\u00a0\u00bb\u00a0\u00bb rt_border_right=\u00a0\u00bb\u00a0\u00bb rt_border_top_mobile=\u00a0\u00bb\u00a0\u00bb rt_border_bottom_mobile=\u00a0\u00bb\u00a0\u00bb rt_border_left_mobile=\u00a0\u00bb\u00a0\u00bb rt_border_right_mobile=\u00a0\u00bb\u00a0\u00bb rt_bg_image_repeat=\u00a0\u00bbrepeat\u00a0\u00bb rt_bg_size=\u00a0\u00bbauto auto\u00a0\u00bb rt_bg_position=\u00a0\u00bbright top\u00a0\u00bb rt_bg_attachment=\u00a0\u00bbscroll\u00a0\u00bb][vc_column_text]<span class=\"punchline\">Plus de 1000 coraux artificiels ont \u00e9t\u00e9 mont\u00e9s par des plongeurs sous l&rsquo;eau.<\/span>[\/vc_column_text][\/vc_column][\/vc_row]<\/p>\n","protected":false},"excerpt":{"rendered":"<p>[vc_row rt_row_background_width=\u00a0\u00bbdefault\u00a0\u00bb rt_row_style=\u00a0\u00bbdefault-style\u00a0\u00bb rt_row_borders=\u00a0\u00bb\u00a0\u00bb rt_row_paddings=\u00a0\u00bbtrue\u00a0\u00bb rt_bg_effect=\u00a0\u00bbclassic\u00a0\u00bb rt_bg_image_repeat=\u00a0\u00bbrepeat\u00a0\u00bb rt_bg_size=\u00a0\u00bbcover\u00a0\u00bb rt_bg_position=\u00a0\u00bbright top\u00a0\u00bb rt_bg_attachment=\u00a0\u00bbscroll\u00a0\u00bb rt_bg_video_format=\u00a0\u00bbself-hosted\u00a0\u00bb][vc_column rt_wrp_col_paddings=\u00a0\u00bbfalse\u00a0\u00bb rt_border_top=\u00a0\u00bb\u00a0\u00bb rt_border_bottom=\u00a0\u00bb\u00a0\u00bb rt_border_left=\u00a0\u00bb\u00a0\u00bb rt_border_right=\u00a0\u00bb\u00a0\u00bb rt_border_top_mobile=\u00a0\u00bb\u00a0\u00bb rt_border_bottom_mobile=\u00a0\u00bb\u00a0\u00bb rt_border_left_mobile=\u00a0\u00bb\u00a0\u00bb rt_border_right_mobile=\u00a0\u00bb\u00a0\u00bb rt_bg_image_repeat=\u00a0\u00bbrepeat\u00a0\u00bb rt_bg_size=\u00a0\u00bbauto auto\u00a0\u00bb rt_bg_position=\u00a0\u00bbright top\u00a0\u00bb rt_bg_attachment=\u00a0\u00bbscroll\u00a0\u00bb][vc_column_text]Plus de 1000 coraux artificiels ont \u00e9t\u00e9 mont\u00e9s par des plongeurs sous l&rsquo;eau.[\/vc_column_text][\/vc_column][\/vc_row]<\/p>\n","protected":false},"author":1,"featured_media":22286,"parent":22285,"menu_order":0,"comment_status":"closed","ping_status":"closed","template":"","meta":{"_exactmetrics_skip_tracking":false,"_exactmetrics_sitenote_active":false,"_exactmetrics_sitenote_note":"","_exactmetrics_sitenote_category":0,"footnotes":""},"class_list":["post-22459","page","type-page","status-publish","has-post-thumbnail","hentry"],"yoast_head":"<!-- This site is optimized with the Yoast SEO plugin v27.1.1 - https:\/\/yoast.com\/product\/yoast-seo-wordpress\/ -->\n<title>Comment nous avons mont\u00e9 les coraux artificiels dans l&#039;aquarium | sKalisty<\/title>\n<meta name=\"robots\" content=\"noindex, follow\" \/>\n<meta property=\"og:locale\" content=\"fr_FR\" \/>\n<meta property=\"og:type\" content=\"article\" \/>\n<meta property=\"og:title\" content=\"Comment nous avons mont\u00e9 les coraux artificiels dans l&#039;aquarium | sKalisty\" \/>\n<meta property=\"og:description\" content=\"[vc_row rt_row_background_width=\u00a0\u00bbdefault\u00a0\u00bb rt_row_style=\u00a0\u00bbdefault-style\u00a0\u00bb rt_row_borders=\u00a0\u00bb\u00a0\u00bb rt_row_paddings=\u00a0\u00bbtrue\u00a0\u00bb rt_bg_effect=\u00a0\u00bbclassic\u00a0\u00bb rt_bg_image_repeat=\u00a0\u00bbrepeat\u00a0\u00bb rt_bg_size=\u00a0\u00bbcover\u00a0\u00bb rt_bg_position=\u00a0\u00bbright top\u00a0\u00bb rt_bg_attachment=\u00a0\u00bbscroll\u00a0\u00bb rt_bg_video_format=\u00a0\u00bbself-hosted\u00a0\u00bb][vc_column rt_wrp_col_paddings=\u00a0\u00bbfalse\u00a0\u00bb rt_border_top=\u00a0\u00bb\u00a0\u00bb rt_border_bottom=\u00a0\u00bb\u00a0\u00bb rt_border_left=\u00a0\u00bb\u00a0\u00bb rt_border_right=\u00a0\u00bb\u00a0\u00bb rt_border_top_mobile=\u00a0\u00bb\u00a0\u00bb rt_border_bottom_mobile=\u00a0\u00bb\u00a0\u00bb rt_border_left_mobile=\u00a0\u00bb\u00a0\u00bb rt_border_right_mobile=\u00a0\u00bb\u00a0\u00bb rt_bg_image_repeat=\u00a0\u00bbrepeat\u00a0\u00bb rt_bg_size=\u00a0\u00bbauto auto\u00a0\u00bb rt_bg_position=\u00a0\u00bbright top\u00a0\u00bb rt_bg_attachment=\u00a0\u00bbscroll\u00a0\u00bb][vc_column_text]Plus de 1000 coraux artificiels ont \u00e9t\u00e9 mont\u00e9s par des plongeurs sous l&rsquo;eau.[\/vc_column_text][\/vc_column][\/vc_row]\" \/>\n<meta property=\"og:url\" content=\"https:\/\/skalisty.pl\/fr\/galerie\/coraux-video\/\" \/>\n<meta property=\"og:site_name\" content=\"sKalisty - Roches Artificielles\" \/>\n<meta property=\"article:publisher\" content=\"https:\/\/www.facebook.com\/skalistyPL\/\" \/>\n<meta property=\"article:modified_time\" content=\"2023-01-02T20:26:06+00:00\" \/>\n<meta property=\"og:image\" content=\"https:\/\/static.skalisty.pl\/uploads\/2019\/02\/montaz-koralowcow.jpg\" \/>\n\t<meta property=\"og:image:width\" content=\"1430\" \/>\n\t<meta property=\"og:image:height\" content=\"1068\" \/>\n\t<meta property=\"og:image:type\" content=\"image\/jpeg\" \/>\n<meta name=\"twitter:card\" content=\"summary_large_image\" \/>\n<meta name=\"twitter:site\" content=\"@sztuczne_skaly\" \/>\n<meta name=\"twitter:label1\" content=\"Dur\u00e9e de lecture estim\u00e9e\" \/>\n\t<meta name=\"twitter:data1\" content=\"1 minute\" \/>\n<script type=\"application\/ld+json\" class=\"yoast-schema-graph\">{\"@context\":\"https:\/\/schema.org\",\"@graph\":[{\"@type\":\"WebPage\",\"@id\":\"https:\/\/skalisty.pl\/fr\/galerie\/coraux-video\/\",\"url\":\"https:\/\/skalisty.pl\/fr\/galerie\/coraux-video\/\",\"name\":\"Comment nous avons mont\u00e9 les coraux artificiels dans l'aquarium | sKalisty\",\"isPartOf\":{\"@id\":\"https:\/\/skalisty.pl\/fr\/#website\"},\"primaryImageOfPage\":{\"@id\":\"https:\/\/skalisty.pl\/fr\/galerie\/coraux-video\/#primaryimage\"},\"image\":{\"@id\":\"https:\/\/skalisty.pl\/fr\/galerie\/coraux-video\/#primaryimage\"},\"thumbnailUrl\":\"https:\/\/static.skalisty.pl\/uploads\/2019\/02\/montaz-koralowcow.jpg\",\"datePublished\":\"2023-01-02T20:24:15+00:00\",\"dateModified\":\"2023-01-02T20:26:06+00:00\",\"breadcrumb\":{\"@id\":\"https:\/\/skalisty.pl\/fr\/galerie\/coraux-video\/#breadcrumb\"},\"inLanguage\":\"fr-FR\",\"potentialAction\":[{\"@type\":\"ReadAction\",\"target\":[\"https:\/\/skalisty.pl\/fr\/galerie\/coraux-video\/\"]}]},{\"@type\":\"ImageObject\",\"inLanguage\":\"fr-FR\",\"@id\":\"https:\/\/skalisty.pl\/fr\/galerie\/coraux-video\/#primaryimage\",\"url\":\"https:\/\/static.skalisty.pl\/uploads\/2019\/02\/montaz-koralowcow.jpg\",\"contentUrl\":\"https:\/\/static.skalisty.pl\/uploads\/2019\/02\/montaz-koralowcow.jpg\",\"width\":1430,\"height\":1068},{\"@type\":\"BreadcrumbList\",\"@id\":\"https:\/\/skalisty.pl\/fr\/galerie\/coraux-video\/#breadcrumb\",\"itemListElement\":[{\"@type\":\"ListItem\",\"position\":1,\"name\":\"Accueil\",\"item\":\"https:\/\/skalisty.pl\/fr\/\"},{\"@type\":\"ListItem\",\"position\":2,\"name\":\"Galerie\",\"item\":\"https:\/\/skalisty.pl\/fr\/galerie\/\"},{\"@type\":\"ListItem\",\"position\":3,\"name\":\"Comment nous avons mont\u00e9 les coraux artificiels dans l&#8217;aquarium\"}]},{\"@type\":\"WebSite\",\"@id\":\"https:\/\/skalisty.pl\/fr\/#website\",\"url\":\"https:\/\/skalisty.pl\/fr\/\",\"name\":\"sKalisty - Roches Artificielles\",\"description\":\"\",\"publisher\":{\"@id\":\"https:\/\/skalisty.pl\/fr\/#organization\"},\"potentialAction\":[{\"@type\":\"SearchAction\",\"target\":{\"@type\":\"EntryPoint\",\"urlTemplate\":\"https:\/\/skalisty.pl\/fr\/?s={search_term_string}\"},\"query-input\":{\"@type\":\"PropertyValueSpecification\",\"valueRequired\":true,\"valueName\":\"search_term_string\"}}],\"inLanguage\":\"fr-FR\"},{\"@type\":\"Organization\",\"@id\":\"https:\/\/skalisty.pl\/fr\/#organization\",\"name\":\"sKalisty - Sztuczne Ska\u0142y\",\"url\":\"https:\/\/skalisty.pl\/fr\/\",\"logo\":{\"@type\":\"ImageObject\",\"inLanguage\":\"fr-FR\",\"@id\":\"https:\/\/skalisty.pl\/fr\/#\/schema\/logo\/image\/\",\"url\":\"https:\/\/static.skalisty.pl\/uploads\/2020\/01\/skalisty-schema-logo-2020.png\",\"contentUrl\":\"https:\/\/static.skalisty.pl\/uploads\/2020\/01\/skalisty-schema-logo-2020.png\",\"width\":1090,\"height\":238,\"caption\":\"sKalisty - Sztuczne Ska\u0142y\"},\"image\":{\"@id\":\"https:\/\/skalisty.pl\/fr\/#\/schema\/logo\/image\/\"},\"sameAs\":[\"https:\/\/www.facebook.com\/skalistyPL\/\",\"https:\/\/x.com\/sztuczne_skaly\",\"https:\/\/www.youtube.com\/channel\/UCkvotuS2nyEefXsMM5zd3Mw\"]}]}<\/script>\n<!-- \/ Yoast SEO plugin. -->","yoast_head_json":{"title":"Comment nous avons mont\u00e9 les coraux artificiels dans l'aquarium | sKalisty","robots":{"index":"noindex","follow":"follow"},"og_locale":"fr_FR","og_type":"article","og_title":"Comment nous avons mont\u00e9 les coraux artificiels dans l'aquarium | sKalisty","og_description":"[vc_row rt_row_background_width=\u00a0\u00bbdefault\u00a0\u00bb rt_row_style=\u00a0\u00bbdefault-style\u00a0\u00bb rt_row_borders=\u00a0\u00bb\u00a0\u00bb rt_row_paddings=\u00a0\u00bbtrue\u00a0\u00bb rt_bg_effect=\u00a0\u00bbclassic\u00a0\u00bb rt_bg_image_repeat=\u00a0\u00bbrepeat\u00a0\u00bb rt_bg_size=\u00a0\u00bbcover\u00a0\u00bb rt_bg_position=\u00a0\u00bbright top\u00a0\u00bb rt_bg_attachment=\u00a0\u00bbscroll\u00a0\u00bb rt_bg_video_format=\u00a0\u00bbself-hosted\u00a0\u00bb][vc_column rt_wrp_col_paddings=\u00a0\u00bbfalse\u00a0\u00bb rt_border_top=\u00a0\u00bb\u00a0\u00bb rt_border_bottom=\u00a0\u00bb\u00a0\u00bb rt_border_left=\u00a0\u00bb\u00a0\u00bb rt_border_right=\u00a0\u00bb\u00a0\u00bb rt_border_top_mobile=\u00a0\u00bb\u00a0\u00bb rt_border_bottom_mobile=\u00a0\u00bb\u00a0\u00bb rt_border_left_mobile=\u00a0\u00bb\u00a0\u00bb rt_border_right_mobile=\u00a0\u00bb\u00a0\u00bb rt_bg_image_repeat=\u00a0\u00bbrepeat\u00a0\u00bb rt_bg_size=\u00a0\u00bbauto auto\u00a0\u00bb rt_bg_position=\u00a0\u00bbright top\u00a0\u00bb rt_bg_attachment=\u00a0\u00bbscroll\u00a0\u00bb][vc_column_text]Plus de 1000 coraux artificiels ont \u00e9t\u00e9 mont\u00e9s par des plongeurs sous l&rsquo;eau.[\/vc_column_text][\/vc_column][\/vc_row]","og_url":"https:\/\/skalisty.pl\/fr\/galerie\/coraux-video\/","og_site_name":"sKalisty - Roches Artificielles","article_publisher":"https:\/\/www.facebook.com\/skalistyPL\/","article_modified_time":"2023-01-02T20:26:06+00:00","og_image":[{"width":1430,"height":1068,"url":"https:\/\/static.skalisty.pl\/uploads\/2019\/02\/montaz-koralowcow.jpg","type":"image\/jpeg"}],"twitter_card":"summary_large_image","twitter_site":"@sztuczne_skaly","twitter_misc":{"Dur\u00e9e de lecture estim\u00e9e":"1 minute"},"schema":{"@context":"https:\/\/schema.org","@graph":[{"@type":"WebPage","@id":"https:\/\/skalisty.pl\/fr\/galerie\/coraux-video\/","url":"https:\/\/skalisty.pl\/fr\/galerie\/coraux-video\/","name":"Comment nous avons mont\u00e9 les coraux artificiels dans l'aquarium | sKalisty","isPartOf":{"@id":"https:\/\/skalisty.pl\/fr\/#website"},"primaryImageOfPage":{"@id":"https:\/\/skalisty.pl\/fr\/galerie\/coraux-video\/#primaryimage"},"image":{"@id":"https:\/\/skalisty.pl\/fr\/galerie\/coraux-video\/#primaryimage"},"thumbnailUrl":"https:\/\/static.skalisty.pl\/uploads\/2019\/02\/montaz-koralowcow.jpg","datePublished":"2023-01-02T20:24:15+00:00","dateModified":"2023-01-02T20:26:06+00:00","breadcrumb":{"@id":"https:\/\/skalisty.pl\/fr\/galerie\/coraux-video\/#breadcrumb"},"inLanguage":"fr-FR","potentialAction":[{"@type":"ReadAction","target":["https:\/\/skalisty.pl\/fr\/galerie\/coraux-video\/"]}]},{"@type":"ImageObject","inLanguage":"fr-FR","@id":"https:\/\/skalisty.pl\/fr\/galerie\/coraux-video\/#primaryimage","url":"https:\/\/static.skalisty.pl\/uploads\/2019\/02\/montaz-koralowcow.jpg","contentUrl":"https:\/\/static.skalisty.pl\/uploads\/2019\/02\/montaz-koralowcow.jpg","width":1430,"height":1068},{"@type":"BreadcrumbList","@id":"https:\/\/skalisty.pl\/fr\/galerie\/coraux-video\/#breadcrumb","itemListElement":[{"@type":"ListItem","position":1,"name":"Accueil","item":"https:\/\/skalisty.pl\/fr\/"},{"@type":"ListItem","position":2,"name":"Galerie","item":"https:\/\/skalisty.pl\/fr\/galerie\/"},{"@type":"ListItem","position":3,"name":"Comment nous avons mont\u00e9 les coraux artificiels dans l&#8217;aquarium"}]},{"@type":"WebSite","@id":"https:\/\/skalisty.pl\/fr\/#website","url":"https:\/\/skalisty.pl\/fr\/","name":"sKalisty - Roches Artificielles","description":"","publisher":{"@id":"https:\/\/skalisty.pl\/fr\/#organization"},"potentialAction":[{"@type":"SearchAction","target":{"@type":"EntryPoint","urlTemplate":"https:\/\/skalisty.pl\/fr\/?s={search_term_string}"},"query-input":{"@type":"PropertyValueSpecification","valueRequired":true,"valueName":"search_term_string"}}],"inLanguage":"fr-FR"},{"@type":"Organization","@id":"https:\/\/skalisty.pl\/fr\/#organization","name":"sKalisty - Sztuczne Ska\u0142y","url":"https:\/\/skalisty.pl\/fr\/","logo":{"@type":"ImageObject","inLanguage":"fr-FR","@id":"https:\/\/skalisty.pl\/fr\/#\/schema\/logo\/image\/","url":"https:\/\/static.skalisty.pl\/uploads\/2020\/01\/skalisty-schema-logo-2020.png","contentUrl":"https:\/\/static.skalisty.pl\/uploads\/2020\/01\/skalisty-schema-logo-2020.png","width":1090,"height":238,"caption":"sKalisty - Sztuczne Ska\u0142y"},"image":{"@id":"https:\/\/skalisty.pl\/fr\/#\/schema\/logo\/image\/"},"sameAs":["https:\/\/www.facebook.com\/skalistyPL\/","https:\/\/x.com\/sztuczne_skaly","https:\/\/www.youtube.com\/channel\/UCkvotuS2nyEefXsMM5zd3Mw"]}]}},"_links":{"self":[{"href":"https:\/\/skalisty.pl\/fr\/wp-json\/wp\/v2\/pages\/22459","targetHints":{"allow":["GET"]}}],"collection":[{"href":"https:\/\/skalisty.pl\/fr\/wp-json\/wp\/v2\/pages"}],"about":[{"href":"https:\/\/skalisty.pl\/fr\/wp-json\/wp\/v2\/types\/page"}],"author":[{"embeddable":true,"href":"https:\/\/skalisty.pl\/fr\/wp-json\/wp\/v2\/users\/1"}],"replies":[{"embeddable":true,"href":"https:\/\/skalisty.pl\/fr\/wp-json\/wp\/v2\/comments?post=22459"}],"version-history":[{"count":2,"href":"https:\/\/skalisty.pl\/fr\/wp-json\/wp\/v2\/pages\/22459\/revisions"}],"predecessor-version":[{"id":22461,"href":"https:\/\/skalisty.pl\/fr\/wp-json\/wp\/v2\/pages\/22459\/revisions\/22461"}],"up":[{"embeddable":true,"href":"https:\/\/skalisty.pl\/fr\/wp-json\/wp\/v2\/pages\/22285"}],"wp:featuredmedia":[{"embeddable":true,"href":"https:\/\/skalisty.pl\/fr\/wp-json\/wp\/v2\/media\/22286"}],"wp:attachment":[{"href":"https:\/\/skalisty.pl\/fr\/wp-json\/wp\/v2\/media?parent=22459"}],"curies":[{"name":"wp","href":"https:\/\/api.w.org\/{rel}","templated":true}]}}