{"id":3949,"date":"2019-02-04T13:59:48","date_gmt":"2019-02-04T12:59:48","guid":{"rendered":"https:\/\/skalisty.pl\/o-nas\/"},"modified":"2020-01-17T15:14:48","modified_gmt":"2020-01-17T14:14:48","slug":"acerca-de-nosotros","status":"publish","type":"page","link":"https:\/\/skalisty.pl\/es\/acerca-de-nosotros\/","title":{"rendered":"Acerca de Nosotros"},"content":{"rendered":"<p>[vc_row rt_row_background_width=\u00bbfullwidth\u00bb rt_row_content_width=\u00bbfullwidth\u00bb rt_row_style=\u00bbdefault-style\u00bb rt_column_placement=\u00bbmiddle\u00bb rt_row_borders=\u00bb\u00bb rt_row_paddings=\u00bbfalse\u00bb rt_bg_effect=\u00bbclassic\u00bb rt_bg_image_repeat=\u00bbrepeat\u00bb rt_bg_size=\u00bbcover\u00bb rt_bg_position=\u00bbright top\u00bb rt_bg_attachment=\u00bbscroll\u00bb rt_bg_video_format=\u00bbself-hosted\u00bb][vc_column width=\u00bb1\/2&#8243; rt_wrp_col_paddings=\u00bbfalse\u00bb rt_border_top=\u00bb\u00bb rt_border_bottom=\u00bb\u00bb rt_border_left=\u00bb\u00bb rt_border_right=\u00bb\u00bb rt_border_top_mobile=\u00bb\u00bb rt_border_bottom_mobile=\u00bb\u00bb rt_border_left_mobile=\u00bb\u00bb rt_border_right_mobile=\u00bb\u00bb rt_bg_image_repeat=\u00bbrepeat\u00bb rt_bg_size=\u00bbauto auto\u00bb rt_bg_position=\u00bbright top\u00bb rt_bg_attachment=\u00bbscroll\u00bb rt_padding_top=\u00bb0&#8243; rt_padding_bottom=\u00bb0&#8243; rt_padding_left=\u00bb0&#8243; rt_padding_right=\u00bb0&#8243;][vc_single_image image=\u00bb3967&#8243; img_size=\u00bbfull\u00bb alignment=\u00bbcenter\u00bb][\/vc_column][vc_column width=\u00bb1\/2&#8243; rt_wrp_col_paddings=\u00bbfalse\u00bb rt_border_top=\u00bb\u00bb rt_border_bottom=\u00bb\u00bb rt_border_left=\u00bb\u00bb rt_border_right=\u00bb\u00bb rt_border_top_mobile=\u00bb\u00bb rt_border_bottom_mobile=\u00bb\u00bb rt_border_left_mobile=\u00bb\u00bb rt_border_right_mobile=\u00bb\u00bb rt_bg_image_repeat=\u00bbrepeat\u00bb rt_bg_size=\u00bbauto auto\u00bb rt_bg_position=\u00bbright top\u00bb rt_bg_attachment=\u00bbscroll\u00bb rt_padding_top=\u00bb0&#8243; rt_padding_bottom=\u00bb0&#8243; rt_padding_left=\u00bb0&#8243; rt_padding_right=\u00bb0&#8243;]<div class=\"rt_heading_wrapper style-4\">\n\t\t\t\t\t\t<h1 class=\"rt_heading  style-4\" >QUI\u00c9NES SOMOS<\/h1>\n\t\t\t\t\t<\/div>[vc_column_text css=\u00bb.vc_custom_1551556247920{padding-right: 30px !important;padding-left: 30px !important;}\u00bb]Somos una empresa con la sede enWroc\u0142aw (Breslavia). Tenemos una posici\u00f3n s\u00f3lida en el mercado de decoraciones hechas de montero de cemento. Ofrecemos el m\u00e1s alto nivel de servicios.Realizamos proyectos en toda Europa,sobre todo en Polonia donde colaboramos conparques zool\u00f3gicos, parques acu\u00e1ticos y oceanarios.Nos ocupamos tambi\u00e9n de la construcci\u00f3n de rocas, cascadas de agua y \u00e1rboles artificiales para hoteles y clientes individuales. Cada proyecto realizamos con atenci\u00f3n al detalle y teniendo en cuenta necesidades de nuestros clientes.[\/vc_column_text][\/vc_column][\/vc_row][vc_row rt_row_background_width=\u00bbfullwidth\u00bb rt_row_content_width=\u00bbfullwidth\u00bb rt_row_style=\u00bbdefault-style\u00bb rt_column_placement=\u00bbmiddle\u00bb rt_row_borders=\u00bb\u00bb rt_row_paddings=\u00bbfalse\u00bb rt_bg_effect=\u00bbclassic\u00bb rt_bg_image_repeat=\u00bbrepeat\u00bb rt_bg_size=\u00bbcover\u00bb rt_bg_position=\u00bbright top\u00bb rt_bg_attachment=\u00bbscroll\u00bb rt_bg_video_format=\u00bbself-hosted\u00bb][vc_column width=\u00bb1\/2&#8243; rt_wrp_col_paddings=\u00bbfalse\u00bb rt_border_top=\u00bb\u00bb rt_border_bottom=\u00bb\u00bb rt_border_left=\u00bb\u00bb rt_border_right=\u00bb\u00bb rt_border_top_mobile=\u00bb\u00bb rt_border_bottom_mobile=\u00bb\u00bb rt_border_left_mobile=\u00bb\u00bb rt_border_right_mobile=\u00bb\u00bb rt_bg_image_repeat=\u00bbrepeat\u00bb rt_bg_size=\u00bbauto auto\u00bb rt_bg_position=\u00bbright top\u00bb rt_bg_attachment=\u00bbscroll\u00bb rt_padding_top=\u00bb0&#8243; rt_padding_bottom=\u00bb0&#8243; rt_padding_left=\u00bb0&#8243; rt_padding_right=\u00bb0&#8243;]<div class=\"rt_heading_wrapper style-4\">\n\t\t\t\t\t\t<h2 class=\"rt_heading  style-4\"  style=\"font-size:42px;\">ELEVADA CALIDAD DE REALIZACI\u00d3N<\/h2>\n\t\t\t\t\t<\/div>[vc_column_text css=\u00bb.vc_custom_1551556263441{padding-right: 30px !important;padding-left: 30px !important;}\u00bb]A nuestros clientes les ofrecemos soluciones duraderas, seguras y de alta calidad.Tenemos amplia experiencia en la construcci\u00f3n, el montaje y los proyectos de: decoraciones de acuarios grandes, corrales para animales en jardines zool\u00f3gicos, elementos decorativos en parques tem\u00e1ticos y en centros de spa, reproducci\u00f3n cient\u00edfica (museograf\u00eda). Los proyectos a los que nos dedicamos son realizados de manera profesional y eficaz.[\/vc_column_text][\/vc_column][vc_column width=\u00bb1\/2&#8243; rt_wrp_col_paddings=\u00bbfalse\u00bb rt_border_top=\u00bb\u00bb rt_border_bottom=\u00bb\u00bb rt_border_left=\u00bb\u00bb rt_border_right=\u00bb\u00bb rt_border_top_mobile=\u00bb\u00bb rt_border_bottom_mobile=\u00bb\u00bb rt_border_left_mobile=\u00bb\u00bb rt_border_right_mobile=\u00bb\u00bb rt_bg_image_repeat=\u00bbrepeat\u00bb rt_bg_size=\u00bbauto auto\u00bb rt_bg_position=\u00bbright top\u00bb rt_bg_attachment=\u00bbscroll\u00bb rt_padding_top=\u00bb0&#8243; rt_padding_bottom=\u00bb0&#8243; rt_padding_left=\u00bb0&#8243; rt_padding_right=\u00bb0&#8243;][vc_single_image image=\u00bb262&#8243; img_size=\u00bbfull\u00bb alignment=\u00bbcenter\u00bb][\/vc_column][\/vc_row][vc_row rt_row_background_width=\u00bbfullwidth\u00bb rt_row_content_width=\u00bbdefault\u00bb rt_row_style=\u00bbalt-style-2&#8243; rt_row_borders=\u00bbtop,bottom\u00bb rt_grid=\u00bbtrue\u00bb rt_row_paddings=\u00bbtrue\u00bb rt_bg_effect=\u00bbclassic\u00bb rt_bg_image_repeat=\u00bbrepeat\u00bb rt_bg_size=\u00bbcover\u00bb rt_bg_position=\u00bbright top\u00bb rt_bg_attachment=\u00bbscroll\u00bb rt_bg_video_format=\u00bbself-hosted\u00bb rt_padding_top=\u00bb20&#8243; rt_padding_bottom=\u00bb20&#8243;][vc_column width=\u00bb1\/3&#8243; rt_wrp_col_paddings=\u00bbfalse\u00bb rt_border_top=\u00bb\u00bb rt_border_bottom=\u00bb\u00bb rt_border_left=\u00bb\u00bb rt_border_right=\u00bb\u00bb rt_border_top_mobile=\u00bb\u00bb rt_border_bottom_mobile=\u00bb\u00bb rt_border_left_mobile=\u00bb\u00bb rt_border_right_mobile=\u00bb\u00bb rt_bg_image_repeat=\u00bbrepeat\u00bb rt_bg_size=\u00bbauto auto\u00bb rt_bg_position=\u00bbright top\u00bb rt_bg_attachment=\u00bbscroll\u00bb]<article  class=\"icon-content-box content-box icon-left icon-style-1\"><div class=\"icon-holder\"><span class=\"icon-thumbs-up\"><\/span><\/div><div class=\"text-holder\"><h3 class=\"heading\">NUESTRA PASI\u00d3N<\/h3> <p><span class=\"icon-box__subtitle\">Las rocas artificiales son nuestra pasi\u00f3n y con la misma pasi\u00f3n trabajamos. Realizamos proyectos at\u00edpicos e \u00abimposibles de realizar\u00bb.<\/span><\/p>\n<\/div><\/article>[\/vc_column][vc_column width=\u00bb1\/3&#8243; rt_wrp_col_paddings=\u00bbfalse\u00bb rt_border_top=\u00bb\u00bb rt_border_bottom=\u00bb\u00bb rt_border_left=\u00bb\u00bb rt_border_right=\u00bb\u00bb rt_border_top_mobile=\u00bb\u00bb rt_border_bottom_mobile=\u00bb\u00bb rt_border_left_mobile=\u00bb\u00bb rt_border_right_mobile=\u00bb\u00bb rt_bg_image_repeat=\u00bbrepeat\u00bb rt_bg_size=\u00bbauto auto\u00bb rt_bg_position=\u00bbright top\u00bb rt_bg_attachment=\u00bbscroll\u00bb]<article  class=\"icon-content-box content-box icon-left icon-style-1\"><div class=\"icon-holder\"><span class=\"icon-globe\"><\/span><\/div><div class=\"text-holder\"><h3 class=\"heading\">ALTA CALIDAD<\/h3> <p><span class=\"icon-box__subtitle\">Colaborando con nosotros, recibir\u00e1s realizaciones al m\u00e1s alto nivel mundial.<\/span><\/p>\n<\/div><\/article>[\/vc_column][vc_column width=\u00bb1\/3&#8243; rt_wrp_col_paddings=\u00bbfalse\u00bb rt_border_top=\u00bb\u00bb rt_border_bottom=\u00bb\u00bb rt_border_left=\u00bb\u00bb rt_border_right=\u00bb\u00bb rt_border_top_mobile=\u00bb\u00bb rt_border_bottom_mobile=\u00bb\u00bb rt_border_left_mobile=\u00bb\u00bb rt_border_right_mobile=\u00bb\u00bb rt_bg_image_repeat=\u00bbrepeat\u00bb rt_bg_size=\u00bbauto auto\u00bb rt_bg_position=\u00bbright top\u00bb rt_bg_attachment=\u00bbscroll\u00bb]<article  class=\"icon-content-box content-box icon-left icon-style-1\"><div class=\"icon-holder\"><span class=\"icon-users\"><\/span><\/div><div class=\"text-holder\"><h3 class=\"heading\">EQUIPO DE PROFESIONALES<\/h3> <p><span class=\"icon-box__subtitle\">Realizando proyectos grades y complicados, trabajamos con un equipo profesionalinternacional.<\/span><\/p>\n<\/div><\/article>[\/vc_column][\/vc_row][vc_row rt_row_background_width=\u00bbfullwidth\u00bb rt_row_content_width=\u00bbfullwidth\u00bb rt_row_style=\u00bbdefault-style\u00bb rt_column_placement=\u00bbmiddle\u00bb rt_row_borders=\u00bb\u00bb rt_row_paddings=\u00bbfalse\u00bb rt_bg_effect=\u00bbclassic\u00bb rt_bg_image_repeat=\u00bbrepeat\u00bb rt_bg_size=\u00bbcover\u00bb rt_bg_position=\u00bbright top\u00bb rt_bg_attachment=\u00bbscroll\u00bb rt_bg_video_format=\u00bbself-hosted\u00bb][vc_column width=\u00bb1\/2&#8243; rt_wrp_col_paddings=\u00bbfalse\u00bb rt_border_top=\u00bb\u00bb rt_border_bottom=\u00bb\u00bb rt_border_left=\u00bb\u00bb rt_border_right=\u00bb\u00bb rt_border_top_mobile=\u00bb\u00bb rt_border_bottom_mobile=\u00bb\u00bb rt_border_left_mobile=\u00bb\u00bb rt_border_right_mobile=\u00bb\u00bb rt_bg_image_repeat=\u00bbrepeat\u00bb rt_bg_size=\u00bbauto auto\u00bb rt_bg_position=\u00bbright top\u00bb rt_bg_attachment=\u00bbscroll\u00bb rt_padding_top=\u00bb0&#8243; rt_padding_bottom=\u00bb0&#8243; rt_padding_left=\u00bb0&#8243; rt_padding_right=\u00bb0&#8243;][vc_single_image image=\u00bb3969&#8243; img_size=\u00bbfull\u00bb alignment=\u00bbcenter\u00bb][\/vc_column][vc_column width=\u00bb1\/2&#8243; rt_wrp_col_paddings=\u00bbfalse\u00bb rt_border_top=\u00bb\u00bb rt_border_bottom=\u00bb\u00bb rt_border_left=\u00bb\u00bb rt_border_right=\u00bb\u00bb rt_border_top_mobile=\u00bb\u00bb rt_border_bottom_mobile=\u00bb\u00bb rt_border_left_mobile=\u00bb\u00bb rt_border_right_mobile=\u00bb\u00bb rt_bg_image_repeat=\u00bbrepeat\u00bb rt_bg_size=\u00bbauto auto\u00bb rt_bg_position=\u00bbright top\u00bb rt_bg_attachment=\u00bbscroll\u00bb rt_padding_top=\u00bb0&#8243; rt_padding_bottom=\u00bb0&#8243; rt_padding_left=\u00bb0&#8243; rt_padding_right=\u00bb0&#8243;]<div class=\"rt_heading_wrapper style-4\">\n\t\t\t\t\t\t<h3 class=\"rt_heading  style-4\"  style=\"font-size:42px;\">DECORACIONES DE HORMIG\u00d3NMODIFICADO<\/h3>\n\t\t\t\t\t<\/div>[vc_column_text css=\u00bb.vc_custom_1551556300688{padding-right: 30px !important;padding-left: 30px !important;}\u00bb]sKalisty es una empresa especializada en fabricaci\u00f3n de rocas artificiales hechas de mortero de cemento y de resina. El resultadode nuestro trabajo es la reproducci\u00f3n fiel de formaciones rocosas, arrecifes coralinos y \u00e1rboles. Ponemos \u00e9nfasis en asegurarnos que todas nuestras realizaciones tengan valores educativos y que reflejen estructuras rocosas presentes en la naturaleza. Tenemos experiencia adquirida en trabajos realizados en miles de kil\u00f3metros cuadrados de construcciones rocosas artificiales. Entre nuestros proyectos m\u00e1s importantes hay que mencionar la construcci\u00f3n de decoraciones rocosas en la zona recreativa Termy Tarnowskie y el arreglo m\u00e1s grande en Polonia de rocas artificiales en Afrykanarium \u2013 un oceanario que se encuentra en el jard\u00edn zool\u00f3gico en Wroc\u0142aw.[\/vc_column_text][\/vc_column][\/vc_row][vc_row rt_row_background_width=\u00bbfullwidth\u00bb rt_row_content_width=\u00bbfullwidth\u00bb rt_row_style=\u00bbdefault-style\u00bb rt_column_placement=\u00bbmiddle\u00bb rt_row_borders=\u00bb\u00bb rt_row_paddings=\u00bbfalse\u00bb rt_bg_effect=\u00bbclassic\u00bb rt_bg_image_repeat=\u00bbrepeat\u00bb rt_bg_size=\u00bbcover\u00bb rt_bg_position=\u00bbright top\u00bb rt_bg_attachment=\u00bbscroll\u00bb rt_bg_video_format=\u00bbself-hosted\u00bb][vc_column width=\u00bb1\/2&#8243; rt_wrp_col_paddings=\u00bbfalse\u00bb rt_border_top=\u00bb\u00bb rt_border_bottom=\u00bb\u00bb rt_border_left=\u00bb\u00bb rt_border_right=\u00bb\u00bb rt_border_top_mobile=\u00bb\u00bb rt_border_bottom_mobile=\u00bb\u00bb rt_border_left_mobile=\u00bb\u00bb rt_border_right_mobile=\u00bb\u00bb rt_bg_image_repeat=\u00bbrepeat\u00bb rt_bg_size=\u00bbauto auto\u00bb rt_bg_position=\u00bbright top\u00bb rt_bg_attachment=\u00bbscroll\u00bb rt_padding_top=\u00bb0&#8243; rt_padding_bottom=\u00bb0&#8243; rt_padding_left=\u00bb0&#8243; rt_padding_right=\u00bb0&#8243;]<div class=\"rt_heading_wrapper style-4\">\n\t\t\t\t\t\t<h4 class=\"rt_heading  style-4\"  style=\"font-size:42px;\">NUESTRA EXPERIENCIA<\/h4>\n\t\t\t\t\t<\/div>[vc_column_text css=\u00bb.vc_custom_1551556312330{padding-right: 30px !important;padding-left: 30px !important;}\u00bb]sKalisty no es solo la preparaci\u00f3n y el montaje de decoraciones rocosas, sino tambi\u00e9n el conocimiento necesario para elegir materiales adaptados al entorno en el que las decoraciones ser\u00e1n colocadas. Prestamos particular atenci\u00f3n para que el resultado de nuestro trabajo sea seguro para humanos y animales.[\/vc_column_text][\/vc_column][vc_column width=\u00bb1\/2&#8243; rt_wrp_col_paddings=\u00bbfalse\u00bb rt_border_top=\u00bb\u00bb rt_border_bottom=\u00bb\u00bb rt_border_left=\u00bb\u00bb rt_border_right=\u00bb\u00bb rt_border_top_mobile=\u00bb\u00bb rt_border_bottom_mobile=\u00bb\u00bb rt_border_left_mobile=\u00bb\u00bb rt_border_right_mobile=\u00bb\u00bb rt_bg_image_repeat=\u00bbrepeat\u00bb rt_bg_size=\u00bbauto auto\u00bb rt_bg_position=\u00bbright top\u00bb rt_bg_attachment=\u00bbscroll\u00bb rt_padding_top=\u00bb0&#8243; rt_padding_bottom=\u00bb0&#8243; rt_padding_left=\u00bb0&#8243; rt_padding_right=\u00bb0&#8243;][vc_single_image image=\u00bb264&#8243; img_size=\u00bbfull\u00bb alignment=\u00bbcenter\u00bb][\/vc_column][\/vc_row]<\/p>\n","protected":false},"excerpt":{"rendered":"<p>[vc_row rt_row_background_width=\u00bbfullwidth\u00bb rt_row_content_width=\u00bbfullwidth\u00bb rt_row_style=\u00bbdefault-style\u00bb rt_column_placement=\u00bbmiddle\u00bb rt_row_borders=\u00bb\u00bb rt_row_paddings=\u00bbfalse\u00bb rt_bg_effect=\u00bbclassic\u00bb rt_bg_image_repeat=\u00bbrepeat\u00bb rt_bg_size=\u00bbcover\u00bb rt_bg_position=\u00bbright top\u00bb rt_bg_attachment=\u00bbscroll\u00bb rt_bg_video_format=\u00bbself-hosted\u00bb][vc_column width=\u00bb1\/2&#8243; rt_wrp_col_paddings=\u00bbfalse\u00bb rt_border_top=\u00bb\u00bb rt_border_bottom=\u00bb\u00bb rt_border_left=\u00bb\u00bb rt_border_right=\u00bb\u00bb rt_border_top_mobile=\u00bb\u00bb rt_border_bottom_mobile=\u00bb\u00bb rt_border_left_mobile=\u00bb\u00bb rt_border_right_mobile=\u00bb\u00bb rt_bg_image_repeat=\u00bbrepeat\u00bb rt_bg_size=\u00bbauto auto\u00bb rt_bg_position=\u00bbright top\u00bb rt_bg_attachment=\u00bbscroll\u00bb rt_padding_top=\u00bb0&#8243; rt_padding_bottom=\u00bb0&#8243; rt_padding_left=\u00bb0&#8243; rt_padding_right=\u00bb0&#8243;][vc_single_image image=\u00bb3967&#8243; img_size=\u00bbfull\u00bb alignment=\u00bbcenter\u00bb][\/vc_column][vc_column width=\u00bb1\/2&#8243; rt_wrp_col_paddings=\u00bbfalse\u00bb rt_border_top=\u00bb\u00bb rt_border_bottom=\u00bb\u00bb rt_border_left=\u00bb\u00bb rt_border_right=\u00bb\u00bb rt_border_top_mobile=\u00bb\u00bb rt_border_bottom_mobile=\u00bb\u00bb rt_border_left_mobile=\u00bb\u00bb rt_border_right_mobile=\u00bb\u00bb rt_bg_image_repeat=\u00bbrepeat\u00bb rt_bg_size=\u00bbauto auto\u00bb rt_bg_position=\u00bbright top\u00bb rt_bg_attachment=\u00bbscroll\u00bb rt_padding_top=\u00bb0&#8243; rt_padding_bottom=\u00bb0&#8243; [&hellip;]<\/p>\n","protected":false},"author":1,"featured_media":0,"parent":0,"menu_order":0,"comment_status":"closed","ping_status":"closed","template":"","meta":{"_exactmetrics_skip_tracking":false,"_exactmetrics_sitenote_active":false,"_exactmetrics_sitenote_note":"","_exactmetrics_sitenote_category":0,"footnotes":""},"class_list":["post-3949","page","type-page","status-publish","hentry"],"yoast_head":"<!-- This site is optimized with the Yoast SEO plugin v27.1.1 - https:\/\/yoast.com\/product\/yoast-seo-wordpress\/ -->\n<title>Acerca de Nosotros | sKalisty<\/title>\n<meta name=\"description\" content=\"Somos un productor experimentado de decoraciones de hormig\u00f3n. Realizamos proyectos complicados e inusuales en la construcci\u00f3n de la tematizaci\u00f3nes.\" \/>\n<meta name=\"robots\" content=\"index, follow, max-snippet:-1, max-image-preview:large, max-video-preview:-1\" \/>\n<link rel=\"canonical\" href=\"https:\/\/skalisty.pl\/es\/acerca-de-nosotros\/\" \/>\n<meta property=\"og:locale\" content=\"es_ES\" \/>\n<meta property=\"og:type\" content=\"article\" \/>\n<meta property=\"og:title\" content=\"Acerca de Nosotros | sKalisty\" \/>\n<meta property=\"og:description\" content=\"Somos un productor experimentado de decoraciones de hormig\u00f3n. Realizamos proyectos complicados e inusuales en la construcci\u00f3n de la tematizaci\u00f3nes.\" \/>\n<meta property=\"og:url\" content=\"https:\/\/skalisty.pl\/es\/acerca-de-nosotros\/\" \/>\n<meta property=\"og:site_name\" content=\"sKalisty - Rocas Artificiales\" \/>\n<meta property=\"article:publisher\" content=\"https:\/\/www.facebook.com\/skalistyPL\/\" \/>\n<meta property=\"article:modified_time\" content=\"2020-01-17T14:14:48+00:00\" \/>\n<meta name=\"twitter:card\" content=\"summary_large_image\" \/>\n<meta name=\"twitter:site\" content=\"@sztuczne_skaly\" \/>\n<meta name=\"twitter:label1\" content=\"Tiempo de lectura\" \/>\n\t<meta name=\"twitter:data1\" content=\"8 minutos\" \/>\n<script type=\"application\/ld+json\" class=\"yoast-schema-graph\">{\"@context\":\"https:\/\/schema.org\",\"@graph\":[{\"@type\":\"WebPage\",\"@id\":\"https:\/\/skalisty.pl\/es\/acerca-de-nosotros\/\",\"url\":\"https:\/\/skalisty.pl\/es\/acerca-de-nosotros\/\",\"name\":\"Acerca de Nosotros | sKalisty\",\"isPartOf\":{\"@id\":\"https:\/\/skalisty.pl\/es\/#website\"},\"datePublished\":\"2019-02-04T12:59:48+00:00\",\"dateModified\":\"2020-01-17T14:14:48+00:00\",\"description\":\"Somos un productor experimentado de decoraciones de hormig\u00f3n. Realizamos proyectos complicados e inusuales en la construcci\u00f3n de la tematizaci\u00f3nes.\",\"breadcrumb\":{\"@id\":\"https:\/\/skalisty.pl\/es\/acerca-de-nosotros\/#breadcrumb\"},\"inLanguage\":\"es\",\"potentialAction\":[{\"@type\":\"ReadAction\",\"target\":[\"https:\/\/skalisty.pl\/es\/acerca-de-nosotros\/\"]}]},{\"@type\":\"BreadcrumbList\",\"@id\":\"https:\/\/skalisty.pl\/es\/acerca-de-nosotros\/#breadcrumb\",\"itemListElement\":[{\"@type\":\"ListItem\",\"position\":1,\"name\":\"Inicio\",\"item\":\"https:\/\/skalisty.pl\/es\/\"},{\"@type\":\"ListItem\",\"position\":2,\"name\":\"Acerca de Nosotros\"}]},{\"@type\":\"WebSite\",\"@id\":\"https:\/\/skalisty.pl\/es\/#website\",\"url\":\"https:\/\/skalisty.pl\/es\/\",\"name\":\"sKalisty - Rocas Artificiales\",\"description\":\"\",\"publisher\":{\"@id\":\"https:\/\/skalisty.pl\/es\/#organization\"},\"potentialAction\":[{\"@type\":\"SearchAction\",\"target\":{\"@type\":\"EntryPoint\",\"urlTemplate\":\"https:\/\/skalisty.pl\/es\/?s={search_term_string}\"},\"query-input\":{\"@type\":\"PropertyValueSpecification\",\"valueRequired\":true,\"valueName\":\"search_term_string\"}}],\"inLanguage\":\"es\"},{\"@type\":\"Organization\",\"@id\":\"https:\/\/skalisty.pl\/es\/#organization\",\"name\":\"sKalisty - Rocas Artificiales\",\"url\":\"https:\/\/skalisty.pl\/es\/\",\"logo\":{\"@type\":\"ImageObject\",\"inLanguage\":\"es\",\"@id\":\"https:\/\/skalisty.pl\/es\/#\/schema\/logo\/image\/\",\"url\":\"https:\/\/static.skalisty.pl\/uploads\/2020\/01\/skalisty-schema-logo-2020.png\",\"contentUrl\":\"https:\/\/static.skalisty.pl\/uploads\/2020\/01\/skalisty-schema-logo-2020.png\",\"width\":1090,\"height\":238,\"caption\":\"sKalisty - Rocas Artificiales\"},\"image\":{\"@id\":\"https:\/\/skalisty.pl\/es\/#\/schema\/logo\/image\/\"},\"sameAs\":[\"https:\/\/www.facebook.com\/skalistyPL\/\",\"https:\/\/x.com\/sztuczne_skaly\",\"https:\/\/www.youtube.com\/channel\/UCkvotuS2nyEefXsMM5zd3Mw\"]}]}<\/script>\n<!-- \/ Yoast SEO plugin. -->","yoast_head_json":{"title":"Acerca de Nosotros | sKalisty","description":"Somos un productor experimentado de decoraciones de hormig\u00f3n. Realizamos proyectos complicados e inusuales en la construcci\u00f3n de la tematizaci\u00f3nes.","robots":{"index":"index","follow":"follow","max-snippet":"max-snippet:-1","max-image-preview":"max-image-preview:large","max-video-preview":"max-video-preview:-1"},"canonical":"https:\/\/skalisty.pl\/es\/acerca-de-nosotros\/","og_locale":"es_ES","og_type":"article","og_title":"Acerca de Nosotros | sKalisty","og_description":"Somos un productor experimentado de decoraciones de hormig\u00f3n. Realizamos proyectos complicados e inusuales en la construcci\u00f3n de la tematizaci\u00f3nes.","og_url":"https:\/\/skalisty.pl\/es\/acerca-de-nosotros\/","og_site_name":"sKalisty - Rocas Artificiales","article_publisher":"https:\/\/www.facebook.com\/skalistyPL\/","article_modified_time":"2020-01-17T14:14:48+00:00","twitter_card":"summary_large_image","twitter_site":"@sztuczne_skaly","twitter_misc":{"Tiempo de lectura":"8 minutos"},"schema":{"@context":"https:\/\/schema.org","@graph":[{"@type":"WebPage","@id":"https:\/\/skalisty.pl\/es\/acerca-de-nosotros\/","url":"https:\/\/skalisty.pl\/es\/acerca-de-nosotros\/","name":"Acerca de Nosotros | sKalisty","isPartOf":{"@id":"https:\/\/skalisty.pl\/es\/#website"},"datePublished":"2019-02-04T12:59:48+00:00","dateModified":"2020-01-17T14:14:48+00:00","description":"Somos un productor experimentado de decoraciones de hormig\u00f3n. Realizamos proyectos complicados e inusuales en la construcci\u00f3n de la tematizaci\u00f3nes.","breadcrumb":{"@id":"https:\/\/skalisty.pl\/es\/acerca-de-nosotros\/#breadcrumb"},"inLanguage":"es","potentialAction":[{"@type":"ReadAction","target":["https:\/\/skalisty.pl\/es\/acerca-de-nosotros\/"]}]},{"@type":"BreadcrumbList","@id":"https:\/\/skalisty.pl\/es\/acerca-de-nosotros\/#breadcrumb","itemListElement":[{"@type":"ListItem","position":1,"name":"Inicio","item":"https:\/\/skalisty.pl\/es\/"},{"@type":"ListItem","position":2,"name":"Acerca de Nosotros"}]},{"@type":"WebSite","@id":"https:\/\/skalisty.pl\/es\/#website","url":"https:\/\/skalisty.pl\/es\/","name":"sKalisty - Rocas Artificiales","description":"","publisher":{"@id":"https:\/\/skalisty.pl\/es\/#organization"},"potentialAction":[{"@type":"SearchAction","target":{"@type":"EntryPoint","urlTemplate":"https:\/\/skalisty.pl\/es\/?s={search_term_string}"},"query-input":{"@type":"PropertyValueSpecification","valueRequired":true,"valueName":"search_term_string"}}],"inLanguage":"es"},{"@type":"Organization","@id":"https:\/\/skalisty.pl\/es\/#organization","name":"sKalisty - Rocas Artificiales","url":"https:\/\/skalisty.pl\/es\/","logo":{"@type":"ImageObject","inLanguage":"es","@id":"https:\/\/skalisty.pl\/es\/#\/schema\/logo\/image\/","url":"https:\/\/static.skalisty.pl\/uploads\/2020\/01\/skalisty-schema-logo-2020.png","contentUrl":"https:\/\/static.skalisty.pl\/uploads\/2020\/01\/skalisty-schema-logo-2020.png","width":1090,"height":238,"caption":"sKalisty - Rocas Artificiales"},"image":{"@id":"https:\/\/skalisty.pl\/es\/#\/schema\/logo\/image\/"},"sameAs":["https:\/\/www.facebook.com\/skalistyPL\/","https:\/\/x.com\/sztuczne_skaly","https:\/\/www.youtube.com\/channel\/UCkvotuS2nyEefXsMM5zd3Mw"]}]}},"_links":{"self":[{"href":"https:\/\/skalisty.pl\/es\/wp-json\/wp\/v2\/pages\/3949","targetHints":{"allow":["GET"]}}],"collection":[{"href":"https:\/\/skalisty.pl\/es\/wp-json\/wp\/v2\/pages"}],"about":[{"href":"https:\/\/skalisty.pl\/es\/wp-json\/wp\/v2\/types\/page"}],"author":[{"embeddable":true,"href":"https:\/\/skalisty.pl\/es\/wp-json\/wp\/v2\/users\/1"}],"replies":[{"embeddable":true,"href":"https:\/\/skalisty.pl\/es\/wp-json\/wp\/v2\/comments?post=3949"}],"version-history":[{"count":4,"href":"https:\/\/skalisty.pl\/es\/wp-json\/wp\/v2\/pages\/3949\/revisions"}],"predecessor-version":[{"id":5703,"href":"https:\/\/skalisty.pl\/es\/wp-json\/wp\/v2\/pages\/3949\/revisions\/5703"}],"wp:attachment":[{"href":"https:\/\/skalisty.pl\/es\/wp-json\/wp\/v2\/media?parent=3949"}],"curies":[{"name":"wp","href":"https:\/\/api.w.org\/{rel}","templated":true}]}}