{"id":10674,"date":"2022-11-06T15:41:20","date_gmt":"2022-11-06T14:41:20","guid":{"rendered":"https:\/\/skalisty.pl\/que-determina-que-trabajar-con-nosotros-sea-la-mejor-opcion\/"},"modified":"2022-11-07T20:39:50","modified_gmt":"2022-11-07T19:39:50","slug":"que-determina-que-trabajar-con-nosotros-sea-la-mejor-opcion","status":"publish","type":"page","link":"https:\/\/skalisty.pl\/es\/vale-la-pena-elegirnos\/","title":{"rendered":"\u00bfQu\u00e9 determina que trabajar con nosotros sea la mejor opci\u00f3n?"},"content":{"rendered":"<p>[vc_row rt_row_background_width=\u00bbfullwidth\u00bb rt_row_content_width=\u00bbdefault\u00bb rt_row_style=\u00bbdefault-style\u00bb rt_row_borders=\u00bb\u00bb rt_row_paddings=\u00bbtrue\u00bb rt_bg_image=\u00bb4765&#8243; rt_bg_effect=\u00bbclassic\u00bb rt_bg_image_repeat=\u00bbno-repeat\u00bb rt_bg_size=\u00bb100% auto\u00bb rt_bg_position=\u00bbright center\u00bb rt_bg_attachment=\u00bbscroll\u00bb rt_bg_video_format=\u00bbself-hosted\u00bb][vc_column width=\u00bb3\/5&#8243; rt_wrp_col_paddings=\u00bbfalse\u00bb rt_border_top=\u00bb\u00bb rt_border_bottom=\u00bb\u00bb rt_border_left=\u00bb\u00bb rt_border_right=\u00bb\u00bb rt_border_top_mobile=\u00bb\u00bb rt_border_bottom_mobile=\u00bb\u00bb rt_border_left_mobile=\u00bb\u00bb rt_border_right_mobile=\u00bb\u00bb rt_bg_image_repeat=\u00bbrepeat\u00bb rt_bg_size=\u00bbauto auto\u00bb rt_bg_position=\u00bbright top\u00bb rt_bg_attachment=\u00bbscroll\u00bb]<div class=\"rt_heading_wrapper style-5\">\n\t\t\t\t\t\t<h2 class=\"rt_heading  style-5\" >\u00bfPor qu\u00e9 elegirnos?<\/h2>\n\t\t\t\t\t<\/div>[vc_column_text]<\/p>\n<span class=\"highlight style-1\">Llevamos muchos a\u00f1os trabajando en el sector. Durante este tiempo, hemos reunido un amplio espectro de experiencia en diferentes \u00e1reas de la construcci\u00f3n.<\/span> Disponemos de equipos cualificados con diversas especialidades, como escultores y pintores, especialistas en la construcci\u00f3n de acero o equipos experimentados en la proyecci\u00f3n de hormig\u00f3n. Cada equipo de empleados est\u00e1 formado y altamente cualificado para garantizar el m\u00e1s alto nivel de trabajo y proporcionar los mejores est\u00e1ndares.<\/p>\n<p>Estamos orgullosos de ser una de las empresas de construcci\u00f3n y dise\u00f1o de decoraci\u00f3n de gran formato con m\u00e1s experiencia. Proporcionamos el mejor nivel de servicio, garantizando un resultado \u00fanico y la satisfacci\u00f3n del inversor. Y estos son los argumentos para elegir nuestra empresa:<\/p>\n<p>[\/vc_column_text]<article  class=\"icon-content-box content-box icon-left icon-style-2\"><div class=\"icon-holder\"><span class=\"icon-right-open\"><\/span><\/div><div class=\"text-holder\"><h5 class=\"heading\">Estamos especializados en producciones a medida y de gran formato.<\/h5> <p>No somos una empresa m\u00e1s de construcci\u00f3n de roca artificial que pueda encontrar en el mercado. Nos enorgullece aceptar los proyectos m\u00e1s grandes y complejos. Nuestro objetivo es ofrecer un producto refinado hasta el m\u00e1s m\u00ednimo detalle. Con este enfoque, ofrecemos realizaciones excepcionales. Nuestras rocas artificiales, \u00e1rboles artificiales o reproducciones arquitect\u00f3nicas de edificios de cualquier \u00e9poca dan la impresi\u00f3n de estar interactuando con objetos reales. Proporcionamos experiencias \u00fanicas y recreamos entornos con precisi\u00f3n museogr\u00e1fica.<\/p>\n<\/div><\/article><article  class=\"icon-content-box content-box icon-left icon-style-2\"><div class=\"icon-holder\"><span class=\"icon-right-open\"><\/span><\/div><div class=\"text-holder\"><h5 class=\"heading\">Trabajamos con equipos especializados que han sido seleccionados sobre la base de a\u00f1os de experiencia.<\/h5> <p>Para trabajar en los proyectos m\u00e1s grandes, hay que ser capaz de procesar grandes cantidades de hormig\u00f3n y acero en un tiempo razonable. Somos conscientes de que la realizaci\u00f3n de trabajos b\u00e1sicos de forma manual, sin el uso de equipos pesados, elimina a un contratista de los proyectos m\u00e1s grandes. Al realizar nuestros trabajos, podemos bombear grandes cantidades de mortero y hormig\u00f3n directamente desde una pera u hormigonera. Gracias a la utilizaci\u00f3n de la tecnolog\u00eda del hormig\u00f3n proyectado -o de la proyecci\u00f3n de hormig\u00f3n- completamos nuestros proyectos a un ritmo sin precedentes. Y lo que es m\u00e1s importante, tenemos nuestro propio equipo, que est\u00e1 a nuestra disposici\u00f3n durante todo el proceso de construcci\u00f3n.<\/p>\n<\/div><\/article><article  class=\"icon-content-box content-box icon-left icon-style-2\"><div class=\"icon-holder\"><span class=\"icon-right-open\"><\/span><\/div><div class=\"text-holder\"><h5 class=\"heading\">S\u00f3lo utilizamos los mejores materiales.<\/h5> <p>Contamos con una amplia experiencia en el sector de la construcci\u00f3n en diversos campos aparentemente no relacionados, como la impermeabilizaci\u00f3n, el conocimiento del hormig\u00f3n y la proyecci\u00f3n de hormig\u00f3n, la soldadura de construcciones de acero en diversas aleaciones de acero seg\u00fan la funci\u00f3n que deba cumplir la decoraci\u00f3n: cascadas, grutas y cuevas artificiales, rocas submarinas artificiales y arrecifes de coral, \u00e1rboles artificiales, esculturas o reconstrucciones arquitect\u00f3nicas. As\u00ed nos aseguramos de no recibir ninguna sorpresa imprevista durante la construcci\u00f3n y el uso de la decoraci\u00f3n. Estamos seguros de que podemos ofrecer materiales que cumplen con los m\u00e1s altos est\u00e1ndares.<\/p>\n<\/div><\/article><article  class=\"icon-content-box content-box icon-left icon-style-2\"><div class=\"icon-holder\"><span class=\"icon-right-open\"><\/span><\/div><div class=\"text-holder\"><h5 class=\"heading\">Somos la \u00fanica empresa de Polonia que ofrece servicios de supervisi\u00f3n de proyectos.<\/h5> <p>Garantizamos la total integridad de la ejecuci\u00f3n de la decoraci\u00f3n. Y con los conocimientos que hemos acumulado a lo largo de los a\u00f1os, podemos garantizar que el dise\u00f1o detallado se construya de la manera m\u00e1s fiel posible a la intenci\u00f3n del dise\u00f1o. Tenemos una experiencia excepcional en la selecci\u00f3n de tecnolog\u00eda, materiales, selecci\u00f3n de trabajadores y subcontratistas, proporcionamos materiales de referencia como documentaci\u00f3n fotogr\u00e1fica, muestras de materiales y realizamos modelado 3D, dise\u00f1os CAD y visualizaciones.<\/p>\n<\/div><\/article>[\/vc_column][vc_column width=\u00bb2\/5&#8243; rt_wrp_col_paddings=\u00bbfalse\u00bb rt_border_top=\u00bb\u00bb rt_border_bottom=\u00bb\u00bb rt_border_left=\u00bb\u00bb rt_border_right=\u00bb\u00bb rt_border_top_mobile=\u00bb\u00bb rt_border_bottom_mobile=\u00bb\u00bb rt_border_left_mobile=\u00bb\u00bb rt_border_right_mobile=\u00bb\u00bb rt_bg_image_repeat=\u00bbrepeat\u00bb rt_bg_size=\u00bbauto auto\u00bb rt_bg_position=\u00bbright top\u00bb rt_bg_attachment=\u00bbscroll\u00bb][vc_single_image image=\u00bb4880&#8243; img_size=\u00bbfull\u00bb style=\u00bbvc_box_shadow_3d\u00bb css_animation=\u00bbnone\u00bb][\/vc_column][\/vc_row][vc_row rt_row_background_width=\u00bbfullwidth\u00bb rt_row_content_width=\u00bbfullwidth\u00bb rt_row_style=\u00bbalt-style-2&#8243; rt_row_borders=\u00bb\u00bb rt_row_paddings=\u00bbtrue\u00bb rt_bg_effect=\u00bbclassic\u00bb rt_bg_image_repeat=\u00bbrepeat\u00bb rt_bg_size=\u00bbcover\u00bb rt_bg_position=\u00bbright top\u00bb rt_bg_attachment=\u00bbscroll\u00bb rt_bg_video_format=\u00bbself-hosted\u00bb][vc_column rt_wrp_col_paddings=\u00bbfalse\u00bb rt_border_top=\u00bb\u00bb rt_border_bottom=\u00bb\u00bb rt_border_left=\u00bb\u00bb rt_border_right=\u00bb\u00bb rt_border_top_mobile=\u00bb\u00bb rt_border_bottom_mobile=\u00bb\u00bb rt_border_left_mobile=\u00bb\u00bb rt_border_right_mobile=\u00bb\u00bb rt_bg_image_repeat=\u00bbrepeat\u00bb rt_bg_size=\u00bbauto auto\u00bb rt_bg_position=\u00bbright top\u00bb rt_bg_attachment=\u00bbscroll\u00bb][vc_separator css_animation=\u00bbfadeInLeft\u00bb style=\u00bbstyle-1&#8243;][\/vc_column][\/vc_row][vc_row rt_row_background_width=\u00bbfullwidth\u00bb rt_row_content_width=\u00bbdefault\u00bb rt_row_style=\u00bbdefault-style\u00bb rt_row_borders=\u00bb\u00bb rt_row_paddings=\u00bbtrue\u00bb rt_bg_image=\u00bb4856&#8243; rt_bg_effect=\u00bbclassic\u00bb rt_bg_image_repeat=\u00bbno-repeat\u00bb rt_bg_size=\u00bb100% auto\u00bb rt_bg_position=\u00bbleft center\u00bb rt_bg_attachment=\u00bbscroll\u00bb rt_bg_video_format=\u00bbself-hosted\u00bb][vc_column width=\u00bb2\/5&#8243; rt_wrp_col_paddings=\u00bbfalse\u00bb rt_border_top=\u00bb\u00bb rt_border_bottom=\u00bb\u00bb rt_border_left=\u00bb\u00bb rt_border_right=\u00bb\u00bb rt_border_top_mobile=\u00bb\u00bb rt_border_bottom_mobile=\u00bb\u00bb rt_border_left_mobile=\u00bb\u00bb rt_border_right_mobile=\u00bb\u00bb rt_bg_image_repeat=\u00bbrepeat\u00bb rt_bg_size=\u00bbauto auto\u00bb rt_bg_position=\u00bbright top\u00bb rt_bg_attachment=\u00bbscroll\u00bb][vc_single_image image=\u00bb4862&#8243; img_size=\u00bbfull\u00bb style=\u00bbvc_box_shadow_3d\u00bb css_animation=\u00bbnone\u00bb][\/vc_column][vc_column width=\u00bb3\/5&#8243; rt_wrp_col_paddings=\u00bbfalse\u00bb rt_border_top=\u00bb\u00bb rt_border_bottom=\u00bb\u00bb rt_border_left=\u00bb\u00bb rt_border_right=\u00bb\u00bb rt_border_top_mobile=\u00bb\u00bb rt_border_bottom_mobile=\u00bb\u00bb rt_border_left_mobile=\u00bb\u00bb rt_border_right_mobile=\u00bb\u00bb rt_bg_image_repeat=\u00bbrepeat\u00bb rt_bg_size=\u00bbauto auto\u00bb rt_bg_position=\u00bbright top\u00bb rt_bg_attachment=\u00bbscroll\u00bb]<div class=\"rt_heading_wrapper style-5\">\n\t\t\t\t\t\t<h2 class=\"rt_heading  style-5\" >Nos encargamos de su proyecto de principio a fin.<\/h2>\n\t\t\t\t\t<\/div>[vc_column_text]<\/p>\n<span class=\"highlight style-1\">Para llevar a cabo con \u00e9xito cualquier proyecto, todo tiene que estar bien organizado, con canales de comunicaci\u00f3n abiertos entre el inversor, nuestra empresa y el personal y los artistas.<\/span> Muchos contratistas dejan que sus equipos realicen el proyecto por s\u00ed mismos. Esto significa que el inversor s\u00f3lo ve al representante del contratista durante las negociaciones del contrato y al final del mismo. Cada implementaci\u00f3n realizada por nuestra empresa, se lleva a cabo de forma exclusiva y no realizamos otros proyectos en paralelo durante la implementaci\u00f3n. Esto nos permite centrarnos al 100% en la tarea que tenemos entre manos, supervisando constantemente el progreso de la obra, estando en contacto permanente con el inversor o el contratista general. Este enfoque permite una consulta continua con el inversor antes de que se tomen decisiones importantes y garantiza el m\u00e1ximo nivel de servicio.<\/p>\n<p>[\/vc_column_text]<article  class=\"icon-content-box content-box icon-left icon-style-2\"><div class=\"icon-holder\"><span class=\"icon-right-open\"><\/span><\/div><div class=\"text-holder\"><h5 class=\"heading\">S\u00f3lo trabajamos con artistas experimentados con una amplia cartera.<\/h5> <p>Damos la garant\u00eda del mejor detalle, ya sea una talla detallada de rocas artificiales, un relieve o un elemento arquitect\u00f3nico. Le aseguramos que no realizamos los trabajos con trabajadores no cualificados.<\/p>\n<\/div><\/article><article  class=\"icon-content-box content-box icon-left icon-style-2\"><div class=\"icon-holder\"><span class=\"icon-right-open\"><\/span><\/div><div class=\"text-holder\"><h5 class=\"heading\">Garantizamos la calidad cient\u00edfica y museogr\u00e1fica de la mano de obra.<\/h5> <p>Hay proyectos que requieren la participaci\u00f3n de especialistas en sus campos. Tenemos experiencia en establecer una cooperaci\u00f3n con unidades cient\u00edficas, como el Instituto de Ciencias Geogr\u00e1ficas de la Universidad de Wroc\u0142aw, para consultar los detalles geol\u00f3gicos de nuestros proyectos. Los proyectos que requieren este enfoque son extremadamente complejos y no pueden ser llevados a cabo por personal no cualificado, que otras empresas de construcci\u00f3n de roca artificial no proporcionan.<\/p>\n<\/div><\/article><article  class=\"icon-content-box content-box icon-left icon-style-2\"><div class=\"icon-holder\"><span class=\"icon-right-open\"><\/span><\/div><div class=\"text-holder\"><h5 class=\"heading\">Proporcionamos nuestra propia log\u00edstica para la entrega de materiales en la obra.<\/h5> <p>Organizamos instalaciones de almacenamiento temporal in situ, as\u00ed como la construcci\u00f3n de nuestros propios estudios para la prefabricaci\u00f3n in situ si es necesario, sea cual sea la temporada.<\/p>\n<\/div><\/article><article  class=\"icon-content-box content-box icon-left icon-style-2\"><div class=\"icon-holder\"><span class=\"icon-right-open\"><\/span><\/div><div class=\"text-holder\"><h5 class=\"heading\">Ofrecemos a nuestros clientes soluciones personalizadas.<\/h5> <p>Cada proyecto es diferente, lo que significa que no decimos al inversor lo que necesita, sino que escuchamos lo que quiere. Reconocemos que realizamos proyectos no est\u00e1ndar. Por consiguiente, nuestro trabajo se basa en la colaboraci\u00f3n con el cliente para ofrecerle exactamente lo que desea. Independientemente de la complejidad de la tarea, estamos decididos a completar el proyecto al 100%.<\/p>\n<\/div><\/article>[\/vc_column][\/vc_row]<\/p>\n","protected":false},"excerpt":{"rendered":"<p>[vc_row rt_row_background_width=\u00bbfullwidth\u00bb rt_row_content_width=\u00bbdefault\u00bb rt_row_style=\u00bbdefault-style\u00bb rt_row_borders=\u00bb\u00bb rt_row_paddings=\u00bbtrue\u00bb rt_bg_image=\u00bb4765&#8243; rt_bg_effect=\u00bbclassic\u00bb rt_bg_image_repeat=\u00bbno-repeat\u00bb rt_bg_size=\u00bb100% auto\u00bb rt_bg_position=\u00bbright center\u00bb rt_bg_attachment=\u00bbscroll\u00bb rt_bg_video_format=\u00bbself-hosted\u00bb][vc_column width=\u00bb3\/5&#8243; rt_wrp_col_paddings=\u00bbfalse\u00bb rt_border_top=\u00bb\u00bb rt_border_bottom=\u00bb\u00bb rt_border_left=\u00bb\u00bb rt_border_right=\u00bb\u00bb rt_border_top_mobile=\u00bb\u00bb rt_border_bottom_mobile=\u00bb\u00bb rt_border_left_mobile=\u00bb\u00bb rt_border_right_mobile=\u00bb\u00bb rt_bg_image_repeat=\u00bbrepeat\u00bb rt_bg_size=\u00bbauto auto\u00bb rt_bg_position=\u00bbright top\u00bb rt_bg_attachment=\u00bbscroll\u00bb][vc_column_text] Disponemos de equipos cualificados con diversas especialidades, como escultores y pintores, especialistas en la construcci\u00f3n de acero o equipos experimentados en la proyecci\u00f3n de [&hellip;]<\/p>\n","protected":false},"author":1,"featured_media":0,"parent":0,"menu_order":0,"comment_status":"closed","ping_status":"closed","template":"","meta":{"_exactmetrics_skip_tracking":false,"_exactmetrics_sitenote_active":false,"_exactmetrics_sitenote_note":"","_exactmetrics_sitenote_category":0,"footnotes":""},"class_list":["post-10674","page","type-page","status-publish","hentry"],"yoast_head":"<!-- This site is optimized with the Yoast SEO plugin v27.1.1 - https:\/\/yoast.com\/product\/yoast-seo-wordpress\/ -->\n<title>Nuestra experiencia en el sector de la decoraci\u00f3n de gran formato | sKalisty<\/title>\n<meta name=\"description\" content=\"\u00bfQu\u00e9 determina que trabajar con nosotros sea la mejor opci\u00f3n? C\u00f3mo trabajamos con el cliente para construir rocas artificiales y decoraciones a gran escala.\" \/>\n<meta name=\"robots\" content=\"index, follow, max-snippet:-1, max-image-preview:large, max-video-preview:-1\" \/>\n<link rel=\"canonical\" href=\"https:\/\/skalisty.pl\/es\/vale-la-pena-elegirnos\/\" \/>\n<meta property=\"og:locale\" content=\"es_ES\" \/>\n<meta property=\"og:type\" content=\"article\" \/>\n<meta property=\"og:title\" content=\"Nuestra experiencia en el sector de la decoraci\u00f3n de gran formato | sKalisty\" \/>\n<meta property=\"og:description\" content=\"\u00bfQu\u00e9 determina que trabajar con nosotros sea la mejor opci\u00f3n? C\u00f3mo trabajamos con el cliente para construir rocas artificiales y decoraciones a gran escala.\" \/>\n<meta property=\"og:url\" content=\"https:\/\/skalisty.pl\/es\/vale-la-pena-elegirnos\/\" \/>\n<meta property=\"og:site_name\" content=\"sKalisty - Rocas Artificiales\" \/>\n<meta property=\"article:publisher\" content=\"https:\/\/www.facebook.com\/skalistyPL\/\" \/>\n<meta property=\"article:modified_time\" content=\"2022-11-07T19:39:50+00:00\" \/>\n<meta name=\"twitter:card\" content=\"summary_large_image\" \/>\n<meta name=\"twitter:site\" content=\"@sztuczne_skaly\" \/>\n<meta name=\"twitter:label1\" content=\"Tiempo de lectura\" \/>\n\t<meta name=\"twitter:data1\" content=\"7 minutos\" \/>\n<script type=\"application\/ld+json\" class=\"yoast-schema-graph\">{\"@context\":\"https:\/\/schema.org\",\"@graph\":[{\"@type\":\"WebPage\",\"@id\":\"https:\/\/skalisty.pl\/es\/vale-la-pena-elegirnos\/\",\"url\":\"https:\/\/skalisty.pl\/es\/vale-la-pena-elegirnos\/\",\"name\":\"Nuestra experiencia en el sector de la decoraci\u00f3n de gran formato | sKalisty\",\"isPartOf\":{\"@id\":\"https:\/\/skalisty.pl\/es\/#website\"},\"datePublished\":\"2022-11-06T14:41:20+00:00\",\"dateModified\":\"2022-11-07T19:39:50+00:00\",\"description\":\"\u00bfQu\u00e9 determina que trabajar con nosotros sea la mejor opci\u00f3n? C\u00f3mo trabajamos con el cliente para construir rocas artificiales y decoraciones a gran escala.\",\"breadcrumb\":{\"@id\":\"https:\/\/skalisty.pl\/es\/vale-la-pena-elegirnos\/#breadcrumb\"},\"inLanguage\":\"es\",\"potentialAction\":[{\"@type\":\"ReadAction\",\"target\":[\"https:\/\/skalisty.pl\/es\/vale-la-pena-elegirnos\/\"]}]},{\"@type\":\"BreadcrumbList\",\"@id\":\"https:\/\/skalisty.pl\/es\/vale-la-pena-elegirnos\/#breadcrumb\",\"itemListElement\":[{\"@type\":\"ListItem\",\"position\":1,\"name\":\"Inicio\",\"item\":\"https:\/\/skalisty.pl\/es\/\"},{\"@type\":\"ListItem\",\"position\":2,\"name\":\"\u00bfQu\u00e9 determina que trabajar con nosotros sea la mejor opci\u00f3n?\"}]},{\"@type\":\"WebSite\",\"@id\":\"https:\/\/skalisty.pl\/es\/#website\",\"url\":\"https:\/\/skalisty.pl\/es\/\",\"name\":\"sKalisty - Rocas Artificiales\",\"description\":\"\",\"publisher\":{\"@id\":\"https:\/\/skalisty.pl\/es\/#organization\"},\"potentialAction\":[{\"@type\":\"SearchAction\",\"target\":{\"@type\":\"EntryPoint\",\"urlTemplate\":\"https:\/\/skalisty.pl\/es\/?s={search_term_string}\"},\"query-input\":{\"@type\":\"PropertyValueSpecification\",\"valueRequired\":true,\"valueName\":\"search_term_string\"}}],\"inLanguage\":\"es\"},{\"@type\":\"Organization\",\"@id\":\"https:\/\/skalisty.pl\/es\/#organization\",\"name\":\"sKalisty - Rocas Artificiales\",\"url\":\"https:\/\/skalisty.pl\/es\/\",\"logo\":{\"@type\":\"ImageObject\",\"inLanguage\":\"es\",\"@id\":\"https:\/\/skalisty.pl\/es\/#\/schema\/logo\/image\/\",\"url\":\"https:\/\/static.skalisty.pl\/uploads\/2020\/01\/skalisty-schema-logo-2020.png\",\"contentUrl\":\"https:\/\/static.skalisty.pl\/uploads\/2020\/01\/skalisty-schema-logo-2020.png\",\"width\":1090,\"height\":238,\"caption\":\"sKalisty - Rocas Artificiales\"},\"image\":{\"@id\":\"https:\/\/skalisty.pl\/es\/#\/schema\/logo\/image\/\"},\"sameAs\":[\"https:\/\/www.facebook.com\/skalistyPL\/\",\"https:\/\/x.com\/sztuczne_skaly\",\"https:\/\/www.youtube.com\/channel\/UCkvotuS2nyEefXsMM5zd3Mw\"]}]}<\/script>\n<!-- \/ Yoast SEO plugin. -->","yoast_head_json":{"title":"Nuestra experiencia en el sector de la decoraci\u00f3n de gran formato | sKalisty","description":"\u00bfQu\u00e9 determina que trabajar con nosotros sea la mejor opci\u00f3n? C\u00f3mo trabajamos con el cliente para construir rocas artificiales y decoraciones a gran escala.","robots":{"index":"index","follow":"follow","max-snippet":"max-snippet:-1","max-image-preview":"max-image-preview:large","max-video-preview":"max-video-preview:-1"},"canonical":"https:\/\/skalisty.pl\/es\/vale-la-pena-elegirnos\/","og_locale":"es_ES","og_type":"article","og_title":"Nuestra experiencia en el sector de la decoraci\u00f3n de gran formato | sKalisty","og_description":"\u00bfQu\u00e9 determina que trabajar con nosotros sea la mejor opci\u00f3n? C\u00f3mo trabajamos con el cliente para construir rocas artificiales y decoraciones a gran escala.","og_url":"https:\/\/skalisty.pl\/es\/vale-la-pena-elegirnos\/","og_site_name":"sKalisty - Rocas Artificiales","article_publisher":"https:\/\/www.facebook.com\/skalistyPL\/","article_modified_time":"2022-11-07T19:39:50+00:00","twitter_card":"summary_large_image","twitter_site":"@sztuczne_skaly","twitter_misc":{"Tiempo de lectura":"7 minutos"},"schema":{"@context":"https:\/\/schema.org","@graph":[{"@type":"WebPage","@id":"https:\/\/skalisty.pl\/es\/vale-la-pena-elegirnos\/","url":"https:\/\/skalisty.pl\/es\/vale-la-pena-elegirnos\/","name":"Nuestra experiencia en el sector de la decoraci\u00f3n de gran formato | sKalisty","isPartOf":{"@id":"https:\/\/skalisty.pl\/es\/#website"},"datePublished":"2022-11-06T14:41:20+00:00","dateModified":"2022-11-07T19:39:50+00:00","description":"\u00bfQu\u00e9 determina que trabajar con nosotros sea la mejor opci\u00f3n? C\u00f3mo trabajamos con el cliente para construir rocas artificiales y decoraciones a gran escala.","breadcrumb":{"@id":"https:\/\/skalisty.pl\/es\/vale-la-pena-elegirnos\/#breadcrumb"},"inLanguage":"es","potentialAction":[{"@type":"ReadAction","target":["https:\/\/skalisty.pl\/es\/vale-la-pena-elegirnos\/"]}]},{"@type":"BreadcrumbList","@id":"https:\/\/skalisty.pl\/es\/vale-la-pena-elegirnos\/#breadcrumb","itemListElement":[{"@type":"ListItem","position":1,"name":"Inicio","item":"https:\/\/skalisty.pl\/es\/"},{"@type":"ListItem","position":2,"name":"\u00bfQu\u00e9 determina que trabajar con nosotros sea la mejor opci\u00f3n?"}]},{"@type":"WebSite","@id":"https:\/\/skalisty.pl\/es\/#website","url":"https:\/\/skalisty.pl\/es\/","name":"sKalisty - Rocas Artificiales","description":"","publisher":{"@id":"https:\/\/skalisty.pl\/es\/#organization"},"potentialAction":[{"@type":"SearchAction","target":{"@type":"EntryPoint","urlTemplate":"https:\/\/skalisty.pl\/es\/?s={search_term_string}"},"query-input":{"@type":"PropertyValueSpecification","valueRequired":true,"valueName":"search_term_string"}}],"inLanguage":"es"},{"@type":"Organization","@id":"https:\/\/skalisty.pl\/es\/#organization","name":"sKalisty - Rocas Artificiales","url":"https:\/\/skalisty.pl\/es\/","logo":{"@type":"ImageObject","inLanguage":"es","@id":"https:\/\/skalisty.pl\/es\/#\/schema\/logo\/image\/","url":"https:\/\/static.skalisty.pl\/uploads\/2020\/01\/skalisty-schema-logo-2020.png","contentUrl":"https:\/\/static.skalisty.pl\/uploads\/2020\/01\/skalisty-schema-logo-2020.png","width":1090,"height":238,"caption":"sKalisty - Rocas Artificiales"},"image":{"@id":"https:\/\/skalisty.pl\/es\/#\/schema\/logo\/image\/"},"sameAs":["https:\/\/www.facebook.com\/skalistyPL\/","https:\/\/x.com\/sztuczne_skaly","https:\/\/www.youtube.com\/channel\/UCkvotuS2nyEefXsMM5zd3Mw"]}]}},"_links":{"self":[{"href":"https:\/\/skalisty.pl\/es\/wp-json\/wp\/v2\/pages\/10674","targetHints":{"allow":["GET"]}}],"collection":[{"href":"https:\/\/skalisty.pl\/es\/wp-json\/wp\/v2\/pages"}],"about":[{"href":"https:\/\/skalisty.pl\/es\/wp-json\/wp\/v2\/types\/page"}],"author":[{"embeddable":true,"href":"https:\/\/skalisty.pl\/es\/wp-json\/wp\/v2\/users\/1"}],"replies":[{"embeddable":true,"href":"https:\/\/skalisty.pl\/es\/wp-json\/wp\/v2\/comments?post=10674"}],"version-history":[{"count":5,"href":"https:\/\/skalisty.pl\/es\/wp-json\/wp\/v2\/pages\/10674\/revisions"}],"predecessor-version":[{"id":10679,"href":"https:\/\/skalisty.pl\/es\/wp-json\/wp\/v2\/pages\/10674\/revisions\/10679"}],"wp:attachment":[{"href":"https:\/\/skalisty.pl\/es\/wp-json\/wp\/v2\/media?parent=10674"}],"curies":[{"name":"wp","href":"https:\/\/api.w.org\/{rel}","templated":true}]}}