{"id":10562,"date":"2022-11-05T15:33:39","date_gmt":"2022-11-05T14:33:39","guid":{"rendered":"https:\/\/skalisty.pl\/oferta\/para-el-inversor\/"},"modified":"2022-12-14T14:59:01","modified_gmt":"2022-12-14T13:59:01","slug":"para-el-inversor","status":"publish","type":"page","link":"https:\/\/skalisty.pl\/es\/oferta\/para-inversor\/","title":{"rendered":"Para el Inversor"},"content":{"rendered":"<p>[vc_row rt_row_background_width=\u00bbfullwidth\u00bb rt_row_content_width=\u00bbdefault\u00bb rt_row_style=\u00bbdefault-style\u00bb rt_row_borders=\u00bb\u00bb rt_row_paddings=\u00bbtrue\u00bb rt_bg_image=\u00bb4765&#8243; rt_bg_effect=\u00bbclassic\u00bb rt_bg_image_repeat=\u00bbno-repeat\u00bb rt_bg_size=\u00bb100% auto\u00bb rt_bg_position=\u00bbcenter center\u00bb rt_bg_attachment=\u00bbscroll\u00bb rt_bg_video_format=\u00bbself-hosted\u00bb rt_padding_left=\u00bb0&#8243; rt_padding_right=\u00bb0&#8243; rt_padding_bottom=\u00bb0&#8243;][vc_column rt_wrp_col_paddings=\u00bbfalse\u00bb rt_border_top=\u00bb\u00bb rt_border_bottom=\u00bb\u00bb rt_border_left=\u00bb\u00bb rt_border_right=\u00bb\u00bb rt_border_top_mobile=\u00bb\u00bb rt_border_bottom_mobile=\u00bb\u00bb rt_border_left_mobile=\u00bb\u00bb rt_border_right_mobile=\u00bb\u00bb rt_bg_image_repeat=\u00bbrepeat\u00bb rt_bg_size=\u00bbauto auto\u00bb rt_bg_position=\u00bbright top\u00bb rt_bg_attachment=\u00bbscroll\u00bb][vc_row_inner rt_row_style=\u00bbglobal-style\u00bb rt_column_placement=\u00bbmiddle\u00bb rt_row_borders=\u00bb\u00bb rt_row_paddings=\u00bbtrue\u00bb rt_bg_effect=\u00bbparallax\u00bb rt_bg_parallax_effect=\u00bb3&#8243; rt_pspeed=\u00bb2&#8243; rt_bg_image_repeat=\u00bbrepeat\u00bb rt_bg_size=\u00bbcover\u00bb rt_bg_position=\u00bbright top\u00bb rt_bg_video_format=\u00bbself-hosted\u00bb][vc_column_inner width=\u00bb2\/3&#8243; rt_wrp_col_paddings=\u00bbfalse\u00bb rt_border_top=\u00bb\u00bb rt_border_bottom=\u00bb\u00bb rt_border_left=\u00bb\u00bb rt_border_right=\u00bb\u00bb rt_border_top_mobile=\u00bb\u00bb rt_border_bottom_mobile=\u00bb\u00bb rt_border_left_mobile=\u00bb\u00bb rt_border_right_mobile=\u00bb\u00bb rt_bg_image_repeat=\u00bbno-repeat\u00bb rt_bg_size=\u00bb100% auto\u00bb rt_bg_position=\u00bbcenter center\u00bb rt_bg_attachment=\u00bbscroll\u00bb]<div class=\"rt_heading_wrapper style-5\">\n\t\t\t\t\t\t<h2 class=\"rt_heading  style-5\" >SUPERVISI\u00d3N DE LA EJECUCI\u00d3N DEL PROYECTO<\/h2>\n\t\t\t\t\t<\/div>[vc_column_text]<\/p>\n<span class=\"highlight style-1\">Incluso el proyecto mejor elaborado es s\u00f3lo un esbozo de la inversi\u00f3n prevista.<\/span> El m\u00e9todo de aplicaci\u00f3n es el proceso m\u00e1s significativo, y lo que determinar\u00e1 en general el \u00e9xito o no de la integridad visual final. Durante la fase de construcci\u00f3n, es importante no centrarse \u00fanicamente en la imagen general, sino tambi\u00e9n prestar especial atenci\u00f3n a la mir\u00edada de peque\u00f1os detalles que dan alma y car\u00e1cter a la urbanizaci\u00f3n terminada. S\u00f3lo con este enfoque garantizamos que el resultado sea una reproducci\u00f3n fiel de un entorno que convence y atrae con sus detalles.<\/p>\n<p>[\/vc_column_text][vc_empty_space]<article  class=\"icon-content-box content-box icon-left icon-style-2\"><div class=\"icon-holder\"><span class=\"icon-right-open\"><\/span><\/div><div class=\"text-holder\"><h5 class=\"heading\">Supervisi\u00f3n de la ejecuci\u00f3n del proyecto.<\/h5> <p>Ya se trate de rocas artificiales, r\u00e9plicas de \u00e1rboles y otras plantas, modelos de animales, reconstrucciones arquitect\u00f3nicas que representan diferentes \u00e9pocas o culturas, siempre se trata de la exactitud y la atenci\u00f3n al m\u00e1s m\u00ednimo detalle y de garantizar el aspecto m\u00e1s natural posible. Nos encargamos de la supervisi\u00f3n del proyecto para garantizar el efecto deseado, la integridad y la calidad de la ejecuci\u00f3n.<\/p>\n<\/div><\/article><article  class=\"icon-content-box content-box icon-left icon-style-2\"><div class=\"icon-holder\"><span class=\"icon-right-open\"><\/span><\/div><div class=\"text-holder\"><h5 class=\"heading\">Supervisi\u00f3n de la ejecuci\u00f3n, los materiales y el personal en cada fase de la construcci\u00f3n.<\/h5> <p>Nos aseguramos de que la fase de construcci\u00f3n se lleve a cabo dentro de las especificaciones de dise\u00f1o y materiales. Nuestra supervisi\u00f3n tambi\u00e9n incluye la selecci\u00f3n de artistas, escen\u00f3grafos y subcontratistas que participan en la construcci\u00f3n de los decorados.<\/p>\n<\/div><\/article><article  class=\"icon-content-box content-box icon-left icon-style-2\"><div class=\"icon-holder\"><span class=\"icon-right-open\"><\/span><\/div><div class=\"text-holder\"><h5 class=\"heading\">Asesoramiento industrial y apoyo a los proyectos.<\/h5> <p>Proporcionamos asesoramiento material y tecnol\u00f3gico, facilitamos documentaci\u00f3n fotogr\u00e1fica y material de referencia, construimos modelos 3D, creamos dise\u00f1os y maquetas. Y lo que es m\u00e1s importante, proporcionamos supervisi\u00f3n in situ y gesti\u00f3n de proyectos art\u00edsticos.<\/p>\n<\/div><\/article>[vc_empty_space][\/vc_column_inner][vc_column_inner width=\u00bb1\/3&#8243; rt_wrp_col_paddings=\u00bbfalse\u00bb rt_border_top=\u00bb\u00bb rt_border_bottom=\u00bb\u00bb rt_border_left=\u00bb\u00bb rt_border_right=\u00bb\u00bb rt_border_top_mobile=\u00bb\u00bb rt_border_bottom_mobile=\u00bb\u00bb rt_border_left_mobile=\u00bb\u00bb rt_border_right_mobile=\u00bb\u00bb rt_bg_image_repeat=\u00bbrepeat\u00bb rt_bg_size=\u00bbauto auto\u00bb rt_bg_position=\u00bbright top\u00bb rt_bg_attachment=\u00bbscroll\u00bb][vc_single_image image=\u00bb4746&#8243; img_size=\u00bbfull\u00bb alignment=\u00bbcenter\u00bb style=\u00bbvc_box_shadow_3d\u00bb][vc_single_image image=\u00bb4749&#8243; img_size=\u00bbfull\u00bb alignment=\u00bbcenter\u00bb style=\u00bbvc_box_shadow_3d\u00bb][\/vc_column_inner][\/vc_row_inner][vc_row_inner rt_row_style=\u00bbglobal-style\u00bb rt_row_borders=\u00bb\u00bb rt_row_paddings=\u00bbtrue\u00bb rt_bg_effect=\u00bbclassic\u00bb rt_bg_image_repeat=\u00bbrepeat\u00bb rt_bg_size=\u00bbcover\u00bb rt_bg_position=\u00bbright top\u00bb rt_bg_attachment=\u00bbscroll\u00bb rt_bg_video_format=\u00bbself-hosted\u00bb rt_padding_top=\u00bb18&#8243;][vc_column_inner width=\u00bb1\/3&#8243; rt_wrp_col_paddings=\u00bbfalse\u00bb rt_border_top=\u00bb\u00bb rt_border_bottom=\u00bb\u00bb rt_border_left=\u00bb\u00bb rt_border_right=\u00bb\u00bb rt_border_top_mobile=\u00bb\u00bb rt_border_bottom_mobile=\u00bb\u00bb rt_border_left_mobile=\u00bb\u00bb rt_border_right_mobile=\u00bb\u00bb rt_bg_image_repeat=\u00bbrepeat\u00bb rt_bg_size=\u00bbauto auto\u00bb rt_bg_position=\u00bbright top\u00bb rt_bg_attachment=\u00bbscroll\u00bb][vc_single_image image=\u00bb4752&#8243; img_size=\u00bbfull\u00bb alignment=\u00bbcenter\u00bb style=\u00bbvc_box_shadow_3d\u00bb][\/vc_column_inner][vc_column_inner width=\u00bb1\/3&#8243; rt_wrp_col_paddings=\u00bbfalse\u00bb rt_border_top=\u00bb\u00bb rt_border_bottom=\u00bb\u00bb rt_border_left=\u00bb\u00bb rt_border_right=\u00bb\u00bb rt_border_top_mobile=\u00bb\u00bb rt_border_bottom_mobile=\u00bb\u00bb rt_border_left_mobile=\u00bb\u00bb rt_border_right_mobile=\u00bb\u00bb rt_bg_image_repeat=\u00bbrepeat\u00bb rt_bg_size=\u00bbauto auto\u00bb rt_bg_position=\u00bbright top\u00bb rt_bg_attachment=\u00bbscroll\u00bb][vc_single_image image=\u00bb4755&#8243; img_size=\u00bbfull\u00bb alignment=\u00bbcenter\u00bb style=\u00bbvc_box_shadow_3d\u00bb][\/vc_column_inner][vc_column_inner width=\u00bb1\/3&#8243; rt_wrp_col_paddings=\u00bbfalse\u00bb rt_border_top=\u00bb\u00bb rt_border_bottom=\u00bb\u00bb rt_border_left=\u00bb\u00bb rt_border_right=\u00bb\u00bb rt_border_top_mobile=\u00bb\u00bb rt_border_bottom_mobile=\u00bb\u00bb rt_border_left_mobile=\u00bb\u00bb rt_border_right_mobile=\u00bb\u00bb rt_bg_image_repeat=\u00bbrepeat\u00bb rt_bg_size=\u00bbauto auto\u00bb rt_bg_position=\u00bbright top\u00bb rt_bg_attachment=\u00bbscroll\u00bb][vc_single_image image=\u00bb4758&#8243; img_size=\u00bbfull\u00bb alignment=\u00bbcenter\u00bb style=\u00bbvc_box_shadow_3d\u00bb][\/vc_column_inner][\/vc_row_inner][vc_empty_space height=\u00bb50px\u00bb][\/vc_column][\/vc_row]<\/p>\n","protected":false},"excerpt":{"rendered":"<p>[vc_row rt_row_background_width=\u00bbfullwidth\u00bb rt_row_content_width=\u00bbdefault\u00bb rt_row_style=\u00bbdefault-style\u00bb rt_row_borders=\u00bb\u00bb rt_row_paddings=\u00bbtrue\u00bb rt_bg_image=\u00bb4765&#8243; rt_bg_effect=\u00bbclassic\u00bb rt_bg_image_repeat=\u00bbno-repeat\u00bb rt_bg_size=\u00bb100% auto\u00bb rt_bg_position=\u00bbcenter center\u00bb rt_bg_attachment=\u00bbscroll\u00bb rt_bg_video_format=\u00bbself-hosted\u00bb rt_padding_left=\u00bb0&#8243; rt_padding_right=\u00bb0&#8243; rt_padding_bottom=\u00bb0&#8243;][vc_column rt_wrp_col_paddings=\u00bbfalse\u00bb rt_border_top=\u00bb\u00bb rt_border_bottom=\u00bb\u00bb rt_border_left=\u00bb\u00bb rt_border_right=\u00bb\u00bb rt_border_top_mobile=\u00bb\u00bb rt_border_bottom_mobile=\u00bb\u00bb rt_border_left_mobile=\u00bb\u00bb rt_border_right_mobile=\u00bb\u00bb rt_bg_image_repeat=\u00bbrepeat\u00bb rt_bg_size=\u00bbauto auto\u00bb rt_bg_position=\u00bbright top\u00bb rt_bg_attachment=\u00bbscroll\u00bb][vc_row_inner rt_row_style=\u00bbglobal-style\u00bb rt_column_placement=\u00bbmiddle\u00bb rt_row_borders=\u00bb\u00bb rt_row_paddings=\u00bbtrue\u00bb rt_bg_effect=\u00bbparallax\u00bb rt_bg_parallax_effect=\u00bb3&#8243; rt_pspeed=\u00bb2&#8243; rt_bg_image_repeat=\u00bbrepeat\u00bb rt_bg_size=\u00bbcover\u00bb rt_bg_position=\u00bbright top\u00bb rt_bg_video_format=\u00bbself-hosted\u00bb][vc_column_inner width=\u00bb2\/3&#8243; rt_wrp_col_paddings=\u00bbfalse\u00bb rt_border_top=\u00bb\u00bb rt_border_bottom=\u00bb\u00bb rt_border_left=\u00bb\u00bb rt_border_right=\u00bb\u00bb rt_border_top_mobile=\u00bb\u00bb rt_border_bottom_mobile=\u00bb\u00bb rt_border_left_mobile=\u00bb\u00bb rt_border_right_mobile=\u00bb\u00bb [&hellip;]<\/p>\n","protected":false},"author":1,"featured_media":19592,"parent":6741,"menu_order":0,"comment_status":"closed","ping_status":"closed","template":"","meta":{"_exactmetrics_skip_tracking":false,"_exactmetrics_sitenote_active":false,"_exactmetrics_sitenote_note":"","_exactmetrics_sitenote_category":0,"footnotes":""},"class_list":["post-10562","page","type-page","status-publish","has-post-thumbnail","hentry"],"yoast_head":"<!-- This site is optimized with the Yoast SEO plugin v27.1.1 - https:\/\/yoast.com\/product\/yoast-seo-wordpress\/ -->\n<title>Gesti\u00f3n del proyecto y supervisi\u00f3n art\u00edstica| Para el Inversor | sKalisty<\/title>\n<meta name=\"description\" content=\"Con la supervisi\u00f3n del dise\u00f1o, nos aseguramos de que se consiga el efecto deseado, la integridad y la calidad de la ejecuci\u00f3n.\" \/>\n<meta name=\"robots\" content=\"index, follow, max-snippet:-1, max-image-preview:large, max-video-preview:-1\" \/>\n<link rel=\"canonical\" href=\"https:\/\/skalisty.pl\/es\/oferta\/para-inversor\/\" \/>\n<meta property=\"og:locale\" content=\"es_ES\" \/>\n<meta property=\"og:type\" content=\"article\" \/>\n<meta property=\"og:title\" content=\"Gesti\u00f3n del proyecto y supervisi\u00f3n art\u00edstica| Para el Inversor | sKalisty\" \/>\n<meta property=\"og:description\" content=\"Con la supervisi\u00f3n del dise\u00f1o, nos aseguramos de que se consiga el efecto deseado, la integridad y la calidad de la ejecuci\u00f3n.\" \/>\n<meta property=\"og:url\" content=\"https:\/\/skalisty.pl\/es\/oferta\/para-inversor\/\" \/>\n<meta property=\"og:site_name\" content=\"sKalisty - Rocas Artificiales\" \/>\n<meta property=\"article:publisher\" content=\"https:\/\/www.facebook.com\/skalistyPL\/\" \/>\n<meta property=\"article:modified_time\" content=\"2022-12-14T13:59:01+00:00\" \/>\n<meta property=\"og:image\" content=\"https:\/\/static.skalisty.pl\/uploads\/2022\/12\/dla-inwestorow-oferta.jpg\" \/>\n\t<meta property=\"og:image:width\" content=\"400\" \/>\n\t<meta property=\"og:image:height\" content=\"800\" \/>\n\t<meta property=\"og:image:type\" content=\"image\/jpeg\" \/>\n<meta name=\"twitter:card\" content=\"summary_large_image\" \/>\n<meta name=\"twitter:site\" content=\"@sztuczne_skaly\" \/>\n<meta name=\"twitter:label1\" content=\"Tiempo de lectura\" \/>\n\t<meta name=\"twitter:data1\" content=\"3 minutos\" \/>\n<script type=\"application\/ld+json\" class=\"yoast-schema-graph\">{\"@context\":\"https:\/\/schema.org\",\"@graph\":[{\"@type\":\"WebPage\",\"@id\":\"https:\/\/skalisty.pl\/es\/oferta\/para-inversor\/\",\"url\":\"https:\/\/skalisty.pl\/es\/oferta\/para-inversor\/\",\"name\":\"Gesti\u00f3n del proyecto y supervisi\u00f3n art\u00edstica| Para el Inversor | sKalisty\",\"isPartOf\":{\"@id\":\"https:\/\/skalisty.pl\/es\/#website\"},\"primaryImageOfPage\":{\"@id\":\"https:\/\/skalisty.pl\/es\/oferta\/para-inversor\/#primaryimage\"},\"image\":{\"@id\":\"https:\/\/skalisty.pl\/es\/oferta\/para-inversor\/#primaryimage\"},\"thumbnailUrl\":\"https:\/\/static.skalisty.pl\/uploads\/2022\/12\/dla-inwestorow-oferta.jpg\",\"datePublished\":\"2022-11-05T14:33:39+00:00\",\"dateModified\":\"2022-12-14T13:59:01+00:00\",\"description\":\"Con la supervisi\u00f3n del dise\u00f1o, nos aseguramos de que se consiga el efecto deseado, la integridad y la calidad de la ejecuci\u00f3n.\",\"breadcrumb\":{\"@id\":\"https:\/\/skalisty.pl\/es\/oferta\/para-inversor\/#breadcrumb\"},\"inLanguage\":\"es\",\"potentialAction\":[{\"@type\":\"ReadAction\",\"target\":[\"https:\/\/skalisty.pl\/es\/oferta\/para-inversor\/\"]}]},{\"@type\":\"ImageObject\",\"inLanguage\":\"es\",\"@id\":\"https:\/\/skalisty.pl\/es\/oferta\/para-inversor\/#primaryimage\",\"url\":\"https:\/\/static.skalisty.pl\/uploads\/2022\/12\/dla-inwestorow-oferta.jpg\",\"contentUrl\":\"https:\/\/static.skalisty.pl\/uploads\/2022\/12\/dla-inwestorow-oferta.jpg\",\"width\":400,\"height\":800},{\"@type\":\"BreadcrumbList\",\"@id\":\"https:\/\/skalisty.pl\/es\/oferta\/para-inversor\/#breadcrumb\",\"itemListElement\":[{\"@type\":\"ListItem\",\"position\":1,\"name\":\"Inicio\",\"item\":\"https:\/\/skalisty.pl\/es\/\"},{\"@type\":\"ListItem\",\"position\":2,\"name\":\"Oferta\",\"item\":\"https:\/\/skalisty.pl\/es\/oferta\/\"},{\"@type\":\"ListItem\",\"position\":3,\"name\":\"Para el Inversor\"}]},{\"@type\":\"WebSite\",\"@id\":\"https:\/\/skalisty.pl\/es\/#website\",\"url\":\"https:\/\/skalisty.pl\/es\/\",\"name\":\"sKalisty - Rocas Artificiales\",\"description\":\"\",\"publisher\":{\"@id\":\"https:\/\/skalisty.pl\/es\/#organization\"},\"potentialAction\":[{\"@type\":\"SearchAction\",\"target\":{\"@type\":\"EntryPoint\",\"urlTemplate\":\"https:\/\/skalisty.pl\/es\/?s={search_term_string}\"},\"query-input\":{\"@type\":\"PropertyValueSpecification\",\"valueRequired\":true,\"valueName\":\"search_term_string\"}}],\"inLanguage\":\"es\"},{\"@type\":\"Organization\",\"@id\":\"https:\/\/skalisty.pl\/es\/#organization\",\"name\":\"sKalisty - Rocas Artificiales\",\"url\":\"https:\/\/skalisty.pl\/es\/\",\"logo\":{\"@type\":\"ImageObject\",\"inLanguage\":\"es\",\"@id\":\"https:\/\/skalisty.pl\/es\/#\/schema\/logo\/image\/\",\"url\":\"https:\/\/static.skalisty.pl\/uploads\/2020\/01\/skalisty-schema-logo-2020.png\",\"contentUrl\":\"https:\/\/static.skalisty.pl\/uploads\/2020\/01\/skalisty-schema-logo-2020.png\",\"width\":1090,\"height\":238,\"caption\":\"sKalisty - Rocas Artificiales\"},\"image\":{\"@id\":\"https:\/\/skalisty.pl\/es\/#\/schema\/logo\/image\/\"},\"sameAs\":[\"https:\/\/www.facebook.com\/skalistyPL\/\",\"https:\/\/x.com\/sztuczne_skaly\",\"https:\/\/www.youtube.com\/channel\/UCkvotuS2nyEefXsMM5zd3Mw\"]}]}<\/script>\n<!-- \/ Yoast SEO plugin. -->","yoast_head_json":{"title":"Gesti\u00f3n del proyecto y supervisi\u00f3n art\u00edstica| Para el Inversor | sKalisty","description":"Con la supervisi\u00f3n del dise\u00f1o, nos aseguramos de que se consiga el efecto deseado, la integridad y la calidad de la ejecuci\u00f3n.","robots":{"index":"index","follow":"follow","max-snippet":"max-snippet:-1","max-image-preview":"max-image-preview:large","max-video-preview":"max-video-preview:-1"},"canonical":"https:\/\/skalisty.pl\/es\/oferta\/para-inversor\/","og_locale":"es_ES","og_type":"article","og_title":"Gesti\u00f3n del proyecto y supervisi\u00f3n art\u00edstica| Para el Inversor | sKalisty","og_description":"Con la supervisi\u00f3n del dise\u00f1o, nos aseguramos de que se consiga el efecto deseado, la integridad y la calidad de la ejecuci\u00f3n.","og_url":"https:\/\/skalisty.pl\/es\/oferta\/para-inversor\/","og_site_name":"sKalisty - Rocas Artificiales","article_publisher":"https:\/\/www.facebook.com\/skalistyPL\/","article_modified_time":"2022-12-14T13:59:01+00:00","og_image":[{"width":400,"height":800,"url":"https:\/\/static.skalisty.pl\/uploads\/2022\/12\/dla-inwestorow-oferta.jpg","type":"image\/jpeg"}],"twitter_card":"summary_large_image","twitter_site":"@sztuczne_skaly","twitter_misc":{"Tiempo de lectura":"3 minutos"},"schema":{"@context":"https:\/\/schema.org","@graph":[{"@type":"WebPage","@id":"https:\/\/skalisty.pl\/es\/oferta\/para-inversor\/","url":"https:\/\/skalisty.pl\/es\/oferta\/para-inversor\/","name":"Gesti\u00f3n del proyecto y supervisi\u00f3n art\u00edstica| Para el Inversor | sKalisty","isPartOf":{"@id":"https:\/\/skalisty.pl\/es\/#website"},"primaryImageOfPage":{"@id":"https:\/\/skalisty.pl\/es\/oferta\/para-inversor\/#primaryimage"},"image":{"@id":"https:\/\/skalisty.pl\/es\/oferta\/para-inversor\/#primaryimage"},"thumbnailUrl":"https:\/\/static.skalisty.pl\/uploads\/2022\/12\/dla-inwestorow-oferta.jpg","datePublished":"2022-11-05T14:33:39+00:00","dateModified":"2022-12-14T13:59:01+00:00","description":"Con la supervisi\u00f3n del dise\u00f1o, nos aseguramos de que se consiga el efecto deseado, la integridad y la calidad de la ejecuci\u00f3n.","breadcrumb":{"@id":"https:\/\/skalisty.pl\/es\/oferta\/para-inversor\/#breadcrumb"},"inLanguage":"es","potentialAction":[{"@type":"ReadAction","target":["https:\/\/skalisty.pl\/es\/oferta\/para-inversor\/"]}]},{"@type":"ImageObject","inLanguage":"es","@id":"https:\/\/skalisty.pl\/es\/oferta\/para-inversor\/#primaryimage","url":"https:\/\/static.skalisty.pl\/uploads\/2022\/12\/dla-inwestorow-oferta.jpg","contentUrl":"https:\/\/static.skalisty.pl\/uploads\/2022\/12\/dla-inwestorow-oferta.jpg","width":400,"height":800},{"@type":"BreadcrumbList","@id":"https:\/\/skalisty.pl\/es\/oferta\/para-inversor\/#breadcrumb","itemListElement":[{"@type":"ListItem","position":1,"name":"Inicio","item":"https:\/\/skalisty.pl\/es\/"},{"@type":"ListItem","position":2,"name":"Oferta","item":"https:\/\/skalisty.pl\/es\/oferta\/"},{"@type":"ListItem","position":3,"name":"Para el Inversor"}]},{"@type":"WebSite","@id":"https:\/\/skalisty.pl\/es\/#website","url":"https:\/\/skalisty.pl\/es\/","name":"sKalisty - Rocas Artificiales","description":"","publisher":{"@id":"https:\/\/skalisty.pl\/es\/#organization"},"potentialAction":[{"@type":"SearchAction","target":{"@type":"EntryPoint","urlTemplate":"https:\/\/skalisty.pl\/es\/?s={search_term_string}"},"query-input":{"@type":"PropertyValueSpecification","valueRequired":true,"valueName":"search_term_string"}}],"inLanguage":"es"},{"@type":"Organization","@id":"https:\/\/skalisty.pl\/es\/#organization","name":"sKalisty - Rocas Artificiales","url":"https:\/\/skalisty.pl\/es\/","logo":{"@type":"ImageObject","inLanguage":"es","@id":"https:\/\/skalisty.pl\/es\/#\/schema\/logo\/image\/","url":"https:\/\/static.skalisty.pl\/uploads\/2020\/01\/skalisty-schema-logo-2020.png","contentUrl":"https:\/\/static.skalisty.pl\/uploads\/2020\/01\/skalisty-schema-logo-2020.png","width":1090,"height":238,"caption":"sKalisty - Rocas Artificiales"},"image":{"@id":"https:\/\/skalisty.pl\/es\/#\/schema\/logo\/image\/"},"sameAs":["https:\/\/www.facebook.com\/skalistyPL\/","https:\/\/x.com\/sztuczne_skaly","https:\/\/www.youtube.com\/channel\/UCkvotuS2nyEefXsMM5zd3Mw"]}]}},"_links":{"self":[{"href":"https:\/\/skalisty.pl\/es\/wp-json\/wp\/v2\/pages\/10562","targetHints":{"allow":["GET"]}}],"collection":[{"href":"https:\/\/skalisty.pl\/es\/wp-json\/wp\/v2\/pages"}],"about":[{"href":"https:\/\/skalisty.pl\/es\/wp-json\/wp\/v2\/types\/page"}],"author":[{"embeddable":true,"href":"https:\/\/skalisty.pl\/es\/wp-json\/wp\/v2\/users\/1"}],"replies":[{"embeddable":true,"href":"https:\/\/skalisty.pl\/es\/wp-json\/wp\/v2\/comments?post=10562"}],"version-history":[{"count":5,"href":"https:\/\/skalisty.pl\/es\/wp-json\/wp\/v2\/pages\/10562\/revisions"}],"predecessor-version":[{"id":20021,"href":"https:\/\/skalisty.pl\/es\/wp-json\/wp\/v2\/pages\/10562\/revisions\/20021"}],"up":[{"embeddable":true,"href":"https:\/\/skalisty.pl\/es\/wp-json\/wp\/v2\/pages\/6741"}],"wp:featuredmedia":[{"embeddable":true,"href":"https:\/\/skalisty.pl\/es\/wp-json\/wp\/v2\/media\/19592"}],"wp:attachment":[{"href":"https:\/\/skalisty.pl\/es\/wp-json\/wp\/v2\/media?parent=10562"}],"curies":[{"name":"wp","href":"https:\/\/api.w.org\/{rel}","templated":true}]}}