{"id":9983,"date":"2022-10-25T16:09:31","date_gmt":"2022-10-25T14:09:31","guid":{"rendered":"https:\/\/skalisty.pl\/was-entscheidet-darueber-ob-eine-zusammenarbeit-mit-uns-die-beste-wahl-ist\/"},"modified":"2022-11-07T08:58:20","modified_gmt":"2022-11-07T07:58:20","slug":"was-entscheidet-darueber-ob-eine-zusammenarbeit-mit-uns-die-beste-wahl-ist","status":"publish","type":"page","link":"https:\/\/skalisty.pl\/de\/es-lohnt-sich-uns-zu-wahlen\/","title":{"rendered":"Was entscheidet dar\u00fcber, ob eine Zusammenarbeit mit uns die beste Wahl ist?"},"content":{"rendered":"<p>[vc_row rt_row_background_width=&#8220;fullwidth&#8220; rt_row_content_width=&#8220;default&#8220; rt_row_style=&#8220;default-style&#8220; rt_row_borders=&#8220;&#8220; rt_row_paddings=&#8220;true&#8220; rt_bg_image=&#8220;4765&#8243; rt_bg_effect=&#8220;classic&#8220; rt_bg_image_repeat=&#8220;no-repeat&#8220; rt_bg_size=&#8220;100% auto&#8220; rt_bg_position=&#8220;right center&#8220; rt_bg_attachment=&#8220;scroll&#8220; rt_bg_video_format=&#8220;self-hosted&#8220;][vc_column width=&#8220;3\/5&#8243; rt_wrp_col_paddings=&#8220;false&#8220; rt_border_top=&#8220;&#8220; rt_border_bottom=&#8220;&#8220; rt_border_left=&#8220;&#8220; rt_border_right=&#8220;&#8220; rt_border_top_mobile=&#8220;&#8220; rt_border_bottom_mobile=&#8220;&#8220; rt_border_left_mobile=&#8220;&#8220; rt_border_right_mobile=&#8220;&#8220; rt_bg_image_repeat=&#8220;repeat&#8220; rt_bg_size=&#8220;auto auto&#8220; rt_bg_position=&#8220;right top&#8220; rt_bg_attachment=&#8220;scroll&#8220;]<div class=\"rt_heading_wrapper style-5\">\n\t\t\t\t\t\t<h2 class=\"rt_heading  style-5\" >Warum sollten Sie uns w\u00e4hlen?<\/h2>\n\t\t\t\t\t<\/div>[vc_column_text]<\/p>\n<span class=\"highlight style-1\">Wir sind seit vielen Jahren in der Branche t\u00e4tig. In dieser Zeit haben wir ein breites Spektrum an Erfahrungen aus vielen verschiedenen Baubereichen gesammelt.<\/span> Wir verf\u00fcgen \u00fcber qualifizierte Teams mit den unterschiedlichsten Spezialisierungen wie Bildhauer und Maler, Stahlbauspezialisten oder erfahrene Betonspritzteams. Jedes Team von Mitarbeitern ist geschult und hoch qualifiziert, um das h\u00f6chste Niveau der Arbeit zu gew\u00e4hrleisten und die besten Standards zu bieten.<\/p>\n<p>Wir sind stolz darauf, eines der erfahrensten Unternehmen f\u00fcr den Bau und die Gestaltung gro\u00dfformatiger Dekorationen zu sein. Wir bieten das beste Serviceniveau und garantieren ein einzigartiges Ergebnis und die Zufriedenheit der Anleger. Und hier sind die Argumente f\u00fcr die Wahl unseres Unternehmens:<\/p>\n<p>[\/vc_column_text]<article  class=\"icon-content-box content-box icon-left icon-style-2\"><div class=\"icon-holder\"><span class=\"icon-right-open\"><\/span><\/div><div class=\"text-holder\"><h5 class=\"heading\">Wir sind auf individuelle und gro\u00dfformatige Produktionen spezialisiert.<\/h5> <p>Wir sind nicht einfach nur ein weiteres Unternehmen f\u00fcr k\u00fcnstliche Felsen, das Sie auf dem Markt finden k\u00f6nnen. Wir sind stolz darauf, auch die gr\u00f6\u00dften und komplexesten Projekte zu \u00fcbernehmen. Unser Schwerpunkt liegt darauf, ein bis ins kleinste Detail ausgefeiltes Produkt zu liefern. Mit diesem Ansatz bieten wir au\u00dfergew\u00f6hnliche Umsetzungen. Unsere k\u00fcnstlichen Felsen, k\u00fcnstlichen B\u00e4ume oder architektonischen Nachbildungen von Geb\u00e4uden aus allen Epochen vermitteln den Eindruck, dass Sie mit echten Objekten interagieren. Wir bieten einzigartige Erlebnisse und stellen Umgebungen mit museografischer Genauigkeit nach.<\/p>\n<\/div><\/article><article  class=\"icon-content-box content-box icon-left icon-style-2\"><div class=\"icon-holder\"><span class=\"icon-right-open\"><\/span><\/div><div class=\"text-holder\"><h5 class=\"heading\">Wir arbeiten mit speziellen Ger\u00e4ten, die auf der Grundlage jahrelanger Erfahrung ausgew\u00e4hlt wurden.<\/h5> <p>Um an den gr\u00f6\u00dften Projekten arbeiten zu k\u00f6nnen, m\u00fcssen Sie in der Lage sein, gro\u00dfe Mengen an Beton und Stahl in einer angemessenen Zeit zu verarbeiten. Wir sind uns dar\u00fcber im Klaren, dass die Ausf\u00fchrung grundlegender Arbeiten von Hand und ohne Einsatz von schwerem Ger\u00e4t einen Auftragnehmer von den gr\u00f6\u00dften Projekten ausschlie\u00dft. Bei der Ausf\u00fchrung unserer Arbeiten k\u00f6nnen wir gro\u00dfe Mengen M\u00f6rtel und Beton direkt aus einer Birne oder einem Betonmischer pumpen. Dank des Einsatzes der Spritzbetontechnologie &#8211; oder des Betonspritzens &#8211; k\u00f6nnen wir unsere Projekte in einer noch nie dagewesenen Geschwindigkeit abschlie\u00dfen. Wichtig ist, dass wir unsere eigene Ausr\u00fcstung haben, die uns w\u00e4hrend des gesamten Bauprozesses zur Verf\u00fcgung steht.<\/p>\n<\/div><\/article><article  class=\"icon-content-box content-box icon-left icon-style-2\"><div class=\"icon-holder\"><span class=\"icon-right-open\"><\/span><\/div><div class=\"text-holder\"><h5 class=\"heading\">Wir verwenden nur die besten Materialien.<\/h5> <p>Wir verf\u00fcgen \u00fcber umfangreiche Erfahrungen im Baugewerbe in einer Reihe von scheinbar nicht zusammenh\u00e4ngenden Bereichen, wie z. B. Abdichtungen, Kenntnisse \u00fcber Beton und Betonspritzen, Schwei\u00dfen von Stahlkonstruktionen in verschiedenen Stahllegierungen, je nach der Funktion, die die Dekoration erf\u00fcllen soll: Wasserf\u00e4lle, k\u00fcnstliche Grotten und H\u00f6hlen, k\u00fcnstliche Unterwasserfelsen und Korallenriffe, k\u00fcnstliche B\u00e4ume, Skulpturen oder architektonische Rekonstruktionen. Dadurch wird sichergestellt, dass wir w\u00e4hrend des Baus und der Nutzung der Dekoration keine unvorhergesehenen \u00dcberraschungen erleben. Wir sind sicher, dass wir Materialien anbieten k\u00f6nnen, die den h\u00f6chsten Standards entsprechen.<\/p>\n<\/div><\/article><article  class=\"icon-content-box content-box icon-left icon-style-2\"><div class=\"icon-holder\"><span class=\"icon-right-open\"><\/span><\/div><div class=\"text-holder\"><h5 class=\"heading\">Wir sind das einzige Unternehmen in Polen, das Projekt\u00fcberwachungsdienste anbietet.<\/h5> <p>Wir gew\u00e4hrleisten die vollst\u00e4ndige Integrit\u00e4t der Ausf\u00fchrung der Dekoration. Und mit dem Wissen, das wir im Laufe der Jahre angesammelt haben, k\u00f6nnen wir sicherstellen, dass der detaillierte Entwurf so gebaut wird, dass er der Entwurfsabsicht m\u00f6glichst nahe kommt. Wir verf\u00fcgen \u00fcber au\u00dfergew\u00f6hnliche Erfahrung bei der Auswahl von Technologien, Materialien, Arbeitern und Subunternehmern, stellen Referenzmaterialien wie Fotodokumentation und Materialmuster zur Verf\u00fcgung und f\u00fchren 3D-Modellierungen, CAD-Konstruktionen und Visualisierungen durch.<\/p>\n<\/div><\/article>[\/vc_column][vc_column width=&#8220;2\/5&#8243; rt_wrp_col_paddings=&#8220;false&#8220; rt_border_top=&#8220;&#8220; rt_border_bottom=&#8220;&#8220; rt_border_left=&#8220;&#8220; rt_border_right=&#8220;&#8220; rt_border_top_mobile=&#8220;&#8220; rt_border_bottom_mobile=&#8220;&#8220; rt_border_left_mobile=&#8220;&#8220; rt_border_right_mobile=&#8220;&#8220; rt_bg_image_repeat=&#8220;repeat&#8220; rt_bg_size=&#8220;auto auto&#8220; rt_bg_position=&#8220;right top&#8220; rt_bg_attachment=&#8220;scroll&#8220;][vc_single_image image=&#8220;9468&#8243; img_size=&#8220;full&#8220; style=&#8220;vc_box_shadow_3d&#8220; css_animation=&#8220;none&#8220;][\/vc_column][\/vc_row][vc_row rt_row_background_width=&#8220;fullwidth&#8220; rt_row_content_width=&#8220;fullwidth&#8220; rt_row_style=&#8220;alt-style-2&#8243; rt_row_borders=&#8220;&#8220; rt_row_paddings=&#8220;true&#8220; rt_bg_effect=&#8220;classic&#8220; rt_bg_image_repeat=&#8220;repeat&#8220; rt_bg_size=&#8220;cover&#8220; rt_bg_position=&#8220;right top&#8220; rt_bg_attachment=&#8220;scroll&#8220; rt_bg_video_format=&#8220;self-hosted&#8220;][vc_column rt_wrp_col_paddings=&#8220;false&#8220; rt_border_top=&#8220;&#8220; rt_border_bottom=&#8220;&#8220; rt_border_left=&#8220;&#8220; rt_border_right=&#8220;&#8220; rt_border_top_mobile=&#8220;&#8220; rt_border_bottom_mobile=&#8220;&#8220; rt_border_left_mobile=&#8220;&#8220; rt_border_right_mobile=&#8220;&#8220; rt_bg_image_repeat=&#8220;repeat&#8220; rt_bg_size=&#8220;auto auto&#8220; rt_bg_position=&#8220;right top&#8220; rt_bg_attachment=&#8220;scroll&#8220;][vc_separator css_animation=&#8220;fadeInLeft&#8220; style=&#8220;style-1&#8243;][\/vc_column][\/vc_row][vc_row rt_row_background_width=&#8220;fullwidth&#8220; rt_row_content_width=&#8220;default&#8220; rt_row_style=&#8220;default-style&#8220; rt_row_borders=&#8220;&#8220; rt_row_paddings=&#8220;true&#8220; rt_bg_image=&#8220;4856&#8243; rt_bg_effect=&#8220;classic&#8220; rt_bg_image_repeat=&#8220;no-repeat&#8220; rt_bg_size=&#8220;100% auto&#8220; rt_bg_position=&#8220;left center&#8220; rt_bg_attachment=&#8220;scroll&#8220; rt_bg_video_format=&#8220;self-hosted&#8220;][vc_column width=&#8220;2\/5&#8243; rt_wrp_col_paddings=&#8220;false&#8220; rt_border_top=&#8220;&#8220; rt_border_bottom=&#8220;&#8220; rt_border_left=&#8220;&#8220; rt_border_right=&#8220;&#8220; rt_border_top_mobile=&#8220;&#8220; rt_border_bottom_mobile=&#8220;&#8220; rt_border_left_mobile=&#8220;&#8220; rt_border_right_mobile=&#8220;&#8220; rt_bg_image_repeat=&#8220;repeat&#8220; rt_bg_size=&#8220;auto auto&#8220; rt_bg_position=&#8220;right top&#8220; rt_bg_attachment=&#8220;scroll&#8220;][vc_single_image image=&#8220;9465&#8243; img_size=&#8220;full&#8220; style=&#8220;vc_box_shadow_3d&#8220; css_animation=&#8220;none&#8220;][\/vc_column][vc_column width=&#8220;3\/5&#8243; rt_wrp_col_paddings=&#8220;false&#8220; rt_border_top=&#8220;&#8220; rt_border_bottom=&#8220;&#8220; rt_border_left=&#8220;&#8220; rt_border_right=&#8220;&#8220; rt_border_top_mobile=&#8220;&#8220; rt_border_bottom_mobile=&#8220;&#8220; rt_border_left_mobile=&#8220;&#8220; rt_border_right_mobile=&#8220;&#8220; rt_bg_image_repeat=&#8220;repeat&#8220; rt_bg_size=&#8220;auto auto&#8220; rt_bg_position=&#8220;right top&#8220; rt_bg_attachment=&#8220;scroll&#8220;]<div class=\"rt_heading_wrapper style-5\">\n\t\t\t\t\t\t<h2 class=\"rt_heading  style-5\" >Wir betreuen Ihr Projekt von Anfang bis Ende.<\/h2>\n\t\t\t\t\t<\/div>[vc_column_text]<\/p>\n<span class=\"highlight style-1\">Damit ein Projekt erfolgreich abgeschlossen werden kann, muss alles gut organisiert sein und es m\u00fcssen offene Kommunikationskan\u00e4le zwischen dem Investor, unserem Unternehmen und den Mitarbeitern und K\u00fcnstlern bestehen.<\/span> Viele Auftragnehmer verlassen ihre Teams, um das Projekt selbst auszuf\u00fchren. Das bedeutet, dass der Investor den Vertreter des Auftragnehmers nur w\u00e4hrend der Vertragsverhandlungen und bei Vertragsende sieht. Jede von unserem Unternehmen durchgef\u00fchrte Implementierung wird auf exklusiver Basis durchgef\u00fchrt und wir f\u00fchren w\u00e4hrend der Implementierung keine anderen Projekte parallel durch. So k\u00f6nnen wir uns zu 100 % auf die Aufgabe konzentrieren, den Fortschritt der Arbeiten st\u00e4ndig \u00fcberwachen und in st\u00e4ndigem Kontakt mit dem Investor oder Generalunternehmer stehen. Dieser Ansatz erm\u00f6glicht eine kontinuierliche Beratung mit dem Investor, bevor wichtige Entscheidungen getroffen werden, und gew\u00e4hrleistet ein H\u00f6chstma\u00df an Service.<\/p>\n<p>[\/vc_column_text]<article  class=\"icon-content-box content-box icon-left icon-style-2\"><div class=\"icon-holder\"><span class=\"icon-right-open\"><\/span><\/div><div class=\"text-holder\"><h5 class=\"heading\">Wir arbeiten nur mit erfahrenen K\u00fcnstlern zusammen, die \u00fcber ein umfangreiches Portfolio verf\u00fcgen.<\/h5> <p>Wir garantieren die besten Details, egal ob es sich um eine detaillierte Schnitzerei von Kunstfelsen, ein Relief oder ein architektonisches Element handelt. Wir versichern, dass wir die Arbeiten nicht mit ungelernten Arbeitskr\u00e4ften durchf\u00fchren.<\/p>\n<\/div><\/article><article  class=\"icon-content-box content-box icon-left icon-style-2\"><div class=\"icon-holder\"><span class=\"icon-right-open\"><\/span><\/div><div class=\"text-holder\"><h5 class=\"heading\">Wir gew\u00e4hrleisten die wissenschaftliche und museografische Qualit\u00e4t der Arbeit.<\/h5> <p>Es gibt Projekte, die die Mitwirkung von Spezialisten auf ihrem Gebiet erfordern. Wir haben Erfahrung in der Zusammenarbeit mit wissenschaftlichen Einrichtungen wie dem Institut f\u00fcr geografische Wissenschaften der Universit\u00e4t Wroc\u0142aw, die uns bei geologischen Details unserer Projekte beraten. Projekte, die diesen Ansatz erfordern, sind \u00e4u\u00dferst komplex und k\u00f6nnen nicht von unqualifiziertem Personal durchgef\u00fchrt werden, das andere Kunstfelsenbauunternehmen nicht bereitstellen.<\/p>\n<\/div><\/article><article  class=\"icon-content-box content-box icon-left icon-style-2\"><div class=\"icon-holder\"><span class=\"icon-right-open\"><\/span><\/div><div class=\"text-holder\"><h5 class=\"heading\">Wir stellen unsere eigene Logistik f\u00fcr die Lieferung von Materialien an die Baustelle bereit.<\/h5> <p>Wir organisieren tempor\u00e4re Lagerm\u00f6glichkeiten vor Ort und bauen bei Bedarf auch eigene Studios f\u00fcr die Vorfertigung vor Ort, egal zu welcher Jahreszeit.<\/p>\n<\/div><\/article><article  class=\"icon-content-box content-box icon-left icon-style-2\"><div class=\"icon-holder\"><span class=\"icon-right-open\"><\/span><\/div><div class=\"text-holder\"><h5 class=\"heading\">Wir bieten unseren Kunden ma\u00dfgeschneiderte L\u00f6sungen.<\/h5> <p>Jedes Projekt ist anders, was bedeutet, dass wir dem Investor nicht sagen, was er braucht, sondern zuh\u00f6ren, was er will. Wir wissen, dass wir nicht standardisierte Projekte durchf\u00fchren. Folglich basiert unsere Arbeit auf der Zusammenarbeit mit dem Kunden, um genau das zu liefern, was er w\u00fcnscht. Unabh\u00e4ngig von der Komplexit\u00e4t der Aufgabe sind wir entschlossen, das Projekt zu 100 % abzuschlie\u00dfen.<\/p>\n<\/div><\/article>[\/vc_column][\/vc_row]<\/p>\n","protected":false},"excerpt":{"rendered":"<p>[vc_row rt_row_background_width=&#8220;fullwidth&#8220; rt_row_content_width=&#8220;default&#8220; rt_row_style=&#8220;default-style&#8220; rt_row_borders=&#8220;&#8220; rt_row_paddings=&#8220;true&#8220; rt_bg_image=&#8220;4765&#8243; rt_bg_effect=&#8220;classic&#8220; rt_bg_image_repeat=&#8220;no-repeat&#8220; rt_bg_size=&#8220;100% auto&#8220; rt_bg_position=&#8220;right center&#8220; rt_bg_attachment=&#8220;scroll&#8220; rt_bg_video_format=&#8220;self-hosted&#8220;][vc_column width=&#8220;3\/5&#8243; rt_wrp_col_paddings=&#8220;false&#8220; rt_border_top=&#8220;&#8220; rt_border_bottom=&#8220;&#8220; rt_border_left=&#8220;&#8220; rt_border_right=&#8220;&#8220; rt_border_top_mobile=&#8220;&#8220; rt_border_bottom_mobile=&#8220;&#8220; rt_border_left_mobile=&#8220;&#8220; rt_border_right_mobile=&#8220;&#8220; rt_bg_image_repeat=&#8220;repeat&#8220; rt_bg_size=&#8220;auto auto&#8220; rt_bg_position=&#8220;right top&#8220; rt_bg_attachment=&#8220;scroll&#8220;][vc_column_text] Wir verf\u00fcgen \u00fcber qualifizierte Teams mit den unterschiedlichsten Spezialisierungen wie Bildhauer und Maler, Stahlbauspezialisten oder erfahrene Betonspritzteams. Jedes Team von Mitarbeitern ist geschult und [&hellip;]<\/p>\n","protected":false},"author":1,"featured_media":0,"parent":0,"menu_order":0,"comment_status":"closed","ping_status":"closed","template":"","meta":{"_exactmetrics_skip_tracking":false,"_exactmetrics_sitenote_active":false,"_exactmetrics_sitenote_note":"","_exactmetrics_sitenote_category":0,"footnotes":""},"class_list":["post-9983","page","type-page","status-publish","hentry"],"yoast_head":"<!-- This site is optimized with the Yoast SEO plugin v27.1.1 - https:\/\/yoast.com\/product\/yoast-seo-wordpress\/ -->\n<title>Unsere Erfahrung in der Gro\u00dfformat-Dekorationsindustrie | sKalisty<\/title>\n<meta name=\"description\" content=\"Was entscheidet dar\u00fcber, ob eine Zusammenarbeit mit uns die beste Wahl ist? Wie wir mit dem Kunden zusammenarbeiten, um k\u00fcnstliche Felsen und gro\u00dffl\u00e4chige Dekorationen zu bauen.\" \/>\n<meta name=\"robots\" content=\"index, follow, max-snippet:-1, max-image-preview:large, max-video-preview:-1\" \/>\n<link rel=\"canonical\" href=\"https:\/\/skalisty.pl\/de\/es-lohnt-sich-uns-zu-wahlen\/\" \/>\n<meta property=\"og:locale\" content=\"de_DE\" \/>\n<meta property=\"og:type\" content=\"article\" \/>\n<meta property=\"og:title\" content=\"Unsere Erfahrung in der Gro\u00dfformat-Dekorationsindustrie | sKalisty\" \/>\n<meta property=\"og:description\" content=\"Was entscheidet dar\u00fcber, ob eine Zusammenarbeit mit uns die beste Wahl ist? Wie wir mit dem Kunden zusammenarbeiten, um k\u00fcnstliche Felsen und gro\u00dffl\u00e4chige Dekorationen zu bauen.\" \/>\n<meta property=\"og:url\" content=\"https:\/\/skalisty.pl\/de\/es-lohnt-sich-uns-zu-wahlen\/\" \/>\n<meta property=\"og:site_name\" content=\"sKalisty - Kunstfelsen\" \/>\n<meta property=\"article:publisher\" content=\"https:\/\/www.facebook.com\/skalistyPL\/\" \/>\n<meta property=\"article:modified_time\" content=\"2022-11-07T07:58:20+00:00\" \/>\n<meta name=\"twitter:card\" content=\"summary_large_image\" \/>\n<meta name=\"twitter:site\" content=\"@sztuczne_skaly\" \/>\n<meta name=\"twitter:label1\" content=\"Gesch\u00e4tzte Lesezeit\" \/>\n\t<meta name=\"twitter:data1\" content=\"7\u00a0Minuten\" \/>\n<script type=\"application\/ld+json\" class=\"yoast-schema-graph\">{\"@context\":\"https:\/\/schema.org\",\"@graph\":[{\"@type\":\"WebPage\",\"@id\":\"https:\/\/skalisty.pl\/de\/es-lohnt-sich-uns-zu-wahlen\/\",\"url\":\"https:\/\/skalisty.pl\/de\/es-lohnt-sich-uns-zu-wahlen\/\",\"name\":\"Unsere Erfahrung in der Gro\u00dfformat-Dekorationsindustrie | sKalisty\",\"isPartOf\":{\"@id\":\"https:\/\/skalisty.pl\/de\/#website\"},\"datePublished\":\"2022-10-25T14:09:31+00:00\",\"dateModified\":\"2022-11-07T07:58:20+00:00\",\"description\":\"Was entscheidet dar\u00fcber, ob eine Zusammenarbeit mit uns die beste Wahl ist? Wie wir mit dem Kunden zusammenarbeiten, um k\u00fcnstliche Felsen und gro\u00dffl\u00e4chige Dekorationen zu bauen.\",\"breadcrumb\":{\"@id\":\"https:\/\/skalisty.pl\/de\/es-lohnt-sich-uns-zu-wahlen\/#breadcrumb\"},\"inLanguage\":\"de\",\"potentialAction\":[{\"@type\":\"ReadAction\",\"target\":[\"https:\/\/skalisty.pl\/de\/es-lohnt-sich-uns-zu-wahlen\/\"]}]},{\"@type\":\"BreadcrumbList\",\"@id\":\"https:\/\/skalisty.pl\/de\/es-lohnt-sich-uns-zu-wahlen\/#breadcrumb\",\"itemListElement\":[{\"@type\":\"ListItem\",\"position\":1,\"name\":\"Startseite\",\"item\":\"https:\/\/skalisty.pl\/de\/\"},{\"@type\":\"ListItem\",\"position\":2,\"name\":\"Was entscheidet dar\u00fcber, ob eine Zusammenarbeit mit uns die beste Wahl ist?\"}]},{\"@type\":\"WebSite\",\"@id\":\"https:\/\/skalisty.pl\/de\/#website\",\"url\":\"https:\/\/skalisty.pl\/de\/\",\"name\":\"sKalisty - Kunstfelsen\",\"description\":\"\",\"publisher\":{\"@id\":\"https:\/\/skalisty.pl\/de\/#organization\"},\"potentialAction\":[{\"@type\":\"SearchAction\",\"target\":{\"@type\":\"EntryPoint\",\"urlTemplate\":\"https:\/\/skalisty.pl\/de\/?s={search_term_string}\"},\"query-input\":{\"@type\":\"PropertyValueSpecification\",\"valueRequired\":true,\"valueName\":\"search_term_string\"}}],\"inLanguage\":\"de\"},{\"@type\":\"Organization\",\"@id\":\"https:\/\/skalisty.pl\/de\/#organization\",\"name\":\"sKalisty - Kunstfelsen\",\"url\":\"https:\/\/skalisty.pl\/de\/\",\"logo\":{\"@type\":\"ImageObject\",\"inLanguage\":\"de\",\"@id\":\"https:\/\/skalisty.pl\/de\/#\/schema\/logo\/image\/\",\"url\":\"https:\/\/static.skalisty.pl\/uploads\/2020\/01\/skalisty-schema-logo-2020.png\",\"contentUrl\":\"https:\/\/static.skalisty.pl\/uploads\/2020\/01\/skalisty-schema-logo-2020.png\",\"width\":1090,\"height\":238,\"caption\":\"sKalisty - Kunstfelsen\"},\"image\":{\"@id\":\"https:\/\/skalisty.pl\/de\/#\/schema\/logo\/image\/\"},\"sameAs\":[\"https:\/\/www.facebook.com\/skalistyPL\/\",\"https:\/\/x.com\/sztuczne_skaly\",\"https:\/\/www.youtube.com\/channel\/UCkvotuS2nyEefXsMM5zd3Mw\"]}]}<\/script>\n<!-- \/ Yoast SEO plugin. -->","yoast_head_json":{"title":"Unsere Erfahrung in der Gro\u00dfformat-Dekorationsindustrie | sKalisty","description":"Was entscheidet dar\u00fcber, ob eine Zusammenarbeit mit uns die beste Wahl ist? Wie wir mit dem Kunden zusammenarbeiten, um k\u00fcnstliche Felsen und gro\u00dffl\u00e4chige Dekorationen zu bauen.","robots":{"index":"index","follow":"follow","max-snippet":"max-snippet:-1","max-image-preview":"max-image-preview:large","max-video-preview":"max-video-preview:-1"},"canonical":"https:\/\/skalisty.pl\/de\/es-lohnt-sich-uns-zu-wahlen\/","og_locale":"de_DE","og_type":"article","og_title":"Unsere Erfahrung in der Gro\u00dfformat-Dekorationsindustrie | sKalisty","og_description":"Was entscheidet dar\u00fcber, ob eine Zusammenarbeit mit uns die beste Wahl ist? Wie wir mit dem Kunden zusammenarbeiten, um k\u00fcnstliche Felsen und gro\u00dffl\u00e4chige Dekorationen zu bauen.","og_url":"https:\/\/skalisty.pl\/de\/es-lohnt-sich-uns-zu-wahlen\/","og_site_name":"sKalisty - Kunstfelsen","article_publisher":"https:\/\/www.facebook.com\/skalistyPL\/","article_modified_time":"2022-11-07T07:58:20+00:00","twitter_card":"summary_large_image","twitter_site":"@sztuczne_skaly","twitter_misc":{"Gesch\u00e4tzte Lesezeit":"7\u00a0Minuten"},"schema":{"@context":"https:\/\/schema.org","@graph":[{"@type":"WebPage","@id":"https:\/\/skalisty.pl\/de\/es-lohnt-sich-uns-zu-wahlen\/","url":"https:\/\/skalisty.pl\/de\/es-lohnt-sich-uns-zu-wahlen\/","name":"Unsere Erfahrung in der Gro\u00dfformat-Dekorationsindustrie | sKalisty","isPartOf":{"@id":"https:\/\/skalisty.pl\/de\/#website"},"datePublished":"2022-10-25T14:09:31+00:00","dateModified":"2022-11-07T07:58:20+00:00","description":"Was entscheidet dar\u00fcber, ob eine Zusammenarbeit mit uns die beste Wahl ist? Wie wir mit dem Kunden zusammenarbeiten, um k\u00fcnstliche Felsen und gro\u00dffl\u00e4chige Dekorationen zu bauen.","breadcrumb":{"@id":"https:\/\/skalisty.pl\/de\/es-lohnt-sich-uns-zu-wahlen\/#breadcrumb"},"inLanguage":"de","potentialAction":[{"@type":"ReadAction","target":["https:\/\/skalisty.pl\/de\/es-lohnt-sich-uns-zu-wahlen\/"]}]},{"@type":"BreadcrumbList","@id":"https:\/\/skalisty.pl\/de\/es-lohnt-sich-uns-zu-wahlen\/#breadcrumb","itemListElement":[{"@type":"ListItem","position":1,"name":"Startseite","item":"https:\/\/skalisty.pl\/de\/"},{"@type":"ListItem","position":2,"name":"Was entscheidet dar\u00fcber, ob eine Zusammenarbeit mit uns die beste Wahl ist?"}]},{"@type":"WebSite","@id":"https:\/\/skalisty.pl\/de\/#website","url":"https:\/\/skalisty.pl\/de\/","name":"sKalisty - Kunstfelsen","description":"","publisher":{"@id":"https:\/\/skalisty.pl\/de\/#organization"},"potentialAction":[{"@type":"SearchAction","target":{"@type":"EntryPoint","urlTemplate":"https:\/\/skalisty.pl\/de\/?s={search_term_string}"},"query-input":{"@type":"PropertyValueSpecification","valueRequired":true,"valueName":"search_term_string"}}],"inLanguage":"de"},{"@type":"Organization","@id":"https:\/\/skalisty.pl\/de\/#organization","name":"sKalisty - Kunstfelsen","url":"https:\/\/skalisty.pl\/de\/","logo":{"@type":"ImageObject","inLanguage":"de","@id":"https:\/\/skalisty.pl\/de\/#\/schema\/logo\/image\/","url":"https:\/\/static.skalisty.pl\/uploads\/2020\/01\/skalisty-schema-logo-2020.png","contentUrl":"https:\/\/static.skalisty.pl\/uploads\/2020\/01\/skalisty-schema-logo-2020.png","width":1090,"height":238,"caption":"sKalisty - Kunstfelsen"},"image":{"@id":"https:\/\/skalisty.pl\/de\/#\/schema\/logo\/image\/"},"sameAs":["https:\/\/www.facebook.com\/skalistyPL\/","https:\/\/x.com\/sztuczne_skaly","https:\/\/www.youtube.com\/channel\/UCkvotuS2nyEefXsMM5zd3Mw"]}]}},"_links":{"self":[{"href":"https:\/\/skalisty.pl\/de\/wp-json\/wp\/v2\/pages\/9983","targetHints":{"allow":["GET"]}}],"collection":[{"href":"https:\/\/skalisty.pl\/de\/wp-json\/wp\/v2\/pages"}],"about":[{"href":"https:\/\/skalisty.pl\/de\/wp-json\/wp\/v2\/types\/page"}],"author":[{"embeddable":true,"href":"https:\/\/skalisty.pl\/de\/wp-json\/wp\/v2\/users\/1"}],"replies":[{"embeddable":true,"href":"https:\/\/skalisty.pl\/de\/wp-json\/wp\/v2\/comments?post=9983"}],"version-history":[{"count":4,"href":"https:\/\/skalisty.pl\/de\/wp-json\/wp\/v2\/pages\/9983\/revisions"}],"predecessor-version":[{"id":9986,"href":"https:\/\/skalisty.pl\/de\/wp-json\/wp\/v2\/pages\/9983\/revisions\/9986"}],"wp:attachment":[{"href":"https:\/\/skalisty.pl\/de\/wp-json\/wp\/v2\/media?parent=9983"}],"curies":[{"name":"wp","href":"https:\/\/api.w.org\/{rel}","templated":true}]}}