{"id":9974,"date":"2022-10-25T16:03:19","date_gmt":"2022-10-25T14:03:19","guid":{"rendered":"https:\/\/skalisty.pl\/ueber-uns\/"},"modified":"2022-10-25T16:17:16","modified_gmt":"2022-10-25T14:17:16","slug":"ueber-uns","status":"publish","type":"page","link":"https:\/\/skalisty.pl\/de\/ueber-uns\/","title":{"rendered":"\u00dcber uns"},"content":{"rendered":"<p>[vc_row rt_row_background_width=&#8220;fullwidth&#8220; rt_row_content_width=&#8220;fullwidth&#8220; rt_row_style=&#8220;default-style&#8220; rt_column_placement=&#8220;middle&#8220; rt_row_borders=&#8220;&#8220; rt_row_paddings=&#8220;false&#8220; rt_bg_effect=&#8220;classic&#8220; rt_bg_image_repeat=&#8220;repeat&#8220; rt_bg_size=&#8220;cover&#8220; rt_bg_position=&#8220;right top&#8220; rt_bg_attachment=&#8220;scroll&#8220; rt_bg_video_format=&#8220;self-hosted&#8220;][vc_column width=&#8220;1\/2&#8243; rt_wrp_col_paddings=&#8220;false&#8220; rt_border_top=&#8220;&#8220; rt_border_bottom=&#8220;&#8220; rt_border_left=&#8220;&#8220; rt_border_right=&#8220;&#8220; rt_border_top_mobile=&#8220;&#8220; rt_border_bottom_mobile=&#8220;&#8220; rt_border_left_mobile=&#8220;&#8220; rt_border_right_mobile=&#8220;&#8220; rt_bg_image_repeat=&#8220;repeat&#8220; rt_bg_size=&#8220;auto auto&#8220; rt_bg_position=&#8220;right top&#8220; rt_bg_attachment=&#8220;scroll&#8220; rt_padding_top=&#8220;0&#8243; rt_padding_bottom=&#8220;0&#8243; rt_padding_left=&#8220;0&#8243; rt_padding_right=&#8220;0&#8243;][vc_single_image image=&#8220;8992&#8243; img_size=&#8220;full&#8220; alignment=&#8220;center&#8220;][\/vc_column][vc_column width=&#8220;1\/2&#8243; rt_wrp_col_paddings=&#8220;false&#8220; rt_border_top=&#8220;&#8220; rt_border_bottom=&#8220;&#8220; rt_border_left=&#8220;&#8220; rt_border_right=&#8220;&#8220; rt_border_top_mobile=&#8220;&#8220; rt_border_bottom_mobile=&#8220;&#8220; rt_border_left_mobile=&#8220;&#8220; rt_border_right_mobile=&#8220;&#8220; rt_bg_image_repeat=&#8220;repeat&#8220; rt_bg_size=&#8220;auto auto&#8220; rt_bg_position=&#8220;right top&#8220; rt_bg_attachment=&#8220;scroll&#8220; rt_padding_top=&#8220;0&#8243; rt_padding_bottom=&#8220;0&#8243; rt_padding_left=&#8220;0&#8243; rt_padding_right=&#8220;0&#8243;]<div class=\"rt_heading_wrapper style-4\">\n\t\t\t\t\t\t<h1 class=\"rt_heading  style-4\" >WER WIR SIND<\/h1>\n\t\t\t\t\t<\/div>[vc_column_text css=&#8220;.vc_custom_1666706792970{padding-right: 30px !important;padding-left: 30px !important;}&#8220;]Wir sind <span class=\"highlight style-1\"><strong>ein Unternehmen mit Sitz in Wroc\u0142aw<\/strong><\/span>mit einer etablierten Position auf dem Markt f\u00fcr Zementm\u00f6rteldekoration. Wir bieten ein H\u00f6chstma\u00df an Service. Wir f\u00fchren Projekte in ganz Europa durch, aber unser Hauptt\u00e4tigkeitsbereich ist Polen, wo wir folgende Projekte durchf\u00fchren <span class=\"highlight style-1\"><strong>Arbeit f\u00fcr \u00f6ffentliche Einrichtungen wie Zoos, Aquaparks und Ozeanarien<\/strong><\/span>. Wir \u00fcbernehmen auch Auftr\u00e4ge f\u00fcr den Bau von k\u00fcnstlichen Felsen, Wasserkaskaden und k\u00fcnstlichen B\u00e4umen f\u00fcr Privatkunden und Hotels. Jede Umsetzung wird mit viel Liebe zum Detail durchgef\u00fchrt und <span class=\"highlight style-1\"><strong>die Ber\u00fccksichtigung der individuellen Bed\u00fcrfnisse unserer Kunden<\/strong><br \/>\n<\/span>.[\/vc_column_text][\/vc_column][\/vc_row][vc_row rt_row_background_width=&#8220;fullwidth&#8220; rt_row_content_width=&#8220;fullwidth&#8220; rt_row_style=&#8220;default-style&#8220; rt_column_placement=&#8220;middle&#8220; rt_row_borders=&#8220;&#8220; rt_row_paddings=&#8220;false&#8220; rt_bg_effect=&#8220;classic&#8220; rt_bg_image_repeat=&#8220;repeat&#8220; rt_bg_size=&#8220;cover&#8220; rt_bg_position=&#8220;right top&#8220; rt_bg_attachment=&#8220;scroll&#8220; rt_bg_video_format=&#8220;self-hosted&#8220;][vc_column width=&#8220;1\/2&#8243; rt_wrp_col_paddings=&#8220;false&#8220; rt_border_top=&#8220;&#8220; rt_border_bottom=&#8220;&#8220; rt_border_left=&#8220;&#8220; rt_border_right=&#8220;&#8220; rt_border_top_mobile=&#8220;&#8220; rt_border_bottom_mobile=&#8220;&#8220; rt_border_left_mobile=&#8220;&#8220; rt_border_right_mobile=&#8220;&#8220; rt_bg_image_repeat=&#8220;repeat&#8220; rt_bg_size=&#8220;auto auto&#8220; rt_bg_position=&#8220;right top&#8220; rt_bg_attachment=&#8220;scroll&#8220; rt_padding_top=&#8220;0&#8243; rt_padding_bottom=&#8220;0&#8243; rt_padding_left=&#8220;0&#8243; rt_padding_right=&#8220;0&#8243;]<div class=\"rt_heading_wrapper style-4\">\n\t\t\t\t\t\t<h2 class=\"rt_heading  style-4\"  style=\"font-size:42px;\">BESTE VERARBEITUNGSQUALIT\u00c4T<\/h2>\n\t\t\t\t\t<\/div>[vc_column_text css=&#8220;.vc_custom_1549397811939{padding-right: 30px !important;padding-left: 30px !important;}&#8220;]<span class=\"highlight style-1\">Wir garantieren<\/span> unseren Kunden <span class=\"highlight style-1\">L\u00f6sungen von h\u00f6chster Qualit\u00e4t<\/span>, die sicher und dauerhaft sind. Wir verf\u00fcgen \u00fcber umfangreiche <span class=\"highlight style-1\">Erfahrung in der Konstruktion, Installation und Gestaltung von<\/span> Dekorationen f\u00fcr gro\u00dfformatige Aquarien, Tiergehege in Zoos, Themenparks, Spas und wissenschaftliche Reproduktionen f\u00fcr die Museografie. Jedes Projekt, das wir in Angriff nehmen, wird auf professionelle und effiziente Weise durchgef\u00fchrt.[\/vc_column_text][\/vc_column][vc_column width=&#8220;1\/2&#8243; rt_wrp_col_paddings=&#8220;false&#8220; rt_border_top=&#8220;&#8220; rt_border_bottom=&#8220;&#8220; rt_border_left=&#8220;&#8220; rt_border_right=&#8220;&#8220; rt_border_top_mobile=&#8220;&#8220; rt_border_bottom_mobile=&#8220;&#8220; rt_border_left_mobile=&#8220;&#8220; rt_border_right_mobile=&#8220;&#8220; rt_bg_image_repeat=&#8220;repeat&#8220; rt_bg_size=&#8220;auto auto&#8220; rt_bg_position=&#8220;right top&#8220; rt_bg_attachment=&#8220;scroll&#8220; rt_padding_top=&#8220;0&#8243; rt_padding_bottom=&#8220;0&#8243; rt_padding_left=&#8220;0&#8243; rt_padding_right=&#8220;0&#8243;][vc_single_image image=&#8220;8976&#8243; img_size=&#8220;full&#8220; alignment=&#8220;center&#8220;][\/vc_column][\/vc_row][vc_row rt_row_background_width=&#8220;fullwidth&#8220; rt_row_content_width=&#8220;default&#8220; rt_row_style=&#8220;alt-style-2&#8243; rt_row_borders=&#8220;top,bottom&#8220; rt_grid=&#8220;true&#8220; rt_row_paddings=&#8220;true&#8220; rt_bg_effect=&#8220;classic&#8220; rt_bg_image_repeat=&#8220;repeat&#8220; rt_bg_size=&#8220;cover&#8220; rt_bg_position=&#8220;right top&#8220; rt_bg_attachment=&#8220;scroll&#8220; rt_bg_video_format=&#8220;self-hosted&#8220; rt_padding_top=&#8220;20&#8243; rt_padding_bottom=&#8220;20&#8243;][vc_column width=&#8220;1\/3&#8243; rt_wrp_col_paddings=&#8220;false&#8220; rt_border_top=&#8220;&#8220; rt_border_bottom=&#8220;&#8220; rt_border_left=&#8220;&#8220; rt_border_right=&#8220;&#8220; rt_border_top_mobile=&#8220;&#8220; rt_border_bottom_mobile=&#8220;&#8220; rt_border_left_mobile=&#8220;&#8220; rt_border_right_mobile=&#8220;&#8220; rt_bg_image_repeat=&#8220;repeat&#8220; rt_bg_size=&#8220;auto auto&#8220; rt_bg_position=&#8220;right top&#8220; rt_bg_attachment=&#8220;scroll&#8220;]<article  class=\"icon-content-box content-box icon-left icon-style-1\"><div class=\"icon-holder\"><span class=\"icon-thumbs-up\"><\/span><\/div><div class=\"text-holder\"><h3 class=\"heading\">UNSERE LEIDENSCHAFT<\/h3> <p><span class=\"icon-box__subtitle\">K\u00fcnstliche Felsen sind unsere Leidenschaft, und wir machen unsere Arbeit mit dieser Leidenschaft. Wir f\u00fchren alle ungew\u00f6hnlichen und &#8222;unm\u00f6glichen&#8220; Projekte aus.<\/span><\/p>\n<\/div><\/article>[\/vc_column][vc_column width=&#8220;1\/3&#8243; rt_wrp_col_paddings=&#8220;false&#8220; rt_border_top=&#8220;&#8220; rt_border_bottom=&#8220;&#8220; rt_border_left=&#8220;&#8220; rt_border_right=&#8220;&#8220; rt_border_top_mobile=&#8220;&#8220; rt_border_bottom_mobile=&#8220;&#8220; rt_border_left_mobile=&#8220;&#8220; rt_border_right_mobile=&#8220;&#8220; rt_bg_image_repeat=&#8220;repeat&#8220; rt_bg_size=&#8220;auto auto&#8220; rt_bg_position=&#8220;right top&#8220; rt_bg_attachment=&#8220;scroll&#8220;]<article  class=\"icon-content-box content-box icon-left icon-style-1\"><div class=\"icon-holder\"><span class=\"icon-globe\"><\/span><\/div><div class=\"text-holder\"><h3 class=\"heading\">HOHE QUALIT\u00c4T<\/h3> <p><span class=\"icon-box__subtitle\">Wenn Sie Ihre Projekte mit uns durchf\u00fchren, bieten wir Ihnen erstklassige Arbeit.<\/span><\/p>\n<\/div><\/article>[\/vc_column][vc_column width=&#8220;1\/3&#8243; rt_wrp_col_paddings=&#8220;false&#8220; rt_border_top=&#8220;&#8220; rt_border_bottom=&#8220;&#8220; rt_border_left=&#8220;&#8220; rt_border_right=&#8220;&#8220; rt_border_top_mobile=&#8220;&#8220; rt_border_bottom_mobile=&#8220;&#8220; rt_border_left_mobile=&#8220;&#8220; rt_border_right_mobile=&#8220;&#8220; rt_bg_image_repeat=&#8220;repeat&#8220; rt_bg_size=&#8220;auto auto&#8220; rt_bg_position=&#8220;right top&#8220; rt_bg_attachment=&#8220;scroll&#8220;]<article  class=\"icon-content-box content-box icon-left icon-style-1\"><div class=\"icon-holder\"><span class=\"icon-users\"><\/span><\/div><div class=\"text-holder\"><h3 class=\"heading\">EIN TEAM VON FACHLEUTEN<\/h3> <p><span class=\"icon-box__subtitle\">Bei gro\u00dfen und komplexen Projekten arbeiten wir mit einem internationalen Projektteam zusammen.<\/span><\/p>\n<\/div><\/article>[\/vc_column][\/vc_row][vc_row rt_row_background_width=&#8220;fullwidth&#8220; rt_row_content_width=&#8220;fullwidth&#8220; rt_row_style=&#8220;default-style&#8220; rt_column_placement=&#8220;middle&#8220; rt_row_borders=&#8220;&#8220; rt_row_paddings=&#8220;false&#8220; rt_bg_effect=&#8220;classic&#8220; rt_bg_image_repeat=&#8220;repeat&#8220; rt_bg_size=&#8220;cover&#8220; rt_bg_position=&#8220;right top&#8220; rt_bg_attachment=&#8220;scroll&#8220; rt_bg_video_format=&#8220;self-hosted&#8220;][vc_column width=&#8220;1\/2&#8243; rt_wrp_col_paddings=&#8220;false&#8220; rt_border_top=&#8220;&#8220; rt_border_bottom=&#8220;&#8220; rt_border_left=&#8220;&#8220; rt_border_right=&#8220;&#8220; rt_border_top_mobile=&#8220;&#8220; rt_border_bottom_mobile=&#8220;&#8220; rt_border_left_mobile=&#8220;&#8220; rt_border_right_mobile=&#8220;&#8220; rt_bg_image_repeat=&#8220;repeat&#8220; rt_bg_size=&#8220;auto auto&#8220; rt_bg_position=&#8220;right top&#8220; rt_bg_attachment=&#8220;scroll&#8220; rt_padding_top=&#8220;0&#8243; rt_padding_bottom=&#8220;0&#8243; rt_padding_left=&#8220;0&#8243; rt_padding_right=&#8220;0&#8243;][vc_single_image image=&#8220;8994&#8243; img_size=&#8220;full&#8220; alignment=&#8220;center&#8220;][\/vc_column][vc_column width=&#8220;1\/2&#8243; rt_wrp_col_paddings=&#8220;false&#8220; rt_border_top=&#8220;&#8220; rt_border_bottom=&#8220;&#8220; rt_border_left=&#8220;&#8220; rt_border_right=&#8220;&#8220; rt_border_top_mobile=&#8220;&#8220; rt_border_bottom_mobile=&#8220;&#8220; rt_border_left_mobile=&#8220;&#8220; rt_border_right_mobile=&#8220;&#8220; rt_bg_image_repeat=&#8220;repeat&#8220; rt_bg_size=&#8220;auto auto&#8220; rt_bg_position=&#8220;right top&#8220; rt_bg_attachment=&#8220;scroll&#8220; rt_padding_top=&#8220;0&#8243; rt_padding_bottom=&#8220;0&#8243; rt_padding_left=&#8220;0&#8243; rt_padding_right=&#8220;0&#8243;]<div class=\"rt_heading_wrapper style-4\">\n\t\t\t\t\t\t<h3 class=\"rt_heading  style-4\"  style=\"font-size:42px;\">MODIFIZIERTE BETONDEKORATIONEN<\/h3>\n\t\t\t\t\t<\/div>[vc_column_text css=&#8220;.vc_custom_1549398005037{padding-right: 30px !important;padding-left: 30px !important;}&#8220;]sKalisty ist ein Unternehmen, das sich auf die Herstellung von <span class=\"highlight style-1\">Kunstfelsen<\/span> aus Zementm\u00f6rtel und Harzen spezialisiert hat. Das Ergebnis unserer Arbeit ist eine naturgetreue Nachbildung von Felsformationen, Korallenriffen und B\u00e4umen. Wir legen Wert darauf, dass alle von uns realisierten Werke p\u00e4dagogisch sind und <span class=\"highlight style-1\">die in der Natur vorkommenden Gesteinsstrukturen widerspiegeln<\/span>. Wir verf\u00fcgen \u00fcber die Erfahrung aus der Arbeit an Tausenden von Quadratmetern Kunstfelsen. Der <span class=\"highlight style-1\">Bau von Steindekorationen<\/span> f\u00fcr den Erholungsbereich der Thermen von Tarn\u00f3w und Polens gr\u00f6\u00dfte Anlage aus Kunstfelsen im Afrykarium des Zoos von Wroc\u0142aw geh\u00f6ren zu unseren gr\u00f6\u00dften Projekten.[\/vc_column_text][\/vc_column][\/vc_row][vc_row rt_row_background_width=&#8220;fullwidth&#8220; rt_row_content_width=&#8220;fullwidth&#8220; rt_row_style=&#8220;default-style&#8220; rt_column_placement=&#8220;middle&#8220; rt_row_borders=&#8220;&#8220; rt_row_paddings=&#8220;false&#8220; rt_bg_effect=&#8220;classic&#8220; rt_bg_image_repeat=&#8220;repeat&#8220; rt_bg_size=&#8220;cover&#8220; rt_bg_position=&#8220;right top&#8220; rt_bg_attachment=&#8220;scroll&#8220; rt_bg_video_format=&#8220;self-hosted&#8220;][vc_column width=&#8220;1\/2&#8243; rt_wrp_col_paddings=&#8220;false&#8220; rt_border_top=&#8220;&#8220; rt_border_bottom=&#8220;&#8220; rt_border_left=&#8220;&#8220; rt_border_right=&#8220;&#8220; rt_border_top_mobile=&#8220;&#8220; rt_border_bottom_mobile=&#8220;&#8220; rt_border_left_mobile=&#8220;&#8220; rt_border_right_mobile=&#8220;&#8220; rt_bg_image_repeat=&#8220;repeat&#8220; rt_bg_size=&#8220;auto auto&#8220; rt_bg_position=&#8220;right top&#8220; rt_bg_attachment=&#8220;scroll&#8220; rt_padding_top=&#8220;0&#8243; rt_padding_bottom=&#8220;0&#8243; rt_padding_left=&#8220;0&#8243; rt_padding_right=&#8220;0&#8243;]<div class=\"rt_heading_wrapper style-4\">\n\t\t\t\t\t\t<h4 class=\"rt_heading  style-4\"  style=\"font-size:42px;\">UNSERE ERFAHRUNG<\/h4>\n\t\t\t\t\t<\/div>[vc_column_text css=&#8220;.vc_custom_1666707431894{padding-right: 30px !important;padding-left: 30px !important;}&#8220;]<strong><br \/>\n<span class=\"highlight style-2\">sKalisty<\/span>\n<\/strong> ist nicht nur die F\u00e4higkeit, Gesteinsdekorationen herzustellen und zu installieren, sondern auch <span class=\"highlight style-1\">das n\u00f6tige Wissen \u00fcber die<\/span> Auswahl der richtigen Materialien f\u00fcr die Umgebung, in der die Gesteinsdekorationen angebracht werden sollen. <span class=\"highlight style-1\">Wir legen besonderen Wert darauf, dass das Ergebnis unserer Arbeit sicher f\u00fcr Mensch und Tier ist<\/span>.[\/vc_column_text][\/vc_column][vc_column width=&#8220;1\/2&#8243; rt_wrp_col_paddings=&#8220;false&#8220; rt_border_top=&#8220;&#8220; rt_border_bottom=&#8220;&#8220; rt_border_left=&#8220;&#8220; rt_border_right=&#8220;&#8220; rt_border_top_mobile=&#8220;&#8220; rt_border_bottom_mobile=&#8220;&#8220; rt_border_left_mobile=&#8220;&#8220; rt_border_right_mobile=&#8220;&#8220; rt_bg_image_repeat=&#8220;repeat&#8220; rt_bg_size=&#8220;auto auto&#8220; rt_bg_position=&#8220;right top&#8220; rt_bg_attachment=&#8220;scroll&#8220; rt_padding_top=&#8220;0&#8243; rt_padding_bottom=&#8220;0&#8243; rt_padding_left=&#8220;0&#8243; rt_padding_right=&#8220;0&#8243;][vc_single_image image=&#8220;8977&#8243; img_size=&#8220;full&#8220; alignment=&#8220;center&#8220;][\/vc_column][\/vc_row]<\/p>\n","protected":false},"excerpt":{"rendered":"<p>[vc_row rt_row_background_width=&#8220;fullwidth&#8220; rt_row_content_width=&#8220;fullwidth&#8220; rt_row_style=&#8220;default-style&#8220; rt_column_placement=&#8220;middle&#8220; rt_row_borders=&#8220;&#8220; rt_row_paddings=&#8220;false&#8220; rt_bg_effect=&#8220;classic&#8220; rt_bg_image_repeat=&#8220;repeat&#8220; rt_bg_size=&#8220;cover&#8220; rt_bg_position=&#8220;right top&#8220; rt_bg_attachment=&#8220;scroll&#8220; rt_bg_video_format=&#8220;self-hosted&#8220;][vc_column width=&#8220;1\/2&#8243; rt_wrp_col_paddings=&#8220;false&#8220; rt_border_top=&#8220;&#8220; rt_border_bottom=&#8220;&#8220; rt_border_left=&#8220;&#8220; rt_border_right=&#8220;&#8220; rt_border_top_mobile=&#8220;&#8220; rt_border_bottom_mobile=&#8220;&#8220; rt_border_left_mobile=&#8220;&#8220; rt_border_right_mobile=&#8220;&#8220; rt_bg_image_repeat=&#8220;repeat&#8220; rt_bg_size=&#8220;auto auto&#8220; rt_bg_position=&#8220;right top&#8220; rt_bg_attachment=&#8220;scroll&#8220; rt_padding_top=&#8220;0&#8243; rt_padding_bottom=&#8220;0&#8243; rt_padding_left=&#8220;0&#8243; rt_padding_right=&#8220;0&#8243;][vc_single_image image=&#8220;8992&#8243; img_size=&#8220;full&#8220; alignment=&#8220;center&#8220;][\/vc_column][vc_column width=&#8220;1\/2&#8243; rt_wrp_col_paddings=&#8220;false&#8220; rt_border_top=&#8220;&#8220; rt_border_bottom=&#8220;&#8220; rt_border_left=&#8220;&#8220; rt_border_right=&#8220;&#8220; rt_border_top_mobile=&#8220;&#8220; rt_border_bottom_mobile=&#8220;&#8220; rt_border_left_mobile=&#8220;&#8220; rt_border_right_mobile=&#8220;&#8220; rt_bg_image_repeat=&#8220;repeat&#8220; rt_bg_size=&#8220;auto auto&#8220; rt_bg_position=&#8220;right top&#8220; rt_bg_attachment=&#8220;scroll&#8220; rt_padding_top=&#8220;0&#8243; rt_padding_bottom=&#8220;0&#8243; [&hellip;]<\/p>\n","protected":false},"author":1,"featured_media":0,"parent":0,"menu_order":0,"comment_status":"closed","ping_status":"closed","template":"","meta":{"_exactmetrics_skip_tracking":false,"_exactmetrics_sitenote_active":false,"_exactmetrics_sitenote_note":"","_exactmetrics_sitenote_category":0,"footnotes":""},"class_list":["post-9974","page","type-page","status-publish","hentry"],"yoast_head":"<!-- This site is optimized with the Yoast SEO plugin v27.1.1 - https:\/\/yoast.com\/product\/yoast-seo-wordpress\/ -->\n<title>\u00dcber uns | sKalisty<\/title>\n<meta name=\"description\" content=\"Wir sind ein etablierter und erfahrener Hersteller von Betondekorationen. Wir f\u00fchren komplexe und ungew\u00f6hnliche Bauprojekte im Bereich der Tematisierung durch.\" \/>\n<meta name=\"robots\" content=\"index, follow, max-snippet:-1, max-image-preview:large, max-video-preview:-1\" \/>\n<link rel=\"canonical\" href=\"https:\/\/skalisty.pl\/de\/ueber-uns\/\" \/>\n<meta property=\"og:locale\" content=\"de_DE\" \/>\n<meta property=\"og:type\" content=\"article\" \/>\n<meta property=\"og:title\" content=\"\u00dcber uns | sKalisty\" \/>\n<meta property=\"og:description\" content=\"Wir sind ein etablierter und erfahrener Hersteller von Betondekorationen. Wir f\u00fchren komplexe und ungew\u00f6hnliche Bauprojekte im Bereich der Tematisierung durch.\" \/>\n<meta property=\"og:url\" content=\"https:\/\/skalisty.pl\/de\/ueber-uns\/\" \/>\n<meta property=\"og:site_name\" content=\"sKalisty - Kunstfelsen\" \/>\n<meta property=\"article:publisher\" content=\"https:\/\/www.facebook.com\/skalistyPL\/\" \/>\n<meta property=\"article:modified_time\" content=\"2022-10-25T14:17:16+00:00\" \/>\n<meta name=\"twitter:card\" content=\"summary_large_image\" \/>\n<meta name=\"twitter:site\" content=\"@sztuczne_skaly\" \/>\n<meta name=\"twitter:label1\" content=\"Gesch\u00e4tzte Lesezeit\" \/>\n\t<meta name=\"twitter:data1\" content=\"5\u00a0Minuten\" \/>\n<script type=\"application\/ld+json\" class=\"yoast-schema-graph\">{\"@context\":\"https:\/\/schema.org\",\"@graph\":[{\"@type\":\"WebPage\",\"@id\":\"https:\/\/skalisty.pl\/de\/ueber-uns\/\",\"url\":\"https:\/\/skalisty.pl\/de\/ueber-uns\/\",\"name\":\"\u00dcber uns | sKalisty\",\"isPartOf\":{\"@id\":\"https:\/\/skalisty.pl\/de\/#website\"},\"datePublished\":\"2022-10-25T14:03:19+00:00\",\"dateModified\":\"2022-10-25T14:17:16+00:00\",\"description\":\"Wir sind ein etablierter und erfahrener Hersteller von Betondekorationen. Wir f\u00fchren komplexe und ungew\u00f6hnliche Bauprojekte im Bereich der Tematisierung durch.\",\"breadcrumb\":{\"@id\":\"https:\/\/skalisty.pl\/de\/ueber-uns\/#breadcrumb\"},\"inLanguage\":\"de\",\"potentialAction\":[{\"@type\":\"ReadAction\",\"target\":[\"https:\/\/skalisty.pl\/de\/ueber-uns\/\"]}]},{\"@type\":\"BreadcrumbList\",\"@id\":\"https:\/\/skalisty.pl\/de\/ueber-uns\/#breadcrumb\",\"itemListElement\":[{\"@type\":\"ListItem\",\"position\":1,\"name\":\"Startseite\",\"item\":\"https:\/\/skalisty.pl\/de\/\"},{\"@type\":\"ListItem\",\"position\":2,\"name\":\"\u00dcber uns\"}]},{\"@type\":\"WebSite\",\"@id\":\"https:\/\/skalisty.pl\/de\/#website\",\"url\":\"https:\/\/skalisty.pl\/de\/\",\"name\":\"sKalisty - Kunstfelsen\",\"description\":\"\",\"publisher\":{\"@id\":\"https:\/\/skalisty.pl\/de\/#organization\"},\"potentialAction\":[{\"@type\":\"SearchAction\",\"target\":{\"@type\":\"EntryPoint\",\"urlTemplate\":\"https:\/\/skalisty.pl\/de\/?s={search_term_string}\"},\"query-input\":{\"@type\":\"PropertyValueSpecification\",\"valueRequired\":true,\"valueName\":\"search_term_string\"}}],\"inLanguage\":\"de\"},{\"@type\":\"Organization\",\"@id\":\"https:\/\/skalisty.pl\/de\/#organization\",\"name\":\"sKalisty - Kunstfelsen\",\"url\":\"https:\/\/skalisty.pl\/de\/\",\"logo\":{\"@type\":\"ImageObject\",\"inLanguage\":\"de\",\"@id\":\"https:\/\/skalisty.pl\/de\/#\/schema\/logo\/image\/\",\"url\":\"https:\/\/static.skalisty.pl\/uploads\/2020\/01\/skalisty-schema-logo-2020.png\",\"contentUrl\":\"https:\/\/static.skalisty.pl\/uploads\/2020\/01\/skalisty-schema-logo-2020.png\",\"width\":1090,\"height\":238,\"caption\":\"sKalisty - Kunstfelsen\"},\"image\":{\"@id\":\"https:\/\/skalisty.pl\/de\/#\/schema\/logo\/image\/\"},\"sameAs\":[\"https:\/\/www.facebook.com\/skalistyPL\/\",\"https:\/\/x.com\/sztuczne_skaly\",\"https:\/\/www.youtube.com\/channel\/UCkvotuS2nyEefXsMM5zd3Mw\"]}]}<\/script>\n<!-- \/ Yoast SEO plugin. -->","yoast_head_json":{"title":"\u00dcber uns | sKalisty","description":"Wir sind ein etablierter und erfahrener Hersteller von Betondekorationen. Wir f\u00fchren komplexe und ungew\u00f6hnliche Bauprojekte im Bereich der Tematisierung durch.","robots":{"index":"index","follow":"follow","max-snippet":"max-snippet:-1","max-image-preview":"max-image-preview:large","max-video-preview":"max-video-preview:-1"},"canonical":"https:\/\/skalisty.pl\/de\/ueber-uns\/","og_locale":"de_DE","og_type":"article","og_title":"\u00dcber uns | sKalisty","og_description":"Wir sind ein etablierter und erfahrener Hersteller von Betondekorationen. Wir f\u00fchren komplexe und ungew\u00f6hnliche Bauprojekte im Bereich der Tematisierung durch.","og_url":"https:\/\/skalisty.pl\/de\/ueber-uns\/","og_site_name":"sKalisty - Kunstfelsen","article_publisher":"https:\/\/www.facebook.com\/skalistyPL\/","article_modified_time":"2022-10-25T14:17:16+00:00","twitter_card":"summary_large_image","twitter_site":"@sztuczne_skaly","twitter_misc":{"Gesch\u00e4tzte Lesezeit":"5\u00a0Minuten"},"schema":{"@context":"https:\/\/schema.org","@graph":[{"@type":"WebPage","@id":"https:\/\/skalisty.pl\/de\/ueber-uns\/","url":"https:\/\/skalisty.pl\/de\/ueber-uns\/","name":"\u00dcber uns | sKalisty","isPartOf":{"@id":"https:\/\/skalisty.pl\/de\/#website"},"datePublished":"2022-10-25T14:03:19+00:00","dateModified":"2022-10-25T14:17:16+00:00","description":"Wir sind ein etablierter und erfahrener Hersteller von Betondekorationen. Wir f\u00fchren komplexe und ungew\u00f6hnliche Bauprojekte im Bereich der Tematisierung durch.","breadcrumb":{"@id":"https:\/\/skalisty.pl\/de\/ueber-uns\/#breadcrumb"},"inLanguage":"de","potentialAction":[{"@type":"ReadAction","target":["https:\/\/skalisty.pl\/de\/ueber-uns\/"]}]},{"@type":"BreadcrumbList","@id":"https:\/\/skalisty.pl\/de\/ueber-uns\/#breadcrumb","itemListElement":[{"@type":"ListItem","position":1,"name":"Startseite","item":"https:\/\/skalisty.pl\/de\/"},{"@type":"ListItem","position":2,"name":"\u00dcber uns"}]},{"@type":"WebSite","@id":"https:\/\/skalisty.pl\/de\/#website","url":"https:\/\/skalisty.pl\/de\/","name":"sKalisty - Kunstfelsen","description":"","publisher":{"@id":"https:\/\/skalisty.pl\/de\/#organization"},"potentialAction":[{"@type":"SearchAction","target":{"@type":"EntryPoint","urlTemplate":"https:\/\/skalisty.pl\/de\/?s={search_term_string}"},"query-input":{"@type":"PropertyValueSpecification","valueRequired":true,"valueName":"search_term_string"}}],"inLanguage":"de"},{"@type":"Organization","@id":"https:\/\/skalisty.pl\/de\/#organization","name":"sKalisty - Kunstfelsen","url":"https:\/\/skalisty.pl\/de\/","logo":{"@type":"ImageObject","inLanguage":"de","@id":"https:\/\/skalisty.pl\/de\/#\/schema\/logo\/image\/","url":"https:\/\/static.skalisty.pl\/uploads\/2020\/01\/skalisty-schema-logo-2020.png","contentUrl":"https:\/\/static.skalisty.pl\/uploads\/2020\/01\/skalisty-schema-logo-2020.png","width":1090,"height":238,"caption":"sKalisty - Kunstfelsen"},"image":{"@id":"https:\/\/skalisty.pl\/de\/#\/schema\/logo\/image\/"},"sameAs":["https:\/\/www.facebook.com\/skalistyPL\/","https:\/\/x.com\/sztuczne_skaly","https:\/\/www.youtube.com\/channel\/UCkvotuS2nyEefXsMM5zd3Mw"]}]}},"_links":{"self":[{"href":"https:\/\/skalisty.pl\/de\/wp-json\/wp\/v2\/pages\/9974","targetHints":{"allow":["GET"]}}],"collection":[{"href":"https:\/\/skalisty.pl\/de\/wp-json\/wp\/v2\/pages"}],"about":[{"href":"https:\/\/skalisty.pl\/de\/wp-json\/wp\/v2\/types\/page"}],"author":[{"embeddable":true,"href":"https:\/\/skalisty.pl\/de\/wp-json\/wp\/v2\/users\/1"}],"replies":[{"embeddable":true,"href":"https:\/\/skalisty.pl\/de\/wp-json\/wp\/v2\/comments?post=9974"}],"version-history":[{"count":7,"href":"https:\/\/skalisty.pl\/de\/wp-json\/wp\/v2\/pages\/9974\/revisions"}],"predecessor-version":[{"id":9989,"href":"https:\/\/skalisty.pl\/de\/wp-json\/wp\/v2\/pages\/9974\/revisions\/9989"}],"wp:attachment":[{"href":"https:\/\/skalisty.pl\/de\/wp-json\/wp\/v2\/media?parent=9974"}],"curies":[{"name":"wp","href":"https:\/\/api.w.org\/{rel}","templated":true}]}}