{"id":9911,"date":"2022-10-25T12:23:32","date_gmt":"2022-10-25T10:23:32","guid":{"rendered":"https:\/\/skalisty.pl\/kontakt\/"},"modified":"2022-12-09T09:05:17","modified_gmt":"2022-12-09T08:05:17","slug":"kontakt","status":"publish","type":"page","link":"https:\/\/skalisty.pl\/de\/kontakt\/","title":{"rendered":"Kontakt"},"content":{"rendered":"<p>[vc_row rt_row_background_width=&#8220;fullwidth&#8220; rt_row_content_width=&#8220;fullwidth&#8220; rt_row_style=&#8220;alt-style-1&#8243; rt_row_borders=&#8220;top&#8220; rt_overlap=&#8220;true&#8220; rt_row_paddings=&#8220;false&#8220; rt_bg_effect=&#8220;classic&#8220; rt_bg_image_repeat=&#8220;repeat&#8220; rt_bg_size=&#8220;cover&#8220; rt_bg_position=&#8220;right top&#8220; rt_bg_attachment=&#8220;scroll&#8220; rt_bg_video_format=&#8220;self-hosted&#8220;][vc_column rt_wrp_col_paddings=&#8220;false&#8220; rt_border_top=&#8220;&#8220; rt_border_bottom=&#8220;&#8220; rt_border_left=&#8220;true&#8220; rt_border_right=&#8220;true&#8220; rt_border_top_mobile=&#8220;&#8220; rt_border_bottom_mobile=&#8220;&#8220; rt_border_left_mobile=&#8220;&#8220; rt_border_right_mobile=&#8220;&#8220; rt_bg_image_repeat=&#8220;repeat&#8220; rt_bg_size=&#8220;auto auto&#8220; rt_bg_position=&#8220;right top&#8220; rt_bg_attachment=&#8220;scroll&#8220;]<div class=\"google_map_holder\" data-height=\"300\" data-scope=\"#map-209977\" data-bw=\"\"><div id=\"map-209977\" data-locations=\"WyJTa2FsaXN0eSAtIEt1bnN0ZmVsc2VuIiwgNTEuMTE3NzUxMjQsIDE2LjkxMzM1MjkxLCA0LCIiXQ==\" data-zoom=\"10\" class=\"rt-google-maps google_map\"><\/div><\/div>[\/vc_column][\/vc_row][vc_row rt_row_background_width=&#8220;default&#8220; rt_row_style=&#8220;default-style&#8220; rt_column_placement=&#8220;middle&#8220; rt_row_borders=&#8220;&#8220; rt_row_paddings=&#8220;true&#8220; rt_bg_effect=&#8220;classic&#8220; rt_bg_image_repeat=&#8220;repeat&#8220; rt_bg_size=&#8220;cover&#8220; rt_bg_position=&#8220;right top&#8220; rt_bg_attachment=&#8220;scroll&#8220; rt_bg_video_format=&#8220;self-hosted&#8220;][vc_column width=&#8220;1\/3&#8243; rt_wrp_col_paddings=&#8220;false&#8220; rt_border_top=&#8220;&#8220; rt_border_bottom=&#8220;&#8220; rt_border_left=&#8220;&#8220; rt_border_right=&#8220;&#8220; rt_border_top_mobile=&#8220;&#8220; rt_border_bottom_mobile=&#8220;&#8220; rt_border_left_mobile=&#8220;&#8220; rt_border_right_mobile=&#8220;&#8220; rt_bg_image_repeat=&#8220;repeat&#8220; rt_bg_size=&#8220;auto auto&#8220; rt_bg_position=&#8220;right top&#8220; rt_bg_attachment=&#8220;scroll&#8220;]<div class=\"rt_heading_wrapper style-2\">\n\t\t\t\t\t\t<a href=\"tel:+48504133554\" target=\"_self\" title=\"\"><h2 class=\"rt_heading  heading-font style-2\"  style=\"font-size:40px;\" data-maxfont-size=\"40\" data-minfont-size=\"9\"><span class=\"icon-phone heading_icon\"><\/span>(+48) 504-133-554<\/h2><\/a>\n\t\t\t\t\t<\/div><div class=\"rt_heading_wrapper style-1\">\n\t\t\t\t\t\t<h3 class=\"rt_heading  heading-font style-1\"  style=\"font-size:18px;\" data-maxfont-size=\"18\" data-minfont-size=\"9\"><span class=\"icon-chat-1 heading_icon\"><\/span>Wir sprechen Englisch<\/h3>\n\t\t\t\t\t<\/div>[vc_empty_space height=&#8220;10px&#8220;]\t \n\t\t<div  class=\"with_icons style-1 \">\n\t\t\t \n\t\t<div  >\n\t\t<span class=\"icon-home-1 icon\"><\/span><div class=\"list-content\"><p><b>sKalisty &#8211; sztuczne ska\u0142y<\/b><br \/>\nStrachowicka 48a<br \/>\nBreslau, 54-512<br \/>\n<b>Polen<\/b><\/p>\n<\/div>\n\t\t<\/div>\n\t\n\t\t<\/div>\n\t\t \n\t\t<div  class=\"with_icons style-1 \">\n\t\t\t \n\t\t<div  >\n\t\t<span class=\"icon-mail icon\"><\/span><div class=\"list-content\"><p>biuro@skalisty.pl<\/p>\n<\/div>\n\t\t<\/div>\n\t\t \n\t\t<div  >\n\t\t<span class=\"icon-clock icon\"><\/span><div class=\"list-content\"><p><b>Mo &#8211; Fr 9.00 Uhr &#8211; 16.00 Uhr<\/b><br \/>\nSamstag &#8211; Sonntag GESCHLOSSEN<\/p>\n<\/div>\n\t\t<\/div>\n\t\n\t\t<\/div>\n\t[\/vc_column][vc_column width=&#8220;2\/3&#8243; rt_wrp_col_paddings=&#8220;false&#8220; rt_border_top=&#8220;&#8220; rt_border_bottom=&#8220;&#8220; rt_border_left=&#8220;&#8220; rt_border_right=&#8220;&#8220; rt_border_top_mobile=&#8220;&#8220; rt_border_bottom_mobile=&#8220;&#8220; rt_border_left_mobile=&#8220;&#8220; rt_border_right_mobile=&#8220;&#8220; rt_bg_image_repeat=&#8220;repeat&#8220; rt_bg_size=&#8220;auto auto&#8220; rt_bg_position=&#8220;right top&#8220; rt_bg_attachment=&#8220;scroll&#8220; rt_padding_left=&#8220;0&#8243; rt_padding_right=&#8220;0&#8243;]\n\t\t<!-- contact form -->\n\t\t<div  class=\"contact_form  dynamic-class-487718\">\n\t\t<div class=\"clear\"><\/div><div class=\"result\"><\/div>\n\t\t\t<form action=\"#\" name=\"contact_form\" class=\"validate_form rt_form\" method=\"post\">\n\t\t\t\t<ul>\n\t\t\t\t\t<li class=\"form-input\"><label for=\"name\">Ihr Name: (*)<\/label><input placeholder=\"Ihr Name: (*)\" id=\"name\" type=\"text\" name=\"name\" value=\"\" class=\"required\" \/> <\/li>\n\t\t\t\t\t<li class=\"form-input\"><label for=\"email\">Ihre E-Mail: (*)<\/label><input placeholder=\"Ihre E-Mail: (*)\" id=\"email\" type=\"email\" name=\"email\" value=\"\" class=\"required email\" \/> <\/li>\n\t\t\t\t\t<li class=\"form-input\"><label for=\"message\">Ihre Nachricht: (*)<\/label><textarea placeholder=\"Ihre Nachricht: (*)\" id=\"message\" name=\"message\" rows=\"8\" cols=\"40\" class=\"required\"><\/textarea><\/li>\n\t\t\t\t\t\n\t\t\t\t\t\n\t\t\t\t\t<li class=\"submit-button\">\n\t\t\t\t\t<input type=\"hidden\" name=\"your_email_sig\" value=\"adaeaacee75a9c780b84d46973c8d424\">\n\t\t\t\t\t<input type=\"hidden\" name=\"_wpnonce\" value=\"54aaa257a3\">\n\t\t\t\t\t<input type=\"hidden\" name=\"your_email\" value=\"Yml1cm9Ac2thbGlzdHkucGw=\"><input type=\"hidden\" name=\"dynamic_class\" value=\"dynamic-class-487718\"><input type=\"hidden\" name=\"rt_form_data\" value=\"bm9zZWN1cml0eQ==\"><input type=\"button\" class=\"button submit\" value=\"Senden Sie\"  \/><span class=\"loading\"><\/span>\n\t\t\t\t\t<\/li>\n\t\t\t\t<\/ul>\n\t\t\t<\/form>\n\t\t<\/div><div class=\"clear\"><\/div>\n\t\t<!-- \/contact form -->[\/vc_column][\/vc_row]<\/p>\n","protected":false},"excerpt":{"rendered":"<p>[vc_row rt_row_background_width=&#8220;fullwidth&#8220; rt_row_content_width=&#8220;fullwidth&#8220; rt_row_style=&#8220;alt-style-1&#8243; rt_row_borders=&#8220;top&#8220; rt_overlap=&#8220;true&#8220; rt_row_paddings=&#8220;false&#8220; rt_bg_effect=&#8220;classic&#8220; rt_bg_image_repeat=&#8220;repeat&#8220; rt_bg_size=&#8220;cover&#8220; rt_bg_position=&#8220;right top&#8220; rt_bg_attachment=&#8220;scroll&#8220; rt_bg_video_format=&#8220;self-hosted&#8220;][vc_column rt_wrp_col_paddings=&#8220;false&#8220; rt_border_top=&#8220;&#8220; rt_border_bottom=&#8220;&#8220; rt_border_left=&#8220;true&#8220; rt_border_right=&#8220;true&#8220; rt_border_top_mobile=&#8220;&#8220; rt_border_bottom_mobile=&#8220;&#8220; rt_border_left_mobile=&#8220;&#8220; rt_border_right_mobile=&#8220;&#8220; rt_bg_image_repeat=&#8220;repeat&#8220; rt_bg_size=&#8220;auto auto&#8220; rt_bg_position=&#8220;right top&#8220; rt_bg_attachment=&#8220;scroll&#8220;][\/vc_column][\/vc_row][vc_row rt_row_background_width=&#8220;default&#8220; rt_row_style=&#8220;default-style&#8220; rt_column_placement=&#8220;middle&#8220; rt_row_borders=&#8220;&#8220; rt_row_paddings=&#8220;true&#8220; rt_bg_effect=&#8220;classic&#8220; rt_bg_image_repeat=&#8220;repeat&#8220; rt_bg_size=&#8220;cover&#8220; rt_bg_position=&#8220;right top&#8220; rt_bg_attachment=&#8220;scroll&#8220; rt_bg_video_format=&#8220;self-hosted&#8220;][vc_column width=&#8220;1\/3&#8243; rt_wrp_col_paddings=&#8220;false&#8220; rt_border_top=&#8220;&#8220; rt_border_bottom=&#8220;&#8220; rt_border_left=&#8220;&#8220; rt_border_right=&#8220;&#8220; rt_border_top_mobile=&#8220;&#8220; rt_border_bottom_mobile=&#8220;&#8220; rt_border_left_mobile=&#8220;&#8220; rt_border_right_mobile=&#8220;&#8220; rt_bg_image_repeat=&#8220;repeat&#8220; rt_bg_size=&#8220;auto auto&#8220; rt_bg_position=&#8220;right [&hellip;]<\/p>\n","protected":false},"author":1,"featured_media":0,"parent":0,"menu_order":0,"comment_status":"closed","ping_status":"closed","template":"","meta":{"_exactmetrics_skip_tracking":false,"_exactmetrics_sitenote_active":false,"_exactmetrics_sitenote_note":"","_exactmetrics_sitenote_category":0,"footnotes":""},"class_list":["post-9911","page","type-page","status-publish","hentry"],"yoast_head":"<!-- This site is optimized with the Yoast SEO plugin v27.1.1 - https:\/\/yoast.com\/product\/yoast-seo-wordpress\/ -->\n<title>Kontakt | Hersteller von k\u00fcnstlichem Gestein | sKalisty<\/title>\n<meta name=\"description\" content=\"Sind Sie an unserem Angebot f\u00fcr den Bau von Betondekorationen interessiert? Kontaktieren Sie uns \u00fcber das Formular oder senden Sie uns Ihre Anfrage per E-Mail.\" \/>\n<meta name=\"robots\" content=\"index, follow, max-snippet:-1, max-image-preview:large, max-video-preview:-1\" \/>\n<link rel=\"canonical\" href=\"https:\/\/skalisty.pl\/de\/kontakt\/\" \/>\n<meta property=\"og:locale\" content=\"de_DE\" \/>\n<meta property=\"og:type\" content=\"article\" \/>\n<meta property=\"og:title\" content=\"Kontakt | Hersteller von k\u00fcnstlichem Gestein | sKalisty\" \/>\n<meta property=\"og:description\" content=\"Sind Sie an unserem Angebot f\u00fcr den Bau von Betondekorationen interessiert? Kontaktieren Sie uns \u00fcber das Formular oder senden Sie uns Ihre Anfrage per E-Mail.\" \/>\n<meta property=\"og:url\" content=\"https:\/\/skalisty.pl\/de\/kontakt\/\" \/>\n<meta property=\"og:site_name\" content=\"sKalisty - Kunstfelsen\" \/>\n<meta property=\"article:publisher\" content=\"https:\/\/www.facebook.com\/skalistyPL\/\" \/>\n<meta property=\"article:modified_time\" content=\"2022-12-09T08:05:17+00:00\" \/>\n<meta name=\"twitter:card\" content=\"summary_large_image\" \/>\n<meta name=\"twitter:site\" content=\"@sztuczne_skaly\" \/>\n<meta name=\"twitter:label1\" content=\"Gesch\u00e4tzte Lesezeit\" \/>\n\t<meta name=\"twitter:data1\" content=\"1\u00a0Minute\" \/>\n<script type=\"application\/ld+json\" class=\"yoast-schema-graph\">{\"@context\":\"https:\/\/schema.org\",\"@graph\":[{\"@type\":\"WebPage\",\"@id\":\"https:\/\/skalisty.pl\/de\/kontakt\/\",\"url\":\"https:\/\/skalisty.pl\/de\/kontakt\/\",\"name\":\"Kontakt | Hersteller von k\u00fcnstlichem Gestein | sKalisty\",\"isPartOf\":{\"@id\":\"https:\/\/skalisty.pl\/de\/#website\"},\"datePublished\":\"2022-10-25T10:23:32+00:00\",\"dateModified\":\"2022-12-09T08:05:17+00:00\",\"description\":\"Sind Sie an unserem Angebot f\u00fcr den Bau von Betondekorationen interessiert? Kontaktieren Sie uns \u00fcber das Formular oder senden Sie uns Ihre Anfrage per E-Mail.\",\"breadcrumb\":{\"@id\":\"https:\/\/skalisty.pl\/de\/kontakt\/#breadcrumb\"},\"inLanguage\":\"de\",\"potentialAction\":[{\"@type\":\"ReadAction\",\"target\":[\"https:\/\/skalisty.pl\/de\/kontakt\/\"]}]},{\"@type\":\"BreadcrumbList\",\"@id\":\"https:\/\/skalisty.pl\/de\/kontakt\/#breadcrumb\",\"itemListElement\":[{\"@type\":\"ListItem\",\"position\":1,\"name\":\"Startseite\",\"item\":\"https:\/\/skalisty.pl\/de\/\"},{\"@type\":\"ListItem\",\"position\":2,\"name\":\"Kontakt\"}]},{\"@type\":\"WebSite\",\"@id\":\"https:\/\/skalisty.pl\/de\/#website\",\"url\":\"https:\/\/skalisty.pl\/de\/\",\"name\":\"sKalisty - Kunstfelsen\",\"description\":\"\",\"publisher\":{\"@id\":\"https:\/\/skalisty.pl\/de\/#organization\"},\"potentialAction\":[{\"@type\":\"SearchAction\",\"target\":{\"@type\":\"EntryPoint\",\"urlTemplate\":\"https:\/\/skalisty.pl\/de\/?s={search_term_string}\"},\"query-input\":{\"@type\":\"PropertyValueSpecification\",\"valueRequired\":true,\"valueName\":\"search_term_string\"}}],\"inLanguage\":\"de\"},{\"@type\":\"Organization\",\"@id\":\"https:\/\/skalisty.pl\/de\/#organization\",\"name\":\"sKalisty - Kunstfelsen\",\"url\":\"https:\/\/skalisty.pl\/de\/\",\"logo\":{\"@type\":\"ImageObject\",\"inLanguage\":\"de\",\"@id\":\"https:\/\/skalisty.pl\/de\/#\/schema\/logo\/image\/\",\"url\":\"https:\/\/static.skalisty.pl\/uploads\/2020\/01\/skalisty-schema-logo-2020.png\",\"contentUrl\":\"https:\/\/static.skalisty.pl\/uploads\/2020\/01\/skalisty-schema-logo-2020.png\",\"width\":1090,\"height\":238,\"caption\":\"sKalisty - Kunstfelsen\"},\"image\":{\"@id\":\"https:\/\/skalisty.pl\/de\/#\/schema\/logo\/image\/\"},\"sameAs\":[\"https:\/\/www.facebook.com\/skalistyPL\/\",\"https:\/\/x.com\/sztuczne_skaly\",\"https:\/\/www.youtube.com\/channel\/UCkvotuS2nyEefXsMM5zd3Mw\"]}]}<\/script>\n<!-- \/ Yoast SEO plugin. -->","yoast_head_json":{"title":"Kontakt | Hersteller von k\u00fcnstlichem Gestein | sKalisty","description":"Sind Sie an unserem Angebot f\u00fcr den Bau von Betondekorationen interessiert? Kontaktieren Sie uns \u00fcber das Formular oder senden Sie uns Ihre Anfrage per E-Mail.","robots":{"index":"index","follow":"follow","max-snippet":"max-snippet:-1","max-image-preview":"max-image-preview:large","max-video-preview":"max-video-preview:-1"},"canonical":"https:\/\/skalisty.pl\/de\/kontakt\/","og_locale":"de_DE","og_type":"article","og_title":"Kontakt | Hersteller von k\u00fcnstlichem Gestein | sKalisty","og_description":"Sind Sie an unserem Angebot f\u00fcr den Bau von Betondekorationen interessiert? Kontaktieren Sie uns \u00fcber das Formular oder senden Sie uns Ihre Anfrage per E-Mail.","og_url":"https:\/\/skalisty.pl\/de\/kontakt\/","og_site_name":"sKalisty - Kunstfelsen","article_publisher":"https:\/\/www.facebook.com\/skalistyPL\/","article_modified_time":"2022-12-09T08:05:17+00:00","twitter_card":"summary_large_image","twitter_site":"@sztuczne_skaly","twitter_misc":{"Gesch\u00e4tzte Lesezeit":"1\u00a0Minute"},"schema":{"@context":"https:\/\/schema.org","@graph":[{"@type":"WebPage","@id":"https:\/\/skalisty.pl\/de\/kontakt\/","url":"https:\/\/skalisty.pl\/de\/kontakt\/","name":"Kontakt | Hersteller von k\u00fcnstlichem Gestein | sKalisty","isPartOf":{"@id":"https:\/\/skalisty.pl\/de\/#website"},"datePublished":"2022-10-25T10:23:32+00:00","dateModified":"2022-12-09T08:05:17+00:00","description":"Sind Sie an unserem Angebot f\u00fcr den Bau von Betondekorationen interessiert? Kontaktieren Sie uns \u00fcber das Formular oder senden Sie uns Ihre Anfrage per E-Mail.","breadcrumb":{"@id":"https:\/\/skalisty.pl\/de\/kontakt\/#breadcrumb"},"inLanguage":"de","potentialAction":[{"@type":"ReadAction","target":["https:\/\/skalisty.pl\/de\/kontakt\/"]}]},{"@type":"BreadcrumbList","@id":"https:\/\/skalisty.pl\/de\/kontakt\/#breadcrumb","itemListElement":[{"@type":"ListItem","position":1,"name":"Startseite","item":"https:\/\/skalisty.pl\/de\/"},{"@type":"ListItem","position":2,"name":"Kontakt"}]},{"@type":"WebSite","@id":"https:\/\/skalisty.pl\/de\/#website","url":"https:\/\/skalisty.pl\/de\/","name":"sKalisty - Kunstfelsen","description":"","publisher":{"@id":"https:\/\/skalisty.pl\/de\/#organization"},"potentialAction":[{"@type":"SearchAction","target":{"@type":"EntryPoint","urlTemplate":"https:\/\/skalisty.pl\/de\/?s={search_term_string}"},"query-input":{"@type":"PropertyValueSpecification","valueRequired":true,"valueName":"search_term_string"}}],"inLanguage":"de"},{"@type":"Organization","@id":"https:\/\/skalisty.pl\/de\/#organization","name":"sKalisty - Kunstfelsen","url":"https:\/\/skalisty.pl\/de\/","logo":{"@type":"ImageObject","inLanguage":"de","@id":"https:\/\/skalisty.pl\/de\/#\/schema\/logo\/image\/","url":"https:\/\/static.skalisty.pl\/uploads\/2020\/01\/skalisty-schema-logo-2020.png","contentUrl":"https:\/\/static.skalisty.pl\/uploads\/2020\/01\/skalisty-schema-logo-2020.png","width":1090,"height":238,"caption":"sKalisty - Kunstfelsen"},"image":{"@id":"https:\/\/skalisty.pl\/de\/#\/schema\/logo\/image\/"},"sameAs":["https:\/\/www.facebook.com\/skalistyPL\/","https:\/\/x.com\/sztuczne_skaly","https:\/\/www.youtube.com\/channel\/UCkvotuS2nyEefXsMM5zd3Mw"]}]}},"_links":{"self":[{"href":"https:\/\/skalisty.pl\/de\/wp-json\/wp\/v2\/pages\/9911","targetHints":{"allow":["GET"]}}],"collection":[{"href":"https:\/\/skalisty.pl\/de\/wp-json\/wp\/v2\/pages"}],"about":[{"href":"https:\/\/skalisty.pl\/de\/wp-json\/wp\/v2\/types\/page"}],"author":[{"embeddable":true,"href":"https:\/\/skalisty.pl\/de\/wp-json\/wp\/v2\/users\/1"}],"replies":[{"embeddable":true,"href":"https:\/\/skalisty.pl\/de\/wp-json\/wp\/v2\/comments?post=9911"}],"version-history":[{"count":9,"href":"https:\/\/skalisty.pl\/de\/wp-json\/wp\/v2\/pages\/9911\/revisions"}],"predecessor-version":[{"id":19109,"href":"https:\/\/skalisty.pl\/de\/wp-json\/wp\/v2\/pages\/9911\/revisions\/19109"}],"wp:attachment":[{"href":"https:\/\/skalisty.pl\/de\/wp-json\/wp\/v2\/media?parent=9911"}],"curies":[{"name":"wp","href":"https:\/\/api.w.org\/{rel}","templated":true}]}}