{"id":10181,"date":"2022-10-27T14:38:48","date_gmt":"2022-10-27T12:38:48","guid":{"rendered":"https:\/\/skalisty.pl\/angebot\/fuer-den-investor\/"},"modified":"2022-10-27T14:44:09","modified_gmt":"2022-10-27T12:44:09","slug":"fuer-den-investor","status":"publish","type":"page","link":"https:\/\/skalisty.pl\/de\/angebot\/fuer-den-investor\/","title":{"rendered":"F\u00fcr den Investor"},"content":{"rendered":"<p>[vc_row rt_row_background_width=&#8220;fullwidth&#8220; rt_row_content_width=&#8220;default&#8220; rt_row_style=&#8220;default-style&#8220; rt_row_borders=&#8220;&#8220; rt_row_paddings=&#8220;true&#8220; rt_bg_image=&#8220;4765&#8243; rt_bg_effect=&#8220;classic&#8220; rt_bg_image_repeat=&#8220;no-repeat&#8220; rt_bg_size=&#8220;100% auto&#8220; rt_bg_position=&#8220;center center&#8220; rt_bg_attachment=&#8220;scroll&#8220; rt_bg_video_format=&#8220;self-hosted&#8220; rt_padding_left=&#8220;0&#8243; rt_padding_right=&#8220;0&#8243; rt_padding_bottom=&#8220;0&#8243;][vc_column rt_wrp_col_paddings=&#8220;false&#8220; rt_border_top=&#8220;&#8220; rt_border_bottom=&#8220;&#8220; rt_border_left=&#8220;&#8220; rt_border_right=&#8220;&#8220; rt_border_top_mobile=&#8220;&#8220; rt_border_bottom_mobile=&#8220;&#8220; rt_border_left_mobile=&#8220;&#8220; rt_border_right_mobile=&#8220;&#8220; rt_bg_image_repeat=&#8220;repeat&#8220; rt_bg_size=&#8220;auto auto&#8220; rt_bg_position=&#8220;right top&#8220; rt_bg_attachment=&#8220;scroll&#8220;][vc_row_inner rt_row_style=&#8220;global-style&#8220; rt_column_placement=&#8220;middle&#8220; rt_row_borders=&#8220;&#8220; rt_row_paddings=&#8220;true&#8220; rt_bg_effect=&#8220;parallax&#8220; rt_bg_parallax_effect=&#8220;3&#8243; rt_pspeed=&#8220;2&#8243; rt_bg_image_repeat=&#8220;repeat&#8220; rt_bg_size=&#8220;cover&#8220; rt_bg_position=&#8220;right top&#8220; rt_bg_video_format=&#8220;self-hosted&#8220;][vc_column_inner width=&#8220;2\/3&#8243; rt_wrp_col_paddings=&#8220;false&#8220; rt_border_top=&#8220;&#8220; rt_border_bottom=&#8220;&#8220; rt_border_left=&#8220;&#8220; rt_border_right=&#8220;&#8220; rt_border_top_mobile=&#8220;&#8220; rt_border_bottom_mobile=&#8220;&#8220; rt_border_left_mobile=&#8220;&#8220; rt_border_right_mobile=&#8220;&#8220; rt_bg_image_repeat=&#8220;no-repeat&#8220; rt_bg_size=&#8220;100% auto&#8220; rt_bg_position=&#8220;center center&#8220; rt_bg_attachment=&#8220;scroll&#8220;]<div class=\"rt_heading_wrapper style-5\">\n\t\t\t\t\t\t<h2 class=\"rt_heading  style-5\" >\u00dcBERWACHUNG DER PROJEKTDURCHF\u00dcHRUNG<\/h2>\n\t\t\t\t\t<\/div>[vc_column_text]<\/p>\n<span class=\"highlight style-1\">Auch das am besten vorbereitete Projekt ist nur eine Skizze der geplanten Investition.<\/span> Die Art und Weise der Umsetzung ist der wichtigste Prozess, der \u00fcber den Erfolg oder Misserfolg der endg\u00fcltigen visuellen Integrit\u00e4t entscheiden wird. W\u00e4hrend der Bauphase ist es wichtig, sich nicht nur auf das Gesamtbild zu konzentrieren, sondern auch den unz\u00e4hligen kleinen Details besondere Aufmerksamkeit zu schenken, die dem fertigen Bauwerk Seele und Charakter verleihen. Nur so k\u00f6nnen wir garantieren, dass das Ergebnis eine detailgetreue Wiedergabe einer Umgebung ist, die Sie \u00fcberzeugt und in ihren Bann zieht.<\/p>\n<p>[\/vc_column_text][vc_empty_space]<article  class=\"icon-content-box content-box icon-left icon-style-2\"><div class=\"icon-holder\"><span class=\"icon-right-open\"><\/span><\/div><div class=\"text-holder\"><h5 class=\"heading\">Beaufsichtigung der Projektdurchf\u00fchrung.<\/h5> <p>Ob es sich nun um k\u00fcnstliche Felsen, Nachbildungen von B\u00e4umen und anderen Pflanzen, Tiermodelle oder architektonische Rekonstruktionen handelt, die verschiedene Epochen oder Kulturen darstellen, immer geht es um Genauigkeit und Aufmerksamkeit f\u00fcr das kleinste Detail und die Gew\u00e4hrleistung eines m\u00f6glichst nat\u00fcrlichen Aussehens. Wir \u00fcbernehmen die Projekt\u00fcberwachung, um sicherzustellen, dass die gew\u00fcnschte Wirkung, Integrit\u00e4t und Qualit\u00e4t der Ausf\u00fchrung erreicht wird.<\/p>\n<\/div><\/article><article  class=\"icon-content-box content-box icon-left icon-style-2\"><div class=\"icon-holder\"><span class=\"icon-right-open\"><\/span><\/div><div class=\"text-holder\"><h5 class=\"heading\">\u00dcberwachung von Ausf\u00fchrung, Material und Personal in jeder Bauphase.<\/h5> <p>Wir sorgen daf\u00fcr, dass die Bauphase innerhalb der Planungs- und Materialvorgaben durchgef\u00fchrt wird. Wir beaufsichtigen auch die Auswahl von K\u00fcnstlern, B\u00fchnenbildnern und Unterauftragnehmern, die am Bau der Dekorationen beteiligt sind.<\/p>\n<\/div><\/article><article  class=\"icon-content-box content-box icon-left icon-style-2\"><div class=\"icon-holder\"><span class=\"icon-right-open\"><\/span><\/div><div class=\"text-holder\"><h5 class=\"heading\">Industrieberatung und Projektunterst\u00fctzung.<\/h5> <p>Wir bieten Material- und Technologieberatung, stellen Fotodokumentation und Referenzmaterial zur Verf\u00fcgung, bauen 3D-Modelle, erstellen Entw\u00fcrfe und Modelle. Am wichtigsten ist, dass wir die Aufsicht vor Ort und die k\u00fcnstlerische Projektleitung \u00fcbernehmen.<\/p>\n<\/div><\/article>[vc_empty_space][\/vc_column_inner][vc_column_inner width=&#8220;1\/3&#8243; rt_wrp_col_paddings=&#8220;false&#8220; rt_border_top=&#8220;&#8220; rt_border_bottom=&#8220;&#8220; rt_border_left=&#8220;&#8220; rt_border_right=&#8220;&#8220; rt_border_top_mobile=&#8220;&#8220; rt_border_bottom_mobile=&#8220;&#8220; rt_border_left_mobile=&#8220;&#8220; rt_border_right_mobile=&#8220;&#8220; rt_bg_image_repeat=&#8220;repeat&#8220; rt_bg_size=&#8220;auto auto&#8220; rt_bg_position=&#8220;right top&#8220; rt_bg_attachment=&#8220;scroll&#8220;][vc_single_image image=&#8220;9456&#8243; img_size=&#8220;full&#8220; alignment=&#8220;center&#8220; style=&#8220;vc_box_shadow_3d&#8220;][vc_single_image image=&#8220;9457&#8243; img_size=&#8220;full&#8220; alignment=&#8220;center&#8220; style=&#8220;vc_box_shadow_3d&#8220;][\/vc_column_inner][\/vc_row_inner][vc_row_inner rt_row_style=&#8220;global-style&#8220; rt_row_borders=&#8220;&#8220; rt_row_paddings=&#8220;true&#8220; rt_bg_effect=&#8220;classic&#8220; rt_bg_image_repeat=&#8220;repeat&#8220; rt_bg_size=&#8220;cover&#8220; rt_bg_position=&#8220;right top&#8220; rt_bg_attachment=&#8220;scroll&#8220; rt_bg_video_format=&#8220;self-hosted&#8220; rt_padding_top=&#8220;18&#8243;][vc_column_inner width=&#8220;1\/3&#8243; rt_wrp_col_paddings=&#8220;false&#8220; rt_border_top=&#8220;&#8220; rt_border_bottom=&#8220;&#8220; rt_border_left=&#8220;&#8220; rt_border_right=&#8220;&#8220; rt_border_top_mobile=&#8220;&#8220; rt_border_bottom_mobile=&#8220;&#8220; rt_border_left_mobile=&#8220;&#8220; rt_border_right_mobile=&#8220;&#8220; rt_bg_image_repeat=&#8220;repeat&#8220; rt_bg_size=&#8220;auto auto&#8220; rt_bg_position=&#8220;right top&#8220; rt_bg_attachment=&#8220;scroll&#8220;][vc_single_image image=&#8220;9458&#8243; img_size=&#8220;full&#8220; alignment=&#8220;center&#8220; style=&#8220;vc_box_shadow_3d&#8220;][\/vc_column_inner][vc_column_inner width=&#8220;1\/3&#8243; rt_wrp_col_paddings=&#8220;false&#8220; rt_border_top=&#8220;&#8220; rt_border_bottom=&#8220;&#8220; rt_border_left=&#8220;&#8220; rt_border_right=&#8220;&#8220; rt_border_top_mobile=&#8220;&#8220; rt_border_bottom_mobile=&#8220;&#8220; rt_border_left_mobile=&#8220;&#8220; rt_border_right_mobile=&#8220;&#8220; rt_bg_image_repeat=&#8220;repeat&#8220; rt_bg_size=&#8220;auto auto&#8220; rt_bg_position=&#8220;right top&#8220; rt_bg_attachment=&#8220;scroll&#8220;][vc_single_image image=&#8220;9459&#8243; img_size=&#8220;full&#8220; alignment=&#8220;center&#8220; style=&#8220;vc_box_shadow_3d&#8220;][\/vc_column_inner][vc_column_inner width=&#8220;1\/3&#8243; rt_wrp_col_paddings=&#8220;false&#8220; rt_border_top=&#8220;&#8220; rt_border_bottom=&#8220;&#8220; rt_border_left=&#8220;&#8220; rt_border_right=&#8220;&#8220; rt_border_top_mobile=&#8220;&#8220; rt_border_bottom_mobile=&#8220;&#8220; rt_border_left_mobile=&#8220;&#8220; rt_border_right_mobile=&#8220;&#8220; rt_bg_image_repeat=&#8220;repeat&#8220; rt_bg_size=&#8220;auto auto&#8220; rt_bg_position=&#8220;right top&#8220; rt_bg_attachment=&#8220;scroll&#8220;][vc_single_image image=&#8220;9460&#8243; img_size=&#8220;full&#8220; alignment=&#8220;center&#8220; style=&#8220;vc_box_shadow_3d&#8220;][\/vc_column_inner][\/vc_row_inner][vc_empty_space height=&#8220;50px&#8220;][\/vc_column][\/vc_row]<\/p>\n","protected":false},"excerpt":{"rendered":"<p>[vc_row rt_row_background_width=&#8220;fullwidth&#8220; rt_row_content_width=&#8220;default&#8220; rt_row_style=&#8220;default-style&#8220; rt_row_borders=&#8220;&#8220; rt_row_paddings=&#8220;true&#8220; rt_bg_image=&#8220;4765&#8243; rt_bg_effect=&#8220;classic&#8220; rt_bg_image_repeat=&#8220;no-repeat&#8220; rt_bg_size=&#8220;100% auto&#8220; rt_bg_position=&#8220;center center&#8220; rt_bg_attachment=&#8220;scroll&#8220; rt_bg_video_format=&#8220;self-hosted&#8220; rt_padding_left=&#8220;0&#8243; rt_padding_right=&#8220;0&#8243; rt_padding_bottom=&#8220;0&#8243;][vc_column rt_wrp_col_paddings=&#8220;false&#8220; rt_border_top=&#8220;&#8220; rt_border_bottom=&#8220;&#8220; rt_border_left=&#8220;&#8220; rt_border_right=&#8220;&#8220; rt_border_top_mobile=&#8220;&#8220; rt_border_bottom_mobile=&#8220;&#8220; rt_border_left_mobile=&#8220;&#8220; rt_border_right_mobile=&#8220;&#8220; rt_bg_image_repeat=&#8220;repeat&#8220; rt_bg_size=&#8220;auto auto&#8220; rt_bg_position=&#8220;right top&#8220; rt_bg_attachment=&#8220;scroll&#8220;][vc_row_inner rt_row_style=&#8220;global-style&#8220; rt_column_placement=&#8220;middle&#8220; rt_row_borders=&#8220;&#8220; rt_row_paddings=&#8220;true&#8220; rt_bg_effect=&#8220;parallax&#8220; rt_bg_parallax_effect=&#8220;3&#8243; rt_pspeed=&#8220;2&#8243; rt_bg_image_repeat=&#8220;repeat&#8220; rt_bg_size=&#8220;cover&#8220; rt_bg_position=&#8220;right top&#8220; rt_bg_video_format=&#8220;self-hosted&#8220;][vc_column_inner width=&#8220;2\/3&#8243; rt_wrp_col_paddings=&#8220;false&#8220; rt_border_top=&#8220;&#8220; rt_border_bottom=&#8220;&#8220; rt_border_left=&#8220;&#8220; rt_border_right=&#8220;&#8220; rt_border_top_mobile=&#8220;&#8220; rt_border_bottom_mobile=&#8220;&#8220; rt_border_left_mobile=&#8220;&#8220; rt_border_right_mobile=&#8220;&#8220; [&hellip;]<\/p>\n","protected":false},"author":1,"featured_media":19589,"parent":10070,"menu_order":0,"comment_status":"closed","ping_status":"closed","template":"","meta":{"_exactmetrics_skip_tracking":false,"_exactmetrics_sitenote_active":false,"_exactmetrics_sitenote_note":"","_exactmetrics_sitenote_category":0,"footnotes":""},"class_list":["post-10181","page","type-page","status-publish","has-post-thumbnail","hentry"],"yoast_head":"<!-- This site is optimized with the Yoast SEO plugin v27.1.1 - https:\/\/yoast.com\/product\/yoast-seo-wordpress\/ -->\n<title>Projektleitung und konzeptionelle Betreuung | sKalisty<\/title>\n<meta name=\"description\" content=\"Wir \u00fcberwachen die Durchf\u00fchrung des Projekts, um sicherzustellen, dass die beabsichtigte Wirkung, Integrit\u00e4t und Qualit\u00e4t der Ausf\u00fchrung erreicht wird.\" \/>\n<meta name=\"robots\" content=\"index, follow, max-snippet:-1, max-image-preview:large, max-video-preview:-1\" \/>\n<link rel=\"canonical\" href=\"https:\/\/skalisty.pl\/de\/angebot\/fuer-den-investor\/\" \/>\n<meta property=\"og:locale\" content=\"de_DE\" \/>\n<meta property=\"og:type\" content=\"article\" \/>\n<meta property=\"og:title\" content=\"Projektleitung und konzeptionelle Betreuung | sKalisty\" \/>\n<meta property=\"og:description\" content=\"Wir \u00fcberwachen die Durchf\u00fchrung des Projekts, um sicherzustellen, dass die beabsichtigte Wirkung, Integrit\u00e4t und Qualit\u00e4t der Ausf\u00fchrung erreicht wird.\" \/>\n<meta property=\"og:url\" content=\"https:\/\/skalisty.pl\/de\/angebot\/fuer-den-investor\/\" \/>\n<meta property=\"og:site_name\" content=\"sKalisty - Kunstfelsen\" \/>\n<meta property=\"article:publisher\" content=\"https:\/\/www.facebook.com\/skalistyPL\/\" \/>\n<meta property=\"article:modified_time\" content=\"2022-10-27T12:44:09+00:00\" \/>\n<meta name=\"twitter:card\" content=\"summary_large_image\" \/>\n<meta name=\"twitter:site\" content=\"@sztuczne_skaly\" \/>\n<meta name=\"twitter:label1\" content=\"Gesch\u00e4tzte Lesezeit\" \/>\n\t<meta name=\"twitter:data1\" content=\"3\u00a0Minuten\" \/>\n<script type=\"application\/ld+json\" class=\"yoast-schema-graph\">{\"@context\":\"https:\/\/schema.org\",\"@graph\":[{\"@type\":\"WebPage\",\"@id\":\"https:\/\/skalisty.pl\/de\/angebot\/fuer-den-investor\/\",\"url\":\"https:\/\/skalisty.pl\/de\/angebot\/fuer-den-investor\/\",\"name\":\"Projektleitung und konzeptionelle Betreuung | sKalisty\",\"isPartOf\":{\"@id\":\"https:\/\/skalisty.pl\/de\/#website\"},\"primaryImageOfPage\":{\"@id\":\"https:\/\/skalisty.pl\/de\/angebot\/fuer-den-investor\/#primaryimage\"},\"image\":{\"@id\":\"https:\/\/skalisty.pl\/de\/angebot\/fuer-den-investor\/#primaryimage\"},\"thumbnailUrl\":\"https:\/\/static.skalisty.pl\/uploads\/2022\/12\/dla-inwestorow-oferta.jpg\",\"datePublished\":\"2022-10-27T12:38:48+00:00\",\"dateModified\":\"2022-10-27T12:44:09+00:00\",\"description\":\"Wir \u00fcberwachen die Durchf\u00fchrung des Projekts, um sicherzustellen, dass die beabsichtigte Wirkung, Integrit\u00e4t und Qualit\u00e4t der Ausf\u00fchrung erreicht wird.\",\"breadcrumb\":{\"@id\":\"https:\/\/skalisty.pl\/de\/angebot\/fuer-den-investor\/#breadcrumb\"},\"inLanguage\":\"de\",\"potentialAction\":[{\"@type\":\"ReadAction\",\"target\":[\"https:\/\/skalisty.pl\/de\/angebot\/fuer-den-investor\/\"]}]},{\"@type\":\"ImageObject\",\"inLanguage\":\"de\",\"@id\":\"https:\/\/skalisty.pl\/de\/angebot\/fuer-den-investor\/#primaryimage\",\"url\":\"https:\/\/static.skalisty.pl\/uploads\/2022\/12\/dla-inwestorow-oferta.jpg\",\"contentUrl\":\"https:\/\/static.skalisty.pl\/uploads\/2022\/12\/dla-inwestorow-oferta.jpg\",\"width\":400,\"height\":800},{\"@type\":\"BreadcrumbList\",\"@id\":\"https:\/\/skalisty.pl\/de\/angebot\/fuer-den-investor\/#breadcrumb\",\"itemListElement\":[{\"@type\":\"ListItem\",\"position\":1,\"name\":\"Startseite\",\"item\":\"https:\/\/skalisty.pl\/de\/\"},{\"@type\":\"ListItem\",\"position\":2,\"name\":\"Angebot\",\"item\":\"https:\/\/skalisty.pl\/de\/angebot\/\"},{\"@type\":\"ListItem\",\"position\":3,\"name\":\"F\u00fcr den Investor\"}]},{\"@type\":\"WebSite\",\"@id\":\"https:\/\/skalisty.pl\/de\/#website\",\"url\":\"https:\/\/skalisty.pl\/de\/\",\"name\":\"sKalisty - Kunstfelsen\",\"description\":\"\",\"publisher\":{\"@id\":\"https:\/\/skalisty.pl\/de\/#organization\"},\"potentialAction\":[{\"@type\":\"SearchAction\",\"target\":{\"@type\":\"EntryPoint\",\"urlTemplate\":\"https:\/\/skalisty.pl\/de\/?s={search_term_string}\"},\"query-input\":{\"@type\":\"PropertyValueSpecification\",\"valueRequired\":true,\"valueName\":\"search_term_string\"}}],\"inLanguage\":\"de\"},{\"@type\":\"Organization\",\"@id\":\"https:\/\/skalisty.pl\/de\/#organization\",\"name\":\"sKalisty - Kunstfelsen\",\"url\":\"https:\/\/skalisty.pl\/de\/\",\"logo\":{\"@type\":\"ImageObject\",\"inLanguage\":\"de\",\"@id\":\"https:\/\/skalisty.pl\/de\/#\/schema\/logo\/image\/\",\"url\":\"https:\/\/static.skalisty.pl\/uploads\/2020\/01\/skalisty-schema-logo-2020.png\",\"contentUrl\":\"https:\/\/static.skalisty.pl\/uploads\/2020\/01\/skalisty-schema-logo-2020.png\",\"width\":1090,\"height\":238,\"caption\":\"sKalisty - Kunstfelsen\"},\"image\":{\"@id\":\"https:\/\/skalisty.pl\/de\/#\/schema\/logo\/image\/\"},\"sameAs\":[\"https:\/\/www.facebook.com\/skalistyPL\/\",\"https:\/\/x.com\/sztuczne_skaly\",\"https:\/\/www.youtube.com\/channel\/UCkvotuS2nyEefXsMM5zd3Mw\"]}]}<\/script>\n<!-- \/ Yoast SEO plugin. -->","yoast_head_json":{"title":"Projektleitung und konzeptionelle Betreuung | sKalisty","description":"Wir \u00fcberwachen die Durchf\u00fchrung des Projekts, um sicherzustellen, dass die beabsichtigte Wirkung, Integrit\u00e4t und Qualit\u00e4t der Ausf\u00fchrung erreicht wird.","robots":{"index":"index","follow":"follow","max-snippet":"max-snippet:-1","max-image-preview":"max-image-preview:large","max-video-preview":"max-video-preview:-1"},"canonical":"https:\/\/skalisty.pl\/de\/angebot\/fuer-den-investor\/","og_locale":"de_DE","og_type":"article","og_title":"Projektleitung und konzeptionelle Betreuung | sKalisty","og_description":"Wir \u00fcberwachen die Durchf\u00fchrung des Projekts, um sicherzustellen, dass die beabsichtigte Wirkung, Integrit\u00e4t und Qualit\u00e4t der Ausf\u00fchrung erreicht wird.","og_url":"https:\/\/skalisty.pl\/de\/angebot\/fuer-den-investor\/","og_site_name":"sKalisty - Kunstfelsen","article_publisher":"https:\/\/www.facebook.com\/skalistyPL\/","article_modified_time":"2022-10-27T12:44:09+00:00","twitter_card":"summary_large_image","twitter_site":"@sztuczne_skaly","twitter_misc":{"Gesch\u00e4tzte Lesezeit":"3\u00a0Minuten"},"schema":{"@context":"https:\/\/schema.org","@graph":[{"@type":"WebPage","@id":"https:\/\/skalisty.pl\/de\/angebot\/fuer-den-investor\/","url":"https:\/\/skalisty.pl\/de\/angebot\/fuer-den-investor\/","name":"Projektleitung und konzeptionelle Betreuung | sKalisty","isPartOf":{"@id":"https:\/\/skalisty.pl\/de\/#website"},"primaryImageOfPage":{"@id":"https:\/\/skalisty.pl\/de\/angebot\/fuer-den-investor\/#primaryimage"},"image":{"@id":"https:\/\/skalisty.pl\/de\/angebot\/fuer-den-investor\/#primaryimage"},"thumbnailUrl":"https:\/\/static.skalisty.pl\/uploads\/2022\/12\/dla-inwestorow-oferta.jpg","datePublished":"2022-10-27T12:38:48+00:00","dateModified":"2022-10-27T12:44:09+00:00","description":"Wir \u00fcberwachen die Durchf\u00fchrung des Projekts, um sicherzustellen, dass die beabsichtigte Wirkung, Integrit\u00e4t und Qualit\u00e4t der Ausf\u00fchrung erreicht wird.","breadcrumb":{"@id":"https:\/\/skalisty.pl\/de\/angebot\/fuer-den-investor\/#breadcrumb"},"inLanguage":"de","potentialAction":[{"@type":"ReadAction","target":["https:\/\/skalisty.pl\/de\/angebot\/fuer-den-investor\/"]}]},{"@type":"ImageObject","inLanguage":"de","@id":"https:\/\/skalisty.pl\/de\/angebot\/fuer-den-investor\/#primaryimage","url":"https:\/\/static.skalisty.pl\/uploads\/2022\/12\/dla-inwestorow-oferta.jpg","contentUrl":"https:\/\/static.skalisty.pl\/uploads\/2022\/12\/dla-inwestorow-oferta.jpg","width":400,"height":800},{"@type":"BreadcrumbList","@id":"https:\/\/skalisty.pl\/de\/angebot\/fuer-den-investor\/#breadcrumb","itemListElement":[{"@type":"ListItem","position":1,"name":"Startseite","item":"https:\/\/skalisty.pl\/de\/"},{"@type":"ListItem","position":2,"name":"Angebot","item":"https:\/\/skalisty.pl\/de\/angebot\/"},{"@type":"ListItem","position":3,"name":"F\u00fcr den Investor"}]},{"@type":"WebSite","@id":"https:\/\/skalisty.pl\/de\/#website","url":"https:\/\/skalisty.pl\/de\/","name":"sKalisty - Kunstfelsen","description":"","publisher":{"@id":"https:\/\/skalisty.pl\/de\/#organization"},"potentialAction":[{"@type":"SearchAction","target":{"@type":"EntryPoint","urlTemplate":"https:\/\/skalisty.pl\/de\/?s={search_term_string}"},"query-input":{"@type":"PropertyValueSpecification","valueRequired":true,"valueName":"search_term_string"}}],"inLanguage":"de"},{"@type":"Organization","@id":"https:\/\/skalisty.pl\/de\/#organization","name":"sKalisty - Kunstfelsen","url":"https:\/\/skalisty.pl\/de\/","logo":{"@type":"ImageObject","inLanguage":"de","@id":"https:\/\/skalisty.pl\/de\/#\/schema\/logo\/image\/","url":"https:\/\/static.skalisty.pl\/uploads\/2020\/01\/skalisty-schema-logo-2020.png","contentUrl":"https:\/\/static.skalisty.pl\/uploads\/2020\/01\/skalisty-schema-logo-2020.png","width":1090,"height":238,"caption":"sKalisty - Kunstfelsen"},"image":{"@id":"https:\/\/skalisty.pl\/de\/#\/schema\/logo\/image\/"},"sameAs":["https:\/\/www.facebook.com\/skalistyPL\/","https:\/\/x.com\/sztuczne_skaly","https:\/\/www.youtube.com\/channel\/UCkvotuS2nyEefXsMM5zd3Mw"]}]}},"_links":{"self":[{"href":"https:\/\/skalisty.pl\/de\/wp-json\/wp\/v2\/pages\/10181","targetHints":{"allow":["GET"]}}],"collection":[{"href":"https:\/\/skalisty.pl\/de\/wp-json\/wp\/v2\/pages"}],"about":[{"href":"https:\/\/skalisty.pl\/de\/wp-json\/wp\/v2\/types\/page"}],"author":[{"embeddable":true,"href":"https:\/\/skalisty.pl\/de\/wp-json\/wp\/v2\/users\/1"}],"replies":[{"embeddable":true,"href":"https:\/\/skalisty.pl\/de\/wp-json\/wp\/v2\/comments?post=10181"}],"version-history":[{"count":5,"href":"https:\/\/skalisty.pl\/de\/wp-json\/wp\/v2\/pages\/10181\/revisions"}],"predecessor-version":[{"id":10187,"href":"https:\/\/skalisty.pl\/de\/wp-json\/wp\/v2\/pages\/10181\/revisions\/10187"}],"up":[{"embeddable":true,"href":"https:\/\/skalisty.pl\/de\/wp-json\/wp\/v2\/pages\/10070"}],"wp:featuredmedia":[{"embeddable":true,"href":"https:\/\/skalisty.pl\/de\/wp-json\/wp\/v2\/media\/19589"}],"wp:attachment":[{"href":"https:\/\/skalisty.pl\/de\/wp-json\/wp\/v2\/media?parent=10181"}],"curies":[{"name":"wp","href":"https:\/\/api.w.org\/{rel}","templated":true}]}}