{"id":9820,"date":"2022-10-24T16:31:03","date_gmt":"2022-10-24T14:31:03","guid":{"rendered":"https:\/\/skalisty.pl\/hvad-afgoer-at-det-er-det-bedste-valg-at-arbejde-med-os\/"},"modified":"2022-11-07T08:54:26","modified_gmt":"2022-11-07T07:54:26","slug":"hvad-afgoer-at-det-er-det-bedste-valg-at-arbejde-med-os","status":"publish","type":"page","link":"https:\/\/skalisty.pl\/da\/det-er-vaerd-at-vaelge-os\/","title":{"rendered":"Hvad afg\u00f8r, at det er det bedste valg at arbejde med os?"},"content":{"rendered":"<p>[vc_row rt_row_background_width=&#8221;fullwidth&#8221; rt_row_content_width=&#8221;default&#8221; rt_row_style=&#8221;default-style&#8221; rt_row_borders=&#8221;&#8221; rt_row_paddings=&#8221;true&#8221; rt_bg_image=&#8221;4765&#8243; rt_bg_effect=&#8221;classic&#8221; rt_bg_image_repeat=&#8221;no-repeat&#8221; rt_bg_size=&#8221;100% auto&#8221; rt_bg_position=&#8221;right center&#8221; rt_bg_attachment=&#8221;scroll&#8221; rt_bg_video_format=&#8221;self-hosted&#8221;][vc_column width=&#8221;3\/5&#8243; rt_wrp_col_paddings=&#8221;false&#8221; rt_border_top=&#8221;&#8221; rt_border_bottom=&#8221;&#8221; rt_border_left=&#8221;&#8221; rt_border_right=&#8221;&#8221; rt_border_top_mobile=&#8221;&#8221; rt_border_bottom_mobile=&#8221;&#8221; rt_border_left_mobile=&#8221;&#8221; rt_border_right_mobile=&#8221;&#8221; rt_bg_image_repeat=&#8221;repeat&#8221; rt_bg_size=&#8221;auto auto&#8221; rt_bg_position=&#8221;right top&#8221; rt_bg_attachment=&#8221;scroll&#8221;]<div class=\"rt_heading_wrapper style-5\">\n\t\t\t\t\t\t<h2 class=\"rt_heading  style-5\" >Hvorfor v\u00e6lge os?<\/h2>\n\t\t\t\t\t<\/div>[vc_column_text]<\/p>\n<span class=\"highlight style-1\">Vi har arbejdet i branchen i mange \u00e5r. I l\u00f8bet af denne tid har vi samlet et bredt spektrum af erfaring fra mange forskellige byggeomr\u00e5der.<\/span> Vi har kvalificerede teams med en bred vifte af specialiseringer, f.eks. billedhuggere og malere, st\u00e5lkonstruktionsspecialister eller erfarne betonspr\u00f8jtehold. Hvert team af medarbejdere er uddannet og h\u00f8jt kvalificeret for at sikre det h\u00f8jeste niveau af h\u00e5ndv\u00e6rk og levere de bedste standarder.<\/p>\n<p>Vi er stolte af at v\u00e6re en af de mest erfarne virksomheder inden for konstruktion og design af storformatdekorationer. Vi leverer det bedste serviceniveau og garanterer et unikt resultat og investortilfredshed. Og her er argumenterne for at v\u00e6lge vores virksomhed:<\/p>\n<p>[\/vc_column_text]<article  class=\"icon-content-box content-box icon-left icon-style-2\"><div class=\"icon-holder\"><span class=\"icon-right-open\"><\/span><\/div><div class=\"text-holder\"><h5 class=\"heading\">Vi har specialiseret os i special- og storformatproduktioner.<\/h5> <p>Vi er ikke bare en anden virksomhed, der bygger kunstige sten, som du kan finde p\u00e5 markedet. Vi er stolte af at p\u00e5tage os de st\u00f8rste og mest komplekse projekter. Vores fokus er p\u00e5 at levere et raffineret produkt ned til mindste detalje. Med denne tilgang tilbyder vi us\u00e6dvanlige resultater. Vores kunstige sten, kunstige tr\u00e6er eller arkitektoniske reproduktioner af bygninger fra enhver tid giver indtryk af, at du interagerer med rigtige genstande. Vi tilbyder unikke oplevelser og genskaber milj\u00f8er med museografisk n\u00f8jagtighed.<\/p>\n<\/div><\/article><article  class=\"icon-content-box content-box icon-left icon-style-2\"><div class=\"icon-holder\"><span class=\"icon-right-open\"><\/span><\/div><div class=\"text-holder\"><h5 class=\"heading\">Vi arbejder med specialiseret udstyr, der er udvalgt p\u00e5 baggrund af mange \u00e5rs erfaring.<\/h5> <p>For at kunne arbejde p\u00e5 de st\u00f8rste projekter skal du kunne h\u00e5ndtere store m\u00e6ngder beton og st\u00e5l p\u00e5 en rimelig tid. Vi er klar over, at hvis man udf\u00f8rer det grundl\u00e6ggende arbejde manuelt uden brug af tungt udstyr, er man som entrepren\u00f8r udelukket fra de st\u00f8rste projekter. N\u00e5r vi udf\u00f8rer vores arbejde, er vi i stand til at pumpe store m\u00e6ngder m\u00f8rtel og beton direkte fra en p\u00e6re eller betonblander. Takket v\u00e6re brugen af spr\u00f8jtebeton-teknologi &#8211; eller betonspr\u00f8jtning &#8211; kan vi f\u00e6rdigg\u00f8re vores projekter med en hidtil uset hastighed. Det er vigtigt, at vi har vores eget udstyr, som vi har til r\u00e5dighed under hele byggeprocessen.<\/p>\n<\/div><\/article><article  class=\"icon-content-box content-box icon-left icon-style-2\"><div class=\"icon-holder\"><span class=\"icon-right-open\"><\/span><\/div><div class=\"text-holder\"><h5 class=\"heading\">Vi bruger kun de bedste materialer.<\/h5> <p>Vi har stor erfaring i byggebranchen inden for en r\u00e6kke tilsyneladende uafh\u00e6ngige omr\u00e5der, f.eks. impr\u00e6gnering, kendskab til beton og betonspr\u00f8jtning, svejsning af st\u00e5lkonstruktioner i forskellige st\u00e5llegeringer afh\u00e6ngigt af den funktion, dekorationen skal opfylde: vandfald, kunstige grotter og huler, kunstige undervandssten og koralrev, kunstige tr\u00e6er, skulpturer eller arkitektoniske rekonstruktioner. Dette sikrer, at vi ikke f\u00e5r uforudsete overraskelser under opf\u00f8relsen og brugen af udsmykningen. Vi er sikre p\u00e5, at vi kan tilbyde materialer, der lever op til de h\u00f8jeste standarder.<\/p>\n<\/div><\/article><article  class=\"icon-content-box content-box icon-left icon-style-2\"><div class=\"icon-holder\"><span class=\"icon-right-open\"><\/span><\/div><div class=\"text-holder\"><h5 class=\"heading\">Vi er den eneste virksomhed i Polen, der tilbyder projektoverv\u00e5gningstjenester.<\/h5> <p>Vi sikrer den fulde integritet af udf\u00f8relsen af dekorationen. Og med den viden, vi har opbygget gennem \u00e5rene, kan vi sikre, at det detaljerede design bygges p\u00e5 en m\u00e5de, der afspejler designintentionen bedst muligt. Vi har enest\u00e5ende erfaring med valg af teknologi, materialer, udv\u00e6lgelse af arbejdere og underleverand\u00f8rer, vi leverer referencemateriale som f.eks. fotodokumentation og materialepr\u00f8ver, og vi udf\u00f8rer 3D-modellering, CAD-design og visualiseringer.<\/p>\n<\/div><\/article>[\/vc_column][vc_column width=&#8221;2\/5&#8243; rt_wrp_col_paddings=&#8221;false&#8221; rt_border_top=&#8221;&#8221; rt_border_bottom=&#8221;&#8221; rt_border_left=&#8221;&#8221; rt_border_right=&#8221;&#8221; rt_border_top_mobile=&#8221;&#8221; rt_border_bottom_mobile=&#8221;&#8221; rt_border_left_mobile=&#8221;&#8221; rt_border_right_mobile=&#8221;&#8221; rt_bg_image_repeat=&#8221;repeat&#8221; rt_bg_size=&#8221;auto auto&#8221; rt_bg_position=&#8221;right top&#8221; rt_bg_attachment=&#8221;scroll&#8221;][vc_single_image image=&#8221;8007&#8243; img_size=&#8221;full&#8221; style=&#8221;vc_box_shadow_3d&#8221; css_animation=&#8221;none&#8221;][\/vc_column][\/vc_row][vc_row rt_row_background_width=&#8221;fullwidth&#8221; rt_row_content_width=&#8221;fullwidth&#8221; rt_row_style=&#8221;alt-style-2&#8243; rt_row_borders=&#8221;&#8221; rt_row_paddings=&#8221;true&#8221; rt_bg_effect=&#8221;classic&#8221; rt_bg_image_repeat=&#8221;repeat&#8221; rt_bg_size=&#8221;cover&#8221; rt_bg_position=&#8221;right top&#8221; rt_bg_attachment=&#8221;scroll&#8221; rt_bg_video_format=&#8221;self-hosted&#8221;][vc_column rt_wrp_col_paddings=&#8221;false&#8221; rt_border_top=&#8221;&#8221; rt_border_bottom=&#8221;&#8221; rt_border_left=&#8221;&#8221; rt_border_right=&#8221;&#8221; rt_border_top_mobile=&#8221;&#8221; rt_border_bottom_mobile=&#8221;&#8221; rt_border_left_mobile=&#8221;&#8221; rt_border_right_mobile=&#8221;&#8221; rt_bg_image_repeat=&#8221;repeat&#8221; rt_bg_size=&#8221;auto auto&#8221; rt_bg_position=&#8221;right top&#8221; rt_bg_attachment=&#8221;scroll&#8221;][vc_separator css_animation=&#8221;fadeInLeft&#8221; style=&#8221;style-1&#8243;][\/vc_column][\/vc_row][vc_row rt_row_background_width=&#8221;fullwidth&#8221; rt_row_content_width=&#8221;default&#8221; rt_row_style=&#8221;default-style&#8221; rt_row_borders=&#8221;&#8221; rt_row_paddings=&#8221;true&#8221; rt_bg_image=&#8221;4856&#8243; rt_bg_effect=&#8221;classic&#8221; rt_bg_image_repeat=&#8221;no-repeat&#8221; rt_bg_size=&#8221;100% auto&#8221; rt_bg_position=&#8221;left center&#8221; rt_bg_attachment=&#8221;scroll&#8221; rt_bg_video_format=&#8221;self-hosted&#8221;][vc_column width=&#8221;2\/5&#8243; rt_wrp_col_paddings=&#8221;false&#8221; rt_border_top=&#8221;&#8221; rt_border_bottom=&#8221;&#8221; rt_border_left=&#8221;&#8221; rt_border_right=&#8221;&#8221; rt_border_top_mobile=&#8221;&#8221; rt_border_bottom_mobile=&#8221;&#8221; rt_border_left_mobile=&#8221;&#8221; rt_border_right_mobile=&#8221;&#8221; rt_bg_image_repeat=&#8221;repeat&#8221; rt_bg_size=&#8221;auto auto&#8221; rt_bg_position=&#8221;right top&#8221; rt_bg_attachment=&#8221;scroll&#8221;][vc_single_image image=&#8221;8002&#8243; img_size=&#8221;full&#8221; style=&#8221;vc_box_shadow_3d&#8221; css_animation=&#8221;none&#8221;][\/vc_column][vc_column width=&#8221;3\/5&#8243; rt_wrp_col_paddings=&#8221;false&#8221; rt_border_top=&#8221;&#8221; rt_border_bottom=&#8221;&#8221; rt_border_left=&#8221;&#8221; rt_border_right=&#8221;&#8221; rt_border_top_mobile=&#8221;&#8221; rt_border_bottom_mobile=&#8221;&#8221; rt_border_left_mobile=&#8221;&#8221; rt_border_right_mobile=&#8221;&#8221; rt_bg_image_repeat=&#8221;repeat&#8221; rt_bg_size=&#8221;auto auto&#8221; rt_bg_position=&#8221;right top&#8221; rt_bg_attachment=&#8221;scroll&#8221;]<div class=\"rt_heading_wrapper style-5\">\n\t\t\t\t\t\t<h2 class=\"rt_heading  style-5\" >Vi h\u00e5ndterer dit projekt fra start til slut.<\/h2>\n\t\t\t\t\t<\/div>[vc_column_text]<\/p>\n<span class=\"highlight style-1\">For at et projekt kan gennemf\u00f8res med succes, skal alt v\u00e6re velorganiseret med \u00e5bne kommunikationskanaler mellem investoren, vores virksomhed og vores personale og kunstnere.<\/span> Mange entrepren\u00f8rer forlader deres teams for selv at udf\u00f8re projektet. Det betyder, at investor kun ser entrepren\u00f8rens repr\u00e6sentant under kontraktforhandlingerne og ved kontraktens udl\u00f8b. Alle implementeringer, der udf\u00f8res af vores virksomhed, udf\u00f8res p\u00e5 et eksklusivt grundlag, og vi udf\u00f8rer ikke andre projekter parallelt under implementeringen. Dette giver os mulighed for at fokusere 100 % p\u00e5 opgaven, idet vi konstant overv\u00e5ger arbejdets fremdrift og er i konstant kontakt med investoren eller hovedentrepren\u00f8ren. Denne tilgang giver mulighed for l\u00f8bende at r\u00e5df\u00f8re sig med investoren, f\u00f8r vigtige beslutninger tr\u00e6ffes, og sikrer det h\u00f8jeste serviceniveau.<\/p>\n<p>[\/vc_column_text]<article  class=\"icon-content-box content-box icon-left icon-style-2\"><div class=\"icon-holder\"><span class=\"icon-right-open\"><\/span><\/div><div class=\"text-holder\"><h5 class=\"heading\">Vi arbejder kun med erfarne kunstnere med en omfattende portef\u00f8lje.<\/h5> <p>Vi garanterer den bedste detaljeudformning, uanset om det er en detaljeret udhugning af kunstige sten, et relief eller et arkitektonisk element. Vi forsikrer, at vi ikke udf\u00f8rer arbejdet med ufagl\u00e6rte arbejdere.<\/p>\n<\/div><\/article><article  class=\"icon-content-box content-box icon-left icon-style-2\"><div class=\"icon-holder\"><span class=\"icon-right-open\"><\/span><\/div><div class=\"text-holder\"><h5 class=\"heading\">Vi sikrer den videnskabelige og museografiske kvalitet af arbejdet.<\/h5> <p>Der er projekter, som kr\u00e6ver inddragelse af specialister p\u00e5 deres respektive omr\u00e5der. Vi har erfaring med at etablere et samarbejde med videnskabelige enheder, s\u00e5som Institut for Geografiske Videnskaber ved Wroc\u0142aw Universitetet, som r\u00e5dgiver os om de geologiske detaljer i vores projekter. Projekter, der kr\u00e6ver denne fremgangsm\u00e5de, er ekstremt komplekse og kan ikke udf\u00f8res af ukvalificeret personale, hvilket andre virksomheder, der bygger kunstige sten, ikke vil stille til r\u00e5dighed.<\/p>\n<\/div><\/article><article  class=\"icon-content-box content-box icon-left icon-style-2\"><div class=\"icon-holder\"><span class=\"icon-right-open\"><\/span><\/div><div class=\"text-holder\"><h5 class=\"heading\">Vi s\u00f8rger selv for vores logistik til levering af materialer til byggepladsen.<\/h5> <p>Vi organiserer midlertidige opbevaringsfaciliteter p\u00e5 stedet og bygger vores egne studios til pr\u00e6fabrikation p\u00e5 stedet, hvis det er n\u00f8dvendigt, uanset \u00e5rstiden.<\/p>\n<\/div><\/article><article  class=\"icon-content-box content-box icon-left icon-style-2\"><div class=\"icon-holder\"><span class=\"icon-right-open\"><\/span><\/div><div class=\"text-holder\"><h5 class=\"heading\">Vi tilbyder vores kunder skr\u00e6ddersyede l\u00f8sninger.<\/h5> <p>Alle projekter er forskellige, hvilket betyder, at vi ikke fort\u00e6ller investorerne, hvad de har brug for &#8211; vi lytter til, hvad de \u00f8nsker. Vi erkender, at vi leverer ikke-standardiserede projekter. Derfor er vores arbejde baseret p\u00e5 samarbejde med kunden for at levere pr\u00e6cis det, de \u00f8nsker. Uanset opgavens kompleksitet er vi fast besluttet p\u00e5 at levere projektet 100%.<\/p>\n<\/div><\/article>[\/vc_column][\/vc_row]<\/p>\n","protected":false},"excerpt":{"rendered":"<p>[vc_row rt_row_background_width=&#8221;fullwidth&#8221; rt_row_content_width=&#8221;default&#8221; rt_row_style=&#8221;default-style&#8221; rt_row_borders=&#8221;&#8221; rt_row_paddings=&#8221;true&#8221; rt_bg_image=&#8221;4765&#8243; rt_bg_effect=&#8221;classic&#8221; rt_bg_image_repeat=&#8221;no-repeat&#8221; rt_bg_size=&#8221;100% auto&#8221; rt_bg_position=&#8221;right center&#8221; rt_bg_attachment=&#8221;scroll&#8221; rt_bg_video_format=&#8221;self-hosted&#8221;][vc_column width=&#8221;3\/5&#8243; rt_wrp_col_paddings=&#8221;false&#8221; rt_border_top=&#8221;&#8221; rt_border_bottom=&#8221;&#8221; rt_border_left=&#8221;&#8221; rt_border_right=&#8221;&#8221; rt_border_top_mobile=&#8221;&#8221; rt_border_bottom_mobile=&#8221;&#8221; rt_border_left_mobile=&#8221;&#8221; rt_border_right_mobile=&#8221;&#8221; rt_bg_image_repeat=&#8221;repeat&#8221; rt_bg_size=&#8221;auto auto&#8221; rt_bg_position=&#8221;right top&#8221; rt_bg_attachment=&#8221;scroll&#8221;][vc_column_text] Vi har kvalificerede teams med en bred vifte af specialiseringer, f.eks. billedhuggere og malere, st\u00e5lkonstruktionsspecialister eller erfarne betonspr\u00f8jtehold. Hvert team af medarbejdere er uddannet [&hellip;]<\/p>\n","protected":false},"author":1,"featured_media":0,"parent":0,"menu_order":0,"comment_status":"closed","ping_status":"closed","template":"","meta":{"_exactmetrics_skip_tracking":false,"_exactmetrics_sitenote_active":false,"_exactmetrics_sitenote_note":"","_exactmetrics_sitenote_category":0,"footnotes":""},"class_list":["post-9820","page","type-page","status-publish","hentry"],"yoast_head":"<!-- This site is optimized with the Yoast SEO plugin v27.1.1 - https:\/\/yoast.com\/product\/yoast-seo-wordpress\/ -->\n<title>Vores erfaring inden for dekorationsindustrien i storformat | sKalisty<\/title>\n<meta name=\"description\" content=\"Hvad afg\u00f8r, at det er det bedste valg at arbejde med os? Hvordan vi samarbejder med kunden om at bygge kunstige klipper og dekorationer i stor skala.\" \/>\n<meta name=\"robots\" content=\"index, follow, max-snippet:-1, max-image-preview:large, max-video-preview:-1\" \/>\n<link rel=\"canonical\" href=\"https:\/\/skalisty.pl\/da\/det-er-vaerd-at-vaelge-os\/\" \/>\n<meta property=\"og:locale\" content=\"da_DK\" \/>\n<meta property=\"og:type\" content=\"article\" \/>\n<meta property=\"og:title\" content=\"Vores erfaring inden for dekorationsindustrien i storformat | sKalisty\" \/>\n<meta property=\"og:description\" content=\"Hvad afg\u00f8r, at det er det bedste valg at arbejde med os? Hvordan vi samarbejder med kunden om at bygge kunstige klipper og dekorationer i stor skala.\" \/>\n<meta property=\"og:url\" content=\"https:\/\/skalisty.pl\/da\/det-er-vaerd-at-vaelge-os\/\" \/>\n<meta property=\"og:site_name\" content=\"sKalisty - Kunstige Klipper\" \/>\n<meta property=\"article:publisher\" content=\"https:\/\/www.facebook.com\/skalistyPL\/\" \/>\n<meta property=\"article:modified_time\" content=\"2022-11-07T07:54:26+00:00\" \/>\n<meta name=\"twitter:card\" content=\"summary_large_image\" \/>\n<meta name=\"twitter:site\" content=\"@sztuczne_skaly\" \/>\n<meta name=\"twitter:label1\" content=\"Estimeret l\u00e6setid\" \/>\n\t<meta name=\"twitter:data1\" content=\"6 minutter\" \/>\n<script type=\"application\/ld+json\" class=\"yoast-schema-graph\">{\"@context\":\"https:\/\/schema.org\",\"@graph\":[{\"@type\":\"WebPage\",\"@id\":\"https:\/\/skalisty.pl\/da\/det-er-vaerd-at-vaelge-os\/\",\"url\":\"https:\/\/skalisty.pl\/da\/det-er-vaerd-at-vaelge-os\/\",\"name\":\"Vores erfaring inden for dekorationsindustrien i storformat | sKalisty\",\"isPartOf\":{\"@id\":\"https:\/\/skalisty.pl\/da\/#website\"},\"datePublished\":\"2022-10-24T14:31:03+00:00\",\"dateModified\":\"2022-11-07T07:54:26+00:00\",\"description\":\"Hvad afg\u00f8r, at det er det bedste valg at arbejde med os? Hvordan vi samarbejder med kunden om at bygge kunstige klipper og dekorationer i stor skala.\",\"breadcrumb\":{\"@id\":\"https:\/\/skalisty.pl\/da\/det-er-vaerd-at-vaelge-os\/#breadcrumb\"},\"inLanguage\":\"da-DK\",\"potentialAction\":[{\"@type\":\"ReadAction\",\"target\":[\"https:\/\/skalisty.pl\/da\/det-er-vaerd-at-vaelge-os\/\"]}]},{\"@type\":\"BreadcrumbList\",\"@id\":\"https:\/\/skalisty.pl\/da\/det-er-vaerd-at-vaelge-os\/#breadcrumb\",\"itemListElement\":[{\"@type\":\"ListItem\",\"position\":1,\"name\":\"Hejmmeside\",\"item\":\"https:\/\/skalisty.pl\/da\/\"},{\"@type\":\"ListItem\",\"position\":2,\"name\":\"Hvad afg\u00f8r, at det er det bedste valg at arbejde med os?\"}]},{\"@type\":\"WebSite\",\"@id\":\"https:\/\/skalisty.pl\/da\/#website\",\"url\":\"https:\/\/skalisty.pl\/da\/\",\"name\":\"sKalisty - Kunstige Klipper\",\"description\":\"\",\"publisher\":{\"@id\":\"https:\/\/skalisty.pl\/da\/#organization\"},\"potentialAction\":[{\"@type\":\"SearchAction\",\"target\":{\"@type\":\"EntryPoint\",\"urlTemplate\":\"https:\/\/skalisty.pl\/da\/?s={search_term_string}\"},\"query-input\":{\"@type\":\"PropertyValueSpecification\",\"valueRequired\":true,\"valueName\":\"search_term_string\"}}],\"inLanguage\":\"da-DK\"},{\"@type\":\"Organization\",\"@id\":\"https:\/\/skalisty.pl\/da\/#organization\",\"name\":\"sKalisty - Kunstige Klipper\",\"url\":\"https:\/\/skalisty.pl\/da\/\",\"logo\":{\"@type\":\"ImageObject\",\"inLanguage\":\"da-DK\",\"@id\":\"https:\/\/skalisty.pl\/da\/#\/schema\/logo\/image\/\",\"url\":\"https:\/\/static.skalisty.pl\/uploads\/2020\/01\/skalisty-schema-logo-2020.png\",\"contentUrl\":\"https:\/\/static.skalisty.pl\/uploads\/2020\/01\/skalisty-schema-logo-2020.png\",\"width\":1090,\"height\":238,\"caption\":\"sKalisty - Kunstige Klipper\"},\"image\":{\"@id\":\"https:\/\/skalisty.pl\/da\/#\/schema\/logo\/image\/\"},\"sameAs\":[\"https:\/\/www.facebook.com\/skalistyPL\/\",\"https:\/\/x.com\/sztuczne_skaly\",\"https:\/\/www.youtube.com\/channel\/UCkvotuS2nyEefXsMM5zd3Mw\"]}]}<\/script>\n<!-- \/ Yoast SEO plugin. -->","yoast_head_json":{"title":"Vores erfaring inden for dekorationsindustrien i storformat | sKalisty","description":"Hvad afg\u00f8r, at det er det bedste valg at arbejde med os? Hvordan vi samarbejder med kunden om at bygge kunstige klipper og dekorationer i stor skala.","robots":{"index":"index","follow":"follow","max-snippet":"max-snippet:-1","max-image-preview":"max-image-preview:large","max-video-preview":"max-video-preview:-1"},"canonical":"https:\/\/skalisty.pl\/da\/det-er-vaerd-at-vaelge-os\/","og_locale":"da_DK","og_type":"article","og_title":"Vores erfaring inden for dekorationsindustrien i storformat | sKalisty","og_description":"Hvad afg\u00f8r, at det er det bedste valg at arbejde med os? Hvordan vi samarbejder med kunden om at bygge kunstige klipper og dekorationer i stor skala.","og_url":"https:\/\/skalisty.pl\/da\/det-er-vaerd-at-vaelge-os\/","og_site_name":"sKalisty - Kunstige Klipper","article_publisher":"https:\/\/www.facebook.com\/skalistyPL\/","article_modified_time":"2022-11-07T07:54:26+00:00","twitter_card":"summary_large_image","twitter_site":"@sztuczne_skaly","twitter_misc":{"Estimeret l\u00e6setid":"6 minutter"},"schema":{"@context":"https:\/\/schema.org","@graph":[{"@type":"WebPage","@id":"https:\/\/skalisty.pl\/da\/det-er-vaerd-at-vaelge-os\/","url":"https:\/\/skalisty.pl\/da\/det-er-vaerd-at-vaelge-os\/","name":"Vores erfaring inden for dekorationsindustrien i storformat | sKalisty","isPartOf":{"@id":"https:\/\/skalisty.pl\/da\/#website"},"datePublished":"2022-10-24T14:31:03+00:00","dateModified":"2022-11-07T07:54:26+00:00","description":"Hvad afg\u00f8r, at det er det bedste valg at arbejde med os? Hvordan vi samarbejder med kunden om at bygge kunstige klipper og dekorationer i stor skala.","breadcrumb":{"@id":"https:\/\/skalisty.pl\/da\/det-er-vaerd-at-vaelge-os\/#breadcrumb"},"inLanguage":"da-DK","potentialAction":[{"@type":"ReadAction","target":["https:\/\/skalisty.pl\/da\/det-er-vaerd-at-vaelge-os\/"]}]},{"@type":"BreadcrumbList","@id":"https:\/\/skalisty.pl\/da\/det-er-vaerd-at-vaelge-os\/#breadcrumb","itemListElement":[{"@type":"ListItem","position":1,"name":"Hejmmeside","item":"https:\/\/skalisty.pl\/da\/"},{"@type":"ListItem","position":2,"name":"Hvad afg\u00f8r, at det er det bedste valg at arbejde med os?"}]},{"@type":"WebSite","@id":"https:\/\/skalisty.pl\/da\/#website","url":"https:\/\/skalisty.pl\/da\/","name":"sKalisty - Kunstige Klipper","description":"","publisher":{"@id":"https:\/\/skalisty.pl\/da\/#organization"},"potentialAction":[{"@type":"SearchAction","target":{"@type":"EntryPoint","urlTemplate":"https:\/\/skalisty.pl\/da\/?s={search_term_string}"},"query-input":{"@type":"PropertyValueSpecification","valueRequired":true,"valueName":"search_term_string"}}],"inLanguage":"da-DK"},{"@type":"Organization","@id":"https:\/\/skalisty.pl\/da\/#organization","name":"sKalisty - Kunstige Klipper","url":"https:\/\/skalisty.pl\/da\/","logo":{"@type":"ImageObject","inLanguage":"da-DK","@id":"https:\/\/skalisty.pl\/da\/#\/schema\/logo\/image\/","url":"https:\/\/static.skalisty.pl\/uploads\/2020\/01\/skalisty-schema-logo-2020.png","contentUrl":"https:\/\/static.skalisty.pl\/uploads\/2020\/01\/skalisty-schema-logo-2020.png","width":1090,"height":238,"caption":"sKalisty - Kunstige Klipper"},"image":{"@id":"https:\/\/skalisty.pl\/da\/#\/schema\/logo\/image\/"},"sameAs":["https:\/\/www.facebook.com\/skalistyPL\/","https:\/\/x.com\/sztuczne_skaly","https:\/\/www.youtube.com\/channel\/UCkvotuS2nyEefXsMM5zd3Mw"]}]}},"_links":{"self":[{"href":"https:\/\/skalisty.pl\/da\/wp-json\/wp\/v2\/pages\/9820","targetHints":{"allow":["GET"]}}],"collection":[{"href":"https:\/\/skalisty.pl\/da\/wp-json\/wp\/v2\/pages"}],"about":[{"href":"https:\/\/skalisty.pl\/da\/wp-json\/wp\/v2\/types\/page"}],"author":[{"embeddable":true,"href":"https:\/\/skalisty.pl\/da\/wp-json\/wp\/v2\/users\/1"}],"replies":[{"embeddable":true,"href":"https:\/\/skalisty.pl\/da\/wp-json\/wp\/v2\/comments?post=9820"}],"version-history":[{"count":4,"href":"https:\/\/skalisty.pl\/da\/wp-json\/wp\/v2\/pages\/9820\/revisions"}],"predecessor-version":[{"id":9827,"href":"https:\/\/skalisty.pl\/da\/wp-json\/wp\/v2\/pages\/9820\/revisions\/9827"}],"wp:attachment":[{"href":"https:\/\/skalisty.pl\/da\/wp-json\/wp\/v2\/media?parent=9820"}],"curies":[{"name":"wp","href":"https:\/\/api.w.org\/{rel}","templated":true}]}}