{"id":8650,"date":"2022-10-18T19:22:37","date_gmt":"2022-10-18T17:22:37","guid":{"rendered":"https:\/\/skalisty.pl\/tilbud\/for-investoren\/"},"modified":"2022-12-14T13:07:50","modified_gmt":"2022-12-14T12:07:50","slug":"for-investoren","status":"publish","type":"page","link":"https:\/\/skalisty.pl\/da\/tilbud\/for-investoren\/","title":{"rendered":"For Investoren"},"content":{"rendered":"<p>[vc_row rt_row_background_width=&#8221;fullwidth&#8221; rt_row_content_width=&#8221;default&#8221; rt_row_style=&#8221;default-style&#8221; rt_row_borders=&#8221;&#8221; rt_row_paddings=&#8221;true&#8221; rt_bg_image=&#8221;4765&#8243; rt_bg_effect=&#8221;classic&#8221; rt_bg_image_repeat=&#8221;no-repeat&#8221; rt_bg_size=&#8221;100% auto&#8221; rt_bg_position=&#8221;center center&#8221; rt_bg_attachment=&#8221;scroll&#8221; rt_bg_video_format=&#8221;self-hosted&#8221; rt_padding_left=&#8221;0&#8243; rt_padding_right=&#8221;0&#8243; rt_padding_bottom=&#8221;0&#8243;][vc_column rt_wrp_col_paddings=&#8221;false&#8221; rt_border_top=&#8221;&#8221; rt_border_bottom=&#8221;&#8221; rt_border_left=&#8221;&#8221; rt_border_right=&#8221;&#8221; rt_border_top_mobile=&#8221;&#8221; rt_border_bottom_mobile=&#8221;&#8221; rt_border_left_mobile=&#8221;&#8221; rt_border_right_mobile=&#8221;&#8221; rt_bg_image_repeat=&#8221;repeat&#8221; rt_bg_size=&#8221;auto auto&#8221; rt_bg_position=&#8221;right top&#8221; rt_bg_attachment=&#8221;scroll&#8221;][vc_row_inner rt_row_style=&#8221;global-style&#8221; rt_column_placement=&#8221;middle&#8221; rt_row_borders=&#8221;&#8221; rt_row_paddings=&#8221;true&#8221; rt_bg_effect=&#8221;parallax&#8221; rt_bg_parallax_effect=&#8221;3&#8243; rt_pspeed=&#8221;2&#8243; rt_bg_image_repeat=&#8221;repeat&#8221; rt_bg_size=&#8221;cover&#8221; rt_bg_position=&#8221;right top&#8221; rt_bg_video_format=&#8221;self-hosted&#8221;][vc_column_inner width=&#8221;2\/3&#8243; rt_wrp_col_paddings=&#8221;false&#8221; rt_border_top=&#8221;&#8221; rt_border_bottom=&#8221;&#8221; rt_border_left=&#8221;&#8221; rt_border_right=&#8221;&#8221; rt_border_top_mobile=&#8221;&#8221; rt_border_bottom_mobile=&#8221;&#8221; rt_border_left_mobile=&#8221;&#8221; rt_border_right_mobile=&#8221;&#8221; rt_bg_image_repeat=&#8221;no-repeat&#8221; rt_bg_size=&#8221;100% auto&#8221; rt_bg_position=&#8221;center center&#8221; rt_bg_attachment=&#8221;scroll&#8221;]<div class=\"rt_heading_wrapper style-5\">\n\t\t\t\t\t\t<h2 class=\"rt_heading  style-5\" >TILSYN MED PROJEKTETS GENNEMF\u00d8RELSE<\/h2>\n\t\t\t\t\t<\/div>[vc_column_text]<\/p>\n<span class=\"highlight style-1\">Selv det bedst forberedte projekt er kun en skitse af den planlagte investering.<\/span> Gennemf\u00f8relsesmetoden er den vigtigste proces, og det er den, der i det store og hele vil afg\u00f8re, om den endelige visuelle integritet bliver en succes eller ej. I byggefasen er det vigtigt ikke kun at fokusere p\u00e5 det overordnede billede, men ogs\u00e5 at v\u00e6re s\u00e6rlig opm\u00e6rksom p\u00e5 de utallige sm\u00e5 detaljer, der giver sj\u00e6l og karakter til det f\u00e6rdige byggeri. Kun med denne fremgangsm\u00e5de kan vi garantere, at resultatet er en trofast gengivelse af et milj\u00f8, der overbeviser og tiltr\u00e6kker dig med sine detaljer.<\/p>\n<p>[\/vc_column_text][vc_empty_space]<article  class=\"icon-content-box content-box icon-left icon-style-2\"><div class=\"icon-holder\"><span class=\"icon-right-open\"><\/span><\/div><div class=\"text-holder\"><h5 class=\"heading\">Tilsyn med projektets gennemf\u00f8relse.<\/h5> <p>Uanset om der er tale om kunstige klipper, kopier af tr\u00e6er og andre planter, dyremodeller eller arkitektoniske rekonstruktioner, der viser forskellige epoker eller kulturer, handler det altid om n\u00f8jagtighed og opm\u00e6rksomhed p\u00e5 den mindste detalje og om at sikre det mest naturlige udseende muligt. Vi tilbyder projektoverv\u00e5gning for at sikre, at den \u00f8nskede effekt, integritet og kvalitet i udf\u00f8relsen opn\u00e5s.<\/p>\n<\/div><\/article><article  class=\"icon-content-box content-box icon-left icon-style-2\"><div class=\"icon-holder\"><span class=\"icon-right-open\"><\/span><\/div><div class=\"text-holder\"><h5 class=\"heading\">Tilsyn med udf\u00f8relse, materialer og personale i alle faser af byggeriet.<\/h5> <p>Vi sikrer, at byggefasen gennemf\u00f8res inden for design- og materialespecifikationerne. Vores tilsyn omfatter ogs\u00e5 udv\u00e6lgelsen af kunstnere, scenografer og underleverand\u00f8rer, der er involveret i opf\u00f8relsen af dekorationerne.<\/p>\n<\/div><\/article><article  class=\"icon-content-box content-box icon-left icon-style-2\"><div class=\"icon-holder\"><span class=\"icon-right-open\"><\/span><\/div><div class=\"text-holder\"><h5 class=\"heading\">Industriel r\u00e5dgivning og designst\u00f8tte.<\/h5> <p>Vi yder materiel og teknologisk r\u00e5dgivning, leverer fotodokumentation og referencemateriale, bygger 3D-modeller, skaber designs og mock-ups. Det vigtigste er, at vi tilbyder tilsyn p\u00e5 stedet og kunstnerisk projektledelse.<\/p>\n<\/div><\/article>[vc_empty_space][\/vc_column_inner][vc_column_inner width=&#8221;1\/3&#8243; rt_wrp_col_paddings=&#8221;false&#8221; rt_border_top=&#8221;&#8221; rt_border_bottom=&#8221;&#8221; rt_border_left=&#8221;&#8221; rt_border_right=&#8221;&#8221; rt_border_top_mobile=&#8221;&#8221; rt_border_bottom_mobile=&#8221;&#8221; rt_border_left_mobile=&#8221;&#8221; rt_border_right_mobile=&#8221;&#8221; rt_bg_image_repeat=&#8221;repeat&#8221; rt_bg_size=&#8221;auto auto&#8221; rt_bg_position=&#8221;right top&#8221; rt_bg_attachment=&#8221;scroll&#8221;][vc_single_image image=&#8221;7991&#8243; img_size=&#8221;full&#8221; alignment=&#8221;center&#8221; style=&#8221;vc_box_shadow_3d&#8221;][vc_single_image image=&#8221;7992&#8243; img_size=&#8221;full&#8221; alignment=&#8221;center&#8221; style=&#8221;vc_box_shadow_3d&#8221;][\/vc_column_inner][\/vc_row_inner][vc_row_inner rt_row_style=&#8221;global-style&#8221; rt_row_borders=&#8221;&#8221; rt_row_paddings=&#8221;true&#8221; rt_bg_effect=&#8221;classic&#8221; rt_bg_image_repeat=&#8221;repeat&#8221; rt_bg_size=&#8221;cover&#8221; rt_bg_position=&#8221;right top&#8221; rt_bg_attachment=&#8221;scroll&#8221; rt_bg_video_format=&#8221;self-hosted&#8221; rt_padding_top=&#8221;18&#8243;][vc_column_inner width=&#8221;1\/3&#8243; rt_wrp_col_paddings=&#8221;false&#8221; rt_border_top=&#8221;&#8221; rt_border_bottom=&#8221;&#8221; rt_border_left=&#8221;&#8221; rt_border_right=&#8221;&#8221; rt_border_top_mobile=&#8221;&#8221; rt_border_bottom_mobile=&#8221;&#8221; rt_border_left_mobile=&#8221;&#8221; rt_border_right_mobile=&#8221;&#8221; rt_bg_image_repeat=&#8221;repeat&#8221; rt_bg_size=&#8221;auto auto&#8221; rt_bg_position=&#8221;right top&#8221; rt_bg_attachment=&#8221;scroll&#8221;][vc_single_image image=&#8221;7993&#8243; img_size=&#8221;full&#8221; alignment=&#8221;center&#8221; style=&#8221;vc_box_shadow_3d&#8221;][\/vc_column_inner][vc_column_inner width=&#8221;1\/3&#8243; rt_wrp_col_paddings=&#8221;false&#8221; rt_border_top=&#8221;&#8221; rt_border_bottom=&#8221;&#8221; rt_border_left=&#8221;&#8221; rt_border_right=&#8221;&#8221; rt_border_top_mobile=&#8221;&#8221; rt_border_bottom_mobile=&#8221;&#8221; rt_border_left_mobile=&#8221;&#8221; rt_border_right_mobile=&#8221;&#8221; rt_bg_image_repeat=&#8221;repeat&#8221; rt_bg_size=&#8221;auto auto&#8221; rt_bg_position=&#8221;right top&#8221; rt_bg_attachment=&#8221;scroll&#8221;][vc_single_image image=&#8221;7994&#8243; img_size=&#8221;full&#8221; alignment=&#8221;center&#8221; style=&#8221;vc_box_shadow_3d&#8221;][\/vc_column_inner][vc_column_inner width=&#8221;1\/3&#8243; rt_wrp_col_paddings=&#8221;false&#8221; rt_border_top=&#8221;&#8221; rt_border_bottom=&#8221;&#8221; rt_border_left=&#8221;&#8221; rt_border_right=&#8221;&#8221; rt_border_top_mobile=&#8221;&#8221; rt_border_bottom_mobile=&#8221;&#8221; rt_border_left_mobile=&#8221;&#8221; rt_border_right_mobile=&#8221;&#8221; rt_bg_image_repeat=&#8221;repeat&#8221; rt_bg_size=&#8221;auto auto&#8221; rt_bg_position=&#8221;right top&#8221; rt_bg_attachment=&#8221;scroll&#8221;][vc_single_image image=&#8221;7995&#8243; img_size=&#8221;full&#8221; alignment=&#8221;center&#8221; style=&#8221;vc_box_shadow_3d&#8221;][\/vc_column_inner][\/vc_row_inner][vc_empty_space height=&#8221;50px&#8221;][\/vc_column][\/vc_row]<\/p>\n","protected":false},"excerpt":{"rendered":"<p>[vc_row rt_row_background_width=&#8221;fullwidth&#8221; rt_row_content_width=&#8221;default&#8221; rt_row_style=&#8221;default-style&#8221; rt_row_borders=&#8221;&#8221; rt_row_paddings=&#8221;true&#8221; rt_bg_image=&#8221;4765&#8243; rt_bg_effect=&#8221;classic&#8221; rt_bg_image_repeat=&#8221;no-repeat&#8221; rt_bg_size=&#8221;100% auto&#8221; rt_bg_position=&#8221;center center&#8221; rt_bg_attachment=&#8221;scroll&#8221; rt_bg_video_format=&#8221;self-hosted&#8221; rt_padding_left=&#8221;0&#8243; rt_padding_right=&#8221;0&#8243; rt_padding_bottom=&#8221;0&#8243;][vc_column rt_wrp_col_paddings=&#8221;false&#8221; rt_border_top=&#8221;&#8221; rt_border_bottom=&#8221;&#8221; rt_border_left=&#8221;&#8221; rt_border_right=&#8221;&#8221; rt_border_top_mobile=&#8221;&#8221; rt_border_bottom_mobile=&#8221;&#8221; rt_border_left_mobile=&#8221;&#8221; rt_border_right_mobile=&#8221;&#8221; rt_bg_image_repeat=&#8221;repeat&#8221; rt_bg_size=&#8221;auto auto&#8221; rt_bg_position=&#8221;right top&#8221; rt_bg_attachment=&#8221;scroll&#8221;][vc_row_inner rt_row_style=&#8221;global-style&#8221; rt_column_placement=&#8221;middle&#8221; rt_row_borders=&#8221;&#8221; rt_row_paddings=&#8221;true&#8221; rt_bg_effect=&#8221;parallax&#8221; rt_bg_parallax_effect=&#8221;3&#8243; rt_pspeed=&#8221;2&#8243; rt_bg_image_repeat=&#8221;repeat&#8221; rt_bg_size=&#8221;cover&#8221; rt_bg_position=&#8221;right top&#8221; rt_bg_video_format=&#8221;self-hosted&#8221;][vc_column_inner width=&#8221;2\/3&#8243; rt_wrp_col_paddings=&#8221;false&#8221; rt_border_top=&#8221;&#8221; rt_border_bottom=&#8221;&#8221; rt_border_left=&#8221;&#8221; rt_border_right=&#8221;&#8221; rt_border_top_mobile=&#8221;&#8221; rt_border_bottom_mobile=&#8221;&#8221; rt_border_left_mobile=&#8221;&#8221; rt_border_right_mobile=&#8221;&#8221; [&hellip;]<\/p>\n","protected":false},"author":1,"featured_media":19586,"parent":8595,"menu_order":0,"comment_status":"closed","ping_status":"closed","template":"","meta":{"_exactmetrics_skip_tracking":false,"_exactmetrics_sitenote_active":false,"_exactmetrics_sitenote_note":"","_exactmetrics_sitenote_category":0,"footnotes":""},"class_list":["post-8650","page","type-page","status-publish","has-post-thumbnail","hentry"],"yoast_head":"<!-- This site is optimized with the Yoast SEO plugin v27.1.1 - https:\/\/yoast.com\/product\/yoast-seo-wordpress\/ -->\n<title>Projektledelse og konceptuel overv\u00e5gning | sKalisty<\/title>\n<meta name=\"description\" content=\"Vi f\u00f8rer tilsyn med projektet for at sikre, at den tilsigtede effekt, integriteten og kvaliteten af udf\u00f8relsen opn\u00e5s fra et kunstnerisk perspektiv.\" \/>\n<meta name=\"robots\" content=\"index, follow, max-snippet:-1, max-image-preview:large, max-video-preview:-1\" \/>\n<link rel=\"canonical\" href=\"https:\/\/skalisty.pl\/da\/tilbud\/for-investoren\/\" \/>\n<meta property=\"og:locale\" content=\"da_DK\" \/>\n<meta property=\"og:type\" content=\"article\" \/>\n<meta property=\"og:title\" content=\"Projektledelse og konceptuel overv\u00e5gning | sKalisty\" \/>\n<meta property=\"og:description\" content=\"Vi f\u00f8rer tilsyn med projektet for at sikre, at den tilsigtede effekt, integriteten og kvaliteten af udf\u00f8relsen opn\u00e5s fra et kunstnerisk perspektiv.\" \/>\n<meta property=\"og:url\" content=\"https:\/\/skalisty.pl\/da\/tilbud\/for-investoren\/\" \/>\n<meta property=\"og:site_name\" content=\"sKalisty - Kunstige Klipper\" \/>\n<meta property=\"article:publisher\" content=\"https:\/\/www.facebook.com\/skalistyPL\/\" \/>\n<meta property=\"article:modified_time\" content=\"2022-12-14T12:07:50+00:00\" \/>\n<meta property=\"og:image\" content=\"https:\/\/static.skalisty.pl\/uploads\/2022\/12\/dla-inwestorow-oferta.jpg\" \/>\n\t<meta property=\"og:image:width\" content=\"400\" \/>\n\t<meta property=\"og:image:height\" content=\"800\" \/>\n\t<meta property=\"og:image:type\" content=\"image\/jpeg\" \/>\n<meta name=\"twitter:card\" content=\"summary_large_image\" \/>\n<meta name=\"twitter:site\" content=\"@sztuczne_skaly\" \/>\n<meta name=\"twitter:label1\" content=\"Estimeret l\u00e6setid\" \/>\n\t<meta name=\"twitter:data1\" content=\"3 minutter\" \/>\n<script type=\"application\/ld+json\" class=\"yoast-schema-graph\">{\"@context\":\"https:\/\/schema.org\",\"@graph\":[{\"@type\":\"WebPage\",\"@id\":\"https:\/\/skalisty.pl\/da\/tilbud\/for-investoren\/\",\"url\":\"https:\/\/skalisty.pl\/da\/tilbud\/for-investoren\/\",\"name\":\"Projektledelse og konceptuel overv\u00e5gning | sKalisty\",\"isPartOf\":{\"@id\":\"https:\/\/skalisty.pl\/da\/#website\"},\"primaryImageOfPage\":{\"@id\":\"https:\/\/skalisty.pl\/da\/tilbud\/for-investoren\/#primaryimage\"},\"image\":{\"@id\":\"https:\/\/skalisty.pl\/da\/tilbud\/for-investoren\/#primaryimage\"},\"thumbnailUrl\":\"https:\/\/static.skalisty.pl\/uploads\/2022\/12\/dla-inwestorow-oferta.jpg\",\"datePublished\":\"2022-10-18T17:22:37+00:00\",\"dateModified\":\"2022-12-14T12:07:50+00:00\",\"description\":\"Vi f\u00f8rer tilsyn med projektet for at sikre, at den tilsigtede effekt, integriteten og kvaliteten af udf\u00f8relsen opn\u00e5s fra et kunstnerisk perspektiv.\",\"breadcrumb\":{\"@id\":\"https:\/\/skalisty.pl\/da\/tilbud\/for-investoren\/#breadcrumb\"},\"inLanguage\":\"da-DK\",\"potentialAction\":[{\"@type\":\"ReadAction\",\"target\":[\"https:\/\/skalisty.pl\/da\/tilbud\/for-investoren\/\"]}]},{\"@type\":\"ImageObject\",\"inLanguage\":\"da-DK\",\"@id\":\"https:\/\/skalisty.pl\/da\/tilbud\/for-investoren\/#primaryimage\",\"url\":\"https:\/\/static.skalisty.pl\/uploads\/2022\/12\/dla-inwestorow-oferta.jpg\",\"contentUrl\":\"https:\/\/static.skalisty.pl\/uploads\/2022\/12\/dla-inwestorow-oferta.jpg\",\"width\":400,\"height\":800},{\"@type\":\"BreadcrumbList\",\"@id\":\"https:\/\/skalisty.pl\/da\/tilbud\/for-investoren\/#breadcrumb\",\"itemListElement\":[{\"@type\":\"ListItem\",\"position\":1,\"name\":\"Hejmmeside\",\"item\":\"https:\/\/skalisty.pl\/da\/\"},{\"@type\":\"ListItem\",\"position\":2,\"name\":\"Tilbud\",\"item\":\"https:\/\/skalisty.pl\/da\/tilbud\/\"},{\"@type\":\"ListItem\",\"position\":3,\"name\":\"For Investoren\"}]},{\"@type\":\"WebSite\",\"@id\":\"https:\/\/skalisty.pl\/da\/#website\",\"url\":\"https:\/\/skalisty.pl\/da\/\",\"name\":\"sKalisty - Kunstige Klipper\",\"description\":\"\",\"publisher\":{\"@id\":\"https:\/\/skalisty.pl\/da\/#organization\"},\"potentialAction\":[{\"@type\":\"SearchAction\",\"target\":{\"@type\":\"EntryPoint\",\"urlTemplate\":\"https:\/\/skalisty.pl\/da\/?s={search_term_string}\"},\"query-input\":{\"@type\":\"PropertyValueSpecification\",\"valueRequired\":true,\"valueName\":\"search_term_string\"}}],\"inLanguage\":\"da-DK\"},{\"@type\":\"Organization\",\"@id\":\"https:\/\/skalisty.pl\/da\/#organization\",\"name\":\"sKalisty - Kunstige Klipper\",\"url\":\"https:\/\/skalisty.pl\/da\/\",\"logo\":{\"@type\":\"ImageObject\",\"inLanguage\":\"da-DK\",\"@id\":\"https:\/\/skalisty.pl\/da\/#\/schema\/logo\/image\/\",\"url\":\"https:\/\/static.skalisty.pl\/uploads\/2020\/01\/skalisty-schema-logo-2020.png\",\"contentUrl\":\"https:\/\/static.skalisty.pl\/uploads\/2020\/01\/skalisty-schema-logo-2020.png\",\"width\":1090,\"height\":238,\"caption\":\"sKalisty - Kunstige Klipper\"},\"image\":{\"@id\":\"https:\/\/skalisty.pl\/da\/#\/schema\/logo\/image\/\"},\"sameAs\":[\"https:\/\/www.facebook.com\/skalistyPL\/\",\"https:\/\/x.com\/sztuczne_skaly\",\"https:\/\/www.youtube.com\/channel\/UCkvotuS2nyEefXsMM5zd3Mw\"]}]}<\/script>\n<!-- \/ Yoast SEO plugin. -->","yoast_head_json":{"title":"Projektledelse og konceptuel overv\u00e5gning | sKalisty","description":"Vi f\u00f8rer tilsyn med projektet for at sikre, at den tilsigtede effekt, integriteten og kvaliteten af udf\u00f8relsen opn\u00e5s fra et kunstnerisk perspektiv.","robots":{"index":"index","follow":"follow","max-snippet":"max-snippet:-1","max-image-preview":"max-image-preview:large","max-video-preview":"max-video-preview:-1"},"canonical":"https:\/\/skalisty.pl\/da\/tilbud\/for-investoren\/","og_locale":"da_DK","og_type":"article","og_title":"Projektledelse og konceptuel overv\u00e5gning | sKalisty","og_description":"Vi f\u00f8rer tilsyn med projektet for at sikre, at den tilsigtede effekt, integriteten og kvaliteten af udf\u00f8relsen opn\u00e5s fra et kunstnerisk perspektiv.","og_url":"https:\/\/skalisty.pl\/da\/tilbud\/for-investoren\/","og_site_name":"sKalisty - Kunstige Klipper","article_publisher":"https:\/\/www.facebook.com\/skalistyPL\/","article_modified_time":"2022-12-14T12:07:50+00:00","og_image":[{"width":400,"height":800,"url":"https:\/\/static.skalisty.pl\/uploads\/2022\/12\/dla-inwestorow-oferta.jpg","type":"image\/jpeg"}],"twitter_card":"summary_large_image","twitter_site":"@sztuczne_skaly","twitter_misc":{"Estimeret l\u00e6setid":"3 minutter"},"schema":{"@context":"https:\/\/schema.org","@graph":[{"@type":"WebPage","@id":"https:\/\/skalisty.pl\/da\/tilbud\/for-investoren\/","url":"https:\/\/skalisty.pl\/da\/tilbud\/for-investoren\/","name":"Projektledelse og konceptuel overv\u00e5gning | sKalisty","isPartOf":{"@id":"https:\/\/skalisty.pl\/da\/#website"},"primaryImageOfPage":{"@id":"https:\/\/skalisty.pl\/da\/tilbud\/for-investoren\/#primaryimage"},"image":{"@id":"https:\/\/skalisty.pl\/da\/tilbud\/for-investoren\/#primaryimage"},"thumbnailUrl":"https:\/\/static.skalisty.pl\/uploads\/2022\/12\/dla-inwestorow-oferta.jpg","datePublished":"2022-10-18T17:22:37+00:00","dateModified":"2022-12-14T12:07:50+00:00","description":"Vi f\u00f8rer tilsyn med projektet for at sikre, at den tilsigtede effekt, integriteten og kvaliteten af udf\u00f8relsen opn\u00e5s fra et kunstnerisk perspektiv.","breadcrumb":{"@id":"https:\/\/skalisty.pl\/da\/tilbud\/for-investoren\/#breadcrumb"},"inLanguage":"da-DK","potentialAction":[{"@type":"ReadAction","target":["https:\/\/skalisty.pl\/da\/tilbud\/for-investoren\/"]}]},{"@type":"ImageObject","inLanguage":"da-DK","@id":"https:\/\/skalisty.pl\/da\/tilbud\/for-investoren\/#primaryimage","url":"https:\/\/static.skalisty.pl\/uploads\/2022\/12\/dla-inwestorow-oferta.jpg","contentUrl":"https:\/\/static.skalisty.pl\/uploads\/2022\/12\/dla-inwestorow-oferta.jpg","width":400,"height":800},{"@type":"BreadcrumbList","@id":"https:\/\/skalisty.pl\/da\/tilbud\/for-investoren\/#breadcrumb","itemListElement":[{"@type":"ListItem","position":1,"name":"Hejmmeside","item":"https:\/\/skalisty.pl\/da\/"},{"@type":"ListItem","position":2,"name":"Tilbud","item":"https:\/\/skalisty.pl\/da\/tilbud\/"},{"@type":"ListItem","position":3,"name":"For Investoren"}]},{"@type":"WebSite","@id":"https:\/\/skalisty.pl\/da\/#website","url":"https:\/\/skalisty.pl\/da\/","name":"sKalisty - Kunstige Klipper","description":"","publisher":{"@id":"https:\/\/skalisty.pl\/da\/#organization"},"potentialAction":[{"@type":"SearchAction","target":{"@type":"EntryPoint","urlTemplate":"https:\/\/skalisty.pl\/da\/?s={search_term_string}"},"query-input":{"@type":"PropertyValueSpecification","valueRequired":true,"valueName":"search_term_string"}}],"inLanguage":"da-DK"},{"@type":"Organization","@id":"https:\/\/skalisty.pl\/da\/#organization","name":"sKalisty - Kunstige Klipper","url":"https:\/\/skalisty.pl\/da\/","logo":{"@type":"ImageObject","inLanguage":"da-DK","@id":"https:\/\/skalisty.pl\/da\/#\/schema\/logo\/image\/","url":"https:\/\/static.skalisty.pl\/uploads\/2020\/01\/skalisty-schema-logo-2020.png","contentUrl":"https:\/\/static.skalisty.pl\/uploads\/2020\/01\/skalisty-schema-logo-2020.png","width":1090,"height":238,"caption":"sKalisty - Kunstige Klipper"},"image":{"@id":"https:\/\/skalisty.pl\/da\/#\/schema\/logo\/image\/"},"sameAs":["https:\/\/www.facebook.com\/skalistyPL\/","https:\/\/x.com\/sztuczne_skaly","https:\/\/www.youtube.com\/channel\/UCkvotuS2nyEefXsMM5zd3Mw"]}]}},"_links":{"self":[{"href":"https:\/\/skalisty.pl\/da\/wp-json\/wp\/v2\/pages\/8650","targetHints":{"allow":["GET"]}}],"collection":[{"href":"https:\/\/skalisty.pl\/da\/wp-json\/wp\/v2\/pages"}],"about":[{"href":"https:\/\/skalisty.pl\/da\/wp-json\/wp\/v2\/types\/page"}],"author":[{"embeddable":true,"href":"https:\/\/skalisty.pl\/da\/wp-json\/wp\/v2\/users\/1"}],"replies":[{"embeddable":true,"href":"https:\/\/skalisty.pl\/da\/wp-json\/wp\/v2\/comments?post=8650"}],"version-history":[{"count":5,"href":"https:\/\/skalisty.pl\/da\/wp-json\/wp\/v2\/pages\/8650\/revisions"}],"predecessor-version":[{"id":8716,"href":"https:\/\/skalisty.pl\/da\/wp-json\/wp\/v2\/pages\/8650\/revisions\/8716"}],"up":[{"embeddable":true,"href":"https:\/\/skalisty.pl\/da\/wp-json\/wp\/v2\/pages\/8595"}],"wp:featuredmedia":[{"embeddable":true,"href":"https:\/\/skalisty.pl\/da\/wp-json\/wp\/v2\/media\/19586"}],"wp:attachment":[{"href":"https:\/\/skalisty.pl\/da\/wp-json\/wp\/v2\/media?parent=8650"}],"curies":[{"name":"wp","href":"https:\/\/api.w.org\/{rel}","templated":true}]}}