{"id":8586,"date":"2022-10-16T10:36:09","date_gmt":"2022-10-16T08:36:09","guid":{"rendered":"https:\/\/skalisty.pl\/kontakt\/"},"modified":"2022-12-09T09:04:52","modified_gmt":"2022-12-09T08:04:52","slug":"kontakt","status":"publish","type":"page","link":"https:\/\/skalisty.pl\/da\/kontakt\/","title":{"rendered":"Kontakt"},"content":{"rendered":"<p>[vc_row rt_row_background_width=&#8221;fullwidth&#8221; rt_row_content_width=&#8221;fullwidth&#8221; rt_row_style=&#8221;alt-style-1&#8243; rt_row_borders=&#8221;top&#8221; rt_overlap=&#8221;true&#8221; rt_row_paddings=&#8221;false&#8221; rt_bg_effect=&#8221;classic&#8221; rt_bg_image_repeat=&#8221;repeat&#8221; rt_bg_size=&#8221;cover&#8221; rt_bg_position=&#8221;right top&#8221; rt_bg_attachment=&#8221;scroll&#8221; rt_bg_video_format=&#8221;self-hosted&#8221;][vc_column rt_wrp_col_paddings=&#8221;false&#8221; rt_border_top=&#8221;&#8221; rt_border_bottom=&#8221;&#8221; rt_border_left=&#8221;true&#8221; rt_border_right=&#8221;true&#8221; rt_border_top_mobile=&#8221;&#8221; rt_border_bottom_mobile=&#8221;&#8221; rt_border_left_mobile=&#8221;&#8221; rt_border_right_mobile=&#8221;&#8221; rt_bg_image_repeat=&#8221;repeat&#8221; rt_bg_size=&#8221;auto auto&#8221; rt_bg_position=&#8221;right top&#8221; rt_bg_attachment=&#8221;scroll&#8221;]<div class=\"google_map_holder\" data-height=\"300\" data-scope=\"#map-221152\" data-bw=\"\"><div id=\"map-221152\" data-locations=\"WyJTa2FsaXN0eSAtIGt1bnN0aWdlIGtsaXBwZXIiLCA1MS4xMTc3NTEyNCwgMTYuOTEzMzUyOTEsIDQsIiJd\" data-zoom=\"10\" class=\"rt-google-maps google_map\"><\/div><\/div>[\/vc_column][\/vc_row][vc_row rt_row_background_width=&#8221;default&#8221; rt_row_style=&#8221;default-style&#8221; rt_column_placement=&#8221;middle&#8221; rt_row_borders=&#8221;&#8221; rt_row_paddings=&#8221;true&#8221; rt_bg_effect=&#8221;classic&#8221; rt_bg_image_repeat=&#8221;repeat&#8221; rt_bg_size=&#8221;cover&#8221; rt_bg_position=&#8221;right top&#8221; rt_bg_attachment=&#8221;scroll&#8221; rt_bg_video_format=&#8221;self-hosted&#8221;][vc_column width=&#8221;1\/3&#8243; rt_wrp_col_paddings=&#8221;false&#8221; rt_border_top=&#8221;&#8221; rt_border_bottom=&#8221;&#8221; rt_border_left=&#8221;&#8221; rt_border_right=&#8221;&#8221; rt_border_top_mobile=&#8221;&#8221; rt_border_bottom_mobile=&#8221;&#8221; rt_border_left_mobile=&#8221;&#8221; rt_border_right_mobile=&#8221;&#8221; rt_bg_image_repeat=&#8221;repeat&#8221; rt_bg_size=&#8221;auto auto&#8221; rt_bg_position=&#8221;right top&#8221; rt_bg_attachment=&#8221;scroll&#8221;]<div class=\"rt_heading_wrapper style-2\">\n\t\t\t\t\t\t<a href=\"tel:+48504133554\" target=\"_self\" title=\"\"><h2 class=\"rt_heading  heading-font style-2\"  style=\"font-size:40px;\" data-maxfont-size=\"40\" data-minfont-size=\"9\"><span class=\"icon-phone heading_icon\"><\/span>(+48) 504-133-554<\/h2><\/a>\n\t\t\t\t\t<\/div><div class=\"rt_heading_wrapper style-1\">\n\t\t\t\t\t\t<h3 class=\"rt_heading  style-1\"  style=\"font-size:18px;\" data-maxfont-size=\"18\" data-minfont-size=\"9\"><span class=\"icon-chat-1 heading_icon\"><\/span>Vi taler engelsk<\/h3>\n\t\t\t\t\t<\/div>[vc_empty_space height=&#8221;10px&#8221;]\t \n\t\t<div  class=\"with_icons style-1 \">\n\t\t\t \n\t\t<div  >\n\t\t<span class=\"icon-home-1 icon\"><\/span><div class=\"list-content\"><p><b>sKalisty &#8211; sztuczne ska\u0142y<\/b><br \/>\nStrachowicka 48a<br \/>\nWroc\u0142aw, 54-512<br \/>\n<b>Polen<\/b><\/p>\n<\/div>\n\t\t<\/div>\n\t\n\t\t<\/div>\n\t\t \n\t\t<div  class=\"with_icons style-1 \">\n\t\t\t \n\t\t<div  >\n\t\t<span class=\"icon-mail icon\"><\/span><div class=\"list-content\"><p>biuro@skalisty.pl<\/p>\n<\/div>\n\t\t<\/div>\n\t\t \n\t\t<div  >\n\t\t<span class=\"icon-clock icon\"><\/span><div class=\"list-content\"><p><b>Man &#8211; fre kl. 9.00 &#8211; 16.00<\/b><br \/>\nL\u00f8r &#8211; s\u00f8n IKKE \u00c5BEN<\/p>\n<\/div>\n\t\t<\/div>\n\t\n\t\t<\/div>\n\t[\/vc_column][vc_column width=&#8221;2\/3&#8243; rt_wrp_col_paddings=&#8221;false&#8221; rt_border_top=&#8221;&#8221; rt_border_bottom=&#8221;&#8221; rt_border_left=&#8221;&#8221; rt_border_right=&#8221;&#8221; rt_border_top_mobile=&#8221;&#8221; rt_border_bottom_mobile=&#8221;&#8221; rt_border_left_mobile=&#8221;&#8221; rt_border_right_mobile=&#8221;&#8221; rt_bg_image_repeat=&#8221;repeat&#8221; rt_bg_size=&#8221;auto auto&#8221; rt_bg_position=&#8221;right top&#8221; rt_bg_attachment=&#8221;scroll&#8221; rt_padding_left=&#8221;0&#8243; rt_padding_right=&#8221;0&#8243;]\n\t\t<!-- contact form -->\n\t\t<div  class=\"contact_form  dynamic-class-480814\">\n\t\t<div class=\"clear\"><\/div><div class=\"result\"><\/div>\n\t\t\t<form action=\"#\" name=\"contact_form\" class=\"validate_form rt_form\" method=\"post\">\n\t\t\t\t<ul>\n\t\t\t\t\t<li class=\"form-input\"><label for=\"name\">Dit Navn: (*)<\/label><input placeholder=\"Dit Navn: (*)\" id=\"name\" type=\"text\" name=\"name\" value=\"\" class=\"required\" \/> <\/li>\n\t\t\t\t\t<li class=\"form-input\"><label for=\"email\">Din e-mail: (*)<\/label><input placeholder=\"Din e-mail: (*)\" id=\"email\" type=\"email\" name=\"email\" value=\"\" class=\"required email\" \/> <\/li>\n\t\t\t\t\t<li class=\"form-input\"><label for=\"message\">Indhold af Meddelelser: (*)<\/label><textarea placeholder=\"Indhold af Meddelelser: (*)\" id=\"message\" name=\"message\" rows=\"8\" cols=\"40\" class=\"required\"><\/textarea><\/li>\n\t\t\t\t\t\n\t\t\t\t\t\n\t\t\t\t\t<li class=\"submit-button\">\n\t\t\t\t\t<input type=\"hidden\" name=\"your_email_sig\" value=\"adaeaacee75a9c780b84d46973c8d424\">\n\t\t\t\t\t<input type=\"hidden\" name=\"_wpnonce\" value=\"e38443e2a7\">\n\t\t\t\t\t<input type=\"hidden\" name=\"your_email\" value=\"Yml1cm9Ac2thbGlzdHkucGw=\"><input type=\"hidden\" name=\"dynamic_class\" value=\"dynamic-class-480814\"><input type=\"hidden\" name=\"rt_form_data\" value=\"bm9zZWN1cml0eQ==\"><input type=\"button\" class=\"button submit\" value=\"Send Besked\"  \/><span class=\"loading\"><\/span>\n\t\t\t\t\t<\/li>\n\t\t\t\t<\/ul>\n\t\t\t<\/form>\n\t\t<\/div><div class=\"clear\"><\/div>\n\t\t<!-- \/contact form -->[\/vc_column][\/vc_row]<\/p>\n","protected":false},"excerpt":{"rendered":"<p>[vc_row rt_row_background_width=&#8221;fullwidth&#8221; rt_row_content_width=&#8221;fullwidth&#8221; rt_row_style=&#8221;alt-style-1&#8243; rt_row_borders=&#8221;top&#8221; rt_overlap=&#8221;true&#8221; rt_row_paddings=&#8221;false&#8221; rt_bg_effect=&#8221;classic&#8221; rt_bg_image_repeat=&#8221;repeat&#8221; rt_bg_size=&#8221;cover&#8221; rt_bg_position=&#8221;right top&#8221; rt_bg_attachment=&#8221;scroll&#8221; rt_bg_video_format=&#8221;self-hosted&#8221;][vc_column rt_wrp_col_paddings=&#8221;false&#8221; rt_border_top=&#8221;&#8221; rt_border_bottom=&#8221;&#8221; rt_border_left=&#8221;true&#8221; rt_border_right=&#8221;true&#8221; rt_border_top_mobile=&#8221;&#8221; rt_border_bottom_mobile=&#8221;&#8221; rt_border_left_mobile=&#8221;&#8221; rt_border_right_mobile=&#8221;&#8221; rt_bg_image_repeat=&#8221;repeat&#8221; rt_bg_size=&#8221;auto auto&#8221; rt_bg_position=&#8221;right top&#8221; rt_bg_attachment=&#8221;scroll&#8221;][\/vc_column][\/vc_row][vc_row rt_row_background_width=&#8221;default&#8221; rt_row_style=&#8221;default-style&#8221; rt_column_placement=&#8221;middle&#8221; rt_row_borders=&#8221;&#8221; rt_row_paddings=&#8221;true&#8221; rt_bg_effect=&#8221;classic&#8221; rt_bg_image_repeat=&#8221;repeat&#8221; rt_bg_size=&#8221;cover&#8221; rt_bg_position=&#8221;right top&#8221; rt_bg_attachment=&#8221;scroll&#8221; rt_bg_video_format=&#8221;self-hosted&#8221;][vc_column width=&#8221;1\/3&#8243; rt_wrp_col_paddings=&#8221;false&#8221; rt_border_top=&#8221;&#8221; rt_border_bottom=&#8221;&#8221; rt_border_left=&#8221;&#8221; rt_border_right=&#8221;&#8221; rt_border_top_mobile=&#8221;&#8221; rt_border_bottom_mobile=&#8221;&#8221; rt_border_left_mobile=&#8221;&#8221; rt_border_right_mobile=&#8221;&#8221; rt_bg_image_repeat=&#8221;repeat&#8221; rt_bg_size=&#8221;auto auto&#8221; rt_bg_position=&#8221;right [&hellip;]<\/p>\n","protected":false},"author":1,"featured_media":0,"parent":0,"menu_order":0,"comment_status":"closed","ping_status":"closed","template":"","meta":{"_exactmetrics_skip_tracking":false,"_exactmetrics_sitenote_active":false,"_exactmetrics_sitenote_note":"","_exactmetrics_sitenote_category":0,"footnotes":""},"class_list":["post-8586","page","type-page","status-publish","hentry"],"yoast_head":"<!-- This site is optimized with the Yoast SEO plugin v27.1.1 - https:\/\/yoast.com\/product\/yoast-seo-wordpress\/ -->\n<title>Kontakt | Producent af kunstige sten | sKalisty<\/title>\n<meta name=\"description\" content=\"Er du interesseret i vores tilbud om opf\u00f8relse af betondekorationer? Kontakt os via formularen eller send din foresp\u00f8rgsel pr. e-mail.\" \/>\n<meta name=\"robots\" content=\"index, follow, max-snippet:-1, max-image-preview:large, max-video-preview:-1\" \/>\n<link rel=\"canonical\" href=\"https:\/\/skalisty.pl\/da\/kontakt\/\" \/>\n<meta property=\"og:locale\" content=\"da_DK\" \/>\n<meta property=\"og:type\" content=\"article\" \/>\n<meta property=\"og:title\" content=\"Kontakt | Producent af kunstige sten | sKalisty\" \/>\n<meta property=\"og:description\" content=\"Er du interesseret i vores tilbud om opf\u00f8relse af betondekorationer? Kontakt os via formularen eller send din foresp\u00f8rgsel pr. e-mail.\" \/>\n<meta property=\"og:url\" content=\"https:\/\/skalisty.pl\/da\/kontakt\/\" \/>\n<meta property=\"og:site_name\" content=\"sKalisty - Kunstige Klipper\" \/>\n<meta property=\"article:publisher\" content=\"https:\/\/www.facebook.com\/skalistyPL\/\" \/>\n<meta property=\"article:modified_time\" content=\"2022-12-09T08:04:52+00:00\" \/>\n<meta name=\"twitter:card\" content=\"summary_large_image\" \/>\n<meta name=\"twitter:site\" content=\"@sztuczne_skaly\" \/>\n<meta name=\"twitter:label1\" content=\"Estimeret l\u00e6setid\" \/>\n\t<meta name=\"twitter:data1\" content=\"1 minut\" \/>\n<script type=\"application\/ld+json\" class=\"yoast-schema-graph\">{\"@context\":\"https:\/\/schema.org\",\"@graph\":[{\"@type\":\"WebPage\",\"@id\":\"https:\/\/skalisty.pl\/da\/kontakt\/\",\"url\":\"https:\/\/skalisty.pl\/da\/kontakt\/\",\"name\":\"Kontakt | Producent af kunstige sten | sKalisty\",\"isPartOf\":{\"@id\":\"https:\/\/skalisty.pl\/da\/#website\"},\"datePublished\":\"2022-10-16T08:36:09+00:00\",\"dateModified\":\"2022-12-09T08:04:52+00:00\",\"description\":\"Er du interesseret i vores tilbud om opf\u00f8relse af betondekorationer? Kontakt os via formularen eller send din foresp\u00f8rgsel pr. e-mail.\",\"breadcrumb\":{\"@id\":\"https:\/\/skalisty.pl\/da\/kontakt\/#breadcrumb\"},\"inLanguage\":\"da-DK\",\"potentialAction\":[{\"@type\":\"ReadAction\",\"target\":[\"https:\/\/skalisty.pl\/da\/kontakt\/\"]}]},{\"@type\":\"BreadcrumbList\",\"@id\":\"https:\/\/skalisty.pl\/da\/kontakt\/#breadcrumb\",\"itemListElement\":[{\"@type\":\"ListItem\",\"position\":1,\"name\":\"Hejmmeside\",\"item\":\"https:\/\/skalisty.pl\/da\/\"},{\"@type\":\"ListItem\",\"position\":2,\"name\":\"Kontakt\"}]},{\"@type\":\"WebSite\",\"@id\":\"https:\/\/skalisty.pl\/da\/#website\",\"url\":\"https:\/\/skalisty.pl\/da\/\",\"name\":\"sKalisty - Kunstige Klipper\",\"description\":\"\",\"publisher\":{\"@id\":\"https:\/\/skalisty.pl\/da\/#organization\"},\"potentialAction\":[{\"@type\":\"SearchAction\",\"target\":{\"@type\":\"EntryPoint\",\"urlTemplate\":\"https:\/\/skalisty.pl\/da\/?s={search_term_string}\"},\"query-input\":{\"@type\":\"PropertyValueSpecification\",\"valueRequired\":true,\"valueName\":\"search_term_string\"}}],\"inLanguage\":\"da-DK\"},{\"@type\":\"Organization\",\"@id\":\"https:\/\/skalisty.pl\/da\/#organization\",\"name\":\"sKalisty - Kunstige Klipper\",\"url\":\"https:\/\/skalisty.pl\/da\/\",\"logo\":{\"@type\":\"ImageObject\",\"inLanguage\":\"da-DK\",\"@id\":\"https:\/\/skalisty.pl\/da\/#\/schema\/logo\/image\/\",\"url\":\"https:\/\/static.skalisty.pl\/uploads\/2020\/01\/skalisty-schema-logo-2020.png\",\"contentUrl\":\"https:\/\/static.skalisty.pl\/uploads\/2020\/01\/skalisty-schema-logo-2020.png\",\"width\":1090,\"height\":238,\"caption\":\"sKalisty - Kunstige Klipper\"},\"image\":{\"@id\":\"https:\/\/skalisty.pl\/da\/#\/schema\/logo\/image\/\"},\"sameAs\":[\"https:\/\/www.facebook.com\/skalistyPL\/\",\"https:\/\/x.com\/sztuczne_skaly\",\"https:\/\/www.youtube.com\/channel\/UCkvotuS2nyEefXsMM5zd3Mw\"]}]}<\/script>\n<!-- \/ Yoast SEO plugin. -->","yoast_head_json":{"title":"Kontakt | Producent af kunstige sten | sKalisty","description":"Er du interesseret i vores tilbud om opf\u00f8relse af betondekorationer? Kontakt os via formularen eller send din foresp\u00f8rgsel pr. e-mail.","robots":{"index":"index","follow":"follow","max-snippet":"max-snippet:-1","max-image-preview":"max-image-preview:large","max-video-preview":"max-video-preview:-1"},"canonical":"https:\/\/skalisty.pl\/da\/kontakt\/","og_locale":"da_DK","og_type":"article","og_title":"Kontakt | Producent af kunstige sten | sKalisty","og_description":"Er du interesseret i vores tilbud om opf\u00f8relse af betondekorationer? Kontakt os via formularen eller send din foresp\u00f8rgsel pr. e-mail.","og_url":"https:\/\/skalisty.pl\/da\/kontakt\/","og_site_name":"sKalisty - Kunstige Klipper","article_publisher":"https:\/\/www.facebook.com\/skalistyPL\/","article_modified_time":"2022-12-09T08:04:52+00:00","twitter_card":"summary_large_image","twitter_site":"@sztuczne_skaly","twitter_misc":{"Estimeret l\u00e6setid":"1 minut"},"schema":{"@context":"https:\/\/schema.org","@graph":[{"@type":"WebPage","@id":"https:\/\/skalisty.pl\/da\/kontakt\/","url":"https:\/\/skalisty.pl\/da\/kontakt\/","name":"Kontakt | Producent af kunstige sten | sKalisty","isPartOf":{"@id":"https:\/\/skalisty.pl\/da\/#website"},"datePublished":"2022-10-16T08:36:09+00:00","dateModified":"2022-12-09T08:04:52+00:00","description":"Er du interesseret i vores tilbud om opf\u00f8relse af betondekorationer? Kontakt os via formularen eller send din foresp\u00f8rgsel pr. e-mail.","breadcrumb":{"@id":"https:\/\/skalisty.pl\/da\/kontakt\/#breadcrumb"},"inLanguage":"da-DK","potentialAction":[{"@type":"ReadAction","target":["https:\/\/skalisty.pl\/da\/kontakt\/"]}]},{"@type":"BreadcrumbList","@id":"https:\/\/skalisty.pl\/da\/kontakt\/#breadcrumb","itemListElement":[{"@type":"ListItem","position":1,"name":"Hejmmeside","item":"https:\/\/skalisty.pl\/da\/"},{"@type":"ListItem","position":2,"name":"Kontakt"}]},{"@type":"WebSite","@id":"https:\/\/skalisty.pl\/da\/#website","url":"https:\/\/skalisty.pl\/da\/","name":"sKalisty - Kunstige Klipper","description":"","publisher":{"@id":"https:\/\/skalisty.pl\/da\/#organization"},"potentialAction":[{"@type":"SearchAction","target":{"@type":"EntryPoint","urlTemplate":"https:\/\/skalisty.pl\/da\/?s={search_term_string}"},"query-input":{"@type":"PropertyValueSpecification","valueRequired":true,"valueName":"search_term_string"}}],"inLanguage":"da-DK"},{"@type":"Organization","@id":"https:\/\/skalisty.pl\/da\/#organization","name":"sKalisty - Kunstige Klipper","url":"https:\/\/skalisty.pl\/da\/","logo":{"@type":"ImageObject","inLanguage":"da-DK","@id":"https:\/\/skalisty.pl\/da\/#\/schema\/logo\/image\/","url":"https:\/\/static.skalisty.pl\/uploads\/2020\/01\/skalisty-schema-logo-2020.png","contentUrl":"https:\/\/static.skalisty.pl\/uploads\/2020\/01\/skalisty-schema-logo-2020.png","width":1090,"height":238,"caption":"sKalisty - Kunstige Klipper"},"image":{"@id":"https:\/\/skalisty.pl\/da\/#\/schema\/logo\/image\/"},"sameAs":["https:\/\/www.facebook.com\/skalistyPL\/","https:\/\/x.com\/sztuczne_skaly","https:\/\/www.youtube.com\/channel\/UCkvotuS2nyEefXsMM5zd3Mw"]}]}},"_links":{"self":[{"href":"https:\/\/skalisty.pl\/da\/wp-json\/wp\/v2\/pages\/8586","targetHints":{"allow":["GET"]}}],"collection":[{"href":"https:\/\/skalisty.pl\/da\/wp-json\/wp\/v2\/pages"}],"about":[{"href":"https:\/\/skalisty.pl\/da\/wp-json\/wp\/v2\/types\/page"}],"author":[{"embeddable":true,"href":"https:\/\/skalisty.pl\/da\/wp-json\/wp\/v2\/users\/1"}],"replies":[{"embeddable":true,"href":"https:\/\/skalisty.pl\/da\/wp-json\/wp\/v2\/comments?post=8586"}],"version-history":[{"count":11,"href":"https:\/\/skalisty.pl\/da\/wp-json\/wp\/v2\/pages\/8586\/revisions"}],"predecessor-version":[{"id":19106,"href":"https:\/\/skalisty.pl\/da\/wp-json\/wp\/v2\/pages\/8586\/revisions\/19106"}],"wp:attachment":[{"href":"https:\/\/skalisty.pl\/da\/wp-json\/wp\/v2\/media?parent=8586"}],"curies":[{"name":"wp","href":"https:\/\/api.w.org\/{rel}","templated":true}]}}