{"id":16946,"date":"2022-12-02T16:21:40","date_gmt":"2022-12-02T15:21:40","guid":{"rendered":"https:\/\/skalisty.pl\/galerie\/jak-jsme-umistili-umele-koraly-do-akvaria\/"},"modified":"2022-12-02T16:23:53","modified_gmt":"2022-12-02T15:23:53","slug":"video-koraly","status":"publish","type":"page","link":"https:\/\/skalisty.pl\/cs\/galerie\/video-koraly\/","title":{"rendered":"Jak jsme um\u00edstili um\u011bl\u00e9 kor\u00e1ly do akv\u00e1ria"},"content":{"rendered":"","protected":false},"excerpt":{"rendered":"","protected":false},"author":1,"featured_media":14879,"parent":15464,"menu_order":0,"comment_status":"closed","ping_status":"closed","template":"","meta":{"_exactmetrics_skip_tracking":false,"_exactmetrics_sitenote_active":false,"_exactmetrics_sitenote_note":"","_exactmetrics_sitenote_category":0,"footnotes":""},"class_list":["post-16946","page","type-page","status-publish","has-post-thumbnail","hentry"],"yoast_head":"<!-- This site is optimized with the Yoast SEO plugin v27.1.1 - https:\/\/yoast.com\/product\/yoast-seo-wordpress\/ -->\n<title>Jak jsme um\u00edstili um\u011bl\u00e9 kor\u00e1ly do akv\u00e1ria | sKalisty<\/title>\n<meta name=\"robots\" content=\"noindex, follow\" \/>\n<meta property=\"og:locale\" content=\"cs_CZ\" \/>\n<meta property=\"og:type\" content=\"article\" \/>\n<meta property=\"og:title\" content=\"Jak jsme um\u00edstili um\u011bl\u00e9 kor\u00e1ly do akv\u00e1ria | sKalisty\" \/>\n<meta property=\"og:url\" content=\"https:\/\/skalisty.pl\/cs\/galerie\/video-koraly\/\" \/>\n<meta property=\"og:site_name\" content=\"sKalisty - um\u011bl\u00e9 sk\u00e1ly\" \/>\n<meta property=\"article:publisher\" content=\"https:\/\/www.facebook.com\/skalistyPL\/\" \/>\n<meta property=\"article:modified_time\" content=\"2022-12-02T15:23:53+00:00\" \/>\n<meta name=\"twitter:card\" content=\"summary_large_image\" \/>\n<meta name=\"twitter:site\" content=\"@sztuczne_skaly\" \/>\n<script type=\"application\/ld+json\" class=\"yoast-schema-graph\">{\"@context\":\"https:\/\/schema.org\",\"@graph\":[{\"@type\":\"WebPage\",\"@id\":\"https:\/\/skalisty.pl\/cs\/galerie\/video-koraly\/\",\"url\":\"https:\/\/skalisty.pl\/cs\/galerie\/video-koraly\/\",\"name\":\"Jak jsme um\u00edstili um\u011bl\u00e9 kor\u00e1ly do akv\u00e1ria | sKalisty\",\"isPartOf\":{\"@id\":\"https:\/\/skalisty.pl\/cs\/#website\"},\"primaryImageOfPage\":{\"@id\":\"https:\/\/skalisty.pl\/cs\/galerie\/video-koraly\/#primaryimage\"},\"image\":{\"@id\":\"https:\/\/skalisty.pl\/cs\/galerie\/video-koraly\/#primaryimage\"},\"thumbnailUrl\":\"https:\/\/static.skalisty.pl\/uploads\/2019\/02\/montaz-koralowcow.jpg\",\"datePublished\":\"2022-12-02T15:21:40+00:00\",\"dateModified\":\"2022-12-02T15:23:53+00:00\",\"breadcrumb\":{\"@id\":\"https:\/\/skalisty.pl\/cs\/galerie\/video-koraly\/#breadcrumb\"},\"inLanguage\":\"cs\",\"potentialAction\":[{\"@type\":\"ReadAction\",\"target\":[\"https:\/\/skalisty.pl\/cs\/galerie\/video-koraly\/\"]}]},{\"@type\":\"ImageObject\",\"inLanguage\":\"cs\",\"@id\":\"https:\/\/skalisty.pl\/cs\/galerie\/video-koraly\/#primaryimage\",\"url\":\"https:\/\/static.skalisty.pl\/uploads\/2019\/02\/montaz-koralowcow.jpg\",\"contentUrl\":\"https:\/\/static.skalisty.pl\/uploads\/2019\/02\/montaz-koralowcow.jpg\",\"width\":1430,\"height\":1068},{\"@type\":\"BreadcrumbList\",\"@id\":\"https:\/\/skalisty.pl\/cs\/galerie\/video-koraly\/#breadcrumb\",\"itemListElement\":[{\"@type\":\"ListItem\",\"position\":1,\"name\":\"\u00davod\",\"item\":\"https:\/\/skalisty.pl\/cs\/\"},{\"@type\":\"ListItem\",\"position\":2,\"name\":\"Galerie\",\"item\":\"https:\/\/skalisty.pl\/cs\/galerie\/\"},{\"@type\":\"ListItem\",\"position\":3,\"name\":\"Jak jsme um\u00edstili um\u011bl\u00e9 kor\u00e1ly do akv\u00e1ria\"}]},{\"@type\":\"WebSite\",\"@id\":\"https:\/\/skalisty.pl\/cs\/#website\",\"url\":\"https:\/\/skalisty.pl\/cs\/\",\"name\":\"sKalisty - um\u011bl\u00e9 sk\u00e1ly\",\"description\":\"\",\"publisher\":{\"@id\":\"https:\/\/skalisty.pl\/cs\/#organization\"},\"potentialAction\":[{\"@type\":\"SearchAction\",\"target\":{\"@type\":\"EntryPoint\",\"urlTemplate\":\"https:\/\/skalisty.pl\/cs\/?s={search_term_string}\"},\"query-input\":{\"@type\":\"PropertyValueSpecification\",\"valueRequired\":true,\"valueName\":\"search_term_string\"}}],\"inLanguage\":\"cs\"},{\"@type\":\"Organization\",\"@id\":\"https:\/\/skalisty.pl\/cs\/#organization\",\"name\":\"sKalisty - Um\u011bl\u00e9 Sk\u00e1ly\",\"url\":\"https:\/\/skalisty.pl\/cs\/\",\"logo\":{\"@type\":\"ImageObject\",\"inLanguage\":\"cs\",\"@id\":\"https:\/\/skalisty.pl\/cs\/#\/schema\/logo\/image\/\",\"url\":\"https:\/\/static.skalisty.pl\/uploads\/2020\/01\/skalisty-schema-logo-2020.png\",\"contentUrl\":\"https:\/\/static.skalisty.pl\/uploads\/2020\/01\/skalisty-schema-logo-2020.png\",\"width\":1090,\"height\":238,\"caption\":\"sKalisty - Um\u011bl\u00e9 Sk\u00e1ly\"},\"image\":{\"@id\":\"https:\/\/skalisty.pl\/cs\/#\/schema\/logo\/image\/\"},\"sameAs\":[\"https:\/\/www.facebook.com\/skalistyPL\/\",\"https:\/\/x.com\/sztuczne_skaly\",\"https:\/\/www.youtube.com\/channel\/UCkvotuS2nyEefXsMM5zd3Mw\"]}]}<\/script>\n<!-- \/ Yoast SEO plugin. -->","yoast_head_json":{"title":"Jak jsme um\u00edstili um\u011bl\u00e9 kor\u00e1ly do akv\u00e1ria | sKalisty","robots":{"index":"noindex","follow":"follow"},"og_locale":"cs_CZ","og_type":"article","og_title":"Jak jsme um\u00edstili um\u011bl\u00e9 kor\u00e1ly do akv\u00e1ria | sKalisty","og_url":"https:\/\/skalisty.pl\/cs\/galerie\/video-koraly\/","og_site_name":"sKalisty - um\u011bl\u00e9 sk\u00e1ly","article_publisher":"https:\/\/www.facebook.com\/skalistyPL\/","article_modified_time":"2022-12-02T15:23:53+00:00","twitter_card":"summary_large_image","twitter_site":"@sztuczne_skaly","schema":{"@context":"https:\/\/schema.org","@graph":[{"@type":"WebPage","@id":"https:\/\/skalisty.pl\/cs\/galerie\/video-koraly\/","url":"https:\/\/skalisty.pl\/cs\/galerie\/video-koraly\/","name":"Jak jsme um\u00edstili um\u011bl\u00e9 kor\u00e1ly do akv\u00e1ria | sKalisty","isPartOf":{"@id":"https:\/\/skalisty.pl\/cs\/#website"},"primaryImageOfPage":{"@id":"https:\/\/skalisty.pl\/cs\/galerie\/video-koraly\/#primaryimage"},"image":{"@id":"https:\/\/skalisty.pl\/cs\/galerie\/video-koraly\/#primaryimage"},"thumbnailUrl":"https:\/\/static.skalisty.pl\/uploads\/2019\/02\/montaz-koralowcow.jpg","datePublished":"2022-12-02T15:21:40+00:00","dateModified":"2022-12-02T15:23:53+00:00","breadcrumb":{"@id":"https:\/\/skalisty.pl\/cs\/galerie\/video-koraly\/#breadcrumb"},"inLanguage":"cs","potentialAction":[{"@type":"ReadAction","target":["https:\/\/skalisty.pl\/cs\/galerie\/video-koraly\/"]}]},{"@type":"ImageObject","inLanguage":"cs","@id":"https:\/\/skalisty.pl\/cs\/galerie\/video-koraly\/#primaryimage","url":"https:\/\/static.skalisty.pl\/uploads\/2019\/02\/montaz-koralowcow.jpg","contentUrl":"https:\/\/static.skalisty.pl\/uploads\/2019\/02\/montaz-koralowcow.jpg","width":1430,"height":1068},{"@type":"BreadcrumbList","@id":"https:\/\/skalisty.pl\/cs\/galerie\/video-koraly\/#breadcrumb","itemListElement":[{"@type":"ListItem","position":1,"name":"\u00davod","item":"https:\/\/skalisty.pl\/cs\/"},{"@type":"ListItem","position":2,"name":"Galerie","item":"https:\/\/skalisty.pl\/cs\/galerie\/"},{"@type":"ListItem","position":3,"name":"Jak jsme um\u00edstili um\u011bl\u00e9 kor\u00e1ly do akv\u00e1ria"}]},{"@type":"WebSite","@id":"https:\/\/skalisty.pl\/cs\/#website","url":"https:\/\/skalisty.pl\/cs\/","name":"sKalisty - um\u011bl\u00e9 sk\u00e1ly","description":"","publisher":{"@id":"https:\/\/skalisty.pl\/cs\/#organization"},"potentialAction":[{"@type":"SearchAction","target":{"@type":"EntryPoint","urlTemplate":"https:\/\/skalisty.pl\/cs\/?s={search_term_string}"},"query-input":{"@type":"PropertyValueSpecification","valueRequired":true,"valueName":"search_term_string"}}],"inLanguage":"cs"},{"@type":"Organization","@id":"https:\/\/skalisty.pl\/cs\/#organization","name":"sKalisty - Um\u011bl\u00e9 Sk\u00e1ly","url":"https:\/\/skalisty.pl\/cs\/","logo":{"@type":"ImageObject","inLanguage":"cs","@id":"https:\/\/skalisty.pl\/cs\/#\/schema\/logo\/image\/","url":"https:\/\/static.skalisty.pl\/uploads\/2020\/01\/skalisty-schema-logo-2020.png","contentUrl":"https:\/\/static.skalisty.pl\/uploads\/2020\/01\/skalisty-schema-logo-2020.png","width":1090,"height":238,"caption":"sKalisty - Um\u011bl\u00e9 Sk\u00e1ly"},"image":{"@id":"https:\/\/skalisty.pl\/cs\/#\/schema\/logo\/image\/"},"sameAs":["https:\/\/www.facebook.com\/skalistyPL\/","https:\/\/x.com\/sztuczne_skaly","https:\/\/www.youtube.com\/channel\/UCkvotuS2nyEefXsMM5zd3Mw"]}]}},"_links":{"self":[{"href":"https:\/\/skalisty.pl\/cs\/wp-json\/wp\/v2\/pages\/16946","targetHints":{"allow":["GET"]}}],"collection":[{"href":"https:\/\/skalisty.pl\/cs\/wp-json\/wp\/v2\/pages"}],"about":[{"href":"https:\/\/skalisty.pl\/cs\/wp-json\/wp\/v2\/types\/page"}],"author":[{"embeddable":true,"href":"https:\/\/skalisty.pl\/cs\/wp-json\/wp\/v2\/users\/1"}],"replies":[{"embeddable":true,"href":"https:\/\/skalisty.pl\/cs\/wp-json\/wp\/v2\/comments?post=16946"}],"version-history":[{"count":2,"href":"https:\/\/skalisty.pl\/cs\/wp-json\/wp\/v2\/pages\/16946\/revisions"}],"predecessor-version":[{"id":16948,"href":"https:\/\/skalisty.pl\/cs\/wp-json\/wp\/v2\/pages\/16946\/revisions\/16948"}],"up":[{"embeddable":true,"href":"https:\/\/skalisty.pl\/cs\/wp-json\/wp\/v2\/pages\/15464"}],"wp:featuredmedia":[{"embeddable":true,"href":"https:\/\/skalisty.pl\/cs\/wp-json\/wp\/v2\/media\/14879"}],"wp:attachment":[{"href":"https:\/\/skalisty.pl\/cs\/wp-json\/wp\/v2\/media?parent=16946"}],"curies":[{"name":"wp","href":"https:\/\/api.w.org\/{rel}","templated":true}]}}