{"id":16902,"date":"2022-12-01T15:55:40","date_gmt":"2022-12-01T14:55:40","guid":{"rendered":"https:\/\/skalisty.pl\/co-rozhoduje-o-tom-ze-spoluprace-s-nami-je-tou-nejlepsi-volbou\/"},"modified":"2022-12-01T16:01:59","modified_gmt":"2022-12-01T15:01:59","slug":"stoji-za-to-si-nas-vybrat","status":"publish","type":"page","link":"https:\/\/skalisty.pl\/cs\/stoji-za-to-si-nas-vybrat\/","title":{"rendered":"Co rozhoduje o tom, \u017ee spolupr\u00e1ce s n\u00e1mi je tou nejlep\u0161\u00ed volbou?"},"content":{"rendered":"<p>[vc_row rt_row_background_width=&#8220;fullwidth&#8220; rt_row_content_width=&#8220;default&#8220; rt_row_style=&#8220;default-style&#8220; rt_row_borders=&#8220;&#8220; rt_row_paddings=&#8220;true&#8220; rt_bg_image=&#8220;4765&#8243; rt_bg_effect=&#8220;classic&#8220; rt_bg_image_repeat=&#8220;no-repeat&#8220; rt_bg_size=&#8220;100% auto&#8220; rt_bg_position=&#8220;right center&#8220; rt_bg_attachment=&#8220;scroll&#8220; rt_bg_video_format=&#8220;self-hosted&#8220;][vc_column width=&#8220;3\/5&#8243; rt_wrp_col_paddings=&#8220;false&#8220; rt_border_top=&#8220;&#8220; rt_border_bottom=&#8220;&#8220; rt_border_left=&#8220;&#8220; rt_border_right=&#8220;&#8220; rt_border_top_mobile=&#8220;&#8220; rt_border_bottom_mobile=&#8220;&#8220; rt_border_left_mobile=&#8220;&#8220; rt_border_right_mobile=&#8220;&#8220; rt_bg_image_repeat=&#8220;repeat&#8220; rt_bg_size=&#8220;auto auto&#8220; rt_bg_position=&#8220;right top&#8220; rt_bg_attachment=&#8220;scroll&#8220;]<div class=\"rt_heading_wrapper style-5\">\n\t\t\t\t\t\t<h2 class=\"rt_heading  style-5\" >Pro\u010d si vybrat pr\u00e1v\u011b n\u00e1s?<\/h2>\n\t\t\t\t\t<\/div>[vc_column_text]<\/p>\n<span class=\"highlight style-1\">V oboru pracujeme ji\u017e mnoho let. Za tu dobu jsme nasb\u00edrali \u0161irok\u00e9 spektrum zku\u0161enost\u00ed z mnoha r\u016fzn\u00fdch oblast\u00ed stavebnictv\u00ed.<\/span> M\u00e1me kvalifikovan\u00e9 t\u00fdmy s r\u016fzn\u00fdmi specializacemi, jako jsou socha\u0159i a mal\u00ed\u0159i, specialist\u00e9 na ocelov\u00e9 konstrukce nebo zku\u0161en\u00e9 t\u00fdmy pro st\u0159\u00edk\u00e1n\u00ed betonu. Ka\u017ed\u00fd t\u00fdm zam\u011bstnanc\u016f je vy\u0161kolen a vysoce kvalifikov\u00e1n, aby zajistil nejvy\u0161\u0161\u00ed \u00farove\u0148 zpracov\u00e1n\u00ed a poskytl nejlep\u0161\u00ed standardy.<\/p>\n<p>Jsme hrd\u00ed na to, \u017ee jsme jednou z nejzku\u0161en\u011bj\u0161\u00edch firem v oblasti konstrukce a designu velkoform\u00e1tov\u00fdch dekorac\u00ed. Poskytujeme slu\u017eby na nejvy\u0161\u0161\u00ed \u00farovni, kter\u00e9 zaru\u010duj\u00ed jedine\u010dn\u00fd v\u00fdsledek a spokojenost investora. A zde jsou argumenty pro v\u00fdb\u011br na\u0161\u00ed spole\u010dnosti:<\/p>\n<p>[\/vc_column_text]<article  class=\"icon-content-box content-box icon-left icon-style-2\"><div class=\"icon-holder\"><span class=\"icon-right-open\"><\/span><\/div><div class=\"text-holder\"><h5 class=\"heading\">Specializujeme se na zak\u00e1zkovou a velkoform\u00e1tovou v\u00fdrobu.<\/h5> <p>Nejsme jen dal\u0161\u00ed spole\u010dnost zab\u00fdvaj\u00edc\u00ed se stavbou um\u011bl\u00fdch skal, kterou m\u016f\u017eete naj\u00edt na trhu. Jsme hrd\u00ed na to, \u017ee se uj\u00edm\u00e1me nejv\u011bt\u0161\u00edch a nejslo\u017eit\u011bj\u0161\u00edch projekt\u016f. Zam\u011b\u0159ujeme se na poskytov\u00e1n\u00ed propracovan\u00e9ho produktu do nejmen\u0161\u00edho detailu. D\u00edky tomuto p\u0159\u00edstupu nab\u00edz\u00edme v\u00fdjime\u010dn\u00e9 realizace. Na\u0161e um\u011bl\u00e9 sk\u00e1ly, um\u011bl\u00e9 stromy nebo architektonick\u00e9 reprodukce budov z jak\u00e9koli doby vytv\u00e1\u0159ej\u00ed dojem, \u017ee jste v kontaktu se skute\u010dn\u00fdmi objekty. Poskytujeme jedine\u010dn\u00e9 z\u00e1\u017eitky a vytv\u00e1\u0159\u00edme prost\u0159ed\u00ed s muzeografickou p\u0159esnost\u00ed.<\/p>\n<\/div><\/article><article  class=\"icon-content-box content-box icon-left icon-style-2\"><div class=\"icon-holder\"><span class=\"icon-right-open\"><\/span><\/div><div class=\"text-holder\"><h5 class=\"heading\">Pracujeme se specializovan\u00fdm vybaven\u00edm, kter\u00e9 bylo vybr\u00e1no na z\u00e1klad\u011b dlouholet\u00fdch zku\u0161enost\u00ed.<\/h5> <p>Abyste mohli pracovat na nejv\u011bt\u0161\u00edch projektech, mus\u00edte b\u00fdt schopni zpracovat velk\u00e9 mno\u017estv\u00ed betonu a oceli v rozumn\u00e9m \u010dase. Jsme si v\u011bdomi toho, \u017ee ru\u010dn\u00ed prov\u00e1d\u011bn\u00ed z\u00e1kladn\u00edch prac\u00ed bez pou\u017eit\u00ed t\u011b\u017ek\u00e9 techniky vy\u0159azuje dodavatele z nejv\u011bt\u0161\u00edch projekt\u016f. P\u0159i prov\u00e1d\u011bn\u00ed na\u0161ich prac\u00ed jsme schopni \u010derpat velk\u00e9 mno\u017estv\u00ed malty a betonu p\u0159\u00edmo z hru\u0161ky nebo m\u00edcha\u010dky na beton. D\u00edky pou\u017eit\u00ed technologie torkretov\u00e1n\u00ed &#8211; neboli st\u0159\u00edk\u00e1n\u00ed betonu &#8211; realizujeme na\u0161e projekty neb\u00fdvale rychle. D\u016fle\u017eit\u00e9 je, \u017ee m\u00e1me vlastn\u00ed vybaven\u00ed, kter\u00e9 je n\u00e1m k dispozici po celou dobu v\u00fdstavby.<\/p>\n<\/div><\/article><article  class=\"icon-content-box content-box icon-left icon-style-2\"><div class=\"icon-holder\"><span class=\"icon-right-open\"><\/span><\/div><div class=\"text-holder\"><h5 class=\"heading\">Pou\u017e\u00edv\u00e1me pouze ty nejlep\u0161\u00ed materi\u00e1ly.<\/h5> <p>M\u00e1me rozs\u00e1hl\u00e9 zku\u0161enosti ve stavebnictv\u00ed v \u0159ad\u011b zd\u00e1nliv\u011b nesouvisej\u00edc\u00edch obor\u016f, jako jsou hydroizolace, znalost betonu a st\u0159\u00edk\u00e1n\u00ed betonu, sva\u0159ov\u00e1n\u00ed ocelov\u00fdch konstrukc\u00ed z r\u016fzn\u00fdch ocelov\u00fdch slitin v z\u00e1vislosti na funkci, kterou m\u00e1 dekorace plnit: vodop\u00e1dy, um\u011bl\u00e9 jeskyn\u011b a jeskyn\u011b, um\u011bl\u00e9 podvodn\u00ed sk\u00e1ly a kor\u00e1lov\u00e9 \u00fatesy, um\u011bl\u00e9 stromy, sochy nebo architektonick\u00e9 rekonstrukce. T\u00edm je zaji\u0161t\u011bno, \u017ee n\u00e1s b\u011bhem v\u00fdstavby a u\u017e\u00edv\u00e1n\u00ed dekorace ne\u010dekaj\u00ed \u017e\u00e1dn\u00e1 nep\u0159edv\u00eddan\u00e1 p\u0159ekvapen\u00ed. Jsme si jisti, \u017ee m\u016f\u017eeme nab\u00eddnout materi\u00e1ly, kter\u00e9 spl\u0148uj\u00ed nejvy\u0161\u0161\u00ed standardy.<\/p>\n<\/div><\/article><article  class=\"icon-content-box content-box icon-left icon-style-2\"><div class=\"icon-holder\"><span class=\"icon-right-open\"><\/span><\/div><div class=\"text-holder\"><h5 class=\"heading\">Jako jedin\u00e1 spole\u010dnost v Polsku nab\u00edz\u00edme slu\u017eby projektov\u00e9ho dozoru.<\/h5> <p>Zaji\u0161\u0165ujeme \u00faplnou integritu proveden\u00ed dekorace. A d\u00edky znalostem, kter\u00e9 jsme za l\u00e9ta nashrom\u00e1\u017edili, jsme schopni zajistit, aby byl detailn\u00ed n\u00e1vrh postaven tak, aby co nejv\u011brn\u011bji odr\u00e1\u017eel z\u00e1m\u011br n\u00e1vrhu. M\u00e1me v\u00fdjime\u010dn\u00e9 zku\u0161enosti s v\u00fdb\u011brem technologi\u00ed, materi\u00e1l\u016f, person\u00e1lu a subdodavatel\u016f, poskytujeme referen\u010dn\u00ed materi\u00e1ly, jako je fotodokumentace, vzorky materi\u00e1l\u016f, a prov\u00e1d\u00edme 3D modelov\u00e1n\u00ed, n\u00e1vrhy CAD a vizualizace.<\/p>\n<\/div><\/article>[\/vc_column][vc_column width=&#8220;2\/5&#8243; rt_wrp_col_paddings=&#8220;false&#8220; rt_border_top=&#8220;&#8220; rt_border_bottom=&#8220;&#8220; rt_border_left=&#8220;&#8220; rt_border_right=&#8220;&#8220; rt_border_top_mobile=&#8220;&#8220; rt_border_bottom_mobile=&#8220;&#8220; rt_border_left_mobile=&#8220;&#8220; rt_border_right_mobile=&#8220;&#8220; rt_bg_image_repeat=&#8220;repeat&#8220; rt_bg_size=&#8220;auto auto&#8220; rt_bg_position=&#8220;right top&#8220; rt_bg_attachment=&#8220;scroll&#8220;][vc_single_image image=&#8220;15123&#8243; img_size=&#8220;full&#8220; style=&#8220;vc_box_shadow_3d&#8220; css_animation=&#8220;none&#8220;][\/vc_column][\/vc_row][vc_row rt_row_background_width=&#8220;fullwidth&#8220; rt_row_content_width=&#8220;fullwidth&#8220; rt_row_style=&#8220;alt-style-2&#8243; rt_row_borders=&#8220;&#8220; rt_row_paddings=&#8220;true&#8220; rt_bg_effect=&#8220;classic&#8220; rt_bg_image_repeat=&#8220;repeat&#8220; rt_bg_size=&#8220;cover&#8220; rt_bg_position=&#8220;right top&#8220; rt_bg_attachment=&#8220;scroll&#8220; rt_bg_video_format=&#8220;self-hosted&#8220;][vc_column rt_wrp_col_paddings=&#8220;false&#8220; rt_border_top=&#8220;&#8220; rt_border_bottom=&#8220;&#8220; rt_border_left=&#8220;&#8220; rt_border_right=&#8220;&#8220; rt_border_top_mobile=&#8220;&#8220; rt_border_bottom_mobile=&#8220;&#8220; rt_border_left_mobile=&#8220;&#8220; rt_border_right_mobile=&#8220;&#8220; rt_bg_image_repeat=&#8220;repeat&#8220; rt_bg_size=&#8220;auto auto&#8220; rt_bg_position=&#8220;right top&#8220; rt_bg_attachment=&#8220;scroll&#8220;][vc_separator css_animation=&#8220;fadeInLeft&#8220; style=&#8220;style-1&#8243;][\/vc_column][\/vc_row][vc_row rt_row_background_width=&#8220;fullwidth&#8220; rt_row_content_width=&#8220;default&#8220; rt_row_style=&#8220;default-style&#8220; rt_row_borders=&#8220;&#8220; rt_row_paddings=&#8220;true&#8220; rt_bg_image=&#8220;4856&#8243; rt_bg_effect=&#8220;classic&#8220; rt_bg_image_repeat=&#8220;no-repeat&#8220; rt_bg_size=&#8220;100% auto&#8220; rt_bg_position=&#8220;left center&#8220; rt_bg_attachment=&#8220;scroll&#8220; rt_bg_video_format=&#8220;self-hosted&#8220;][vc_column width=&#8220;2\/5&#8243; rt_wrp_col_paddings=&#8220;false&#8220; rt_border_top=&#8220;&#8220; rt_border_bottom=&#8220;&#8220; rt_border_left=&#8220;&#8220; rt_border_right=&#8220;&#8220; rt_border_top_mobile=&#8220;&#8220; rt_border_bottom_mobile=&#8220;&#8220; rt_border_left_mobile=&#8220;&#8220; rt_border_right_mobile=&#8220;&#8220; rt_bg_image_repeat=&#8220;repeat&#8220; rt_bg_size=&#8220;auto auto&#8220; rt_bg_position=&#8220;right top&#8220; rt_bg_attachment=&#8220;scroll&#8220;][vc_single_image image=&#8220;15120&#8243; img_size=&#8220;full&#8220; style=&#8220;vc_box_shadow_3d&#8220; css_animation=&#8220;none&#8220;][\/vc_column][vc_column width=&#8220;3\/5&#8243; rt_wrp_col_paddings=&#8220;false&#8220; rt_border_top=&#8220;&#8220; rt_border_bottom=&#8220;&#8220; rt_border_left=&#8220;&#8220; rt_border_right=&#8220;&#8220; rt_border_top_mobile=&#8220;&#8220; rt_border_bottom_mobile=&#8220;&#8220; rt_border_left_mobile=&#8220;&#8220; rt_border_right_mobile=&#8220;&#8220; rt_bg_image_repeat=&#8220;repeat&#8220; rt_bg_size=&#8220;auto auto&#8220; rt_bg_position=&#8220;right top&#8220; rt_bg_attachment=&#8220;scroll&#8220;]<div class=\"rt_heading_wrapper style-5\">\n\t\t\t\t\t\t<h2 class=\"rt_heading  style-5\" >V\u00e1\u0161 projekt zpracujeme od za\u010d\u00e1tku a\u017e do konce.<\/h2>\n\t\t\t\t\t<\/div>[vc_column_text]<\/p>\n<span class=\"highlight style-1\">Pro \u00fasp\u011b\u0161n\u00e9 dokon\u010den\u00ed jak\u00e9hokoli projektu mus\u00ed b\u00fdt v\u0161e dob\u0159e zorganizov\u00e1no a mus\u00ed existovat otev\u0159en\u00e9 komunika\u010dn\u00ed kan\u00e1ly mezi investorem, na\u0161\u00ed spole\u010dnost\u00ed a zam\u011bstnanci a um\u011blci.<\/span> Mnoz\u00ed dodavatel\u00e9 opou\u0161t\u011bj\u00ed sv\u00e9 t\u00fdmy a realizuj\u00ed projekt sami. To znamen\u00e1, \u017ee investor vid\u00ed z\u00e1stupce dodavatele pouze p\u0159i jedn\u00e1n\u00ed o smlouv\u011b a na konci smlouvy. Ka\u017ed\u00e1 realizace prov\u00e1d\u011bn\u00e1 na\u0161\u00ed spole\u010dnost\u00ed je prov\u00e1d\u011bna v\u00fdhradn\u011b a b\u011bhem realizace neprov\u00e1d\u00edme soub\u011b\u017en\u011b jin\u00e9 projekty. D\u00edky tomu se m\u016f\u017eeme stoprocentn\u011b soust\u0159edit na dan\u00fd \u00fakol, neust\u00e1le dohl\u00ed\u017eet na pr\u016fb\u011bh prac\u00ed a b\u00fdt v neust\u00e1l\u00e9m kontaktu s investorem nebo gener\u00e1ln\u00edm dodavatelem. Tento p\u0159\u00edstup umo\u017e\u0148uje pr\u016fb\u011b\u017en\u00e9 konzultace s investorem p\u0159ed p\u0159ijet\u00edm d\u016fle\u017eit\u00fdch rozhodnut\u00ed a zaji\u0161\u0165uje nejvy\u0161\u0161\u00ed \u00farove\u0148 slu\u017eeb.<\/p>\n<p>[\/vc_column_text]<article  class=\"icon-content-box content-box icon-left icon-style-2\"><div class=\"icon-holder\"><span class=\"icon-right-open\"><\/span><\/div><div class=\"text-holder\"><h5 class=\"heading\">Spolupracujeme pouze se zku\u0161en\u00fdmi um\u011blci s rozs\u00e1hl\u00fdm portfoliem.<\/h5> <p>Poskytujeme z\u00e1ruku nejlep\u0161\u00edho zpracov\u00e1n\u00ed detail\u016f, a\u0165 u\u017e se jedn\u00e1 o detailn\u00ed \u0159ezbu um\u011bl\u00fdch skal, reli\u00e9f nebo architektonick\u00fd prvek. Uji\u0161\u0165ujeme v\u00e1s, \u017ee pr\u00e1ce neprov\u00e1d\u00edme s nekvalifikovan\u00fdmi pracovn\u00edky.<\/p>\n<\/div><\/article><article  class=\"icon-content-box content-box icon-left icon-style-2\"><div class=\"icon-holder\"><span class=\"icon-right-open\"><\/span><\/div><div class=\"text-holder\"><h5 class=\"heading\">Zaji\u0161\u0165ujeme v\u011bdeckou a muzeografickou kvalitu zpracov\u00e1n\u00ed.<\/h5> <p>Existuj\u00ed projekty, kter\u00e9 vy\u017eaduj\u00ed zapojen\u00ed odborn\u00edk\u016f ve sv\u00fdch oborech. M\u00e1me zku\u0161enosti s navazov\u00e1n\u00edm spolupr\u00e1ce s v\u011bdeck\u00fdmi pracovi\u0161ti, nap\u0159\u00edklad s \u00dastavem geografick\u00fdch v\u011bd na Vratislavsk\u00e9 univerzit\u011b, s nimi\u017e konzultujeme geologick\u00e9 detaily na\u0161ich projekt\u016f. Projekty, kter\u00e9 vy\u017eaduj\u00ed tento p\u0159\u00edstup, jsou velmi slo\u017eit\u00e9 a nemohou b\u00fdt prov\u00e1d\u011bny nekvalifikovan\u00fdm person\u00e1lem, kter\u00fd jin\u00e9 spole\u010dnosti zab\u00fdvaj\u00edc\u00ed se stavbou um\u011bl\u00fdch skal neposkytnou.<\/p>\n<\/div><\/article><article  class=\"icon-content-box content-box icon-left icon-style-2\"><div class=\"icon-holder\"><span class=\"icon-right-open\"><\/span><\/div><div class=\"text-holder\"><h5 class=\"heading\">Zaji\u0161\u0165ujeme vlastn\u00ed logistiku dod\u00e1vek materi\u00e1l\u016f na staveni\u0161t\u011b.<\/h5> <p>Organizujeme do\u010dasn\u00e9 skladovac\u00ed prostory na m\u00edst\u011b a v p\u0159\u00edpad\u011b pot\u0159eby stav\u00edme vlastn\u00ed studia pro prefabrikaci na m\u00edst\u011b, a to bez ohledu na ro\u010dn\u00ed obdob\u00ed.<\/p>\n<\/div><\/article><article  class=\"icon-content-box content-box icon-left icon-style-2\"><div class=\"icon-holder\"><span class=\"icon-right-open\"><\/span><\/div><div class=\"text-holder\"><h5 class=\"heading\">Na\u0161im z\u00e1kazn\u00edk\u016fm poskytujeme \u0159e\u0161en\u00ed na m\u00edru.<\/h5> <p>Ka\u017ed\u00fd projekt je jin\u00fd, co\u017e znamen\u00e1, \u017ee investorovi ne\u0159\u00edk\u00e1me, co pot\u0159ebuje &#8211; naslouch\u00e1me tomu, co chce. Jsme si v\u011bdomi toho, \u017ee realizujeme nestandardn\u00ed projekty. Proto je na\u0161e pr\u00e1ce zalo\u017eena na spolupr\u00e1ci s klientem, abychom mu dodali p\u0159esn\u011b to, co chce. Bez ohledu na slo\u017eitost \u00fakolu jsme odhodl\u00e1ni splnit projekt na 100 %.<\/p>\n<\/div><\/article>[\/vc_column][\/vc_row]<\/p>\n","protected":false},"excerpt":{"rendered":"<p>[vc_row rt_row_background_width=&#8220;fullwidth&#8220; rt_row_content_width=&#8220;default&#8220; rt_row_style=&#8220;default-style&#8220; rt_row_borders=&#8220;&#8220; rt_row_paddings=&#8220;true&#8220; rt_bg_image=&#8220;4765&#8243; rt_bg_effect=&#8220;classic&#8220; rt_bg_image_repeat=&#8220;no-repeat&#8220; rt_bg_size=&#8220;100% auto&#8220; rt_bg_position=&#8220;right center&#8220; rt_bg_attachment=&#8220;scroll&#8220; rt_bg_video_format=&#8220;self-hosted&#8220;][vc_column width=&#8220;3\/5&#8243; rt_wrp_col_paddings=&#8220;false&#8220; rt_border_top=&#8220;&#8220; rt_border_bottom=&#8220;&#8220; rt_border_left=&#8220;&#8220; rt_border_right=&#8220;&#8220; rt_border_top_mobile=&#8220;&#8220; rt_border_bottom_mobile=&#8220;&#8220; rt_border_left_mobile=&#8220;&#8220; rt_border_right_mobile=&#8220;&#8220; rt_bg_image_repeat=&#8220;repeat&#8220; rt_bg_size=&#8220;auto auto&#8220; rt_bg_position=&#8220;right top&#8220; rt_bg_attachment=&#8220;scroll&#8220;][vc_column_text] M\u00e1me kvalifikovan\u00e9 t\u00fdmy s r\u016fzn\u00fdmi specializacemi, jako jsou socha\u0159i a mal\u00ed\u0159i, specialist\u00e9 na ocelov\u00e9 konstrukce nebo zku\u0161en\u00e9 t\u00fdmy pro st\u0159\u00edk\u00e1n\u00ed betonu. Ka\u017ed\u00fd t\u00fdm zam\u011bstnanc\u016f [&hellip;]<\/p>\n","protected":false},"author":1,"featured_media":0,"parent":0,"menu_order":0,"comment_status":"closed","ping_status":"closed","template":"","meta":{"_exactmetrics_skip_tracking":false,"_exactmetrics_sitenote_active":false,"_exactmetrics_sitenote_note":"","_exactmetrics_sitenote_category":0,"footnotes":""},"class_list":["post-16902","page","type-page","status-publish","hentry"],"yoast_head":"<!-- This site is optimized with the Yoast SEO plugin v27.1.1 - https:\/\/yoast.com\/product\/yoast-seo-wordpress\/ -->\n<title>Na\u0161e zku\u0161enosti v oboru velkoform\u00e1tov\u00fdch dekorac\u00ed | sKalisty<\/title>\n<meta name=\"description\" content=\"Co rozhoduje o tom, \u017ee spolupr\u00e1ce s n\u00e1mi je tou nejlep\u0161\u00ed volbou? Jak spolupracujeme se z\u00e1kazn\u00edkem na v\u00fdrob\u011b um\u011bl\u00fdch skal a velkoplo\u0161n\u00fdch dekorac\u00ed.\" \/>\n<meta name=\"robots\" content=\"index, follow, max-snippet:-1, max-image-preview:large, max-video-preview:-1\" \/>\n<link rel=\"canonical\" href=\"https:\/\/skalisty.pl\/cs\/stoji-za-to-si-nas-vybrat\/\" \/>\n<meta property=\"og:locale\" content=\"cs_CZ\" \/>\n<meta property=\"og:type\" content=\"article\" \/>\n<meta property=\"og:title\" content=\"Na\u0161e zku\u0161enosti v oboru velkoform\u00e1tov\u00fdch dekorac\u00ed | sKalisty\" \/>\n<meta property=\"og:description\" content=\"Co rozhoduje o tom, \u017ee spolupr\u00e1ce s n\u00e1mi je tou nejlep\u0161\u00ed volbou? Jak spolupracujeme se z\u00e1kazn\u00edkem na v\u00fdrob\u011b um\u011bl\u00fdch skal a velkoplo\u0161n\u00fdch dekorac\u00ed.\" \/>\n<meta property=\"og:url\" content=\"https:\/\/skalisty.pl\/cs\/stoji-za-to-si-nas-vybrat\/\" \/>\n<meta property=\"og:site_name\" content=\"sKalisty - um\u011bl\u00e9 sk\u00e1ly\" \/>\n<meta property=\"article:publisher\" content=\"https:\/\/www.facebook.com\/skalistyPL\/\" \/>\n<meta property=\"article:modified_time\" content=\"2022-12-01T15:01:59+00:00\" \/>\n<meta name=\"twitter:card\" content=\"summary_large_image\" \/>\n<meta name=\"twitter:site\" content=\"@sztuczne_skaly\" \/>\n<meta name=\"twitter:label1\" content=\"Odhadovan\u00e1 doba \u010dten\u00ed\" \/>\n\t<meta name=\"twitter:data1\" content=\"6 minut\" \/>\n<script type=\"application\/ld+json\" class=\"yoast-schema-graph\">{\"@context\":\"https:\/\/schema.org\",\"@graph\":[{\"@type\":\"WebPage\",\"@id\":\"https:\/\/skalisty.pl\/cs\/stoji-za-to-si-nas-vybrat\/\",\"url\":\"https:\/\/skalisty.pl\/cs\/stoji-za-to-si-nas-vybrat\/\",\"name\":\"Na\u0161e zku\u0161enosti v oboru velkoform\u00e1tov\u00fdch dekorac\u00ed | sKalisty\",\"isPartOf\":{\"@id\":\"https:\/\/skalisty.pl\/cs\/#website\"},\"datePublished\":\"2022-12-01T14:55:40+00:00\",\"dateModified\":\"2022-12-01T15:01:59+00:00\",\"description\":\"Co rozhoduje o tom, \u017ee spolupr\u00e1ce s n\u00e1mi je tou nejlep\u0161\u00ed volbou? Jak spolupracujeme se z\u00e1kazn\u00edkem na v\u00fdrob\u011b um\u011bl\u00fdch skal a velkoplo\u0161n\u00fdch dekorac\u00ed.\",\"breadcrumb\":{\"@id\":\"https:\/\/skalisty.pl\/cs\/stoji-za-to-si-nas-vybrat\/#breadcrumb\"},\"inLanguage\":\"cs\",\"potentialAction\":[{\"@type\":\"ReadAction\",\"target\":[\"https:\/\/skalisty.pl\/cs\/stoji-za-to-si-nas-vybrat\/\"]}]},{\"@type\":\"BreadcrumbList\",\"@id\":\"https:\/\/skalisty.pl\/cs\/stoji-za-to-si-nas-vybrat\/#breadcrumb\",\"itemListElement\":[{\"@type\":\"ListItem\",\"position\":1,\"name\":\"\u00davod\",\"item\":\"https:\/\/skalisty.pl\/cs\/\"},{\"@type\":\"ListItem\",\"position\":2,\"name\":\"Co rozhoduje o tom, \u017ee spolupr\u00e1ce s n\u00e1mi je tou nejlep\u0161\u00ed volbou?\"}]},{\"@type\":\"WebSite\",\"@id\":\"https:\/\/skalisty.pl\/cs\/#website\",\"url\":\"https:\/\/skalisty.pl\/cs\/\",\"name\":\"sKalisty - um\u011bl\u00e9 sk\u00e1ly\",\"description\":\"\",\"publisher\":{\"@id\":\"https:\/\/skalisty.pl\/cs\/#organization\"},\"potentialAction\":[{\"@type\":\"SearchAction\",\"target\":{\"@type\":\"EntryPoint\",\"urlTemplate\":\"https:\/\/skalisty.pl\/cs\/?s={search_term_string}\"},\"query-input\":{\"@type\":\"PropertyValueSpecification\",\"valueRequired\":true,\"valueName\":\"search_term_string\"}}],\"inLanguage\":\"cs\"},{\"@type\":\"Organization\",\"@id\":\"https:\/\/skalisty.pl\/cs\/#organization\",\"name\":\"sKalisty - Um\u011bl\u00e9 Sk\u00e1ly\",\"url\":\"https:\/\/skalisty.pl\/cs\/\",\"logo\":{\"@type\":\"ImageObject\",\"inLanguage\":\"cs\",\"@id\":\"https:\/\/skalisty.pl\/cs\/#\/schema\/logo\/image\/\",\"url\":\"https:\/\/static.skalisty.pl\/uploads\/2020\/01\/skalisty-schema-logo-2020.png\",\"contentUrl\":\"https:\/\/static.skalisty.pl\/uploads\/2020\/01\/skalisty-schema-logo-2020.png\",\"width\":1090,\"height\":238,\"caption\":\"sKalisty - Um\u011bl\u00e9 Sk\u00e1ly\"},\"image\":{\"@id\":\"https:\/\/skalisty.pl\/cs\/#\/schema\/logo\/image\/\"},\"sameAs\":[\"https:\/\/www.facebook.com\/skalistyPL\/\",\"https:\/\/x.com\/sztuczne_skaly\",\"https:\/\/www.youtube.com\/channel\/UCkvotuS2nyEefXsMM5zd3Mw\"]}]}<\/script>\n<!-- \/ Yoast SEO plugin. -->","yoast_head_json":{"title":"Na\u0161e zku\u0161enosti v oboru velkoform\u00e1tov\u00fdch dekorac\u00ed | sKalisty","description":"Co rozhoduje o tom, \u017ee spolupr\u00e1ce s n\u00e1mi je tou nejlep\u0161\u00ed volbou? Jak spolupracujeme se z\u00e1kazn\u00edkem na v\u00fdrob\u011b um\u011bl\u00fdch skal a velkoplo\u0161n\u00fdch dekorac\u00ed.","robots":{"index":"index","follow":"follow","max-snippet":"max-snippet:-1","max-image-preview":"max-image-preview:large","max-video-preview":"max-video-preview:-1"},"canonical":"https:\/\/skalisty.pl\/cs\/stoji-za-to-si-nas-vybrat\/","og_locale":"cs_CZ","og_type":"article","og_title":"Na\u0161e zku\u0161enosti v oboru velkoform\u00e1tov\u00fdch dekorac\u00ed | sKalisty","og_description":"Co rozhoduje o tom, \u017ee spolupr\u00e1ce s n\u00e1mi je tou nejlep\u0161\u00ed volbou? Jak spolupracujeme se z\u00e1kazn\u00edkem na v\u00fdrob\u011b um\u011bl\u00fdch skal a velkoplo\u0161n\u00fdch dekorac\u00ed.","og_url":"https:\/\/skalisty.pl\/cs\/stoji-za-to-si-nas-vybrat\/","og_site_name":"sKalisty - um\u011bl\u00e9 sk\u00e1ly","article_publisher":"https:\/\/www.facebook.com\/skalistyPL\/","article_modified_time":"2022-12-01T15:01:59+00:00","twitter_card":"summary_large_image","twitter_site":"@sztuczne_skaly","twitter_misc":{"Odhadovan\u00e1 doba \u010dten\u00ed":"6 minut"},"schema":{"@context":"https:\/\/schema.org","@graph":[{"@type":"WebPage","@id":"https:\/\/skalisty.pl\/cs\/stoji-za-to-si-nas-vybrat\/","url":"https:\/\/skalisty.pl\/cs\/stoji-za-to-si-nas-vybrat\/","name":"Na\u0161e zku\u0161enosti v oboru velkoform\u00e1tov\u00fdch dekorac\u00ed | sKalisty","isPartOf":{"@id":"https:\/\/skalisty.pl\/cs\/#website"},"datePublished":"2022-12-01T14:55:40+00:00","dateModified":"2022-12-01T15:01:59+00:00","description":"Co rozhoduje o tom, \u017ee spolupr\u00e1ce s n\u00e1mi je tou nejlep\u0161\u00ed volbou? Jak spolupracujeme se z\u00e1kazn\u00edkem na v\u00fdrob\u011b um\u011bl\u00fdch skal a velkoplo\u0161n\u00fdch dekorac\u00ed.","breadcrumb":{"@id":"https:\/\/skalisty.pl\/cs\/stoji-za-to-si-nas-vybrat\/#breadcrumb"},"inLanguage":"cs","potentialAction":[{"@type":"ReadAction","target":["https:\/\/skalisty.pl\/cs\/stoji-za-to-si-nas-vybrat\/"]}]},{"@type":"BreadcrumbList","@id":"https:\/\/skalisty.pl\/cs\/stoji-za-to-si-nas-vybrat\/#breadcrumb","itemListElement":[{"@type":"ListItem","position":1,"name":"\u00davod","item":"https:\/\/skalisty.pl\/cs\/"},{"@type":"ListItem","position":2,"name":"Co rozhoduje o tom, \u017ee spolupr\u00e1ce s n\u00e1mi je tou nejlep\u0161\u00ed volbou?"}]},{"@type":"WebSite","@id":"https:\/\/skalisty.pl\/cs\/#website","url":"https:\/\/skalisty.pl\/cs\/","name":"sKalisty - um\u011bl\u00e9 sk\u00e1ly","description":"","publisher":{"@id":"https:\/\/skalisty.pl\/cs\/#organization"},"potentialAction":[{"@type":"SearchAction","target":{"@type":"EntryPoint","urlTemplate":"https:\/\/skalisty.pl\/cs\/?s={search_term_string}"},"query-input":{"@type":"PropertyValueSpecification","valueRequired":true,"valueName":"search_term_string"}}],"inLanguage":"cs"},{"@type":"Organization","@id":"https:\/\/skalisty.pl\/cs\/#organization","name":"sKalisty - Um\u011bl\u00e9 Sk\u00e1ly","url":"https:\/\/skalisty.pl\/cs\/","logo":{"@type":"ImageObject","inLanguage":"cs","@id":"https:\/\/skalisty.pl\/cs\/#\/schema\/logo\/image\/","url":"https:\/\/static.skalisty.pl\/uploads\/2020\/01\/skalisty-schema-logo-2020.png","contentUrl":"https:\/\/static.skalisty.pl\/uploads\/2020\/01\/skalisty-schema-logo-2020.png","width":1090,"height":238,"caption":"sKalisty - Um\u011bl\u00e9 Sk\u00e1ly"},"image":{"@id":"https:\/\/skalisty.pl\/cs\/#\/schema\/logo\/image\/"},"sameAs":["https:\/\/www.facebook.com\/skalistyPL\/","https:\/\/x.com\/sztuczne_skaly","https:\/\/www.youtube.com\/channel\/UCkvotuS2nyEefXsMM5zd3Mw"]}]}},"_links":{"self":[{"href":"https:\/\/skalisty.pl\/cs\/wp-json\/wp\/v2\/pages\/16902","targetHints":{"allow":["GET"]}}],"collection":[{"href":"https:\/\/skalisty.pl\/cs\/wp-json\/wp\/v2\/pages"}],"about":[{"href":"https:\/\/skalisty.pl\/cs\/wp-json\/wp\/v2\/types\/page"}],"author":[{"embeddable":true,"href":"https:\/\/skalisty.pl\/cs\/wp-json\/wp\/v2\/users\/1"}],"replies":[{"embeddable":true,"href":"https:\/\/skalisty.pl\/cs\/wp-json\/wp\/v2\/comments?post=16902"}],"version-history":[{"count":5,"href":"https:\/\/skalisty.pl\/cs\/wp-json\/wp\/v2\/pages\/16902\/revisions"}],"predecessor-version":[{"id":16906,"href":"https:\/\/skalisty.pl\/cs\/wp-json\/wp\/v2\/pages\/16902\/revisions\/16906"}],"wp:attachment":[{"href":"https:\/\/skalisty.pl\/cs\/wp-json\/wp\/v2\/media?parent=16902"}],"curies":[{"name":"wp","href":"https:\/\/api.w.org\/{rel}","templated":true}]}}