{"id":16890,"date":"2022-12-01T14:50:17","date_gmt":"2022-12-01T13:50:17","guid":{"rendered":"https:\/\/skalisty.pl\/nabidka\/pro-investora\/"},"modified":"2022-12-13T16:03:34","modified_gmt":"2022-12-13T15:03:34","slug":"pro-investora","status":"publish","type":"page","link":"https:\/\/skalisty.pl\/cs\/nabidka\/pro-investora\/","title":{"rendered":"Pro Investora"},"content":{"rendered":"<p>[vc_row rt_row_background_width=&#8220;fullwidth&#8220; rt_row_content_width=&#8220;default&#8220; rt_row_style=&#8220;default-style&#8220; rt_row_borders=&#8220;&#8220; rt_row_paddings=&#8220;true&#8220; rt_bg_image=&#8220;4765&#8243; rt_bg_effect=&#8220;classic&#8220; rt_bg_image_repeat=&#8220;no-repeat&#8220; rt_bg_size=&#8220;100% auto&#8220; rt_bg_position=&#8220;center center&#8220; rt_bg_attachment=&#8220;scroll&#8220; rt_bg_video_format=&#8220;self-hosted&#8220; rt_padding_left=&#8220;0&#8243; rt_padding_right=&#8220;0&#8243; rt_padding_bottom=&#8220;0&#8243;][vc_column rt_wrp_col_paddings=&#8220;false&#8220; rt_border_top=&#8220;&#8220; rt_border_bottom=&#8220;&#8220; rt_border_left=&#8220;&#8220; rt_border_right=&#8220;&#8220; rt_border_top_mobile=&#8220;&#8220; rt_border_bottom_mobile=&#8220;&#8220; rt_border_left_mobile=&#8220;&#8220; rt_border_right_mobile=&#8220;&#8220; rt_bg_image_repeat=&#8220;repeat&#8220; rt_bg_size=&#8220;auto auto&#8220; rt_bg_position=&#8220;right top&#8220; rt_bg_attachment=&#8220;scroll&#8220;][vc_row_inner rt_row_style=&#8220;global-style&#8220; rt_column_placement=&#8220;middle&#8220; rt_row_borders=&#8220;&#8220; rt_row_paddings=&#8220;true&#8220; rt_bg_effect=&#8220;parallax&#8220; rt_bg_parallax_effect=&#8220;3&#8243; rt_pspeed=&#8220;2&#8243; rt_bg_image_repeat=&#8220;repeat&#8220; rt_bg_size=&#8220;cover&#8220; rt_bg_position=&#8220;right top&#8220; rt_bg_video_format=&#8220;self-hosted&#8220;][vc_column_inner width=&#8220;2\/3&#8243; rt_wrp_col_paddings=&#8220;false&#8220; rt_border_top=&#8220;&#8220; rt_border_bottom=&#8220;&#8220; rt_border_left=&#8220;&#8220; rt_border_right=&#8220;&#8220; rt_border_top_mobile=&#8220;&#8220; rt_border_bottom_mobile=&#8220;&#8220; rt_border_left_mobile=&#8220;&#8220; rt_border_right_mobile=&#8220;&#8220; rt_bg_image_repeat=&#8220;no-repeat&#8220; rt_bg_size=&#8220;100% auto&#8220; rt_bg_position=&#8220;center center&#8220; rt_bg_attachment=&#8220;scroll&#8220;]<div class=\"rt_heading_wrapper style-5\">\n\t\t\t\t\t\t<h2 class=\"rt_heading  style-5\" >DOHLED NAD REALIZAC\u00cd PROJEKTU<\/h2>\n\t\t\t\t\t<\/div>[vc_column_text]<\/p>\n<span class=\"highlight style-1\">I ten nejl\u00e9pe p\u0159ipraven\u00fd projekt je pouze n\u00e1stinem pl\u00e1novan\u00e9 investice.<\/span> Zp\u016fsob proveden\u00ed je nejd\u016fle\u017eit\u011bj\u0161\u00edm procesem, kter\u00fd celkov\u011b rozhoduje o \u00fasp\u011bchu \u010di ne\u00fasp\u011bchu v\u00fdsledn\u00e9 vizu\u00e1ln\u00ed integrity. Ve f\u00e1zi v\u00fdstavby je d\u016fle\u017eit\u00e9 nesoust\u0159edit se pouze na celkov\u00fd obraz, ale v\u011bnovat zvl\u00e1\u0161tn\u00ed pozornost tak\u00e9 nes\u010detn\u00fdm drobn\u00fdm detail\u016fm, kter\u00e9 dod\u00e1vaj\u00ed du\u0161i a charakter dokon\u010den\u00e9mu objektu. Pouze s t\u00edmto p\u0159\u00edstupem zaru\u010d\u00edme, \u017ee v\u00fdsledkem bude v\u011brn\u00e1 reprodukce prost\u0159ed\u00ed, kter\u00e9 v\u00e1s p\u0159esv\u011bd\u010d\u00ed a vt\u00e1hne sv\u00fdmi detaily.<\/p>\n<p>[\/vc_column_text][vc_empty_space]<article  class=\"icon-content-box content-box icon-left icon-style-2\"><div class=\"icon-holder\"><span class=\"icon-right-open\"><\/span><\/div><div class=\"text-holder\"><h5 class=\"heading\">Dohled nad realizac\u00ed projektu.<\/h5> <p>A\u0165 u\u017e se jedn\u00e1 o um\u011bl\u00e9 sk\u00e1ly, repliky strom\u016f a jin\u00fdch rostlin, modely zv\u00ed\u0159at, architektonick\u00e9 rekonstrukce zobrazuj\u00edc\u00ed r\u016fzn\u00e9 epochy nebo kultury, v\u017edy jde o p\u0159esnost a d\u016fraz na nejmen\u0161\u00ed detaily a zaji\u0161t\u011bn\u00ed co nejp\u0159irozen\u011bj\u0161\u00edho vzhledu. Zaji\u0161\u0165ujeme dohled nad projektem, abychom zajistili dosa\u017een\u00ed po\u017eadovan\u00e9ho efektu, celistvosti a kvality proveden\u00ed.<\/p>\n<\/div><\/article><article  class=\"icon-content-box content-box icon-left icon-style-2\"><div class=\"icon-holder\"><span class=\"icon-right-open\"><\/span><\/div><div class=\"text-holder\"><h5 class=\"heading\">Dohled nad prov\u00e1d\u011bn\u00edm, materi\u00e1lem a person\u00e1lem v ka\u017ed\u00e9 f\u00e1zi v\u00fdstavby.<\/h5> <p>Zaji\u0161\u0165ujeme, aby stavebn\u00ed f\u00e1ze prob\u00edhala v souladu s projektem a specifikacemi materi\u00e1l\u016f. N\u00e1\u0161 dohled zahrnuje tak\u00e9 v\u00fdb\u011br um\u011blc\u016f, sc\u00e9nograf\u016f a subdodavatel\u016f pod\u00edlej\u00edc\u00edch se na v\u00fdrob\u011b dekorac\u00ed.<\/p>\n<\/div><\/article><article  class=\"icon-content-box content-box icon-left icon-style-2\"><div class=\"icon-holder\"><span class=\"icon-right-open\"><\/span><\/div><div class=\"text-holder\"><h5 class=\"heading\">Doradztwo bran\u017cowe i wsparcie projektowe.<\/h5> <p>Zapewniamy doradztwo materia\u0142owe i technologiczne, dostarczamy dokumentacj\u0119 fotograficzn\u0105 jak i materia\u0142y referencyjne, budujemy modele 3D, tworzymy projekty oraz makiety. Co najistotniejsze prowadzimy nadz\u00f3r na miejscu budowy oraz zapewniamy zarz\u0105dzanie projektem pod k\u0105tem artystycznym.<\/p>\n<\/div><\/article>[vc_empty_space][\/vc_column_inner][vc_column_inner width=&#8220;1\/3&#8243; rt_wrp_col_paddings=&#8220;false&#8220; rt_border_top=&#8220;&#8220; rt_border_bottom=&#8220;&#8220; rt_border_left=&#8220;&#8220; rt_border_right=&#8220;&#8220; rt_border_top_mobile=&#8220;&#8220; rt_border_bottom_mobile=&#8220;&#8220; rt_border_left_mobile=&#8220;&#8220; rt_border_right_mobile=&#8220;&#8220; rt_bg_image_repeat=&#8220;repeat&#8220; rt_bg_size=&#8220;auto auto&#8220; rt_bg_position=&#8220;right top&#8220; rt_bg_attachment=&#8220;scroll&#8220;][vc_single_image image=&#8220;15111&#8243; img_size=&#8220;full&#8220; alignment=&#8220;center&#8220; style=&#8220;vc_box_shadow_3d&#8220;][vc_single_image image=&#8220;15112&#8243; img_size=&#8220;full&#8220; alignment=&#8220;center&#8220; style=&#8220;vc_box_shadow_3d&#8220;][\/vc_column_inner][\/vc_row_inner][vc_row_inner rt_row_style=&#8220;global-style&#8220; rt_row_borders=&#8220;&#8220; rt_row_paddings=&#8220;true&#8220; rt_bg_effect=&#8220;classic&#8220; rt_bg_image_repeat=&#8220;repeat&#8220; rt_bg_size=&#8220;cover&#8220; rt_bg_position=&#8220;right top&#8220; rt_bg_attachment=&#8220;scroll&#8220; rt_bg_video_format=&#8220;self-hosted&#8220; rt_padding_top=&#8220;18&#8243;][vc_column_inner width=&#8220;1\/3&#8243; rt_wrp_col_paddings=&#8220;false&#8220; rt_border_top=&#8220;&#8220; rt_border_bottom=&#8220;&#8220; rt_border_left=&#8220;&#8220; rt_border_right=&#8220;&#8220; rt_border_top_mobile=&#8220;&#8220; rt_border_bottom_mobile=&#8220;&#8220; rt_border_left_mobile=&#8220;&#8220; rt_border_right_mobile=&#8220;&#8220; rt_bg_image_repeat=&#8220;repeat&#8220; rt_bg_size=&#8220;auto auto&#8220; rt_bg_position=&#8220;right top&#8220; rt_bg_attachment=&#8220;scroll&#8220;][vc_single_image image=&#8220;15113&#8243; img_size=&#8220;full&#8220; alignment=&#8220;center&#8220; style=&#8220;vc_box_shadow_3d&#8220;][\/vc_column_inner][vc_column_inner width=&#8220;1\/3&#8243; rt_wrp_col_paddings=&#8220;false&#8220; rt_border_top=&#8220;&#8220; rt_border_bottom=&#8220;&#8220; rt_border_left=&#8220;&#8220; rt_border_right=&#8220;&#8220; rt_border_top_mobile=&#8220;&#8220; rt_border_bottom_mobile=&#8220;&#8220; rt_border_left_mobile=&#8220;&#8220; rt_border_right_mobile=&#8220;&#8220; rt_bg_image_repeat=&#8220;repeat&#8220; rt_bg_size=&#8220;auto auto&#8220; rt_bg_position=&#8220;right top&#8220; rt_bg_attachment=&#8220;scroll&#8220;][vc_single_image image=&#8220;15114&#8243; img_size=&#8220;full&#8220; alignment=&#8220;center&#8220; style=&#8220;vc_box_shadow_3d&#8220;][\/vc_column_inner][vc_column_inner width=&#8220;1\/3&#8243; rt_wrp_col_paddings=&#8220;false&#8220; rt_border_top=&#8220;&#8220; rt_border_bottom=&#8220;&#8220; rt_border_left=&#8220;&#8220; rt_border_right=&#8220;&#8220; rt_border_top_mobile=&#8220;&#8220; rt_border_bottom_mobile=&#8220;&#8220; rt_border_left_mobile=&#8220;&#8220; rt_border_right_mobile=&#8220;&#8220; rt_bg_image_repeat=&#8220;repeat&#8220; rt_bg_size=&#8220;auto auto&#8220; rt_bg_position=&#8220;right top&#8220; rt_bg_attachment=&#8220;scroll&#8220;][vc_single_image image=&#8220;15115&#8243; img_size=&#8220;full&#8220; alignment=&#8220;center&#8220; style=&#8220;vc_box_shadow_3d&#8220;][\/vc_column_inner][\/vc_row_inner][vc_empty_space height=&#8220;50px&#8220;][\/vc_column][\/vc_row]<\/p>\n","protected":false},"excerpt":{"rendered":"<p>[vc_row rt_row_background_width=&#8220;fullwidth&#8220; rt_row_content_width=&#8220;default&#8220; rt_row_style=&#8220;default-style&#8220; rt_row_borders=&#8220;&#8220; rt_row_paddings=&#8220;true&#8220; rt_bg_image=&#8220;4765&#8243; rt_bg_effect=&#8220;classic&#8220; rt_bg_image_repeat=&#8220;no-repeat&#8220; rt_bg_size=&#8220;100% auto&#8220; rt_bg_position=&#8220;center center&#8220; rt_bg_attachment=&#8220;scroll&#8220; rt_bg_video_format=&#8220;self-hosted&#8220; rt_padding_left=&#8220;0&#8243; rt_padding_right=&#8220;0&#8243; rt_padding_bottom=&#8220;0&#8243;][vc_column rt_wrp_col_paddings=&#8220;false&#8220; rt_border_top=&#8220;&#8220; rt_border_bottom=&#8220;&#8220; rt_border_left=&#8220;&#8220; rt_border_right=&#8220;&#8220; rt_border_top_mobile=&#8220;&#8220; rt_border_bottom_mobile=&#8220;&#8220; rt_border_left_mobile=&#8220;&#8220; rt_border_right_mobile=&#8220;&#8220; rt_bg_image_repeat=&#8220;repeat&#8220; rt_bg_size=&#8220;auto auto&#8220; rt_bg_position=&#8220;right top&#8220; rt_bg_attachment=&#8220;scroll&#8220;][vc_row_inner rt_row_style=&#8220;global-style&#8220; rt_column_placement=&#8220;middle&#8220; rt_row_borders=&#8220;&#8220; rt_row_paddings=&#8220;true&#8220; rt_bg_effect=&#8220;parallax&#8220; rt_bg_parallax_effect=&#8220;3&#8243; rt_pspeed=&#8220;2&#8243; rt_bg_image_repeat=&#8220;repeat&#8220; rt_bg_size=&#8220;cover&#8220; rt_bg_position=&#8220;right top&#8220; rt_bg_video_format=&#8220;self-hosted&#8220;][vc_column_inner width=&#8220;2\/3&#8243; rt_wrp_col_paddings=&#8220;false&#8220; rt_border_top=&#8220;&#8220; rt_border_bottom=&#8220;&#8220; rt_border_left=&#8220;&#8220; rt_border_right=&#8220;&#8220; rt_border_top_mobile=&#8220;&#8220; rt_border_bottom_mobile=&#8220;&#8220; rt_border_left_mobile=&#8220;&#8220; rt_border_right_mobile=&#8220;&#8220; [&hellip;]<\/p>\n","protected":false},"author":1,"featured_media":19585,"parent":15528,"menu_order":0,"comment_status":"closed","ping_status":"closed","template":"","meta":{"_exactmetrics_skip_tracking":false,"_exactmetrics_sitenote_active":false,"_exactmetrics_sitenote_note":"","_exactmetrics_sitenote_category":0,"footnotes":""},"class_list":["post-16890","page","type-page","status-publish","has-post-thumbnail","hentry"],"yoast_head":"<!-- This site is optimized with the Yoast SEO plugin v27.1.1 - https:\/\/yoast.com\/product\/yoast-seo-wordpress\/ -->\n<title>\u0158\u00edzen\u00ed projektu a koncep\u010dn\u00ed dohled | Pro Investora | sKalisty<\/title>\n<meta name=\"description\" content=\"Poskytujeme dohled nad projektem, abychom zajistili, \u017ee bude dosa\u017eeno zam\u00fd\u0161len\u00e9ho \u00fa\u010dinku, integrity a kvality proveden\u00ed z um\u011bleck\u00e9ho hlediska.\" \/>\n<meta name=\"robots\" content=\"index, follow, max-snippet:-1, max-image-preview:large, max-video-preview:-1\" \/>\n<link rel=\"canonical\" href=\"https:\/\/skalisty.pl\/cs\/nabidka\/pro-investora\/\" \/>\n<meta property=\"og:locale\" content=\"cs_CZ\" \/>\n<meta property=\"og:type\" content=\"article\" \/>\n<meta property=\"og:title\" content=\"\u0158\u00edzen\u00ed projektu a koncep\u010dn\u00ed dohled | Pro Investora | sKalisty\" \/>\n<meta property=\"og:description\" content=\"Poskytujeme dohled nad projektem, abychom zajistili, \u017ee bude dosa\u017eeno zam\u00fd\u0161len\u00e9ho \u00fa\u010dinku, integrity a kvality proveden\u00ed z um\u011bleck\u00e9ho hlediska.\" \/>\n<meta property=\"og:url\" content=\"https:\/\/skalisty.pl\/cs\/nabidka\/pro-investora\/\" \/>\n<meta property=\"og:site_name\" content=\"sKalisty - um\u011bl\u00e9 sk\u00e1ly\" \/>\n<meta property=\"article:publisher\" content=\"https:\/\/www.facebook.com\/skalistyPL\/\" \/>\n<meta property=\"article:modified_time\" content=\"2022-12-13T15:03:34+00:00\" \/>\n<meta property=\"og:image\" content=\"https:\/\/static.skalisty.pl\/uploads\/2022\/12\/dla-inwestorow-oferta.jpg\" \/>\n\t<meta property=\"og:image:width\" content=\"400\" \/>\n\t<meta property=\"og:image:height\" content=\"800\" \/>\n\t<meta property=\"og:image:type\" content=\"image\/jpeg\" \/>\n<meta name=\"twitter:card\" content=\"summary_large_image\" \/>\n<meta name=\"twitter:site\" content=\"@sztuczne_skaly\" \/>\n<meta name=\"twitter:label1\" content=\"Odhadovan\u00e1 doba \u010dten\u00ed\" \/>\n\t<meta name=\"twitter:data1\" content=\"3 minuty\" \/>\n<script type=\"application\/ld+json\" class=\"yoast-schema-graph\">{\"@context\":\"https:\/\/schema.org\",\"@graph\":[{\"@type\":\"WebPage\",\"@id\":\"https:\/\/skalisty.pl\/cs\/nabidka\/pro-investora\/\",\"url\":\"https:\/\/skalisty.pl\/cs\/nabidka\/pro-investora\/\",\"name\":\"\u0158\u00edzen\u00ed projektu a koncep\u010dn\u00ed dohled | Pro Investora | sKalisty\",\"isPartOf\":{\"@id\":\"https:\/\/skalisty.pl\/cs\/#website\"},\"primaryImageOfPage\":{\"@id\":\"https:\/\/skalisty.pl\/cs\/nabidka\/pro-investora\/#primaryimage\"},\"image\":{\"@id\":\"https:\/\/skalisty.pl\/cs\/nabidka\/pro-investora\/#primaryimage\"},\"thumbnailUrl\":\"https:\/\/static.skalisty.pl\/uploads\/2022\/12\/dla-inwestorow-oferta.jpg\",\"datePublished\":\"2022-12-01T13:50:17+00:00\",\"dateModified\":\"2022-12-13T15:03:34+00:00\",\"description\":\"Poskytujeme dohled nad projektem, abychom zajistili, \u017ee bude dosa\u017eeno zam\u00fd\u0161len\u00e9ho \u00fa\u010dinku, integrity a kvality proveden\u00ed z um\u011bleck\u00e9ho hlediska.\",\"breadcrumb\":{\"@id\":\"https:\/\/skalisty.pl\/cs\/nabidka\/pro-investora\/#breadcrumb\"},\"inLanguage\":\"cs\",\"potentialAction\":[{\"@type\":\"ReadAction\",\"target\":[\"https:\/\/skalisty.pl\/cs\/nabidka\/pro-investora\/\"]}]},{\"@type\":\"ImageObject\",\"inLanguage\":\"cs\",\"@id\":\"https:\/\/skalisty.pl\/cs\/nabidka\/pro-investora\/#primaryimage\",\"url\":\"https:\/\/static.skalisty.pl\/uploads\/2022\/12\/dla-inwestorow-oferta.jpg\",\"contentUrl\":\"https:\/\/static.skalisty.pl\/uploads\/2022\/12\/dla-inwestorow-oferta.jpg\",\"width\":400,\"height\":800},{\"@type\":\"BreadcrumbList\",\"@id\":\"https:\/\/skalisty.pl\/cs\/nabidka\/pro-investora\/#breadcrumb\",\"itemListElement\":[{\"@type\":\"ListItem\",\"position\":1,\"name\":\"\u00davod\",\"item\":\"https:\/\/skalisty.pl\/cs\/\"},{\"@type\":\"ListItem\",\"position\":2,\"name\":\"Nab\u00eddka\",\"item\":\"https:\/\/skalisty.pl\/cs\/nabidka\/\"},{\"@type\":\"ListItem\",\"position\":3,\"name\":\"Pro Investora\"}]},{\"@type\":\"WebSite\",\"@id\":\"https:\/\/skalisty.pl\/cs\/#website\",\"url\":\"https:\/\/skalisty.pl\/cs\/\",\"name\":\"sKalisty - um\u011bl\u00e9 sk\u00e1ly\",\"description\":\"\",\"publisher\":{\"@id\":\"https:\/\/skalisty.pl\/cs\/#organization\"},\"potentialAction\":[{\"@type\":\"SearchAction\",\"target\":{\"@type\":\"EntryPoint\",\"urlTemplate\":\"https:\/\/skalisty.pl\/cs\/?s={search_term_string}\"},\"query-input\":{\"@type\":\"PropertyValueSpecification\",\"valueRequired\":true,\"valueName\":\"search_term_string\"}}],\"inLanguage\":\"cs\"},{\"@type\":\"Organization\",\"@id\":\"https:\/\/skalisty.pl\/cs\/#organization\",\"name\":\"sKalisty - Um\u011bl\u00e9 Sk\u00e1ly\",\"url\":\"https:\/\/skalisty.pl\/cs\/\",\"logo\":{\"@type\":\"ImageObject\",\"inLanguage\":\"cs\",\"@id\":\"https:\/\/skalisty.pl\/cs\/#\/schema\/logo\/image\/\",\"url\":\"https:\/\/static.skalisty.pl\/uploads\/2020\/01\/skalisty-schema-logo-2020.png\",\"contentUrl\":\"https:\/\/static.skalisty.pl\/uploads\/2020\/01\/skalisty-schema-logo-2020.png\",\"width\":1090,\"height\":238,\"caption\":\"sKalisty - Um\u011bl\u00e9 Sk\u00e1ly\"},\"image\":{\"@id\":\"https:\/\/skalisty.pl\/cs\/#\/schema\/logo\/image\/\"},\"sameAs\":[\"https:\/\/www.facebook.com\/skalistyPL\/\",\"https:\/\/x.com\/sztuczne_skaly\",\"https:\/\/www.youtube.com\/channel\/UCkvotuS2nyEefXsMM5zd3Mw\"]}]}<\/script>\n<!-- \/ Yoast SEO plugin. -->","yoast_head_json":{"title":"\u0158\u00edzen\u00ed projektu a koncep\u010dn\u00ed dohled | Pro Investora | sKalisty","description":"Poskytujeme dohled nad projektem, abychom zajistili, \u017ee bude dosa\u017eeno zam\u00fd\u0161len\u00e9ho \u00fa\u010dinku, integrity a kvality proveden\u00ed z um\u011bleck\u00e9ho hlediska.","robots":{"index":"index","follow":"follow","max-snippet":"max-snippet:-1","max-image-preview":"max-image-preview:large","max-video-preview":"max-video-preview:-1"},"canonical":"https:\/\/skalisty.pl\/cs\/nabidka\/pro-investora\/","og_locale":"cs_CZ","og_type":"article","og_title":"\u0158\u00edzen\u00ed projektu a koncep\u010dn\u00ed dohled | Pro Investora | sKalisty","og_description":"Poskytujeme dohled nad projektem, abychom zajistili, \u017ee bude dosa\u017eeno zam\u00fd\u0161len\u00e9ho \u00fa\u010dinku, integrity a kvality proveden\u00ed z um\u011bleck\u00e9ho hlediska.","og_url":"https:\/\/skalisty.pl\/cs\/nabidka\/pro-investora\/","og_site_name":"sKalisty - um\u011bl\u00e9 sk\u00e1ly","article_publisher":"https:\/\/www.facebook.com\/skalistyPL\/","article_modified_time":"2022-12-13T15:03:34+00:00","og_image":[{"width":400,"height":800,"url":"https:\/\/static.skalisty.pl\/uploads\/2022\/12\/dla-inwestorow-oferta.jpg","type":"image\/jpeg"}],"twitter_card":"summary_large_image","twitter_site":"@sztuczne_skaly","twitter_misc":{"Odhadovan\u00e1 doba \u010dten\u00ed":"3 minuty"},"schema":{"@context":"https:\/\/schema.org","@graph":[{"@type":"WebPage","@id":"https:\/\/skalisty.pl\/cs\/nabidka\/pro-investora\/","url":"https:\/\/skalisty.pl\/cs\/nabidka\/pro-investora\/","name":"\u0158\u00edzen\u00ed projektu a koncep\u010dn\u00ed dohled | Pro Investora | sKalisty","isPartOf":{"@id":"https:\/\/skalisty.pl\/cs\/#website"},"primaryImageOfPage":{"@id":"https:\/\/skalisty.pl\/cs\/nabidka\/pro-investora\/#primaryimage"},"image":{"@id":"https:\/\/skalisty.pl\/cs\/nabidka\/pro-investora\/#primaryimage"},"thumbnailUrl":"https:\/\/static.skalisty.pl\/uploads\/2022\/12\/dla-inwestorow-oferta.jpg","datePublished":"2022-12-01T13:50:17+00:00","dateModified":"2022-12-13T15:03:34+00:00","description":"Poskytujeme dohled nad projektem, abychom zajistili, \u017ee bude dosa\u017eeno zam\u00fd\u0161len\u00e9ho \u00fa\u010dinku, integrity a kvality proveden\u00ed z um\u011bleck\u00e9ho hlediska.","breadcrumb":{"@id":"https:\/\/skalisty.pl\/cs\/nabidka\/pro-investora\/#breadcrumb"},"inLanguage":"cs","potentialAction":[{"@type":"ReadAction","target":["https:\/\/skalisty.pl\/cs\/nabidka\/pro-investora\/"]}]},{"@type":"ImageObject","inLanguage":"cs","@id":"https:\/\/skalisty.pl\/cs\/nabidka\/pro-investora\/#primaryimage","url":"https:\/\/static.skalisty.pl\/uploads\/2022\/12\/dla-inwestorow-oferta.jpg","contentUrl":"https:\/\/static.skalisty.pl\/uploads\/2022\/12\/dla-inwestorow-oferta.jpg","width":400,"height":800},{"@type":"BreadcrumbList","@id":"https:\/\/skalisty.pl\/cs\/nabidka\/pro-investora\/#breadcrumb","itemListElement":[{"@type":"ListItem","position":1,"name":"\u00davod","item":"https:\/\/skalisty.pl\/cs\/"},{"@type":"ListItem","position":2,"name":"Nab\u00eddka","item":"https:\/\/skalisty.pl\/cs\/nabidka\/"},{"@type":"ListItem","position":3,"name":"Pro Investora"}]},{"@type":"WebSite","@id":"https:\/\/skalisty.pl\/cs\/#website","url":"https:\/\/skalisty.pl\/cs\/","name":"sKalisty - um\u011bl\u00e9 sk\u00e1ly","description":"","publisher":{"@id":"https:\/\/skalisty.pl\/cs\/#organization"},"potentialAction":[{"@type":"SearchAction","target":{"@type":"EntryPoint","urlTemplate":"https:\/\/skalisty.pl\/cs\/?s={search_term_string}"},"query-input":{"@type":"PropertyValueSpecification","valueRequired":true,"valueName":"search_term_string"}}],"inLanguage":"cs"},{"@type":"Organization","@id":"https:\/\/skalisty.pl\/cs\/#organization","name":"sKalisty - Um\u011bl\u00e9 Sk\u00e1ly","url":"https:\/\/skalisty.pl\/cs\/","logo":{"@type":"ImageObject","inLanguage":"cs","@id":"https:\/\/skalisty.pl\/cs\/#\/schema\/logo\/image\/","url":"https:\/\/static.skalisty.pl\/uploads\/2020\/01\/skalisty-schema-logo-2020.png","contentUrl":"https:\/\/static.skalisty.pl\/uploads\/2020\/01\/skalisty-schema-logo-2020.png","width":1090,"height":238,"caption":"sKalisty - Um\u011bl\u00e9 Sk\u00e1ly"},"image":{"@id":"https:\/\/skalisty.pl\/cs\/#\/schema\/logo\/image\/"},"sameAs":["https:\/\/www.facebook.com\/skalistyPL\/","https:\/\/x.com\/sztuczne_skaly","https:\/\/www.youtube.com\/channel\/UCkvotuS2nyEefXsMM5zd3Mw"]}]}},"_links":{"self":[{"href":"https:\/\/skalisty.pl\/cs\/wp-json\/wp\/v2\/pages\/16890","targetHints":{"allow":["GET"]}}],"collection":[{"href":"https:\/\/skalisty.pl\/cs\/wp-json\/wp\/v2\/pages"}],"about":[{"href":"https:\/\/skalisty.pl\/cs\/wp-json\/wp\/v2\/types\/page"}],"author":[{"embeddable":true,"href":"https:\/\/skalisty.pl\/cs\/wp-json\/wp\/v2\/users\/1"}],"replies":[{"embeddable":true,"href":"https:\/\/skalisty.pl\/cs\/wp-json\/wp\/v2\/comments?post=16890"}],"version-history":[{"count":5,"href":"https:\/\/skalisty.pl\/cs\/wp-json\/wp\/v2\/pages\/16890\/revisions"}],"predecessor-version":[{"id":19637,"href":"https:\/\/skalisty.pl\/cs\/wp-json\/wp\/v2\/pages\/16890\/revisions\/19637"}],"up":[{"embeddable":true,"href":"https:\/\/skalisty.pl\/cs\/wp-json\/wp\/v2\/pages\/15528"}],"wp:featuredmedia":[{"embeddable":true,"href":"https:\/\/skalisty.pl\/cs\/wp-json\/wp\/v2\/media\/19585"}],"wp:attachment":[{"href":"https:\/\/skalisty.pl\/cs\/wp-json\/wp\/v2\/media?parent=16890"}],"curies":[{"name":"wp","href":"https:\/\/api.w.org\/{rel}","templated":true}]}}