{"id":16562,"date":"2022-11-29T14:54:33","date_gmt":"2022-11-29T13:54:33","guid":{"rendered":"https:\/\/skalisty.pl\/o-nas\/"},"modified":"2022-11-29T15:01:52","modified_gmt":"2022-11-29T14:01:52","slug":"o-nas","status":"publish","type":"page","link":"https:\/\/skalisty.pl\/cs\/o-nas\/","title":{"rendered":"O N\u00e1s"},"content":{"rendered":"<p>[vc_row rt_row_background_width=&#8220;fullwidth&#8220; rt_row_content_width=&#8220;fullwidth&#8220; rt_row_style=&#8220;default-style&#8220; rt_column_placement=&#8220;middle&#8220; rt_row_borders=&#8220;&#8220; rt_row_paddings=&#8220;false&#8220; rt_bg_effect=&#8220;classic&#8220; rt_bg_image_repeat=&#8220;repeat&#8220; rt_bg_size=&#8220;cover&#8220; rt_bg_position=&#8220;right top&#8220; rt_bg_attachment=&#8220;scroll&#8220; rt_bg_video_format=&#8220;self-hosted&#8220;][vc_column width=&#8220;1\/2&#8243; rt_wrp_col_paddings=&#8220;false&#8220; rt_border_top=&#8220;&#8220; rt_border_bottom=&#8220;&#8220; rt_border_left=&#8220;&#8220; rt_border_right=&#8220;&#8220; rt_border_top_mobile=&#8220;&#8220; rt_border_bottom_mobile=&#8220;&#8220; rt_border_left_mobile=&#8220;&#8220; rt_border_right_mobile=&#8220;&#8220; rt_bg_image_repeat=&#8220;repeat&#8220; rt_bg_size=&#8220;auto auto&#8220; rt_bg_position=&#8220;right top&#8220; rt_bg_attachment=&#8220;scroll&#8220; rt_padding_top=&#8220;0&#8243; rt_padding_bottom=&#8220;0&#8243; rt_padding_left=&#8220;0&#8243; rt_padding_right=&#8220;0&#8243;][vc_single_image image=&#8220;14660&#8243; img_size=&#8220;full&#8220; alignment=&#8220;center&#8220;][\/vc_column][vc_column width=&#8220;1\/2&#8243; rt_wrp_col_paddings=&#8220;false&#8220; rt_border_top=&#8220;&#8220; rt_border_bottom=&#8220;&#8220; rt_border_left=&#8220;&#8220; rt_border_right=&#8220;&#8220; rt_border_top_mobile=&#8220;&#8220; rt_border_bottom_mobile=&#8220;&#8220; rt_border_left_mobile=&#8220;&#8220; rt_border_right_mobile=&#8220;&#8220; rt_bg_image_repeat=&#8220;repeat&#8220; rt_bg_size=&#8220;auto auto&#8220; rt_bg_position=&#8220;right top&#8220; rt_bg_attachment=&#8220;scroll&#8220; rt_padding_top=&#8220;0&#8243; rt_padding_bottom=&#8220;0&#8243; rt_padding_left=&#8220;0&#8243; rt_padding_right=&#8220;0&#8243;]<div class=\"rt_heading_wrapper style-4\">\n\t\t\t\t\t\t<h1 class=\"rt_heading  style-4\" >KDO JSME<\/h1>\n\t\t\t\t\t<\/div>[vc_column_text css=&#8220;.vc_custom_1669730132359{padding-right: 30px !important;padding-left: 30px !important;}&#8220;]Jsme <span class=\"highlight style-1\"><strong>spole\u010dnost se s\u00eddlem ve Vratislavi<\/strong><\/span>, se zavedenou pozic\u00ed na trhu dekorac\u00ed z cementov\u00e9 malty. Poskytujeme slu\u017eby na nejvy\u0161\u0161\u00ed \u00farovni. Realizujeme projekty po cel\u00e9 Evrop\u011b, ale na\u0161\u00ed hlavn\u00ed oblast\u00ed p\u016fsoben\u00ed je Polsko, kde realizujeme. <span class=\"highlight style-1\"><strong>pr\u00e1ce pro ve\u0159ejn\u00e1 za\u0159\u00edzen\u00ed, jako jsou zoologick\u00e9 zahrady, akvaparky a ocean\u00e1ria.<\/strong><\/span>. Realizujeme tak\u00e9 zak\u00e1zky na v\u00fdstavbu um\u011bl\u00fdch skal, vodn\u00edch kask\u00e1d a um\u011bl\u00fdch strom\u016f pro soukrom\u00e9 klienty a hotely. Ka\u017ed\u00e1 realizace je prov\u00e1d\u011bna s d\u016frazem na detail a <span class=\"highlight style-1\"><strong>zohledn\u011bn\u00ed individu\u00e1ln\u00edch pot\u0159eb na\u0161ich z\u00e1kazn\u00edk\u016f<\/strong><\/span>.[\/vc_column_text][\/vc_column][\/vc_row][vc_row rt_row_background_width=&#8220;fullwidth&#8220; rt_row_content_width=&#8220;fullwidth&#8220; rt_row_style=&#8220;default-style&#8220; rt_column_placement=&#8220;middle&#8220; rt_row_borders=&#8220;&#8220; rt_row_paddings=&#8220;false&#8220; rt_bg_effect=&#8220;classic&#8220; rt_bg_image_repeat=&#8220;repeat&#8220; rt_bg_size=&#8220;cover&#8220; rt_bg_position=&#8220;right top&#8220; rt_bg_attachment=&#8220;scroll&#8220; rt_bg_video_format=&#8220;self-hosted&#8220;][vc_column width=&#8220;1\/2&#8243; rt_wrp_col_paddings=&#8220;false&#8220; rt_border_top=&#8220;&#8220; rt_border_bottom=&#8220;&#8220; rt_border_left=&#8220;&#8220; rt_border_right=&#8220;&#8220; rt_border_top_mobile=&#8220;&#8220; rt_border_bottom_mobile=&#8220;&#8220; rt_border_left_mobile=&#8220;&#8220; rt_border_right_mobile=&#8220;&#8220; rt_bg_image_repeat=&#8220;repeat&#8220; rt_bg_size=&#8220;auto auto&#8220; rt_bg_position=&#8220;right top&#8220; rt_bg_attachment=&#8220;scroll&#8220; rt_padding_top=&#8220;0&#8243; rt_padding_bottom=&#8220;0&#8243; rt_padding_left=&#8220;0&#8243; rt_padding_right=&#8220;0&#8243;]<div class=\"rt_heading_wrapper style-4\">\n\t\t\t\t\t\t<h2 class=\"rt_heading  style-4\"  style=\"font-size:42px;\">\u0160PI\u010cKOV\u00c9 ZPRACOV\u00c1N\u00cd<\/h2>\n\t\t\t\t\t<\/div>[vc_column_text css=&#8220;.vc_custom_1549397811939{padding-right: 30px !important;padding-left: 30px !important;}&#8220;]<span class=\"highlight style-1\">Na\u0161im<\/span> z\u00e1kazn\u00edk\u016fm <span class=\"highlight style-1\">zaru\u010dujeme \u0159e\u0161en\u00ed nejvy\u0161\u0161\u00ed kvality,<\/span> kter\u00e1 jsou bezpe\u010dn\u00e1 a trvanliv\u00e1. M\u00e1me rozs\u00e1hl\u00e9 <span class=\"highlight style-1\">zku\u0161enosti s konstrukc\u00ed, instalac\u00ed a n\u00e1vrhem<\/span> dekorac\u00ed pro velkoform\u00e1tov\u00e1 akv\u00e1ria, v\u00fdb\u011bhy zv\u00ed\u0159at v zoologick\u00fdch zahrad\u00e1ch, z\u00e1bavn\u00ed parky, l\u00e1zn\u011b a v\u011bdeck\u00e9 reprodukce pro muzeografii. Ka\u017ed\u00fd n\u00e1\u0161 projekt je prov\u00e1d\u011bn profesion\u00e1ln\u011b a efektivn\u011b.[\/vc_column_text][\/vc_column][vc_column width=&#8220;1\/2&#8243; rt_wrp_col_paddings=&#8220;false&#8220; rt_border_top=&#8220;&#8220; rt_border_bottom=&#8220;&#8220; rt_border_left=&#8220;&#8220; rt_border_right=&#8220;&#8220; rt_border_top_mobile=&#8220;&#8220; rt_border_bottom_mobile=&#8220;&#8220; rt_border_left_mobile=&#8220;&#8220; rt_border_right_mobile=&#8220;&#8220; rt_bg_image_repeat=&#8220;repeat&#8220; rt_bg_size=&#8220;auto auto&#8220; rt_bg_position=&#8220;right top&#8220; rt_bg_attachment=&#8220;scroll&#8220; rt_padding_top=&#8220;0&#8243; rt_padding_bottom=&#8220;0&#8243; rt_padding_left=&#8220;0&#8243; rt_padding_right=&#8220;0&#8243;][vc_single_image image=&#8220;14644&#8243; img_size=&#8220;full&#8220; alignment=&#8220;center&#8220;][\/vc_column][\/vc_row][vc_row rt_row_background_width=&#8220;fullwidth&#8220; rt_row_content_width=&#8220;default&#8220; rt_row_style=&#8220;alt-style-2&#8243; rt_row_borders=&#8220;top,bottom&#8220; rt_grid=&#8220;true&#8220; rt_row_paddings=&#8220;true&#8220; rt_bg_effect=&#8220;classic&#8220; rt_bg_image_repeat=&#8220;repeat&#8220; rt_bg_size=&#8220;cover&#8220; rt_bg_position=&#8220;right top&#8220; rt_bg_attachment=&#8220;scroll&#8220; rt_bg_video_format=&#8220;self-hosted&#8220; rt_padding_top=&#8220;20&#8243; rt_padding_bottom=&#8220;20&#8243;][vc_column width=&#8220;1\/3&#8243; rt_wrp_col_paddings=&#8220;false&#8220; rt_border_top=&#8220;&#8220; rt_border_bottom=&#8220;&#8220; rt_border_left=&#8220;&#8220; rt_border_right=&#8220;&#8220; rt_border_top_mobile=&#8220;&#8220; rt_border_bottom_mobile=&#8220;&#8220; rt_border_left_mobile=&#8220;&#8220; rt_border_right_mobile=&#8220;&#8220; rt_bg_image_repeat=&#8220;repeat&#8220; rt_bg_size=&#8220;auto auto&#8220; rt_bg_position=&#8220;right top&#8220; rt_bg_attachment=&#8220;scroll&#8220;]<article  class=\"icon-content-box content-box icon-left icon-style-1\"><div class=\"icon-holder\"><span class=\"icon-thumbs-up\"><\/span><\/div><div class=\"text-holder\"><h3 class=\"heading\">NA\u0160E V\u00c1\u0160E\u0147<\/h3> <p><span class=\"icon-box__subtitle\">Um\u011bl\u00e9 sk\u00e1ly jsou na\u0161\u00ed v\u00e1\u0161n\u00ed a s takov\u00fdm zaujet\u00edm svou pr\u00e1ci d\u011bl\u00e1me. Prov\u00e1d\u00edme v\u0161echny neobvykl\u00e9 a &#8222;nemo\u017en\u00e9&#8220; projekty.<\/span><\/p>\n<\/div><\/article>[\/vc_column][vc_column width=&#8220;1\/3&#8243; rt_wrp_col_paddings=&#8220;false&#8220; rt_border_top=&#8220;&#8220; rt_border_bottom=&#8220;&#8220; rt_border_left=&#8220;&#8220; rt_border_right=&#8220;&#8220; rt_border_top_mobile=&#8220;&#8220; rt_border_bottom_mobile=&#8220;&#8220; rt_border_left_mobile=&#8220;&#8220; rt_border_right_mobile=&#8220;&#8220; rt_bg_image_repeat=&#8220;repeat&#8220; rt_bg_size=&#8220;auto auto&#8220; rt_bg_position=&#8220;right top&#8220; rt_bg_attachment=&#8220;scroll&#8220;]<article  class=\"icon-content-box content-box icon-left icon-style-1\"><div class=\"icon-holder\"><span class=\"icon-globe\"><\/span><\/div><div class=\"text-holder\"><h3 class=\"heading\">VYSOK\u00c1 KVALITA<\/h3> <p><span class=\"icon-box__subtitle\">P\u0159i realizaci projekt\u016f s n\u00e1mi nab\u00edz\u00edme prvot\u0159\u00eddn\u00ed zpracov\u00e1n\u00ed.<\/span><\/p>\n<\/div><\/article>[\/vc_column][vc_column width=&#8220;1\/3&#8243; rt_wrp_col_paddings=&#8220;false&#8220; rt_border_top=&#8220;&#8220; rt_border_bottom=&#8220;&#8220; rt_border_left=&#8220;&#8220; rt_border_right=&#8220;&#8220; rt_border_top_mobile=&#8220;&#8220; rt_border_bottom_mobile=&#8220;&#8220; rt_border_left_mobile=&#8220;&#8220; rt_border_right_mobile=&#8220;&#8220; rt_bg_image_repeat=&#8220;repeat&#8220; rt_bg_size=&#8220;auto auto&#8220; rt_bg_position=&#8220;right top&#8220; rt_bg_attachment=&#8220;scroll&#8220;]<article  class=\"icon-content-box content-box icon-left icon-style-1\"><div class=\"icon-holder\"><span class=\"icon-users\"><\/span><\/div><div class=\"text-holder\"><h3 class=\"heading\">T\u00ddM PROFESION\u00c1L\u016e<\/h3> <p><span class=\"icon-box__subtitle\">U velk\u00fdch a slo\u017eit\u00fdch projekt\u016f spolupracujeme s mezin\u00e1rodn\u00edm projektov\u00fdm t\u00fdmem.<\/span><\/p>\n<\/div><\/article>[\/vc_column][\/vc_row][vc_row rt_row_background_width=&#8220;fullwidth&#8220; rt_row_content_width=&#8220;fullwidth&#8220; rt_row_style=&#8220;default-style&#8220; rt_column_placement=&#8220;middle&#8220; rt_row_borders=&#8220;&#8220; rt_row_paddings=&#8220;false&#8220; rt_bg_effect=&#8220;classic&#8220; rt_bg_image_repeat=&#8220;repeat&#8220; rt_bg_size=&#8220;cover&#8220; rt_bg_position=&#8220;right top&#8220; rt_bg_attachment=&#8220;scroll&#8220; rt_bg_video_format=&#8220;self-hosted&#8220;][vc_column width=&#8220;1\/2&#8243; rt_wrp_col_paddings=&#8220;false&#8220; rt_border_top=&#8220;&#8220; rt_border_bottom=&#8220;&#8220; rt_border_left=&#8220;&#8220; rt_border_right=&#8220;&#8220; rt_border_top_mobile=&#8220;&#8220; rt_border_bottom_mobile=&#8220;&#8220; rt_border_left_mobile=&#8220;&#8220; rt_border_right_mobile=&#8220;&#8220; rt_bg_image_repeat=&#8220;repeat&#8220; rt_bg_size=&#8220;auto auto&#8220; rt_bg_position=&#8220;right top&#8220; rt_bg_attachment=&#8220;scroll&#8220; rt_padding_top=&#8220;0&#8243; rt_padding_bottom=&#8220;0&#8243; rt_padding_left=&#8220;0&#8243; rt_padding_right=&#8220;0&#8243;][vc_single_image image=&#8220;14662&#8243; img_size=&#8220;full&#8220; alignment=&#8220;center&#8220;][\/vc_column][vc_column width=&#8220;1\/2&#8243; rt_wrp_col_paddings=&#8220;false&#8220; rt_border_top=&#8220;&#8220; rt_border_bottom=&#8220;&#8220; rt_border_left=&#8220;&#8220; rt_border_right=&#8220;&#8220; rt_border_top_mobile=&#8220;&#8220; rt_border_bottom_mobile=&#8220;&#8220; rt_border_left_mobile=&#8220;&#8220; rt_border_right_mobile=&#8220;&#8220; rt_bg_image_repeat=&#8220;repeat&#8220; rt_bg_size=&#8220;auto auto&#8220; rt_bg_position=&#8220;right top&#8220; rt_bg_attachment=&#8220;scroll&#8220; rt_padding_top=&#8220;0&#8243; rt_padding_bottom=&#8220;0&#8243; rt_padding_left=&#8220;0&#8243; rt_padding_right=&#8220;0&#8243;]<div class=\"rt_heading_wrapper style-4\">\n\t\t\t\t\t\t<h3 class=\"rt_heading  style-4\"  style=\"font-size:42px;\">MODIFIKOVAN\u00c9 BETONOV\u00c9 DEKORACE<\/h3>\n\t\t\t\t\t<\/div>[vc_column_text css=&#8220;.vc_custom_1549398005037{padding-right: 30px !important;padding-left: 30px !important;}&#8220;]sKalisty je spole\u010dnost specializuj\u00edc\u00ed se na v\u00fdrobu <span class=\"highlight style-1\">um\u011bl\u00fdch hornin<\/span> z cementov\u00e9 malty a prysky\u0159ic. V\u00fdsledkem na\u0161\u00ed pr\u00e1ce je v\u011brn\u00e1 reprodukce p\u0159\u00edrodn\u00edch skaln\u00edch \u00fatvar\u016f, kor\u00e1lov\u00fdch \u00fates\u016f a strom\u016f. Trv\u00e1me na tom, \u017ee v\u0161echny realizace, kter\u00e9 prov\u00e1d\u00edme, jsou vzd\u011bl\u00e1vac\u00ed a <span class=\"highlight style-1\">odr\u00e1\u017eej\u00ed skaln\u00ed struktury, kter\u00e9 se nach\u00e1zej\u00ed v p\u0159\u00edrod\u011b<\/span>. M\u00e1me zku\u0161enosti podlo\u017een\u00e9 prac\u00ed na tis\u00edc\u00edch metr\u016f \u010dtvere\u010dn\u00edch um\u011bl\u00e9 horniny. K na\u0161im nejv\u011bt\u0161\u00edm projekt\u016fm pat\u0159\u00ed <span class=\"highlight style-1\">v\u00fdstavba skaln\u00ed v\u00fdzdoby<\/span> pro rekrea\u010dn\u00ed are\u00e1l term\u00e1ln\u00edch l\u00e1zn\u00ed Tarn\u00f3w a nejv\u011bt\u0161\u00ed polsk\u00e9 aran\u017em\u00e1 z um\u011bl\u00fdch skal v Afryk\u00e1riu vratislavsk\u00e9 zoologick\u00e9 zahrady.[\/vc_column_text][\/vc_column][\/vc_row][vc_row rt_row_background_width=&#8220;fullwidth&#8220; rt_row_content_width=&#8220;fullwidth&#8220; rt_row_style=&#8220;default-style&#8220; rt_column_placement=&#8220;middle&#8220; rt_row_borders=&#8220;&#8220; rt_row_paddings=&#8220;false&#8220; rt_bg_effect=&#8220;classic&#8220; rt_bg_image_repeat=&#8220;repeat&#8220; rt_bg_size=&#8220;cover&#8220; rt_bg_position=&#8220;right top&#8220; rt_bg_attachment=&#8220;scroll&#8220; rt_bg_video_format=&#8220;self-hosted&#8220;][vc_column width=&#8220;1\/2&#8243; rt_wrp_col_paddings=&#8220;false&#8220; rt_border_top=&#8220;&#8220; rt_border_bottom=&#8220;&#8220; rt_border_left=&#8220;&#8220; rt_border_right=&#8220;&#8220; rt_border_top_mobile=&#8220;&#8220; rt_border_bottom_mobile=&#8220;&#8220; rt_border_left_mobile=&#8220;&#8220; rt_border_right_mobile=&#8220;&#8220; rt_bg_image_repeat=&#8220;repeat&#8220; rt_bg_size=&#8220;auto auto&#8220; rt_bg_position=&#8220;right top&#8220; rt_bg_attachment=&#8220;scroll&#8220; rt_padding_top=&#8220;0&#8243; rt_padding_bottom=&#8220;0&#8243; rt_padding_left=&#8220;0&#8243; rt_padding_right=&#8220;0&#8243;]<div class=\"rt_heading_wrapper style-4\">\n\t\t\t\t\t\t<h4 class=\"rt_heading  style-4\"  style=\"font-size:42px;\">NA\u0160E ZKU\u0160ENOSTI<\/h4>\n\t\t\t\t\t<\/div>[vc_column_text css=&#8220;.vc_custom_1669730479459{padding-right: 30px !important;padding-left: 30px !important;}&#8220;]<strong><span class=\"highlight style-2\">sKalisty<\/span><\/strong> je nejen schopnost vyr\u00e1b\u011bt a instalovat skaln\u00ed dekorace, ale tak\u00e9 <span class=\"highlight style-1\">pot\u0159ebn\u00e9 znalosti o tom<\/span>, jak vybrat spr\u00e1vn\u00e9 materi\u00e1ly pro prost\u0159ed\u00ed, ve kter\u00e9m budou skaln\u00ed dekorace um\u00edst\u011bny. <span class=\"highlight style-1\">Zvl\u00e1\u0161tn\u00ed d\u016fraz klademe na to, aby v\u00fdsledek na\u0161\u00ed pr\u00e1ce byl bezpe\u010dn\u00fd pro lidi i zv\u00ed\u0159ata<\/span>.[\/vc_column_text][\/vc_column][vc_column width=&#8220;1\/2&#8243; rt_wrp_col_paddings=&#8220;false&#8220; rt_border_top=&#8220;&#8220; rt_border_bottom=&#8220;&#8220; rt_border_left=&#8220;&#8220; rt_border_right=&#8220;&#8220; rt_border_top_mobile=&#8220;&#8220; rt_border_bottom_mobile=&#8220;&#8220; rt_border_left_mobile=&#8220;&#8220; rt_border_right_mobile=&#8220;&#8220; rt_bg_image_repeat=&#8220;repeat&#8220; rt_bg_size=&#8220;auto auto&#8220; rt_bg_position=&#8220;right top&#8220; rt_bg_attachment=&#8220;scroll&#8220; rt_padding_top=&#8220;0&#8243; rt_padding_bottom=&#8220;0&#8243; rt_padding_left=&#8220;0&#8243; rt_padding_right=&#8220;0&#8243;][vc_single_image image=&#8220;14645&#8243; img_size=&#8220;full&#8220; alignment=&#8220;center&#8220;][\/vc_column][\/vc_row]<\/p>\n","protected":false},"excerpt":{"rendered":"<p>[vc_row rt_row_background_width=&#8220;fullwidth&#8220; rt_row_content_width=&#8220;fullwidth&#8220; rt_row_style=&#8220;default-style&#8220; rt_column_placement=&#8220;middle&#8220; rt_row_borders=&#8220;&#8220; rt_row_paddings=&#8220;false&#8220; rt_bg_effect=&#8220;classic&#8220; rt_bg_image_repeat=&#8220;repeat&#8220; rt_bg_size=&#8220;cover&#8220; rt_bg_position=&#8220;right top&#8220; rt_bg_attachment=&#8220;scroll&#8220; rt_bg_video_format=&#8220;self-hosted&#8220;][vc_column width=&#8220;1\/2&#8243; rt_wrp_col_paddings=&#8220;false&#8220; rt_border_top=&#8220;&#8220; rt_border_bottom=&#8220;&#8220; rt_border_left=&#8220;&#8220; rt_border_right=&#8220;&#8220; rt_border_top_mobile=&#8220;&#8220; rt_border_bottom_mobile=&#8220;&#8220; rt_border_left_mobile=&#8220;&#8220; rt_border_right_mobile=&#8220;&#8220; rt_bg_image_repeat=&#8220;repeat&#8220; rt_bg_size=&#8220;auto auto&#8220; rt_bg_position=&#8220;right top&#8220; rt_bg_attachment=&#8220;scroll&#8220; rt_padding_top=&#8220;0&#8243; rt_padding_bottom=&#8220;0&#8243; rt_padding_left=&#8220;0&#8243; rt_padding_right=&#8220;0&#8243;][vc_single_image image=&#8220;14660&#8243; img_size=&#8220;full&#8220; alignment=&#8220;center&#8220;][\/vc_column][vc_column width=&#8220;1\/2&#8243; rt_wrp_col_paddings=&#8220;false&#8220; rt_border_top=&#8220;&#8220; rt_border_bottom=&#8220;&#8220; rt_border_left=&#8220;&#8220; rt_border_right=&#8220;&#8220; rt_border_top_mobile=&#8220;&#8220; rt_border_bottom_mobile=&#8220;&#8220; rt_border_left_mobile=&#8220;&#8220; rt_border_right_mobile=&#8220;&#8220; rt_bg_image_repeat=&#8220;repeat&#8220; rt_bg_size=&#8220;auto auto&#8220; rt_bg_position=&#8220;right top&#8220; rt_bg_attachment=&#8220;scroll&#8220; rt_padding_top=&#8220;0&#8243; rt_padding_bottom=&#8220;0&#8243; [&hellip;]<\/p>\n","protected":false},"author":1,"featured_media":0,"parent":0,"menu_order":0,"comment_status":"closed","ping_status":"closed","template":"","meta":{"_exactmetrics_skip_tracking":false,"_exactmetrics_sitenote_active":false,"_exactmetrics_sitenote_note":"","_exactmetrics_sitenote_category":0,"footnotes":""},"class_list":["post-16562","page","type-page","status-publish","hentry"],"yoast_head":"<!-- This site is optimized with the Yoast SEO plugin v27.1.1 - https:\/\/yoast.com\/product\/yoast-seo-wordpress\/ -->\n<title>O N\u00e1s | sKalisty<\/title>\n<meta name=\"description\" content=\"Jsme zaveden\u00fd a zku\u0161en\u00fd v\u00fdrobce betonov\u00fdch dekorac\u00ed. Realizujeme slo\u017eit\u00e9 a neobvykl\u00e9 tematiza\u010dn\u00ed stavebn\u00ed projekty.\" \/>\n<meta name=\"robots\" content=\"index, follow, max-snippet:-1, max-image-preview:large, max-video-preview:-1\" \/>\n<link rel=\"canonical\" href=\"https:\/\/skalisty.pl\/cs\/o-nas\/\" \/>\n<meta property=\"og:locale\" content=\"cs_CZ\" \/>\n<meta property=\"og:type\" content=\"article\" \/>\n<meta property=\"og:title\" content=\"O N\u00e1s | sKalisty\" \/>\n<meta property=\"og:description\" content=\"Jsme zaveden\u00fd a zku\u0161en\u00fd v\u00fdrobce betonov\u00fdch dekorac\u00ed. Realizujeme slo\u017eit\u00e9 a neobvykl\u00e9 tematiza\u010dn\u00ed stavebn\u00ed projekty.\" \/>\n<meta property=\"og:url\" content=\"https:\/\/skalisty.pl\/cs\/o-nas\/\" \/>\n<meta property=\"og:site_name\" content=\"sKalisty - um\u011bl\u00e9 sk\u00e1ly\" \/>\n<meta property=\"article:publisher\" content=\"https:\/\/www.facebook.com\/skalistyPL\/\" \/>\n<meta property=\"article:modified_time\" content=\"2022-11-29T14:01:52+00:00\" \/>\n<meta name=\"twitter:card\" content=\"summary_large_image\" \/>\n<meta name=\"twitter:site\" content=\"@sztuczne_skaly\" \/>\n<meta name=\"twitter:label1\" content=\"Odhadovan\u00e1 doba \u010dten\u00ed\" \/>\n\t<meta name=\"twitter:data1\" content=\"4 minuty\" \/>\n<script type=\"application\/ld+json\" class=\"yoast-schema-graph\">{\"@context\":\"https:\/\/schema.org\",\"@graph\":[{\"@type\":\"WebPage\",\"@id\":\"https:\/\/skalisty.pl\/cs\/o-nas\/\",\"url\":\"https:\/\/skalisty.pl\/cs\/o-nas\/\",\"name\":\"O N\u00e1s | sKalisty\",\"isPartOf\":{\"@id\":\"https:\/\/skalisty.pl\/cs\/#website\"},\"datePublished\":\"2022-11-29T13:54:33+00:00\",\"dateModified\":\"2022-11-29T14:01:52+00:00\",\"description\":\"Jsme zaveden\u00fd a zku\u0161en\u00fd v\u00fdrobce betonov\u00fdch dekorac\u00ed. Realizujeme slo\u017eit\u00e9 a neobvykl\u00e9 tematiza\u010dn\u00ed stavebn\u00ed projekty.\",\"breadcrumb\":{\"@id\":\"https:\/\/skalisty.pl\/cs\/o-nas\/#breadcrumb\"},\"inLanguage\":\"cs\",\"potentialAction\":[{\"@type\":\"ReadAction\",\"target\":[\"https:\/\/skalisty.pl\/cs\/o-nas\/\"]}]},{\"@type\":\"BreadcrumbList\",\"@id\":\"https:\/\/skalisty.pl\/cs\/o-nas\/#breadcrumb\",\"itemListElement\":[{\"@type\":\"ListItem\",\"position\":1,\"name\":\"\u00davod\",\"item\":\"https:\/\/skalisty.pl\/cs\/\"},{\"@type\":\"ListItem\",\"position\":2,\"name\":\"O N\u00e1s\"}]},{\"@type\":\"WebSite\",\"@id\":\"https:\/\/skalisty.pl\/cs\/#website\",\"url\":\"https:\/\/skalisty.pl\/cs\/\",\"name\":\"sKalisty - um\u011bl\u00e9 sk\u00e1ly\",\"description\":\"\",\"publisher\":{\"@id\":\"https:\/\/skalisty.pl\/cs\/#organization\"},\"potentialAction\":[{\"@type\":\"SearchAction\",\"target\":{\"@type\":\"EntryPoint\",\"urlTemplate\":\"https:\/\/skalisty.pl\/cs\/?s={search_term_string}\"},\"query-input\":{\"@type\":\"PropertyValueSpecification\",\"valueRequired\":true,\"valueName\":\"search_term_string\"}}],\"inLanguage\":\"cs\"},{\"@type\":\"Organization\",\"@id\":\"https:\/\/skalisty.pl\/cs\/#organization\",\"name\":\"sKalisty - Um\u011bl\u00e9 Sk\u00e1ly\",\"url\":\"https:\/\/skalisty.pl\/cs\/\",\"logo\":{\"@type\":\"ImageObject\",\"inLanguage\":\"cs\",\"@id\":\"https:\/\/skalisty.pl\/cs\/#\/schema\/logo\/image\/\",\"url\":\"https:\/\/static.skalisty.pl\/uploads\/2020\/01\/skalisty-schema-logo-2020.png\",\"contentUrl\":\"https:\/\/static.skalisty.pl\/uploads\/2020\/01\/skalisty-schema-logo-2020.png\",\"width\":1090,\"height\":238,\"caption\":\"sKalisty - Um\u011bl\u00e9 Sk\u00e1ly\"},\"image\":{\"@id\":\"https:\/\/skalisty.pl\/cs\/#\/schema\/logo\/image\/\"},\"sameAs\":[\"https:\/\/www.facebook.com\/skalistyPL\/\",\"https:\/\/x.com\/sztuczne_skaly\",\"https:\/\/www.youtube.com\/channel\/UCkvotuS2nyEefXsMM5zd3Mw\"]}]}<\/script>\n<!-- \/ Yoast SEO plugin. -->","yoast_head_json":{"title":"O N\u00e1s | sKalisty","description":"Jsme zaveden\u00fd a zku\u0161en\u00fd v\u00fdrobce betonov\u00fdch dekorac\u00ed. Realizujeme slo\u017eit\u00e9 a neobvykl\u00e9 tematiza\u010dn\u00ed stavebn\u00ed projekty.","robots":{"index":"index","follow":"follow","max-snippet":"max-snippet:-1","max-image-preview":"max-image-preview:large","max-video-preview":"max-video-preview:-1"},"canonical":"https:\/\/skalisty.pl\/cs\/o-nas\/","og_locale":"cs_CZ","og_type":"article","og_title":"O N\u00e1s | sKalisty","og_description":"Jsme zaveden\u00fd a zku\u0161en\u00fd v\u00fdrobce betonov\u00fdch dekorac\u00ed. Realizujeme slo\u017eit\u00e9 a neobvykl\u00e9 tematiza\u010dn\u00ed stavebn\u00ed projekty.","og_url":"https:\/\/skalisty.pl\/cs\/o-nas\/","og_site_name":"sKalisty - um\u011bl\u00e9 sk\u00e1ly","article_publisher":"https:\/\/www.facebook.com\/skalistyPL\/","article_modified_time":"2022-11-29T14:01:52+00:00","twitter_card":"summary_large_image","twitter_site":"@sztuczne_skaly","twitter_misc":{"Odhadovan\u00e1 doba \u010dten\u00ed":"4 minuty"},"schema":{"@context":"https:\/\/schema.org","@graph":[{"@type":"WebPage","@id":"https:\/\/skalisty.pl\/cs\/o-nas\/","url":"https:\/\/skalisty.pl\/cs\/o-nas\/","name":"O N\u00e1s | sKalisty","isPartOf":{"@id":"https:\/\/skalisty.pl\/cs\/#website"},"datePublished":"2022-11-29T13:54:33+00:00","dateModified":"2022-11-29T14:01:52+00:00","description":"Jsme zaveden\u00fd a zku\u0161en\u00fd v\u00fdrobce betonov\u00fdch dekorac\u00ed. Realizujeme slo\u017eit\u00e9 a neobvykl\u00e9 tematiza\u010dn\u00ed stavebn\u00ed projekty.","breadcrumb":{"@id":"https:\/\/skalisty.pl\/cs\/o-nas\/#breadcrumb"},"inLanguage":"cs","potentialAction":[{"@type":"ReadAction","target":["https:\/\/skalisty.pl\/cs\/o-nas\/"]}]},{"@type":"BreadcrumbList","@id":"https:\/\/skalisty.pl\/cs\/o-nas\/#breadcrumb","itemListElement":[{"@type":"ListItem","position":1,"name":"\u00davod","item":"https:\/\/skalisty.pl\/cs\/"},{"@type":"ListItem","position":2,"name":"O N\u00e1s"}]},{"@type":"WebSite","@id":"https:\/\/skalisty.pl\/cs\/#website","url":"https:\/\/skalisty.pl\/cs\/","name":"sKalisty - um\u011bl\u00e9 sk\u00e1ly","description":"","publisher":{"@id":"https:\/\/skalisty.pl\/cs\/#organization"},"potentialAction":[{"@type":"SearchAction","target":{"@type":"EntryPoint","urlTemplate":"https:\/\/skalisty.pl\/cs\/?s={search_term_string}"},"query-input":{"@type":"PropertyValueSpecification","valueRequired":true,"valueName":"search_term_string"}}],"inLanguage":"cs"},{"@type":"Organization","@id":"https:\/\/skalisty.pl\/cs\/#organization","name":"sKalisty - Um\u011bl\u00e9 Sk\u00e1ly","url":"https:\/\/skalisty.pl\/cs\/","logo":{"@type":"ImageObject","inLanguage":"cs","@id":"https:\/\/skalisty.pl\/cs\/#\/schema\/logo\/image\/","url":"https:\/\/static.skalisty.pl\/uploads\/2020\/01\/skalisty-schema-logo-2020.png","contentUrl":"https:\/\/static.skalisty.pl\/uploads\/2020\/01\/skalisty-schema-logo-2020.png","width":1090,"height":238,"caption":"sKalisty - Um\u011bl\u00e9 Sk\u00e1ly"},"image":{"@id":"https:\/\/skalisty.pl\/cs\/#\/schema\/logo\/image\/"},"sameAs":["https:\/\/www.facebook.com\/skalistyPL\/","https:\/\/x.com\/sztuczne_skaly","https:\/\/www.youtube.com\/channel\/UCkvotuS2nyEefXsMM5zd3Mw"]}]}},"_links":{"self":[{"href":"https:\/\/skalisty.pl\/cs\/wp-json\/wp\/v2\/pages\/16562","targetHints":{"allow":["GET"]}}],"collection":[{"href":"https:\/\/skalisty.pl\/cs\/wp-json\/wp\/v2\/pages"}],"about":[{"href":"https:\/\/skalisty.pl\/cs\/wp-json\/wp\/v2\/types\/page"}],"author":[{"embeddable":true,"href":"https:\/\/skalisty.pl\/cs\/wp-json\/wp\/v2\/users\/1"}],"replies":[{"embeddable":true,"href":"https:\/\/skalisty.pl\/cs\/wp-json\/wp\/v2\/comments?post=16562"}],"version-history":[{"count":7,"href":"https:\/\/skalisty.pl\/cs\/wp-json\/wp\/v2\/pages\/16562\/revisions"}],"predecessor-version":[{"id":16570,"href":"https:\/\/skalisty.pl\/cs\/wp-json\/wp\/v2\/pages\/16562\/revisions\/16570"}],"wp:attachment":[{"href":"https:\/\/skalisty.pl\/cs\/wp-json\/wp\/v2\/media?parent=16562"}],"curies":[{"name":"wp","href":"https:\/\/api.w.org\/{rel}","templated":true}]}}